{"id":949,"date":"2024-06-07T03:18:05","date_gmt":"2024-06-07T03:18:05","guid":{"rendered":"http:\/\/www.xingshitu.com\/?page_id=949"},"modified":"2025-06-03T09:09:35","modified_gmt":"2025-06-03T09:09:35","slug":"xst-lidarnet-%e5%8e%9f%e4%bd%8d%e7%94%9f%e6%80%81%e6%bf%80%e5%85%89%e9%9b%b7%e8%be%be","status":"publish","type":"page","link":"http:\/\/www.xingshitu.com\/it\/xst-lidarnet-%e5%8e%9f%e4%bd%8d%e7%94%9f%e6%80%81%e6%bf%80%e5%85%89%e9%9b%b7%e8%be%be\/","title":{"rendered":"XST-LiDARNet Eco-Lidar in situ"},"content":{"rendered":"<p class=\"has-text-align-center has-black-color has-text-color has-link-color has-large-font-size wp-elements-227a9aa4875846703cafc1b3b6abfcbe\"><strong>XST-LiDARNet<\/strong><strong>&nbsp;<\/strong><strong>Eco-lidar in situ<\/strong><strong><\/strong><\/p>\n\n\n\n<p class=\"has-text-align-center has-black-color has-text-color has-link-color wp-elements-6b0a26953c9328e40ad6e6b7d971a219\" style=\"font-size:28px\"><strong>Prodotti<\/strong><\/p>\n\n\n<div class=\"wp-block-image\">\n<figure class=\"alignright size-full is-resized\"><img loading=\"lazy\" decoding=\"async\" width=\"1920\" height=\"2560\" src=\"http:\/\/www.xingshitu.com\/wp-content\/uploads\/2025\/06\/\u6fc0\u5149\u96f7\u8fbe1-edited-scaled.jpg\" alt=\"\" class=\"wp-image-2318\" style=\"width:307px;height:auto\" srcset=\"http:\/\/www.xingshitu.com\/wp-content\/uploads\/2025\/06\/\u6fc0\u5149\u96f7\u8fbe1-edited-scaled.jpg 1920w, http:\/\/www.xingshitu.com\/wp-content\/uploads\/2025\/06\/\u6fc0\u5149\u96f7\u8fbe1-edited-225x300.jpg 225w, http:\/\/www.xingshitu.com\/wp-content\/uploads\/2025\/06\/\u6fc0\u5149\u96f7\u8fbe1-edited-768x1024.jpg 768w, http:\/\/www.xingshitu.com\/wp-content\/uploads\/2025\/06\/\u6fc0\u5149\u96f7\u8fbe1-edited-113x150.jpg 113w, http:\/\/www.xingshitu.com\/wp-content\/uploads\/2025\/06\/\u6fc0\u5149\u96f7\u8fbe1-edited-1152x1536.jpg 1152w, http:\/\/www.xingshitu.com\/wp-content\/uploads\/2025\/06\/\u6fc0\u5149\u96f7\u8fbe1-edited-1536x2048.jpg 1536w, http:\/\/www.xingshitu.com\/wp-content\/uploads\/2025\/06\/\u6fc0\u5149\u96f7\u8fbe1-edited-9x12.jpg 9w, http:\/\/www.xingshitu.com\/wp-content\/uploads\/2025\/06\/\u6fc0\u5149\u96f7\u8fbe1-edited-810x1080.jpg 810w\" sizes=\"(max-width: 1920px) 100vw, 1920px\" \/><\/figure><\/div>\n\n\n<p>Il sistema LiDAR ecologico in-situ XST-LiDARNet, sviluppato in modo indipendente da Beijing StarView Technology Co., Ltd., \u00e8 in grado di scansionare continuamente l'area target nell'ambiente ecologico del campo, di riflettere le dinamiche della vegetazione in modo pi\u00f9 accurato, di mantenere la continuit\u00e0 dell'osservazione, con una risoluzione temporale fino a un'ora, e i dati possono essere osservati in-situ senza prendere in considerazione l'allineamento della posizione geometrica della nuvola di punti, utilizzando efficacemente le informazioni temporali e catturando accuratamente i cambiamenti della crescita della vegetazione.<\/p>\n\n\n\n<p style=\"font-size:28px\"><strong>sistema software<\/strong><\/p>\n\n\n\n<p><strong>Dati grezzi:<\/strong>I dati strutturati binari sono una mappa della nuvola di punti 3D costituita da una serie di informazioni sulle coordinate XYZ;<\/p>\n\n\n\n<p><strong>Elaborazione dei dati delle nuvole di punti:<\/strong>Processi come la trasformazione delle coordinate 3D, la rimozione dei punti di disturbo, la sintesi dei dati della nuvola di punti intraday, il filtraggio del terreno della nuvola di punti, il filtraggio della velocit\u00e0 del vento e cos\u00ec via, combinati con il filtraggio del giudizio umano (ad esempio, torre, base della staffa e cos\u00ec via, possono essere tagliati manualmente in una sola volta durante l'installazione);<\/p>\n\n\n\n<p><strong>Ottimizzazione degli algoritmi di estrazione dei parametri strutturali:<\/strong>Modello di estrazione ottimale dell'altezza della chioma rasterizzata; stima dei cambiamenti di volume della vegetazione giornaliera basata sulla differenziazione volumetrica della superficie per ottenere le caratteristiche di cambiamento temporale della vegetazione.<\/p>\n\n\n<div class=\"wp-block-image\">\n<figure class=\"aligncenter size-full is-resized\"><img loading=\"lazy\" decoding=\"async\" width=\"1009\" height=\"309\" src=\"http:\/\/www.xingshitu.com\/wp-content\/uploads\/2024\/11\/image-26.png\" alt=\"\" class=\"wp-image-1298\" style=\"width:886px;height:auto\" srcset=\"http:\/\/www.xingshitu.com\/wp-content\/uploads\/2024\/11\/image-26.png 1009w, http:\/\/www.xingshitu.com\/wp-content\/uploads\/2024\/11\/image-26-300x92.png 300w, http:\/\/www.xingshitu.com\/wp-content\/uploads\/2024\/11\/image-26-150x46.png 150w, http:\/\/www.xingshitu.com\/wp-content\/uploads\/2024\/11\/image-26-768x235.png 768w\" sizes=\"(max-width: 1009px) 100vw, 1009px\" \/><\/figure><\/div>\n\n\n<p class=\"has-text-align-center has-black-color has-text-color has-link-color wp-elements-2718454b7a3d57ffc9a33a71a11da564\" style=\"font-size:28px\"><strong>Casi di applicazione<\/strong><\/p>\n\n\n\n<p class=\"has-text-color has-link-color wp-elements-be3a2ef71d93cafde93439672ea10873\" style=\"color:#0b7a26\"><strong>Combinazione di LiDAR e telecamera per osservare la crescita e gli agenti atmosferici, fornendo al contempo un riferimento per il calcolo e la convalida dei dati delle nuvole di punti.<\/strong><\/p>\n\n\n<div class=\"wp-block-image\">\n<figure class=\"aligncenter size-large\"><img loading=\"lazy\" decoding=\"async\" width=\"1024\" height=\"629\" src=\"http:\/\/www.xingshitu.com\/wp-content\/uploads\/2025\/06\/image-7-1024x629.png\" alt=\"\" class=\"wp-image-2320\" srcset=\"http:\/\/www.xingshitu.com\/wp-content\/uploads\/2025\/06\/image-7-1024x629.png 1024w, http:\/\/www.xingshitu.com\/wp-content\/uploads\/2025\/06\/image-7-300x184.png 300w, http:\/\/www.xingshitu.com\/wp-content\/uploads\/2025\/06\/image-7-150x92.png 150w, http:\/\/www.xingshitu.com\/wp-content\/uploads\/2025\/06\/image-7-768x472.png 768w, http:\/\/www.xingshitu.com\/wp-content\/uploads\/2025\/06\/image-7-18x12.png 18w, http:\/\/www.xingshitu.com\/wp-content\/uploads\/2025\/06\/image-7.png 1305w\" sizes=\"(max-width: 1024px) 100vw, 1024px\" \/><\/figure><\/div>\n\n\n<p class=\"has-text-color has-link-color wp-elements-d59f64bb7382340241b7535a9abdfdb8\" style=\"color:#0b7a26\"><strong>Elaborazione dei dati<\/strong><\/p>\n\n\n\n<p>Separazione delle nuvole di punti delle colture dal terreno - Calcolo della copertura vegetale (FVC) - Calcolo del tasso di apertura - Calcolo dell'indice di area fogliare (LAI). Con i dati acquisiti in una stagione di crescita, l'indice di area fogliare ottenuto dai calcoli LiDAR \u00e8 risultato molto coerente con l'andamento delle serie temporali dei valori della verit\u00e0 al suolo (media scorrevole di 7 giorni).<\/p>\n\n\n\n<p><\/p>\n\n\n<div class=\"wp-block-image\">\n<figure class=\"aligncenter size-large\"><img loading=\"lazy\" decoding=\"async\" width=\"1024\" height=\"264\" src=\"http:\/\/www.xingshitu.com\/wp-content\/uploads\/2025\/06\/image-8-1024x264.png\" alt=\"\" class=\"wp-image-2321\" srcset=\"http:\/\/www.xingshitu.com\/wp-content\/uploads\/2025\/06\/image-8-1024x264.png 1024w, http:\/\/www.xingshitu.com\/wp-content\/uploads\/2025\/06\/image-8-300x77.png 300w, http:\/\/www.xingshitu.com\/wp-content\/uploads\/2025\/06\/image-8-150x39.png 150w, http:\/\/www.xingshitu.com\/wp-content\/uploads\/2025\/06\/image-8-768x198.png 768w, http:\/\/www.xingshitu.com\/wp-content\/uploads\/2025\/06\/image-8-18x5.png 18w, http:\/\/www.xingshitu.com\/wp-content\/uploads\/2025\/06\/image-8.png 1401w\" sizes=\"(max-width: 1024px) 100vw, 1024px\" \/><\/figure><\/div>\n\n\n<p><\/p>\n\n\n\n<p class=\"has-text-align-center has-black-color has-text-color has-link-color wp-elements-2077909cf33f44d1fef43d8a0ca80f15 translation-block\" style=\"font-size:28px\">Parametri tecnici<\/p>\n\n\n\n<figure class=\"wp-block-table aligncenter is-style-stripes\" style=\"margin-top:0;margin-right:10rem;margin-bottom:0;margin-left:10rem\"><table><tbody><tr><td><strong>lunghezza d'onda del laser<\/strong><strong><\/strong><\/td><td>905nm<\/td><\/tr><tr><td><strong>livello di sicurezza per gli occhi umani<\/strong><strong><\/strong><\/td><td>Classe 1 (IEC60825-1:2014)<\/td><\/tr><tr><td><strong>Campo di misura<\/strong><strong>(<\/strong><strong>@1<\/strong><strong>00<\/strong><strong>klx<\/strong><strong>)<\/strong><strong><\/strong><\/td><td>150m @10% di riflettanza; portata minima 1m, 3m o pi\u00f9 consigliati<\/td><\/tr><tr><td><strong>Errori casuali nell'intervallo<\/strong><strong>(<\/strong><strong>1\u03c3<\/strong><strong>)<\/strong><strong><\/strong><\/td><td>&lt;2cm@20m (riflettivit\u00e0 80%)<\/td><\/tr><tr><td><strong>Errore del sistema di telemetria<\/strong><strong><\/strong><\/td><td>&lt;\u00b13cm@20m<\/td><\/tr><tr><td><strong>campo visivo<\/strong><strong><\/strong><\/td><td>120\u00b0 orizzontale, 25\u00b0 verticale<\/td><\/tr><tr><td><strong>errore angolare casuale<\/strong><strong><\/strong><\/td><td>&lt;0.1\u00b0<\/td><\/tr><tr><td><strong>Uscita della nuvola di punti<\/strong><strong><\/strong><\/td><td>452.000 punti\/secondo<\/td><\/tr><tr><td><strong>Temperatura dell'ambiente di lavoro<\/strong><strong><\/strong><\/td><td>-40\u2103\uff5e85\u2103<\/td><\/tr><tr><td><strong>Livello di protezione radar<\/strong><strong><\/strong><\/td><td>IP66<\/td><\/tr><tr><td><strong>Consumo di corrente<\/strong><strong><\/strong><\/td><td>Nominale 12W; Avvio 26W; Potenza massima di riscaldamento a bassa temperatura 40W; Tensione di alimentazione: 9~18V<\/td><\/tr><tr><td><strong>Software di elaborazione dati<\/strong><strong><\/strong><\/td><td>Elaboratore dati online integrato nel sistema<\/td><\/tr><tr><td><strong>Parametri misurabili<\/strong><strong><\/strong><\/td><td>Dati della nuvola di punti 3D, altezza della chioma (altezza media e quartile 80%), area della vegetazione, copertura, indice di area fogliare, diametro del tronco all'altezza del petto (montato lateralmente), angolo di inclinazione della foglia<\/td><\/tr><tr><td><strong>modalit\u00e0 operativa<\/strong><strong><\/strong><\/td><td>Completamente automatico, per tutte le stagioni<\/td><\/tr><tr><td><strong>trasmissione wireless<\/strong><strong><\/strong><\/td><td>Modulo incorporato, supporto scheda a doppio flusso, sostituibile a caldo, comunicazione di rete completa 4G<\/td><\/tr><tr><td><strong>portare il proprio<\/strong><strong>GPS<\/strong><strong><\/strong><\/td><td>Registra le informazioni sull'elevazione della posizione e calibra l'ora del sistema.<\/td><\/tr><\/tbody><\/table><\/figure>\n\n\n\n<p><\/p>","protected":false},"excerpt":{"rendered":"<p>XST-LiDARNet&nbsp;\u539f\u4f4d\u751f\u6001\u6fc0\u5149\u96f7\u8fbe \u4ea7\u54c1\u7b80\u4ecb \u5317\u4eac\u661f\u89c6\u56fe\u79d1\u6280\u6709\u9650\u516c\u53f8\u81ea\u4e3b\u7814\u53d1\u7684XST-LiD [&hellip;]<\/p>\n","protected":false},"author":1,"featured_media":0,"parent":0,"menu_order":0,"comment_status":"closed","ping_status":"closed","template":"","meta":{"saved_in_kubio":false,"footnotes":""},"class_list":["post-949","page","type-page","status-publish","hentry"],"kubio_ai_page_context":{"short_desc":"","purpose":"general"},"_links":{"self":[{"href":"http:\/\/www.xingshitu.com\/it\/wp-json\/wp\/v2\/pages\/949","targetHints":{"allow":["GET"]}}],"collection":[{"href":"http:\/\/www.xingshitu.com\/it\/wp-json\/wp\/v2\/pages"}],"about":[{"href":"http:\/\/www.xingshitu.com\/it\/wp-json\/wp\/v2\/types\/page"}],"author":[{"embeddable":true,"href":"http:\/\/www.xingshitu.com\/it\/wp-json\/wp\/v2\/users\/1"}],"replies":[{"embeddable":true,"href":"http:\/\/www.xingshitu.com\/it\/wp-json\/wp\/v2\/comments?post=949"}],"version-history":[{"count":31,"href":"http:\/\/www.xingshitu.com\/it\/wp-json\/wp\/v2\/pages\/949\/revisions"}],"predecessor-version":[{"id":2342,"href":"http:\/\/www.xingshitu.com\/it\/wp-json\/wp\/v2\/pages\/949\/revisions\/2342"}],"wp:attachment":[{"href":"http:\/\/www.xingshitu.com\/it\/wp-json\/wp\/v2\/media?parent=949"}],"curies":[{"name":"wp","href":"https:\/\/api.w.org\/{rel}","templated":true}]}}