{"id":935,"date":"2024-06-07T03:14:46","date_gmt":"2024-06-07T03:14:46","guid":{"rendered":"http:\/\/www.xingshitu.com\/?page_id=935"},"modified":"2024-11-26T01:17:19","modified_gmt":"2024-11-26T01:17:19","slug":"%e7%89%a9%e5%80%99%e4%b8%8e%e6%a4%8d%e8%a2%ab%e6%8c%87%e6%95%b0","status":"publish","type":"page","link":"http:\/\/www.xingshitu.com\/it\/%e7%89%a9%e5%80%99%e4%b8%8e%e6%a4%8d%e8%a2%ab%e6%8c%87%e6%95%b0\/","title":{"rendered":"Indice di clima e vegetazione (NDVI)"},"content":{"rendered":"<!DOCTYPE html>\n<html lang=\"en\">\n<head>\n<meta charset=\"UTF-8\">\n<meta name=\"viewport\" content=\"width=device-width, initial-scale=1.0\">\n<title>Vegetation Coverage Meter<\/title>\n<style>\n  body {\n  p {\n    padding-left: 100px; \/* \u8bbe\u7f6e\u6240\u6709\u6bb5\u843d\u6587\u5b57\u7684\u5de6\u9875\u8fb9\u8ddd *\/\n    padding-right: 100px; \/* \u8bbe\u7f6e\u6240\u6709\u6bb5\u843d\u6587\u5b57\u7684\u53f3\u9875\u8fb9\u8ddd *\/\n  }\n<\/style>\n<\/head>\n<body>\n\n\n<p class=\"has-text-align-center has-black-color has-text-color has-link-color has-large-font-size wp-elements-039c3adde853adead0d08bfbfd3c8f03\"><strong>Selezionare una sottovoce<\/strong><\/p>\n\n\n\n<p class=\"has-medium-font-size\">L'NDVI (Normalised Vegetation Index), uno degli importanti parametri che riflettono la crescita delle colture e le informazioni nutrizionali, viene applicato alle immagini di telerilevamento, in base alle quali \u00e8 possibile conoscere la risposta delle colture all'azoto nelle diverse stagioni.<a href=\"https:\/\/baike.baidu.com\/item\/%E9%9C%80%E6%B1%82%E9%87%8F\/2461773?fromModule=lemma_inlink\" target=\"_blank\" rel=\"noreferrer noopener\">quantit\u00e0 domandata<\/a>, che rappresenta un'importante guida per l'applicazione razionale dei fertilizzanti azotati.<\/p>\n\n\n\n<p class=\"has-medium-font-size\">NDVI - Indice di vegetazione normalizzato: NDVI = (NIR-R)\/(NIR+R), ovvero un calcolo della riflettanza in entrambe le bande.<\/p>\n\n\n\n<p class=\"has-text-align-center has-black-color has-text-color has-link-color wp-elements-dd5b9f6f76422a4a4f13fe07cbcfe5dd\" style=\"font-size:22px\"><strong>Applicazioni dell'NDVI<\/strong><\/p>\n\n\n\n<p class=\"has-medium-font-size\">1. Rilevamento dello stato di crescita della vegetazione, della copertura vegetale ed eliminazione di alcuni errori di radiazione, ecc;<\/p>\n\n\n\n<p class=\"has-medium-font-size\">2, -1<a href=\"https:\/\/baike.baidu.com\/item\/%E5%8F%AF%E8%A7%81%E5%85%89\/1241853?fromModule=lemma_inlink\" target=\"_blank\" rel=\"noreferrer noopener\">luce visibile<\/a>Altamente riflettente; 0 significa che c'\u00e8<a href=\"https:\/\/baike.baidu.com\/item\/%E5%B2%A9%E7%9F%B3\/256753?fromModule=lemma_inlink\" target=\"_blank\" rel=\"noreferrer noopener\">rocce<\/a>forse<a href=\"https:\/\/baike.baidu.com\/item\/%E8%A3%B8%E5%9C%9F\/9937437?fromModule=lemma_inlink\" target=\"_blank\" rel=\"noreferrer noopener\">terreno nudo<\/a>etc., NIR e R sono approssimativamente uguali; valori positivi, che indicano la presenza di copertura vegetale, e con<a href=\"https:\/\/baike.baidu.com\/item\/%E8%A6%86%E7%9B%96%E5%BA%A6\/2873532?fromModule=lemma_inlink\" target=\"_blank\" rel=\"noreferrer noopener\">grado di copertura<\/a>In continuo aumento;<\/p>\n\n\n\n<p class=\"has-medium-font-size\">3. I limiti dell'NDVI sono dimostrati dal fatto che l'uso dell'indicatore<a href=\"https:\/\/baike.baidu.com\/item\/%E9%9D%9E%E7%BA%BF%E6%80%A7\/7127824?fromModule=lemma_inlink\" target=\"_blank\" rel=\"noreferrer noopener\">non lineare<\/a>Lo stretching esalta i valori NIR e R<a href=\"https:\/\/baike.baidu.com\/item\/%E5%8F%8D%E5%B0%84%E7%8E%87\/4457246?fromModule=lemma_inlink\" target=\"_blank\" rel=\"noreferrer noopener\">riflettivit\u00e0<\/a>(usato come espressione nominale)<a href=\"https:\/\/baike.baidu.com\/item\/%E5%AF%B9%E6%AF%94%E5%BA%A6\/1196082?fromModule=lemma_inlink\" target=\"_blank\" rel=\"noreferrer noopener\">grado di contrasto<\/a>. Per la stessa immagine, trovare separatamente<a href=\"https:\/\/baike.baidu.com\/item\/RVI\/9226406?fromModule=lemma_inlink\" target=\"_blank\" rel=\"noreferrer noopener\">RVI<\/a>e NDVI scoprir\u00e0 che i valori di RVI aumentano a una velocit\u00e0 maggiore rispetto agli aumenti di NDVI, ovvero che NDVI \u00e8 pi\u00f9 importante per le zone ad alta densit\u00e0 di popolazione.<a href=\"https:\/\/baike.baidu.com\/item\/%E6%A4%8D%E8%A2%AB%E5%8C%BA\/5574099?fromModule=lemma_inlink\" target=\"_blank\" rel=\"noreferrer noopener\">zona di vegetazione<\/a>Ha una bassa sensibilit\u00e0;<\/p>\n\n\n\n<p class=\"has-medium-font-size\">4, l'NDVI pu\u00f2 riflettere la pianta<a href=\"https:\/\/baike.baidu.com\/item\/%E5%86%A0%E5%B1%82\/22548395?fromModule=lemma_inlink\" target=\"_blank\" rel=\"noreferrer noopener\">baldacchino<\/a>di influenze di fondo come il suolo, il terreno bagnato, la neve, le foglie morte, la rugosit\u00e0, ecc. ed \u00e8 correlato alla copertura vegetale;<\/p>","protected":false},"excerpt":{"rendered":"<p>Vegetation Coverage Meter \u8bf7\u9009\u62e9\u5b50\u9879\u76ee NDVI(\u5f52\u4e00\u5316\u690d\u88ab\u6307\u6570)\uff0c\u662f\u53cd\u6620\u519c\u4f5c\u7269\u957f\u52bf [&hellip;]<\/p>\n","protected":false},"author":1,"featured_media":0,"parent":0,"menu_order":0,"comment_status":"closed","ping_status":"closed","template":"","meta":{"saved_in_kubio":false,"footnotes":""},"class_list":["post-935","page","type-page","status-publish","hentry"],"kubio_ai_page_context":{"short_desc":"","purpose":"general"},"_links":{"self":[{"href":"http:\/\/www.xingshitu.com\/it\/wp-json\/wp\/v2\/pages\/935","targetHints":{"allow":["GET"]}}],"collection":[{"href":"http:\/\/www.xingshitu.com\/it\/wp-json\/wp\/v2\/pages"}],"about":[{"href":"http:\/\/www.xingshitu.com\/it\/wp-json\/wp\/v2\/types\/page"}],"author":[{"embeddable":true,"href":"http:\/\/www.xingshitu.com\/it\/wp-json\/wp\/v2\/users\/1"}],"replies":[{"embeddable":true,"href":"http:\/\/www.xingshitu.com\/it\/wp-json\/wp\/v2\/comments?post=935"}],"version-history":[{"count":6,"href":"http:\/\/www.xingshitu.com\/it\/wp-json\/wp\/v2\/pages\/935\/revisions"}],"predecessor-version":[{"id":1609,"href":"http:\/\/www.xingshitu.com\/it\/wp-json\/wp\/v2\/pages\/935\/revisions\/1609"}],"wp:attachment":[{"href":"http:\/\/www.xingshitu.com\/it\/wp-json\/wp\/v2\/media?parent=935"}],"curies":[{"name":"wp","href":"https:\/\/api.w.org\/{rel}","templated":true}]}}