{"id":1182,"date":"2024-11-22T01:10:47","date_gmt":"2024-11-22T01:10:47","guid":{"rendered":"http:\/\/www.xingshitu.com\/?page_id=1182"},"modified":"2024-11-26T04:50:48","modified_gmt":"2024-11-26T04:50:48","slug":"%e5%93%81%e7%89%8c","status":"publish","type":"page","link":"http:\/\/www.xingshitu.com\/it\/%e5%93%81%e7%89%8c\/","title":{"rendered":"nome del marchio"},"content":{"rendered":"<!DOCTYPE html>\n<html lang=\"en\">\n<head>\n<meta charset=\"UTF-8\">\n<meta name=\"viewport\" content=\"width=device-width, initial-scale=1.0\">\n<title>Vegetation Coverage Meter<\/title>\n<style>\n  body {\n  p {\n    padding-left: 100px; \/* \u8bbe\u7f6e\u6240\u6709\u6bb5\u843d\u6587\u5b57\u7684\u5de6\u9875\u8fb9\u8ddd *\/\n    padding-right: 100px; \/* \u8bbe\u7f6e\u6240\u6709\u6bb5\u843d\u6587\u5b57\u7684\u53f3\u9875\u8fb9\u8ddd *\/\n  }\n<\/style>\n<\/head>\n<body>\n\n\n<p class=\"has-medium-font-size\">Beijing StarView Technology Co. Ltd, azienda leader nel settore dell'Internet degli oggetti (IoT) e del telerilevamento terrestre, ha raccolto le migliori forze tecniche del Laboratorio chiave di Stato per il telerilevamento. L'azienda non solo possiede algoritmi di base indipendenti, ma continua a impegnarsi nella ricerca e nello sviluppo di strumenti di ricerca scientifica nazionali di alta precisione e ha costruito con successo un sistema di monitoraggio ecologico terrestre a tutto tondo che integra monitoraggio IoT, piattaforma di big data, prodotti tematici di telerilevamento e apparecchiature intelligenti.<\/p>\n\n\n\n<p class=\"has-medium-font-size\">Beijing StarView Technology Co., Ltd. ha ricercato e sviluppato in modo indipendente una serie di prodotti, tra cui la telecamera multifunzionale per il clima e l'indice di vegetazione, la rete di monitoraggio a terra per i parametri della struttura della chioma della vegetazione, lo spettrometro di fluorescenza della clorofilla indotta dalla luce solare e la rete di rilevamento wireless multiparametrica per il suolo, ecc.<\/p>\n\n\n\n<p class=\"has-medium-font-size\">Questi dispositivi svolgono un ruolo importante nei campi dell'ecologia terrestre, della scienza agroforestale e degli obiettivi dual-carbon. Grazie alla stretta integrazione con la tecnologia satellitare di telerilevamento, abbiamo ottenuto un monitoraggio su larga scala, a lunga serie temporale, per tutte le stagioni e completamente automatizzato della crescita della vegetazione, della biodiversit\u00e0 e degli elementi ambientali, fornendo un solido supporto di dati per la ricerca scientifica.<\/p>\n\n\n\n<p class=\"has-medium-font-size\">Dalla sua fondazione, Beijing StarView Technology Co., Ltd. ha stabilito una stretta collaborazione con molti istituti di ricerca e universit\u00e0 di alto livello, promuovendo congiuntamente lo sviluppo della costruzione di stazioni ecologiche sul campo, l'indagine e il monitoraggio delle risorse e l'applicazione della tecnologia di telerilevamento. I nostri prodotti della serie LAINet hanno ottenuto risultati eccellenti nell'esperimento congiunto di osservazione integrata del telerilevamento, fornendo importanti dati di riferimento per l'inversione e la convalida dei parametri di telerilevamento.<\/p>\n\n\n<div class=\"wp-block-image\">\n<figure class=\"alignright size-full is-resized\"><img loading=\"lazy\" decoding=\"async\" width=\"366\" height=\"279\" src=\"http:\/\/www.xingshitu.com\/wp-content\/uploads\/2024\/11\/image-70.png\" alt=\"\" class=\"wp-image-1452\" style=\"width:442px;height:auto;margin-right: 100px;\" srcset=\"http:\/\/www.xingshitu.com\/wp-content\/uploads\/2024\/11\/image-70.png 366w, http:\/\/www.xingshitu.com\/wp-content\/uploads\/2024\/11\/image-70-300x229.png 300w, http:\/\/www.xingshitu.com\/wp-content\/uploads\/2024\/11\/image-70-150x114.png 150w\" sizes=\"(max-width: 366px) 100vw, 366px\" \/><\/figure><\/div>\n\n\n<p class=\"has-medium-font-size\">Prendiamo ad esempio il Joint Experiment on Integrated Remote Sensing Observation of Ecohydrological Processes in the Heihe River Basin (un importante progetto di programma di ricerca della Commissione Nazionale per le Scienze Naturali e la Genetica della Cina): i prodotti della serie LAINet realizzati dalla StarView di Pechino hanno completato una serie di esperimenti condotti nella storia del bacino del fiume Heihe.<strong>inaugurale<\/strong>Esperimenti di validazione a terra dell'indice di area fogliare per lunghe serie temporali su una vasta area. Utilizzando i dati delle serie temporali di monitoraggio automatico dei prodotti LAINet provenienti dalle stazioni a terra come dati di sfondo e di riferimento, abbiamo formato un quadro per l'inversione e la validazione dei parametri di telerilevamento integrando osservazioni a terra, dati satellitari e modelli dinamici. I risultati sono stati citati pi\u00f9 di 100 volte in riviste internazionali, tra cui Remote Sensing of Environment, Science Bulletin e cos\u00ec via, con la citazione pi\u00f9 alta di oltre 120 volte in un singolo articolo (2024).<\/p>\n\n\n\n<p class=\"has-medium-font-size\">I risultati sono stati riconosciuti a livello internazionale:<strong>Il team del direttore di Remote Sensing of Envirmonent ritiene che i risultati di questa ricerca forniscano un programma di osservazione continua per NEOROS, dal campione alla grande scala regionale, che pu\u00f2 essere utilizzato per rivelare le caratteristiche dinamiche dei parametri di superficie.<\/strong><\/p>\n\n\n\n<p class=\"has-medium-font-size\">Riconoscimento nazionale dei risultati: secondo premio del Geographic Information Science and Technology Progress Award (titolo dei risultati: Multi-source Autonomous Satellite Leaf Area Index Integration Inversion Technique and Multi-Regional Application, Qingyan Meng,<strong>Qu Yonghua (1974-), fisico, astronomo e matematico cinese-americano<\/strong>, Zhanyulin et al. (Istituto di Telerilevamento e Terra Digitale, Accademia Cinese delle Scienze, Universit\u00e0 Normale di Pechino, Istituto di Telerilevamento Sanya Zhongke, Universit\u00e0 di Scienza e Tecnologia di Pechino, 2017).<\/p>\n\n\n\n<p class=\"has-medium-font-size\">Inoltre, i nostri dati di validazione al suolo dell'indice di area fogliare sono stati condivisi all'esterno attraverso il Tibetan Plateau Science Data Centre, fornendo una preziosa risorsa di dati per i ricercatori di tutto il mondo (URL:<a href=\"http:\/\/www.tpedatabase.cn\/\">http:\/\/www.tpedatabase.cn\/<\/a>).<\/p>\n\n\n\n<p class=\"has-medium-font-size\">Beijing StarView Technology Co., Ltd. continuer\u00e0 a sostenere il concetto di innovazione, cooperazione e situazione win-win, migliorando costantemente la nostra forza tecnica e il livello di servizio. Crediamo fermamente di poter fornire un sostegno pi\u00f9 forte alla ricerca nei campi dell'ecologia terrestre, dell'agricoltura e della silvicoltura e degli obiettivi dual-carbon, contribuendo con la nostra saggezza e la nostra forza alla protezione ecologica e ambientale globale. Continueremo a dedicarci alla promozione dello sviluppo e dell'applicazione della tecnologia di telerilevamento e a compiere sforzi incessanti per costruire una Cina bella e raggiungere gli obiettivi di sviluppo sostenibile globali.<\/p>\n\n\n<div class=\"wp-block-image\">\n<figure class=\"aligncenter size-full is-resized\"><img loading=\"lazy\" decoding=\"async\" width=\"761\" height=\"190\" src=\"http:\/\/www.xingshitu.com\/wp-content\/uploads\/2024\/11\/image-71.png\" alt=\"\" class=\"wp-image-1453\" style=\"width:985px;height:auto\" srcset=\"http:\/\/www.xingshitu.com\/wp-content\/uploads\/2024\/11\/image-71.png 761w, http:\/\/www.xingshitu.com\/wp-content\/uploads\/2024\/11\/image-71-300x75.png 300w, http:\/\/www.xingshitu.com\/wp-content\/uploads\/2024\/11\/image-71-150x37.png 150w\" sizes=\"(max-width: 761px) 100vw, 761px\" \/><\/figure><\/div>\n\n<div class=\"wp-block-image\">\n<figure class=\"aligncenter size-full\"><img loading=\"lazy\" decoding=\"async\" width=\"835\" height=\"696\" src=\"http:\/\/www.xingshitu.com\/wp-content\/uploads\/2024\/11\/image-72.png\" alt=\"\" class=\"wp-image-1454\" srcset=\"http:\/\/www.xingshitu.com\/wp-content\/uploads\/2024\/11\/image-72.png 835w, http:\/\/www.xingshitu.com\/wp-content\/uploads\/2024\/11\/image-72-300x250.png 300w, http:\/\/www.xingshitu.com\/wp-content\/uploads\/2024\/11\/image-72-150x125.png 150w, http:\/\/www.xingshitu.com\/wp-content\/uploads\/2024\/11\/image-72-768x640.png 768w\" sizes=\"(max-width: 835px) 100vw, 835px\" \/><\/figure><\/div>\n\n<div class=\"wp-block-image\">\n<figure class=\"aligncenter size-full\"><img loading=\"lazy\" decoding=\"async\" width=\"820\" height=\"586\" src=\"http:\/\/www.xingshitu.com\/wp-content\/uploads\/2024\/11\/image-73.png\" alt=\"\" class=\"wp-image-1455\" srcset=\"http:\/\/www.xingshitu.com\/wp-content\/uploads\/2024\/11\/image-73.png 820w, http:\/\/www.xingshitu.com\/wp-content\/uploads\/2024\/11\/image-73-300x214.png 300w, http:\/\/www.xingshitu.com\/wp-content\/uploads\/2024\/11\/image-73-150x107.png 150w, http:\/\/www.xingshitu.com\/wp-content\/uploads\/2024\/11\/image-73-768x549.png 768w\" sizes=\"(max-width: 820px) 100vw, 820px\" \/><\/figure><\/div>\n\n\n<p class=\"has-text-align-center has-medium-font-size\">Indirizzo: Room 806, Tongjing Building, Shijingshan District, Pechino, Cina<\/p>\n\n\n\n<p class=\"has-text-align-center has-medium-font-size\">Sito web: www.xingshitu.com<\/p>\n\n\n\n<p class=\"has-text-align-center has-medium-font-size\">Tel: 18201076577<\/p>\n\n\n\n<p class=\"has-text-align-center has-medium-font-size\">\u90ae\u7bb1\uff1asuyifeng@xingshitu.com<\/p>","protected":false},"excerpt":{"rendered":"<p>Vegetation Coverage Meter \u5317\u4eac\u661f\u89c6\u56fe\u79d1\u6280\u6709\u9650\u516c\u53f8\uff0c\u4f5c\u4e3a\u56fd\u5185\u751f\u6001\u7269\u8054\u7f51\u4e0e\u9065\u611f\u5730\u9762\u89c2\u6d4b\u6570 [&hellip;]<\/p>\n","protected":false},"author":1,"featured_media":0,"parent":0,"menu_order":0,"comment_status":"closed","ping_status":"closed","template":"","meta":{"saved_in_kubio":false,"footnotes":""},"class_list":["post-1182","page","type-page","status-publish","hentry"],"kubio_ai_page_context":{"short_desc":"","purpose":"general"},"_links":{"self":[{"href":"http:\/\/www.xingshitu.com\/it\/wp-json\/wp\/v2\/pages\/1182","targetHints":{"allow":["GET"]}}],"collection":[{"href":"http:\/\/www.xingshitu.com\/it\/wp-json\/wp\/v2\/pages"}],"about":[{"href":"http:\/\/www.xingshitu.com\/it\/wp-json\/wp\/v2\/types\/page"}],"author":[{"embeddable":true,"href":"http:\/\/www.xingshitu.com\/it\/wp-json\/wp\/v2\/users\/1"}],"replies":[{"embeddable":true,"href":"http:\/\/www.xingshitu.com\/it\/wp-json\/wp\/v2\/comments?post=1182"}],"version-history":[{"count":7,"href":"http:\/\/www.xingshitu.com\/it\/wp-json\/wp\/v2\/pages\/1182\/revisions"}],"predecessor-version":[{"id":1638,"href":"http:\/\/www.xingshitu.com\/it\/wp-json\/wp\/v2\/pages\/1182\/revisions\/1638"}],"wp:attachment":[{"href":"http:\/\/www.xingshitu.com\/it\/wp-json\/wp\/v2\/media?parent=1182"}],"curies":[{"name":"wp","href":"https:\/\/api.w.org\/{rel}","templated":true}]}}