{"id":1025,"date":"2024-06-07T06:09:18","date_gmt":"2024-06-07T06:09:18","guid":{"rendered":"http:\/\/www.xingshitu.com\/?page_id=1025"},"modified":"2024-11-28T06:00:02","modified_gmt":"2024-11-28T06:00:02","slug":"%e9%87%8e%e7%94%9f%e5%8a%a8%e7%89%a9%e5%8a%a8%e6%80%81%e6%84%9f%e7%9f%a5%e8%a7%a3%e5%86%b3%e6%96%b9%e6%a1%88","status":"publish","type":"page","link":"http:\/\/www.xingshitu.com\/it\/%e9%87%8e%e7%94%9f%e5%8a%a8%e7%89%a9%e5%8a%a8%e6%80%81%e6%84%9f%e7%9f%a5%e8%a7%a3%e5%86%b3%e6%96%b9%e6%a1%88\/","title":{"rendered":"Soluzioni di rilevamento dinamico della fauna selvatica"},"content":{"rendered":"<!DOCTYPE html>\n<html lang=\"en\">\n<head>\n<meta charset=\"UTF-8\">\n<meta name=\"viewport\" content=\"width=device-width, initial-scale=1.0\">\n<title>Vegetation Coverage Meter<\/title>\n<style>\n  body {\n  p {\n    padding-left: 100px; \/* \u8bbe\u7f6e\u6240\u6709\u6bb5\u843d\u6587\u5b57\u7684\u5de6\u9875\u8fb9\u8ddd *\/\n    padding-right: 100px; \/* \u8bbe\u7f6e\u6240\u6709\u6bb5\u843d\u6587\u5b57\u7684\u53f3\u9875\u8fb9\u8ddd *\/\n  }\n<\/style>\n<\/head>\n<body>\n\n<p class=\"has-text-align-center has-black-color has-text-color has-link-color has-large-font-size wp-elements-5e2bddfe0067a23a0a43ad2a07e3db40\"><strong>Soluzioni di rilevamento dinamico della fauna selvatica<\/strong><\/p>\n\n\n\n<p style=\"font-size:20px\" class=\"translation-block\">StarView offre anche soluzioni per l'osservazione sul campo di uccelli e mammiferi: adotta una telecamera intelligente a infrarossi con apparecchiature per l'acquisizione e il riconoscimento delle impronte vocali, combinata con un sistema automatico di analisi online, che utilizza la tecnologia dei big data e dell'apprendimento automatico per ottenere in modo rapido e preciso immagini e impronte vocali di uccelli e animali nell'ecosistema naturale, per registrarne le abitudini e le dinamiche di popolazione e per conoscere le loro scelte di habitat e i loro schemi migratori; analizzando la frequenza dei richiami, la durata e i modelli di cambiamento, \u00e8 possibile dedurre il sesso, l'et\u00e0 e lo stato emotivo degli uccelli e degli animali, nonch\u00e9 le relazioni tra le specie e le loro interazioni con l'ambiente ecologico; in questo modo \u00e8 possibile rivelare in modo esaustivo le loro abitudini ecologiche e le loro caratteristiche comportamentali ai fini della protezione degli uccelli, Analizzando la frequenza, la durata e il modello di cambiamento dei richiami, possiamo dedurre il sesso, l'et\u00e0 e lo stato emotivo degli uccelli e degli animali, nonch\u00e9 la relazione tra le specie e la loro influenza reciproca con l'ambiente ecologico; in questo modo, possiamo rivelare in modo completo le loro abitudini ecologiche e le loro caratteristiche comportamentali, e fornire basi scientifiche per la protezione e il ripristino ecologico degli uccelli e degli animali.<\/p>\n\n\n\n<p class=\"has-text-align-center has-medium-font-size\"><strong>Telecamera intelligente a infrarossi con un caso di installazione reale sul campo (Riserva Naturale Nazionale di Sanjiangyuan, 2023)<\/strong><\/p>\n\n\n<div class=\"wp-block-image\">\n<figure class=\"alignright size-full\"style=\"width: 400px; height: 550px;padding-right: 100px;\"><img loading=\"lazy\" decoding=\"async\" width=\"367\" height=\"450\" src=\"http:\/\/www.xingshitu.com\/wp-content\/uploads\/2024\/11\/image-114.png\" alt=\"\" class=\"wp-image-1857\" srcset=\"http:\/\/www.xingshitu.com\/wp-content\/uploads\/2024\/11\/image-114.png 367w, http:\/\/www.xingshitu.com\/wp-content\/uploads\/2024\/11\/image-114-245x300.png 245w, http:\/\/www.xingshitu.com\/wp-content\/uploads\/2024\/11\/image-114-122x150.png 122w\" sizes=\"(max-width: 367px) 100vw, 367px\" \/><\/figure><\/div>\n\n\n<p class=\"has-text-align-left has-medium-font-size\">Supporto del terminale Android per vedere lo schermo della telecamera in tempo reale, facile da visualizzare e impostare rapidamente i parametri della telecamera;<\/p>\n\n\n\n<p class=\"has-text-align-left has-medium-font-size\">Supporto connessione wireless WIFI criptata 2.4G, supporto connessione diretta hotspot telefono cellulare<\/p>\n\n\n\n<p class=\"has-text-align-left has-medium-font-size\">Grado di protezione IP68, aspetto mimetico<\/p>\n\n\n\n<p class=\"has-text-align-left has-medium-font-size\">Acquisizione di immagini HD da 32 megapixel con 9 scatti consecutivi;<\/p>\n\n\n\n<p class=\"has-text-align-left has-medium-font-size\">Registrazione 4K\/30FPS ad alta frequenza di fotogrammi, durata video: 5~300s;<\/p>\n\n\n\n<p class=\"has-text-align-left has-medium-font-size\">Distanza di rilevamento PIR: 30 metri;<\/p>\n\n\n\n<p class=\"has-text-align-left has-medium-font-size\">Distanza di visione notturna: 30 metri;<\/p>\n\n\n\n<p class=\"has-text-align-left has-medium-font-size\">Tempo di scatto: &lt;0,5 secondi;<\/p>\n\n\n\n<p class=\"has-text-align-left has-medium-font-size\">Alimentazione: 8 batterie alcaline AA (1,5 V); durata in standby: 12 mesi<\/p>\n\n\n\n<p class=\"has-text-align-center has-medium-font-size\" style=\"padding-left: 400px; padding-right: 100px;\"><strong>Esempio di strumentazione per il monitoraggio del suono e di installazione sul campo (Riserva Naturale di Yunnan Yubaiding, 2022)<\/strong><\/p>\n\n\n<div class=\"wp-block-image\">\n<figure class=\"aligncenter size-large\"style=\"width: 600px; height: 400px;\"><img loading=\"lazy\" decoding=\"async\" width=\"1024\" height=\"535\" src=\"http:\/\/www.xingshitu.com\/wp-content\/uploads\/2024\/11\/image-115-1024x535.png\" alt=\"\" class=\"wp-image-1858\" srcset=\"http:\/\/www.xingshitu.com\/wp-content\/uploads\/2024\/11\/image-115-1024x535.png 1024w, http:\/\/www.xingshitu.com\/wp-content\/uploads\/2024\/11\/image-115-300x157.png 300w, http:\/\/www.xingshitu.com\/wp-content\/uploads\/2024\/11\/image-115-150x78.png 150w, http:\/\/www.xingshitu.com\/wp-content\/uploads\/2024\/11\/image-115-768x401.png 768w, http:\/\/www.xingshitu.com\/wp-content\/uploads\/2024\/11\/image-115-1536x803.png 1536w, http:\/\/www.xingshitu.com\/wp-content\/uploads\/2024\/11\/image-115.png 1716w\" sizes=\"(max-width: 1024px) 100vw, 1024px\" \/><\/figure><\/div>\n\n\n<p><\/p>\n\n\n<div class=\"wp-block-image\">\n<figure class=\"aligncenter size-large\"style=\"width: 900px; height: 800px; \"><img loading=\"lazy\" decoding=\"async\" width=\"1024\" height=\"372\" src=\"http:\/\/www.xingshitu.com\/wp-content\/uploads\/2024\/11\/image-118-1024x372.png\" alt=\"\" class=\"wp-image-1861\" srcset=\"http:\/\/www.xingshitu.com\/wp-content\/uploads\/2024\/11\/image-118-1024x372.png 1024w, http:\/\/www.xingshitu.com\/wp-content\/uploads\/2024\/11\/image-118-300x109.png 300w, http:\/\/www.xingshitu.com\/wp-content\/uploads\/2024\/11\/image-118-150x54.png 150w, http:\/\/www.xingshitu.com\/wp-content\/uploads\/2024\/11\/image-118-768x279.png 768w, http:\/\/www.xingshitu.com\/wp-content\/uploads\/2024\/11\/image-118.png 1198w\" sizes=\"(max-width: 1024px) 100vw, 1024px\" \/><\/figure><\/div>","protected":false},"excerpt":{"rendered":"<p>Vegetation Coverage Meter \u91ce\u751f\u52a8\u7269\u52a8\u6001\u611f\u77e5\u89e3\u51b3\u65b9\u6848 \u661f\u89c6\u56fe\u540c\u65f6\u63d0\u4f9b\u9488\u5bf9\u9e1f\u7c7b\u548c\u54fa\u4e73\u52a8\u7269 [&hellip;]<\/p>\n","protected":false},"author":1,"featured_media":0,"parent":0,"menu_order":0,"comment_status":"closed","ping_status":"closed","template":"","meta":{"saved_in_kubio":false,"footnotes":""},"class_list":["post-1025","page","type-page","status-publish","hentry"],"kubio_ai_page_context":{"short_desc":"","purpose":"general"},"_links":{"self":[{"href":"http:\/\/www.xingshitu.com\/it\/wp-json\/wp\/v2\/pages\/1025","targetHints":{"allow":["GET"]}}],"collection":[{"href":"http:\/\/www.xingshitu.com\/it\/wp-json\/wp\/v2\/pages"}],"about":[{"href":"http:\/\/www.xingshitu.com\/it\/wp-json\/wp\/v2\/types\/page"}],"author":[{"embeddable":true,"href":"http:\/\/www.xingshitu.com\/it\/wp-json\/wp\/v2\/users\/1"}],"replies":[{"embeddable":true,"href":"http:\/\/www.xingshitu.com\/it\/wp-json\/wp\/v2\/comments?post=1025"}],"version-history":[{"count":24,"href":"http:\/\/www.xingshitu.com\/it\/wp-json\/wp\/v2\/pages\/1025\/revisions"}],"predecessor-version":[{"id":1879,"href":"http:\/\/www.xingshitu.com\/it\/wp-json\/wp\/v2\/pages\/1025\/revisions\/1879"}],"wp:attachment":[{"href":"http:\/\/www.xingshitu.com\/it\/wp-json\/wp\/v2\/media?parent=1025"}],"curies":[{"name":"wp","href":"https:\/\/api.w.org\/{rel}","templated":true}]}}