{"id":975,"date":"2024-06-07T03:19:46","date_gmt":"2024-06-07T03:19:46","guid":{"rendered":"http:\/\/www.xingshitu.com\/?page_id=975"},"modified":"2024-11-25T01:20:45","modified_gmt":"2024-11-25T01:20:45","slug":"%e6%99%ba%e8%83%bd%e8%99%ab%e6%83%85%e7%9b%91%e6%8e%a7%e9%a2%84%e8%ad%a6%e7%b3%bb%e7%bb%9f","status":"publish","type":"page","link":"http:\/\/www.xingshitu.com\/fr\/%e6%99%ba%e8%83%bd%e8%99%ab%e6%83%85%e7%9b%91%e6%8e%a7%e9%a2%84%e8%ad%a6%e7%b3%bb%e7%bb%9f\/","title":{"rendered":"Syst\u00e8me intelligent de surveillance des parasites et d'alerte pr\u00e9coce"},"content":{"rendered":"<!DOCTYPE html>\n<html lang=\"en\">\n<head>\n<meta charset=\"UTF-8\">\n<meta name=\"viewport\" content=\"width=device-width, initial-scale=1.0\">\n<title>Vegetation Coverage Meter<\/title>\n<style>\n  body {\n  p {\n    padding-left: 100px; \/* \u8bbe\u7f6e\u6240\u6709\u6bb5\u843d\u6587\u5b57\u7684\u5de6\u9875\u8fb9\u8ddd *\/\n    padding-right: 100px; \/* \u8bbe\u7f6e\u6240\u6709\u6bb5\u843d\u6587\u5b57\u7684\u53f3\u9875\u8fb9\u8ddd *\/\n  }\n<\/style>\n<\/head>\n<body>\n\n<p class=\"has-text-align-center has-black-color has-text-color has-link-color has-large-font-size wp-elements-d60cc7c68c51c3ba0bd241dda21da2ea\"><strong>Syst\u00e8me intelligent de surveillance des parasites et d'alerte pr\u00e9coce<\/strong><\/p>\n\n\n<div class=\"wp-block-image\">\n<figure class=\"aligncenter size-full is-resized\"><img loading=\"lazy\" decoding=\"async\" width=\"126\" height=\"263\" src=\"http:\/\/www.xingshitu.com\/wp-content\/uploads\/2024\/11\/image-67.png\" alt=\"\" class=\"wp-image-1434\" style=\"width:155px;height:auto\" srcset=\"http:\/\/www.xingshitu.com\/wp-content\/uploads\/2024\/11\/image-67.png 126w, http:\/\/www.xingshitu.com\/wp-content\/uploads\/2024\/11\/image-67-72x150.png 72w\" sizes=\"(max-width: 126px) 100vw, 126px\" \/><\/figure><\/div>\n\n\n<p style=\"font-size:20px\" class=\"translation-block\">Le syst\u00e8me de surveillance et d'alerte pr\u00e9coce intelligent de l'internet des objets est un \u00e9l\u00e9ment important de la surveillance de l'environnement \u00e9cologique de l'agriculture, de la sylviculture et des prairies, le syst\u00e8me permettant de r\u00e9aliser le pi\u00e9geage des nuisibles, le traitement infrarouge, la photographie vid\u00e9o, les donn\u00e9es en temps r\u00e9el, l'identification des insectes, la surveillance accrue de l'environnement, l'alerte pr\u00e9coce infrarouge, le r\u00e9pulsif \u00e0 ultrasons pour les oiseaux, le pi\u00e9geage des rongeurs, telles que les caract\u00e9ristiques de l'int\u00e9gration de l'alerte pr\u00e9coce intelligente des nuisibles, de l'alerte pr\u00e9coce des rongeurs, de la surveillance de l'environnement \u00e9cologique de la technologie de l'information, de l'automatisation de la plate-forme de service du syst\u00e8me de surveillance de l'internet des objets ! Il peut r\u00e9aliser la visualisation des donn\u00e9es, l'observation \u00e0 distance et la surveillance en temps r\u00e9el de l'\u00e9tat de croissance des cultures et de l'apparition de ravageurs et de maladies.<\/p>\n\n\n\n<p class=\"has-text-align-center has-black-color has-text-color has-link-color wp-elements-2cd7d774d958cfe654f52c62567704b4\" style=\"font-size:28px\"><strong>Caract\u00e9ristiques du produit<\/strong><\/p>\n\n\n\n<p class=\"has-medium-font-size\">Ensemble multifonctionnel, structure m\u00e9canique humanis\u00e9e, conception intelligente, fonctionnement local simple, plate-forme de syst\u00e8me \u00e0 distance, ordinateur, t\u00e9l\u00e9phone mobile APP, num\u00e9ro public WeChat, une vari\u00e9t\u00e9 de moyens d'acc\u00e8s ;<\/p>\n\n\n\n<p class=\"has-medium-font-size\">S\u00e9curit\u00e9 \u00e9lev\u00e9e du produit, identification locale par mot de passe, pour \u00e9viter toute utilisation abusive par des personnes ext\u00e9rieures \u00e0 l'entreprise ;<\/p>\n\n\n\n<p class=\"has-medium-font-size\">\u00c9cran tactile de huit pouces, syst\u00e8me d'exploitation intelligent, configuration locale des appareils, affichage de l'\u00e9tat de fonctionnement, annonce vocale et autres fonctions ;<\/p>\n\n\n\n<p class=\"has-medium-font-size\">Le syst\u00e8me IoT de surveillance des nuisibles fonctionne bien et constitue une partie importante du syst\u00e8me de surveillance de l'\u00e9cosyst\u00e8me agroforestier d'AEEMS, avec de nombreux types de prise de photos et d'identification automatique des nuisibles, ainsi qu'une forte capacit\u00e9 d'alerte pr\u00e9coce.<\/p>\n\n\n\n<p class=\"has-text-align-center has-black-color has-text-color has-link-color wp-elements-420a6e2c5e1b8b6cfe003496eeb7afcd translation-block\" style=\"font-size:28px\">Param\u00e8tres techniques<\/p>\n\n\n\n<p class=\"has-medium-font-size\">en accord avec<a href=\"http:\/\/std.samr.gov.cn\/gb\/search\/gbDetailed?id=71F772D7D3C7D3A7E05397BE0A0AB82A\">GB\/T 24689.1-2009 Machines phytosanitaires Lampes de d\u00e9tection d'insectes<\/a>. ;<\/p>\n\n\n\n<p class=\"has-medium-font-size\">Utilisation de technologies de contr\u00f4le optique, \u00e9lectrique et num\u00e9rique ; contr\u00f4le du temps segment\u00e9, contr\u00f4le \u00e0 distance, contr\u00f4le automatique programmable ;<\/p>\n\n\n\n<p class=\"has-medium-font-size\">Source lumineuse pour le pi\u00e9geage des insectes : lampe \u00e0 lumi\u00e8re noire de 20 W (longueur d'onde principale de 365 nm) et ampoule \u00e0 incandescence de 200 W (flux lumineux de 2700 \u00e0 2920 lm) ;<\/p>\n\n\n\n<p class=\"has-medium-font-size\">Comptage des insectes : la fonction de comptage infrarouge ou laser peut \u00eatre ajout\u00e9e pour enregistrer le nombre de parasites tombant dans le bac chauff\u00e9 apr\u00e8s l'impact, et le nombre de parasites pi\u00e9g\u00e9s pendant les heures de travail quotidiennes de l'\u00e9quipement peut \u00eatre enregistr\u00e9 avec pr\u00e9cision et faire l'objet d'un rapport automatique ;<\/p>\n\n\n\n<p class=\"has-medium-font-size\">Une fois que les insectes sont entr\u00e9s dans le bac de traitement infrarouge et qu'ils sont chauff\u00e9s, ils sont transmis \u00e0 la plateforme photographique pour la prise de photos et le t\u00e9l\u00e9chargement. La plateforme enregistre automatiquement les donn\u00e9es des photos collect\u00e9es pour chaque p\u00e9riode de temps afin de garantir qu'il n'y a pas de confusion entre les insectes pi\u00e9g\u00e9s pour chaque p\u00e9riode de temps ;<\/p>\n\n\n\n<p class=\"has-medium-font-size\">Prise en charge de la reconnaissance logicielle automatique du corps des insectes, permettant l'identification automatique des principaux ravageurs agricoles, taux de reconnaissance effectif de 23%-95% ;<\/p>\n\n\n\n<p class=\"has-medium-font-size\">Avertissement par infrarouge : des capteurs infrarouges peuvent \u00eatre ajout\u00e9s pour d\u00e9tecter tout contact humain avec l'\u00e9quipement afin d'en assurer la s\u00e9curit\u00e9 ;<\/p>\n\n\n\n<p class=\"has-text-align-center has-black-color has-text-color has-link-color wp-elements-92d32a5247bd38f58f2650ef4ce0b062\" style=\"font-size:28px\"><strong>Plate-forme logicielle pour l'internet des objets<\/strong><\/p>\n\n\n\n<p class=\"has-medium-font-size\">1. Plate-forme logicielle de l'internet des objets : l'\u00e9quipement h\u00f4te contient les photos du corps de l'insecte et d'autres informations. Gr\u00e2ce \u00e0 la transmission par r\u00e9seau sans fil au client (t\u00e9l\u00e9phone portable ou ordinateur), le logiciel peut automatiquement proc\u00e9der \u00e0 la classification et \u00e0 l'identification du corps de l'insecte, \u00e0 la naissance du tableau des tendances de la population d'insectes et \u00e0 d'autres informations, que l'utilisateur peut consulter \u00e0 l'aide de son t\u00e9l\u00e9phone portable ou de son ordinateur ;<\/p>\n\n\n\n<p class=\"has-medium-font-size\">2. La plateforme du syst\u00e8me de surveillance de l'environnement \u00e9cologique agroforestier AEEMS de l'Internet des objets peut acc\u00e9der aux informations du rapport sur les insectes, aux informations des capteurs m\u00e9t\u00e9orologiques, aux informations de comptage photographique des lampes insecticides, aux informations vid\u00e9o sur les maladies, \u00e0 l'environnement du sol et \u00e0 d'autres informations de l'\u00e9quipement de surveillance, et peut \u00eatre consult\u00e9e en temps r\u00e9el par l'interm\u00e9diaire de l'ordinateur ou du t\u00e9l\u00e9phone portable pour les donn\u00e9es de surveillance.<\/p>\n\n\n<div class=\"wp-block-image\">\n<figure class=\"aligncenter size-large is-resized\"><img loading=\"lazy\" decoding=\"async\" width=\"1024\" height=\"483\" src=\"http:\/\/www.xingshitu.com\/wp-content\/uploads\/2024\/11\/image-69-1024x483.png\" alt=\"\" class=\"wp-image-1436\" style=\"width:903px;height:auto\" srcset=\"http:\/\/www.xingshitu.com\/wp-content\/uploads\/2024\/11\/image-69-1024x483.png 1024w, http:\/\/www.xingshitu.com\/wp-content\/uploads\/2024\/11\/image-69-300x142.png 300w, http:\/\/www.xingshitu.com\/wp-content\/uploads\/2024\/11\/image-69-150x71.png 150w, http:\/\/www.xingshitu.com\/wp-content\/uploads\/2024\/11\/image-69-768x363.png 768w, http:\/\/www.xingshitu.com\/wp-content\/uploads\/2024\/11\/image-69-1536x725.png 1536w, http:\/\/www.xingshitu.com\/wp-content\/uploads\/2024\/11\/image-69.png 1665w\" sizes=\"(max-width: 1024px) 100vw, 1024px\" \/><\/figure><\/div>","protected":false},"excerpt":{"rendered":"<p>Vegetation Coverage Meter \u667a\u80fd\u866b\u60c5\u76d1\u63a7\u9884\u8b66\u7cfb\u7edf \u7269\u8054\u7f51\u667a\u80fd\u866b\u60c5\u76d1\u63a7\u9884\u8b66\u7cfb\u7edf\u662f\u519c\u6797\u8349\u539f [&hellip;]<\/p>\n","protected":false},"author":1,"featured_media":0,"parent":0,"menu_order":0,"comment_status":"closed","ping_status":"closed","template":"","meta":{"saved_in_kubio":false,"footnotes":""},"class_list":["post-975","page","type-page","status-publish","hentry"],"kubio_ai_page_context":{"short_desc":"","purpose":"general"},"_links":{"self":[{"href":"http:\/\/www.xingshitu.com\/fr\/wp-json\/wp\/v2\/pages\/975","targetHints":{"allow":["GET"]}}],"collection":[{"href":"http:\/\/www.xingshitu.com\/fr\/wp-json\/wp\/v2\/pages"}],"about":[{"href":"http:\/\/www.xingshitu.com\/fr\/wp-json\/wp\/v2\/types\/page"}],"author":[{"embeddable":true,"href":"http:\/\/www.xingshitu.com\/fr\/wp-json\/wp\/v2\/users\/1"}],"replies":[{"embeddable":true,"href":"http:\/\/www.xingshitu.com\/fr\/wp-json\/wp\/v2\/comments?post=975"}],"version-history":[{"count":8,"href":"http:\/\/www.xingshitu.com\/fr\/wp-json\/wp\/v2\/pages\/975\/revisions"}],"predecessor-version":[{"id":1438,"href":"http:\/\/www.xingshitu.com\/fr\/wp-json\/wp\/v2\/pages\/975\/revisions\/1438"}],"wp:attachment":[{"href":"http:\/\/www.xingshitu.com\/fr\/wp-json\/wp\/v2\/media?parent=975"}],"curies":[{"name":"wp","href":"https:\/\/api.w.org\/{rel}","templated":true}]}}