{"id":967,"date":"2024-06-07T03:19:16","date_gmt":"2024-06-07T03:19:16","guid":{"rendered":"http:\/\/www.xingshitu.com\/?page_id=967"},"modified":"2025-06-03T09:10:59","modified_gmt":"2025-06-03T09:10:59","slug":"xst-laismart-%e4%be%bf%e6%90%ba%e5%bc%8f%e6%a4%8d%e8%a2%ab%e5%86%a0%e5%b1%82%e5%88%86%e6%9e%90%e4%bb%aa","status":"publish","type":"page","link":"http:\/\/www.xingshitu.com\/fr\/xst-laismart-%e4%be%bf%e6%90%ba%e5%bc%8f%e6%a4%8d%e8%a2%ab%e5%86%a0%e5%b1%82%e5%88%86%e6%9e%90%e4%bb%aa\/","title":{"rendered":"Analyseur de couvert v\u00e9g\u00e9tal portable XST-LAISmart"},"content":{"rendered":"<p class=\"has-text-align-center has-black-color has-text-color has-link-color has-large-font-size wp-elements-91e2a8b320a34779e3b42d088de4e7d0\"><strong>Analyseur de couvert v\u00e9g\u00e9tal portable XST-LAISmart<\/strong><\/p>\n\n\n<div class=\"wp-block-image\">\n<figure class=\"aligncenter size-full is-resized\"><img loading=\"lazy\" decoding=\"async\" width=\"572\" height=\"95\" src=\"http:\/\/www.xingshitu.com\/wp-content\/uploads\/2024\/11\/image-20.png\" alt=\"\" class=\"wp-image-1288\" style=\"width:656px;height:auto\" srcset=\"http:\/\/www.xingshitu.com\/wp-content\/uploads\/2024\/11\/image-20.png 572w, http:\/\/www.xingshitu.com\/wp-content\/uploads\/2024\/11\/image-20-300x50.png 300w, http:\/\/www.xingshitu.com\/wp-content\/uploads\/2024\/11\/image-20-150x25.png 150w\" sizes=\"(max-width: 572px) 100vw, 572px\" \/><\/figure><\/div>\n\n\n<p class=\"has-text-align-center has-black-color has-text-color has-link-color wp-elements-1c21eecc72c7aa52c97e54a6b7dabd9d\" style=\"font-size:28px\"><strong>offres<\/strong><strong>esquiss\u00e9e<\/strong><strong><\/strong><\/p>\n\n\n\n<p style=\"font-size:20px\"><p style=\"font-size:20px;padding-left: 100px; padding-right: 100px;\">Le XST-LAISmart Portable Vegetation Cover Meter produit par Beijing StarView utilise pleinement la technologie d'imagerie mature actuelle de l'\u00e9quipement terminal intelligent et la puissante capacit\u00e9 de calcul, adopte le mod\u00e8le de taux d'\u00e9cart de l'indice de surface foliaire et r\u00e9alise la fonction de calcul en temps r\u00e9el de nombreux param\u00e8tres tels que FVC, LAI, etc. L'instrument se compose d'une partie mat\u00e9rielle et d'une partie logicielle, dont la partie mat\u00e9rielle comprend l'extr\u00e9mit\u00e9 d'acquisition d'informations, l'extr\u00e9mit\u00e9 de contr\u00f4le des op\u00e9rations de l'utilisateur et le support de l'instrument. L'instrument se compose d'une partie mat\u00e9rielle et d'une partie logicielle, dont la partie mat\u00e9rielle comprend le terminal d'acquisition des informations, le terminal de contr\u00f4le des op\u00e9rations de l'utilisateur et le support de l'instrument. Le logiciel comprend le module logiciel d'acquisition des informations, le module de contr\u00f4le de la transmission sans fil et le module de stockage des calculs en temps r\u00e9el.<\/p><\/p>\n\n\n\n<p class=\"has-text-align-left\" style=\"font-size:20px\"><p class=\"has-text-align-left\" style=\"font-size:20px;padding-left: 100px; padding-right: 100px;\">XST-LAISmart est bas\u00e9 sur une technologie d'imagerie photographique qui permet l'acquisition rapide de plusieurs param\u00e8tres de la structure du couvert v\u00e9g\u00e9tal :<strong>l'indice de surface foliaire (ISF)<\/strong>(indice de surface foliaire, LAI),<strong>degr\u00e9 de couverture<\/strong>(couverture v\u00e9g\u00e9tale fractionn\u00e9e, CVF),<strong>la constriction (c'est-\u00e0-dire le degr\u00e9 de d\u00e9pression)<\/strong>et<strong>taux d'absorption photosynth\u00e9tiquement active<\/strong>(Fraction du rayonnement photosynth\u00e9tiquement actif absorb\u00e9, FPAR)<\/p><\/p>\n\n\n\n<p class=\"has-text-align-center has-black-color has-text-color has-link-color wp-elements-453fd6ab9faec6c849b2eab7165f0ddf\" style=\"font-size:28px\"><strong>Caract\u00e9ristiques<\/strong><strong><\/strong><\/p>\n\n\n\n<p style=\"font-size:20px\"><p style=\"font-size:20px;padding-left: 100px; padding-right: 100px;\">Sc\u00e9narios flexibles : prises de vue vers le haut de plantes hautes, prises de vue vers le bas de cultures basses ou de prairies<\/p><\/p>\n\n\n\n<p style=\"font-size:20px\"><p style=\"font-size:20px;padding-left: 100px; padding-right: 100px;\">Trois algorithmes d'identification au choix : pr\u00e9cision pour la v\u00e9g\u00e9tation et le sol, classification et extraction du ciel clair et du ciel lumineux diffus.<\/p><\/p>\n\n\n\n<p style=\"font-size:20px\"><p style=\"font-size:20px;padding-left: 100px; padding-right: 100px;\">Dispositif int\u00e9gr\u00e9 de mesure sur le terrain : conception l\u00e9g\u00e8re monobloc sans aucun c\u00e2ble, compacte et pratique pour une utilisation sur le terrain.<\/p><\/p>\n\n\n\n<p style=\"font-size:20px\"><p style=\"font-size:20px;padding-left: 100px; padding-right: 100px;\">Simple et facile \u00e0 utiliser : bas\u00e9 sur le syst\u00e8me familier Android, il affiche et enregistre l'angle de roulis, l'angle de tangage et les informations GPS en temps r\u00e9el.<\/p><\/p>\n\n\n\n<p class=\"has-text-align-center has-black-color has-text-color has-link-color wp-elements-c4975e7ef80534eeb7f690cc258594e7 translation-block\" style=\"font-size:28px\">Param\u00e8tres techniques<\/p>\n\n\n\n<figure class=\"wp-block-table aligncenter is-style-regular\"><table style=\"border-width:1px\"><tbody><tr><td rowspan=\"2\"><p class=\"MsoBodyText\" align=\"center\" style=\"margin-left:0.0000pt;text-align:center;line-height:122%;\"><span style=\"font-family:'Times New Roman';mso-fareast-font-family:\u5b8b\u4f53;line-height:122%;font-size:10.5000pt;mso-font-kerning:0.0000pt;\"><font face=\"\u5b8b\u4f53\"><strong>la collecte d'informations<\/strong><\/font><\/span><span style=\"font-family:'Times New Roman';mso-fareast-font-family:\u5b8b\u4f53;line-height:122%;font-size:10.5000pt;mso-font-kerning:0.0000pt;\"><\/span><\/p><\/td><td><p class=\"MsoBodyText\" align=\"center\" style=\"margin-left:0.0000pt;text-align:center;line-height:122%;\"><span style=\"font-family:'Times New Roman';mso-fareast-font-family:\u5b8b\u4f53;line-height:122%;font-size:10.5000pt;mso-font-kerning:0.0000pt;\"><font face=\"\u5b8b\u4f53\">Acquisition de donn\u00e9es d'image<\/font><\/span><span style=\"font-family:'Times New Roman';mso-fareast-font-family:\u5b8b\u4f53;line-height:122%;font-size:10.5000pt;mso-font-kerning:0.0000pt;\"><o:p><\/o:p><\/span><\/p><\/td><td><p class=\"MsoBodyText\" style=\"margin-left:0.0000pt;line-height:122%;\"><span style=\"font-family:'Times New Roman';mso-fareast-font-family:\u5b8b\u4f53;line-height:122%;font-size:10.5000pt;mso-font-kerning:0.0000pt;\"><font face=\"\u5b8b\u4f53\">Couleurs vraies standard rouge, vert et bleu<\/font><\/span><span style=\"font-family:'Times New Roman';mso-fareast-font-family:\u5b8b\u4f53;line-height:122%;font-size:10.5000pt;mso-font-kerning:0.0000pt;\"><o:p><\/o:p><\/span><\/p><\/td><\/tr><tr><td><p class=\"MsoBodyText\" align=\"center\" style=\"margin-left:0.0000pt;text-align:center;line-height:122%;\"><span style=\"font-family:'Times New Roman';mso-fareast-font-family:\u5b8b\u4f53;line-height:122%;font-size:10.5000pt;mso-font-kerning:0.0000pt;\"><font face=\"\u5b8b\u4f53\">Donn\u00e9es d'information compl\u00e9mentaires<\/font><\/span><span style=\"font-family:'Times New Roman';mso-fareast-font-family:\u5b8b\u4f53;line-height:122%;font-size:10.5000pt;mso-font-kerning:0.0000pt;\"><o:p><\/o:p><\/span><\/p><\/td><td><p class=\"MsoBodyText\" style=\"margin-left:0.0000pt;line-height:122%;\"><span style=\"font-family:'Times New Roman';mso-fareast-font-family:\u5b8b\u4f53;line-height:122%;font-size:10.5000pt;mso-font-kerning:0.0000pt;\"><font face=\"\u5b8b\u4f53\">Latitude, longitude, tangage, roulis.<\/font><\/span><span style=\"font-family:'Times New Roman';mso-fareast-font-family:\u5b8b\u4f53;line-height:122%;font-size:10.5000pt;mso-font-kerning:0.0000pt;\"><o:p><\/o:p><\/span><\/p><\/td><\/tr><tr><td rowspan=\"4\"><p class=\"MsoBodyText\" align=\"center\" style=\"margin-left:0.0000pt;text-align:center;line-height:122%;\"><span style=\"font-family:'Times New Roman';mso-fareast-font-family:\u5b8b\u4f53;line-height:122%;font-size:10.5000pt;mso-font-kerning:0.0000pt;\"><font face=\"\u5b8b\u4f53\"><strong>console utilisateur<\/strong><\/font><\/span><span style=\"font-family:'Times New Roman';mso-fareast-font-family:\u5b8b\u4f53;line-height:122%;font-size:10.5000pt;mso-font-kerning:0.0000pt;\"><\/span><\/p><\/td><td><p class=\"MsoBodyText\" align=\"center\" style=\"margin-left:0.0000pt;text-align:center;line-height:122%;\"><span style=\"font-family:'Times New Roman';mso-fareast-font-family:\u5b8b\u4f53;line-height:122%;font-size:10.5000pt;mso-font-kerning:0.0000pt;\"><font face=\"\u5b8b\u4f53\">syst\u00e8me d'exploitation<\/font><\/span><span style=\"font-family:'Times New Roman';mso-fareast-font-family:\u5b8b\u4f53;line-height:122%;font-size:10.5000pt;mso-font-kerning:0.0000pt;\"><o:p><\/o:p><\/span><\/p><\/td><td><p class=\"MsoBodyText\" style=\"margin-left:0.0000pt;line-height:122%;\"><span style=\"font-family:'Times New Roman';mso-fareast-font-family:\u5b8b\u4f53;line-height:122%;font-size:10.5000pt;mso-font-kerning:0.0000pt;\"><font face=\"\u5b8b\u4f53\">Android, via le sans fil<\/font>WIFI<font face=\"\u5b8b\u4f53\">Connexion au terminal de collecte d'informations<\/font><\/span><span style=\"font-family:'Times New Roman';mso-fareast-font-family:\u5b8b\u4f53;line-height:122%;font-size:10.5000pt;mso-font-kerning:0.0000pt;\"><o:p><\/o:p><\/span><\/p><\/td><\/tr><tr><td><p class=\"MsoBodyText\" align=\"center\" style=\"margin-left:0.0000pt;text-align:center;line-height:122%;\"><span style=\"font-family:'Times New Roman';mso-fareast-font-family:\u5b8b\u4f53;line-height:122%;font-size:10.5000pt;mso-font-kerning:0.0000pt;\"><font face=\"\u5b8b\u4f53\">mode de mesure<\/font><\/span><span style=\"font-family:'Times New Roman';mso-fareast-font-family:\u5b8b\u4f53;line-height:122%;font-size:10.5000pt;mso-font-kerning:0.0000pt;\"><o:p><\/o:p><\/span><\/p><\/td><td><p class=\"MsoBodyText\" style=\"margin-left:0.0000pt;line-height:122%;\"><span style=\"font-family:'Times New Roman';mso-fareast-font-family:\u5b8b\u4f53;line-height:122%;font-size:10.5000pt;mso-font-kerning:0.0000pt;\"><font face=\"\u5b8b\u4f53\">Fonctionnement portable avec stockage local des donn\u00e9es<\/font><\/span><span style=\"font-family:'Times New Roman';mso-fareast-font-family:\u5b8b\u4f53;line-height:122%;font-size:10.5000pt;mso-font-kerning:0.0000pt;\"><o:p><\/o:p><\/span><\/p><\/td><\/tr><tr><td><p class=\"MsoBodyText\" align=\"center\" style=\"margin-left:0.0000pt;text-align:center;line-height:122%;\"><span style=\"font-family:'Times New Roman';mso-fareast-font-family:\u5b8b\u4f53;line-height:122%;font-size:10.5000pt;mso-font-kerning:0.0000pt;\"><font face=\"\u5b8b\u4f53\">m\u00e9moire locale<\/font><\/span><span style=\"font-family:'Times New Roman';mso-fareast-font-family:\u5b8b\u4f53;line-height:122%;font-size:10.5000pt;mso-font-kerning:0.0000pt;\"><o:p><\/o:p><\/span><\/p><\/td><td><p class=\"MsoBodyText\" style=\"margin-left:0.0000pt;line-height:122%;\"><span style=\"font-family:'Times New Roman';mso-fareast-font-family:\u5b8b\u4f53;line-height:122%;font-size:10.5000pt;mso-font-kerning:0.0000pt;\"><font face=\"\u5b8b\u4f53\">pas moins de<\/font>64G<\/span><span style=\"font-family:'Times New Roman';mso-fareast-font-family:\u5b8b\u4f53;line-height:122%;font-size:10.5000pt;mso-font-kerning:0.0000pt;\"><o:p><\/o:p><\/span><\/p><\/td><\/tr><tr><td><p class=\"MsoBodyText\" align=\"center\" style=\"margin-left:0.0000pt;text-align:center;line-height:122%;\"><span style=\"font-family:'Times New Roman';mso-fareast-font-family:\u5b8b\u4f53;line-height:122%;font-size:10.5000pt;mso-font-kerning:0.0000pt;\"><font face=\"\u5b8b\u4f53\">interface de donn\u00e9es<\/font><\/span><span style=\"font-family:'Times New Roman';mso-fareast-font-family:\u5b8b\u4f53;line-height:122%;font-size:10.5000pt;mso-font-kerning:0.0000pt;\"><o:p><\/o:p><\/span><\/p><\/td><td><p class=\"MsoBodyText\" style=\"margin-left:0.0000pt;line-height:122%;\"><span style=\"font-family:'Times New Roman';mso-fareast-font-family:\u5b8b\u4f53;line-height:122%;font-size:10.5000pt;mso-font-kerning:0.0000pt;\"><font face=\"\u5b8b\u4f53\">norme<\/font>Type USB<\/span><span style=\"font-family:\u5b8b\u4f53;mso-ascii-font-family:'Times New Roman';mso-hansi-font-family:'Times New Roman';mso-bidi-font-family:'Times New Roman';line-height:122%;font-size:10.5000pt;mso-font-kerning:0.0000pt;\"><font face=\"Times New Roman\">-<\/font><\/span><span style=\"font-family:'Times New Roman';mso-fareast-font-family:\u5b8b\u4f53;line-height:122%;font-size:10.5000pt;mso-font-kerning:0.0000pt;\">C<font face=\"\u5b8b\u4f53\">Interface, prise en charge du t\u00e9l\u00e9chargement par c\u00e2ble de donn\u00e9es et du t\u00e9l\u00e9chargement par Bluetooth<\/font><\/span><span style=\"font-family:'Times New Roman';mso-fareast-font-family:\u5b8b\u4f53;line-height:122%;font-size:10.5000pt;mso-font-kerning:0.0000pt;\"><o:p><\/o:p><\/span><\/p><\/td><\/tr><tr><td><p class=\"MsoBodyText\" align=\"center\" style=\"margin-left:0.0000pt;text-align:center;line-height:122%;\"><span style=\"font-family:'Times New Roman';mso-fareast-font-family:\u5b8b\u4f53;line-height:122%;font-size:10.5000pt;mso-font-kerning:0.0000pt;\"><font face=\"\u5b8b\u4f53\"><strong>Porte-instruments<\/strong><\/font><\/span><span style=\"font-family:'Times New Roman';mso-fareast-font-family:\u5b8b\u4f53;line-height:122%;font-size:10.5000pt;mso-font-kerning:0.0000pt;\"><\/span><\/p><\/td><td><p class=\"MsoBodyText\" align=\"center\" style=\"margin-left:0.0000pt;text-align:center;line-height:122%;\"><span style=\"font-family:'Times New Roman';mso-fareast-font-family:\u5b8b\u4f53;line-height:122%;font-size:10.5000pt;mso-font-kerning:0.0000pt;\"><font face=\"\u5b8b\u4f53\">levier manuel<\/font><\/span><span style=\"font-family:'Times New Roman';mso-fareast-font-family:\u5b8b\u4f53;line-height:122%;font-size:10.5000pt;mso-font-kerning:0.0000pt;\"><o:p><\/o:p><\/span><\/p><\/td><td><p class=\"MsoBodyText\" style=\"margin-left:0.0000pt;line-height:122%;\"><span style=\"font-family:'Times New Roman';mso-fareast-font-family:\u5b8b\u4f53;line-height:122%;font-size:10.5000pt;mso-font-kerning:0.0000pt;\"><font face=\"\u5b8b\u4f53\">R\u00e9tractable : jusqu'\u00e0<\/font>80cm<\/span><span style=\"font-family:'Times New Roman';mso-fareast-font-family:\u5b8b\u4f53;line-height:122%;font-size:10.5000pt;mso-font-kerning:0.0000pt;\"><o:p><\/o:p><\/span><\/p><\/td><\/tr><tr><td rowspan=\"2\"><p class=\"MsoBodyText\" align=\"center\" style=\"margin-left:0.0000pt;text-align:center;line-height:122%;\"><span style=\"font-family:'Times New Roman';mso-fareast-font-family:\u5b8b\u4f53;line-height:122%;font-size:10.5000pt;mso-font-kerning:0.0000pt;\"><font face=\"\u5b8b\u4f53\"><strong>Param\u00e8tres g\u00e9n\u00e9raux<\/strong><\/font><\/span><span style=\"font-family:'Times New Roman';mso-fareast-font-family:\u5b8b\u4f53;line-height:122%;font-size:10.5000pt;mso-font-kerning:0.0000pt;\"><\/span><\/p><\/td><td><p class=\"MsoBodyText\" align=\"center\" style=\"margin-left:0.0000pt;text-align:center;line-height:122%;\"><span style=\"font-family:'Times New Roman';mso-fareast-font-family:\u5b8b\u4f53;line-height:122%;font-size:10.5000pt;mso-font-kerning:0.0000pt;\"><font face=\"\u5b8b\u4f53\">temp\u00e9rature de fonctionnement<\/font><\/span><span style=\"font-family:'Times New Roman';mso-fareast-font-family:\u5b8b\u4f53;line-height:122%;font-size:10.5000pt;mso-font-kerning:0.0000pt;\"><o:p><\/o:p><\/span><\/p><\/td><td><p class=\"MsoBodyText\" style=\"margin-left:0.0000pt;line-height:122%;\"><span style=\"font-family:'Times New Roman';mso-fareast-font-family:\u5b8b\u4f53;line-height:122%;font-size:10.5000pt;mso-font-kerning:0.0000pt;\">-10 \u00b0C<font face=\"\u5b8b\u4f53\">~<\/font><font face=\"Times New Roman\">40 \u00b0C<\/font><\/span><span style=\"font-family:'Times New Roman';mso-fareast-font-family:\u5b8b\u4f53;line-height:122%;font-size:10.5000pt;mso-font-kerning:0.0000pt;\"><o:p><\/o:p><\/span><\/p><\/td><\/tr><tr><td><p class=\"MsoBodyText\" align=\"center\" style=\"margin-left:0.0000pt;text-align:center;line-height:122%;\"><span style=\"font-family:'Times New Roman';mso-fareast-font-family:\u5b8b\u4f53;line-height:122%;font-size:10.5000pt;mso-font-kerning:0.0000pt;\"><font face=\"\u5b8b\u4f53\">Humidit\u00e9 de fonctionnement<\/font><\/span><span style=\"font-family:'Times New Roman';mso-fareast-font-family:\u5b8b\u4f53;line-height:122%;font-size:10.5000pt;mso-font-kerning:0.0000pt;\"><o:p><\/o:p><\/span><\/p><\/td><td><p class=\"MsoBodyText\" style=\"margin-left:0.0000pt;line-height:122%;\"><span style=\"font-family:'Times New Roman';mso-fareast-font-family:\u5b8b\u4f53;line-height:122%;font-size:10.5000pt;mso-font-kerning:0.0000pt;\">0<font face=\"\u5b8b\u4f53\">~<\/font><font face=\"Times New Roman\">99% RH<\/font><font face=\"\u5b8b\u4f53\">sans condensation<\/font><\/span><span style=\"font-family:'Times New Roman';mso-fareast-font-family:\u5b8b\u4f53;line-height:122%;font-size:10.5000pt;mso-font-kerning:0.0000pt;\"><o:p><\/o:p><\/span><\/p><\/td><\/tr><\/tbody><\/table><\/figure>","protected":false},"excerpt":{"rendered":"<p>XST-LAISmart \u4fbf\u643a\u5f0f\u690d\u88ab\u51a0\u5c42\u5206\u6790\u4eea \u4ea7\u54c1\u6982\u8ff0 \u5317\u4eac\u661f\u89c6\u56fe\u516c\u53f8\u751f\u4ea7\u7684XST-LAISmart\u4fbf\u643a\u5f0f\u690d [&hellip;]<\/p>\n","protected":false},"author":1,"featured_media":0,"parent":0,"menu_order":0,"comment_status":"closed","ping_status":"closed","template":"","meta":{"saved_in_kubio":true,"footnotes":""},"class_list":["post-967","page","type-page","status-publish","hentry"],"kubio_ai_page_context":{"short_desc":"","purpose":"general"},"_links":{"self":[{"href":"http:\/\/www.xingshitu.com\/fr\/wp-json\/wp\/v2\/pages\/967","targetHints":{"allow":["GET"]}}],"collection":[{"href":"http:\/\/www.xingshitu.com\/fr\/wp-json\/wp\/v2\/pages"}],"about":[{"href":"http:\/\/www.xingshitu.com\/fr\/wp-json\/wp\/v2\/types\/page"}],"author":[{"embeddable":true,"href":"http:\/\/www.xingshitu.com\/fr\/wp-json\/wp\/v2\/users\/1"}],"replies":[{"embeddable":true,"href":"http:\/\/www.xingshitu.com\/fr\/wp-json\/wp\/v2\/comments?post=967"}],"version-history":[{"count":12,"href":"http:\/\/www.xingshitu.com\/fr\/wp-json\/wp\/v2\/pages\/967\/revisions"}],"predecessor-version":[{"id":2346,"href":"http:\/\/www.xingshitu.com\/fr\/wp-json\/wp\/v2\/pages\/967\/revisions\/2346"}],"wp:attachment":[{"href":"http:\/\/www.xingshitu.com\/fr\/wp-json\/wp\/v2\/media?parent=967"}],"curies":[{"name":"wp","href":"https:\/\/api.w.org\/{rel}","templated":true}]}}