{"id":955,"date":"2024-06-07T03:18:30","date_gmt":"2024-06-07T03:18:30","guid":{"rendered":"http:\/\/www.xingshitu.com\/?page_id=955"},"modified":"2025-06-06T02:57:27","modified_gmt":"2025-06-06T02:57:27","slug":"xst-spectralnet-%e5%a4%9a%e8%a7%92%e5%ba%a6%e5%85%a8%e8%87%aa%e5%8a%a8%e9%ab%98%e5%85%89%e8%b0%b1%e4%bb%aa","status":"publish","type":"page","link":"http:\/\/www.xingshitu.com\/fr\/xst-spectralnet-%e5%a4%9a%e8%a7%92%e5%ba%a6%e5%85%a8%e8%87%aa%e5%8a%a8%e9%ab%98%e5%85%89%e8%b0%b1%e4%bb%aa\/","title":{"rendered":"Hyperspectrom\u00e8tre multiangles enti\u00e8rement automatis\u00e9 XST-SpectralNet"},"content":{"rendered":"<p class=\"has-text-align-center has-black-color has-text-color has-link-color has-large-font-size wp-elements-a9e7c705fa1189dd80a25ec44df2716a\"><strong>XST-SpectralN<\/strong><strong>et<\/strong><strong>&nbsp;<\/strong><strong>Hyperspectrom\u00e8tre automatique multi-angle<\/strong><strong><\/strong><\/p>\n\n\n<div class=\"wp-block-image\">\n<figure class=\"alignright size-large is-resized\"><img loading=\"lazy\" decoding=\"async\" width=\"1024\" height=\"768\" src=\"http:\/\/www.xingshitu.com\/wp-content\/uploads\/2025\/06\/\u591a\u89d2\u5ea61-1024x768.png\" alt=\"\" class=\"wp-image-2371\" style=\"width:319px;height:auto\" srcset=\"http:\/\/www.xingshitu.com\/wp-content\/uploads\/2025\/06\/\u591a\u89d2\u5ea61-1024x768.png 1024w, http:\/\/www.xingshitu.com\/wp-content\/uploads\/2025\/06\/\u591a\u89d2\u5ea61-300x225.png 300w, http:\/\/www.xingshitu.com\/wp-content\/uploads\/2025\/06\/\u591a\u89d2\u5ea61-150x113.png 150w, http:\/\/www.xingshitu.com\/wp-content\/uploads\/2025\/06\/\u591a\u89d2\u5ea61-768x576.png 768w, http:\/\/www.xingshitu.com\/wp-content\/uploads\/2025\/06\/\u591a\u89d2\u5ea61-1536x1152.png 1536w, http:\/\/www.xingshitu.com\/wp-content\/uploads\/2025\/06\/\u591a\u89d2\u5ea61-2048x1536.png 2048w, http:\/\/www.xingshitu.com\/wp-content\/uploads\/2025\/06\/\u591a\u89d2\u5ea61-16x12.png 16w, http:\/\/www.xingshitu.com\/wp-content\/uploads\/2025\/06\/\u591a\u89d2\u5ea61-1440x1080.png 1440w\" sizes=\"(max-width: 1024px) 100vw, 1024px\" \/><\/figure><\/div>\n\n\n<p class=\"has-medium-font-size\"><p class=\"has-medium-font-size\" style=\"padding-left: 100px; padding-right: 100px;\"><strong>Surveillance automatis\u00e9e \u00e0 long terme de la r\u00e9flectance spectrale des \u00e9l\u00e9ments :<\/strong>Haute pr\u00e9cision, faible consommation d'\u00e9nergie, module de contr\u00f4le de la temp\u00e9rature int\u00e9gr\u00e9, adaptation \u00e0 l'environnement de terrain<\/p><\/p>\n\n\n\n<p class=\"has-medium-font-size\"><p class=\"has-medium-font-size\" style=\"padding-left: 100px; padding-right: 100px;\"><strong>Int\u00e9gration des mesures spectrales avec les calculs des param\u00e8tres de surface :<\/strong>Mod\u00e8le int\u00e9gr\u00e9 de calcul des param\u00e8tres de v\u00e9g\u00e9tation, compl\u00e9tion automatique des param\u00e8tres \u00e9cologiques cl\u00e9s, sortie en temps r\u00e9el<strong><\/strong><\/p><\/p>\n\n\n\n<p class=\"has-medium-font-size\"><p class=\"has-medium-font-size\" style=\"padding-left: 100px; padding-right: 100px;\"><strong>Plateforme de visualisation de donn\u00e9es bas\u00e9e sur l'informatique en nuage :<\/strong>Visualisation des param\u00e8tres mesur\u00e9s en temps r\u00e9el et des param\u00e8tres calcul\u00e9s synchronis\u00e9s<\/p><\/p>\n\n\n\n<p class=\"has-medium-font-size\"><p class=\"has-medium-font-size\" style=\"padding-left: 100px; padding-right: 100px;\"><strong>Fonction de d\u00e9tection de cibles multiples :<\/strong>Module de commutation automatique du chemin optique int\u00e9gr\u00e9, permettant la d\u00e9tection de plusieurs cibles et de plusieurs angles avec une seule machine.<\/p><\/p>\n\n\n\n<p class=\"has-medium-font-size\"><p class=\"has-medium-font-size\" style=\"padding-left: 100px; padding-right: 100px;\"><strong>Interface bas\u00e9e sur un navigateur :<\/strong>Visualisation et modification des param\u00e8tres \u00e0 tout moment, prise en charge des mesures manuelles, visualisation et t\u00e9l\u00e9chargement des donn\u00e9es<\/p><\/p>\n\n\n\n<p class=\"has-medium-font-size\"><p class=\"has-medium-font-size\" style=\"padding-left: 100px; padding-right: 100px;\"><strong>Mise en service et maintenance ais\u00e9es sur le terrain :<\/strong>La configuration du logiciel et le d\u00e9bogage peuvent \u00eatre r\u00e9alis\u00e9s \u00e0 distance en r\u00e9seau.<\/p><\/p>\n\n\n\n<p class=\"has-medium-font-size\"><p class=\"has-medium-font-size\" style=\"padding-left: 100px; padding-right: 100px;\"><strong>Modules de correction de donn\u00e9es multiples :<\/strong>\u00c9talonnage de la sph\u00e8re d'int\u00e9gration de la chambre noire, correction radiom\u00e9trique, correction spectrale et correction du courant d'obscurit\u00e9<\/p><\/p>\n\n\n\n<p class=\"has-medium-font-size\"><p class=\"has-medium-font-size\" style=\"padding-left: 100px; padding-right: 100px;\"><strong>Gr\u00e2ce aux essais du centre d'essai de l'unit\u00e9 nationale de recherche scientifique, la machine de r\u00e9f\u00e9rence pour l'\u00e9talonnage r\u00e9gulier des donn\u00e9es du laboratoire national cl\u00e9.<\/strong><\/p><\/p>\n\n\n\n<p class=\"has-text-align-center has-black-color has-text-color has-link-color wp-elements-6c14aaa1034d2566e880e2521c2edce8\" style=\"font-size:28px\"><strong>Aper\u00e7u du produit<\/strong><strong><\/strong><\/p>\n\n\n\n<p style=\"font-size:20px\"><p class=\"has-medium-font-size translation-block\" style=\"padding-left: 100px; padding-right: 100px;\">Les donn\u00e9es spectrales constituent la source de donn\u00e9es de base pour l'inversion des informations de t\u00e9l\u00e9d\u00e9tection. L'hyperspectrom\u00e8tre multiangle enti\u00e8rement automatis\u00e9 XST-SpectralNet (MAGHAS) fournit une m\u00e9thode de mesure peu co\u00fbteuse et tr\u00e8s efficace pour r\u00e9aliser la mesure automatique de donn\u00e9es hyperspectrales par tous les temps, qui peut \u00eatre appliqu\u00e9e \u00e0 l'acquisition de longues s\u00e9ries de donn\u00e9es spectrales et \u00e0 la surveillance des variables \u00e9cologiques et environnementales.<\/p><\/p>\n\n\n\n<p class=\"has-text-align-center has-black-color has-text-color has-link-color wp-elements-1825eae983ccc1b93284511c785ab92e\" style=\"font-size:28px\"><strong>Caract\u00e9ristiques du produit<\/strong><\/p>\n\n\n\n<p style=\"font-size:20px\"><p class=\"has-medium-font-size\" style=\"padding-left: 100px; padding-right: 100px;\"><strong>Mesure directe des param\u00e8tres<\/strong>Donn\u00e9es spectrales brutes : spectres de lumi\u00e8re incidente, spectres de lumi\u00e8re r\u00e9fl\u00e9chie, courbes de r\u00e9flectance spectrale.<\/p><\/p>\n\n\n\n<p style=\"font-size:20px\"><p class=\"has-medium-font-size\" style=\"padding-left: 100px; padding-right: 100px;\"><strong><strong>Les param\u00e8tres peuvent \u00eatre calcul\u00e9s directement<\/strong><\/strong>Indice de v\u00e9g\u00e9tation normalis\u00e9 (NDVI), indice de lisi\u00e8re rouge (REI), indice chlorophylle\/carot\u00e9no\u00efde (CCI), indice de v\u00e9g\u00e9tation am\u00e9lior\u00e9 (EVI), indice de v\u00e9g\u00e9tation de rapport (RVI), indice de v\u00e9g\u00e9tation de diff\u00e9rence (DVI), indice de v\u00e9g\u00e9tation d'imp\u00e9dance atmosph\u00e9rique (ARVI), indice de v\u00e9g\u00e9tation optimis\u00e9 pour le conditionnement du sol (OSAVI), indice de v\u00e9g\u00e9tation de diff\u00e9rence normalis\u00e9 vert (GNDVI). indice de v\u00e9g\u00e9tation optimis\u00e9 pour l'azote (VIopt), indice de chlorophylle foliaire (LCI), indice de v\u00e9g\u00e9tation \u00e0 pigments structurellement insensibles (SIPI).<\/p><\/p>\n\n\n\n<p style=\"font-size:20px\"><p class=\"has-medium-font-size\" style=\"padding-left: 100px; padding-right: 100px;\"><strong>Aide \u00e0 la personnalisation<\/strong>Les utilisateurs peuvent fournir des param\u00e8tres, des mod\u00e8les de calcul multiples, et nous r\u00e9alisons des modules de calculs automatiques int\u00e9gr\u00e9s.<\/p><\/p>\n\n\n<div class=\"wp-block-image\">\n<figure class=\"aligncenter size-full\"><img loading=\"lazy\" decoding=\"async\" width=\"841\" height=\"287\" src=\"http:\/\/www.xingshitu.com\/wp-content\/uploads\/2025\/06\/image-25.png\" alt=\"\" class=\"wp-image-2372\" srcset=\"http:\/\/www.xingshitu.com\/wp-content\/uploads\/2025\/06\/image-25.png 841w, http:\/\/www.xingshitu.com\/wp-content\/uploads\/2025\/06\/image-25-300x102.png 300w, http:\/\/www.xingshitu.com\/wp-content\/uploads\/2025\/06\/image-25-150x51.png 150w, http:\/\/www.xingshitu.com\/wp-content\/uploads\/2025\/06\/image-25-768x262.png 768w, http:\/\/www.xingshitu.com\/wp-content\/uploads\/2025\/06\/image-25-18x6.png 18w\" sizes=\"(max-width: 841px) 100vw, 841px\" \/><\/figure><\/div>\n\n\n<p class=\"has-text-align-left has-medium-font-size\"><strong>conception brevet\u00e9e<\/strong>La base \u00e0 fibres optiques \u00e0 angles multiples peut supporter un seul instrument hyperspectral pour mesurer<strong>8<\/strong>Informations spectrales sous plusieurs angles, ou mesure de la r\u00e9flectance spectrale de plusieurs \u00e9chantillons \u00e0 diff\u00e9rents endroits pour calculer plusieurs param\u00e8tres de v\u00e9g\u00e9tation.<\/p>\n\n\n<div class=\"wp-block-image\">\n<figure class=\"aligncenter size-large\"><img loading=\"lazy\" decoding=\"async\" width=\"1024\" height=\"494\" src=\"http:\/\/www.xingshitu.com\/wp-content\/uploads\/2025\/06\/\u56fe\u724715-1-1024x494.png\" alt=\"\" class=\"wp-image-2374\" srcset=\"http:\/\/www.xingshitu.com\/wp-content\/uploads\/2025\/06\/\u56fe\u724715-1-1024x494.png 1024w, http:\/\/www.xingshitu.com\/wp-content\/uploads\/2025\/06\/\u56fe\u724715-1-300x145.png 300w, http:\/\/www.xingshitu.com\/wp-content\/uploads\/2025\/06\/\u56fe\u724715-1-150x72.png 150w, http:\/\/www.xingshitu.com\/wp-content\/uploads\/2025\/06\/\u56fe\u724715-1-768x370.png 768w, http:\/\/www.xingshitu.com\/wp-content\/uploads\/2025\/06\/\u56fe\u724715-1-18x9.png 18w, http:\/\/www.xingshitu.com\/wp-content\/uploads\/2025\/06\/\u56fe\u724715-1.png 1244w\" sizes=\"(max-width: 1024px) 100vw, 1024px\" \/><\/figure><\/div>\n\n\n<p class=\"has-text-align-center has-black-color has-text-color has-link-color wp-elements-55eec84a579af0b6739dffeb402f7e1d\" style=\"font-size:28px\"><p class=\"has-medium-font-size\" style=\"padding-left: 100px; padding-right: 100px;\"><\/p><p class=\"has-medium-font-size\" style=\"padding-left: 100px; padding-right: 100px;\"><\/p><\/p>\n\n\n\n<p class=\"has-text-align-center has-black-color has-text-color has-link-color wp-elements-420a6e2c5e1b8b6cfe003496eeb7afcd translation-block\" style=\"font-size:28px\">Param\u00e8tres techniques<\/p>\n\n\n\n<figure class=\"wp-block-table aligncenter is-style-stripes\" style=\"margin-right:var(--wp--preset--spacing--80);margin-left:var(--wp--preset--spacing--80)\"><table><tbody><tr><td><strong>Gamme spectrale effective<\/strong><\/td><td>350nm-1020nm (personnalis\u00e9 350~2500nm)<\/td><\/tr><tr><td><strong>r\u00e9solution spectrale<\/strong><strong><\/strong><\/td><td>1nm (personnalisable)<\/td><\/tr><tr><td><strong>Intervalle d'\u00e9chantillonnage spectral<\/strong><strong><\/strong><\/td><td>0,3 nm<\/td><\/tr><tr><td><strong>rapport signal\/bruit<\/strong><strong><\/strong><\/td><td>400:1<\/td><\/tr><tr><td><strong>gamme dynamique<\/strong><strong><\/strong><\/td><td>5000<\/td><\/tr><tr><td><strong>R\u00e9frig\u00e9ration et contr\u00f4le de la temp\u00e9rature<\/strong><strong><\/strong><\/td><td>Compartiment thermostat\u00e9 ind\u00e9pendant du spectrom\u00e8tre, double mode de refroidissement, utilisant un semi-conducteur TEC et un refroidissement contr\u00f4l\u00e9 par l'air<\/td><\/tr><tr><td><strong>\u00e9talonnage de la longueur d'onde<\/strong><strong><\/strong><\/td><td>Lampe Hg avec \u00e9talonnage en 9 points pour une pr\u00e9cision maximale de la longueur d'onde<\/td><\/tr><tr><td><strong>Port\u00e9e de la lumi\u00e8re parasite<\/strong><strong><\/strong><\/td><td>0,06% \u00e0 710 nm ; 0,3% \u00e0 435 nm<\/td><\/tr><tr><td><strong>r\u00e9cepteur de cosinus<\/strong><strong><\/strong><\/td><td>Calibrage automatique avec le mat\u00e9riau Spectralon, r\u00e9sistant aux UV<\/td><\/tr><tr><td><strong>Temps des points<\/strong><strong><\/strong><\/td><td>Optimisation automatique du temps d'int\u00e9gration, temps d'int\u00e9gration personnalisable, plage th\u00e9orique 0,2ms~65s<\/td><\/tr><tr><td><strong>Nombre de canaux d'entr\u00e9e<\/strong><strong><\/strong><\/td><td>2 fibres optiques (1 incidente et 1 r\u00e9fl\u00e9chie) en standard, jusqu'\u00e0<strong>g\u00e9rer (c'est-\u00e0-dire administrer)<\/strong><strong>12<\/strong><strong>fibre optique<\/strong>(1 incident et 11 r\u00e9fl\u00e9chis)<\/td><\/tr><tr><td><strong>champ de vision optique<\/strong><strong><\/strong><\/td><td>Incidence 180\u00b0, R\u00e9flexion 25<\/td><\/tr><tr><td><strong>contr\u00f4le du syst\u00e8me<\/strong><strong><\/strong><\/td><td>La modification des param\u00e8tres de l'appareil (par exemple, la dur\u00e9e et la fr\u00e9quence des mesures) peut \u00eatre visualis\u00e9e et modifi\u00e9e \u00e0 partir d'un navigateur, d'un ordinateur ou d'un t\u00e9l\u00e9phone portable.<\/td><\/tr><tr><td><strong>mesure spectrale<\/strong><strong><\/strong><\/td><td>La mesure automatique peut \u00eatre interrompue en mode de mesure manuelle en fonction du navigateur, de l'ordinateur ou du t\u00e9l\u00e9phone portable.<\/td><\/tr><tr><td><strong>Visualisation des donn\u00e9es spectrales<\/strong><strong><\/strong><\/td><td>Affichage en temps r\u00e9el des r\u00e9sultats des mesures sur PC et t\u00e9l\u00e9phones portables, avec possibilit\u00e9 de t\u00e9l\u00e9charger les donn\u00e9es.<\/td><\/tr><tr><td><strong>le rayonnement photosynth\u00e9tiquement actif<\/strong><strong><\/strong><\/td><td>Module de calcul du rayonnement photosynth\u00e9tiquement actif (PAR) int\u00e9gr\u00e9, sortie en temps r\u00e9el de la valeur de calcul du PAR<\/td><\/tr><tr><td><strong>Logiciel de mod\u00e9lisation de la t\u00e9l\u00e9d\u00e9tection<\/strong><strong><\/strong><\/td><td>Mod\u00e8le PROSAIL int\u00e9gr\u00e9 pour l'inversion en temps r\u00e9el de divers param\u00e8tres de la canop\u00e9e et des feuilles.<\/td><\/tr><tr><td><strong>Logiciel de gestion des donn\u00e9es<\/strong><strong><\/strong><\/td><td>Les donn\u00e9es brutes et les calculs du mod\u00e8le sont sauvegard\u00e9s localement et envoy\u00e9s vers le nuage en m\u00eame temps (routage de la connexion).<\/td><\/tr><tr><td><strong>transmission de donn\u00e9es<\/strong><strong><\/strong><\/td><td>Prise en charge de la transmission sans fil via le port r\u00e9seau connect\u00e9 au routeur ; prise en charge de la sortie locale via le port s\u00e9rie RS485.<\/td><\/tr><tr><td><strong>\u00eatre en mouvement<\/strong><strong>gaspillage d'\u00e9nergie<\/strong><strong><\/strong><\/td><td>La consommation d'\u00e9nergie \u00e0 l'\u00e9tat normal est de 24 W, la consommation d'\u00e9nergie en cr\u00eate est d'environ 60 W (les mod\u00e8les de longueur d'onde 350 ~ 2500 nm doivent augmenter la consommation d'\u00e9nergie de 5 W) ; l'appareil peut \u00eatre \u00e9quip\u00e9 d'un interrupteur de contr\u00f4le de l'heure de mise en veille.<\/td><\/tr><tr><td><strong>Fonction de red\u00e9marrage en cas de panne de courant<\/strong><\/td><td>Prise en charge de la coupure de courant forc\u00e9e et du red\u00e9marrage \u00e0 la mise sous tension afin d'\u00e9viter qu'une coupure de courant accidentelle n'entra\u00eene le non-d\u00e9marrage de l'appareil.<\/td><\/tr><\/tbody><\/table><\/figure>","protected":false},"excerpt":{"rendered":"<p>XST-SpectralNet&nbsp;\u591a\u89d2\u5ea6\u5168\u81ea\u52a8\u9ad8\u5149\u8c31\u4eea \u957f\u671f\u81ea\u52a8\u76d1\u6d4b\u5730\u7269\u5149\u8c31\u53cd\u5c04\u7387\uff1a\u9ad8\u7cbe\u5ea6\uff0c\u4f4e\u529f\u8017\uff0c\u5185 [&hellip;]<\/p>\n","protected":false},"author":1,"featured_media":0,"parent":0,"menu_order":0,"comment_status":"closed","ping_status":"closed","template":"","meta":{"saved_in_kubio":false,"footnotes":""},"class_list":["post-955","page","type-page","status-publish","hentry"],"kubio_ai_page_context":{"short_desc":"","purpose":"general"},"_links":{"self":[{"href":"http:\/\/www.xingshitu.com\/fr\/wp-json\/wp\/v2\/pages\/955","targetHints":{"allow":["GET"]}}],"collection":[{"href":"http:\/\/www.xingshitu.com\/fr\/wp-json\/wp\/v2\/pages"}],"about":[{"href":"http:\/\/www.xingshitu.com\/fr\/wp-json\/wp\/v2\/types\/page"}],"author":[{"embeddable":true,"href":"http:\/\/www.xingshitu.com\/fr\/wp-json\/wp\/v2\/users\/1"}],"replies":[{"embeddable":true,"href":"http:\/\/www.xingshitu.com\/fr\/wp-json\/wp\/v2\/comments?post=955"}],"version-history":[{"count":24,"href":"http:\/\/www.xingshitu.com\/fr\/wp-json\/wp\/v2\/pages\/955\/revisions"}],"predecessor-version":[{"id":2370,"href":"http:\/\/www.xingshitu.com\/fr\/wp-json\/wp\/v2\/pages\/955\/revisions\/2370"}],"wp:attachment":[{"href":"http:\/\/www.xingshitu.com\/fr\/wp-json\/wp\/v2\/media?parent=955"}],"curies":[{"name":"wp","href":"https:\/\/api.w.org\/{rel}","templated":true}]}}