{"id":953,"date":"2024-06-07T03:18:24","date_gmt":"2024-06-07T03:18:24","guid":{"rendered":"http:\/\/www.xingshitu.com\/?page_id=953"},"modified":"2025-06-05T07:08:20","modified_gmt":"2025-06-05T07:08:20","slug":"xst-sifnet-%e6%97%a5%e5%85%89%e8%af%b1%e5%af%bc%e5%8f%b6%e7%bb%bf%e7%b4%a0%e8%8d%a7%e5%85%89%e5%85%89%e8%b0%b1%e4%bb%aa","status":"publish","type":"page","link":"http:\/\/www.xingshitu.com\/fr\/xst-sifnet-%e6%97%a5%e5%85%89%e8%af%b1%e5%af%bc%e5%8f%b6%e7%bb%bf%e7%b4%a0%e8%8d%a7%e5%85%89%e5%85%89%e8%b0%b1%e4%bb%aa\/","title":{"rendered":"XST-SIFNet Spectrom\u00e8tre de fluorescence chlorophyllienne induite par la lumi\u00e8re du soleil"},"content":{"rendered":"<p class=\"has-text-align-center has-black-color has-text-color has-link-color has-large-font-size wp-elements-712d885830e359ba18188bd4872ac32a\"><strong>XST-SIFN<\/strong><strong>et<\/strong><strong>&nbsp;Fluorescence chlorophyllienne induite par la lumi\u00e8re du jour<\/strong><strong>spectrographe<\/strong><\/p>\n\n\n<div class=\"wp-block-image\">\n<figure class=\"alignright size-full is-resized\"><img loading=\"lazy\" decoding=\"async\" width=\"3000\" height=\"2000\" src=\"http:\/\/www.xingshitu.com\/wp-content\/uploads\/2024\/12\/3d1a65e536c9abde4acb4f01ac9247f1-1.png\" alt=\"\" class=\"wp-image-2169\" style=\"width:456px;height:auto\" srcset=\"http:\/\/www.xingshitu.com\/wp-content\/uploads\/2024\/12\/3d1a65e536c9abde4acb4f01ac9247f1-1.png 3000w, http:\/\/www.xingshitu.com\/wp-content\/uploads\/2024\/12\/3d1a65e536c9abde4acb4f01ac9247f1-1-300x200.png 300w, http:\/\/www.xingshitu.com\/wp-content\/uploads\/2024\/12\/3d1a65e536c9abde4acb4f01ac9247f1-1-1024x683.png 1024w, http:\/\/www.xingshitu.com\/wp-content\/uploads\/2024\/12\/3d1a65e536c9abde4acb4f01ac9247f1-1-150x100.png 150w, http:\/\/www.xingshitu.com\/wp-content\/uploads\/2024\/12\/3d1a65e536c9abde4acb4f01ac9247f1-1-768x512.png 768w, http:\/\/www.xingshitu.com\/wp-content\/uploads\/2024\/12\/3d1a65e536c9abde4acb4f01ac9247f1-1-1536x1024.png 1536w, http:\/\/www.xingshitu.com\/wp-content\/uploads\/2024\/12\/3d1a65e536c9abde4acb4f01ac9247f1-1-2048x1365.png 2048w, http:\/\/www.xingshitu.com\/wp-content\/uploads\/2024\/12\/3d1a65e536c9abde4acb4f01ac9247f1-1-1620x1080.png 1620w\" sizes=\"(max-width: 3000px) 100vw, 3000px\" \/><\/figure><\/div>\n\n\n<p class=\"has-medium-font-size\"><p class=\"has-medium-font-size\" style=\"padding-left: 100px; padding-right: 100px;\"><strong>Surveillance automatis\u00e9e \u00e0 long terme de la r\u00e9flectance spectrale des \u00e9l\u00e9ments :<\/strong>Haute pr\u00e9cision, faible consommation d'\u00e9nergie, module de contr\u00f4le de la temp\u00e9rature int\u00e9gr\u00e9, adaptation \u00e0 l'environnement de terrain<\/p><\/p>\n\n\n\n<p class=\"has-medium-font-size\"><p class=\"has-medium-font-size\" style=\"padding-left: 100px; padding-right: 100px;\"><strong>Les param\u00e8tres de fluorescence sont calcul\u00e9s automatiquement :<\/strong>Mod\u00e8les de calcul SIF int\u00e9gr\u00e9s, sortie en temps r\u00e9el des r\u00e9sultats du calcul de la fluorescence chlorophyllienne<\/p><\/p>\n\n\n\n<p class=\"has-medium-font-size\"><p class=\"has-medium-font-size\" style=\"padding-left: 100px; padding-right: 100px;\"><strong>Plateforme de visualisation de donn\u00e9es bas\u00e9e sur l'informatique en nuage :<\/strong>Visualisation des param\u00e8tres mesur\u00e9s en temps r\u00e9el et des param\u00e8tres calcul\u00e9s synchronis\u00e9s<\/p><\/p>\n\n\n\n<p class=\"has-medium-font-size\"><p class=\"has-medium-font-size\" style=\"padding-left: 100px; padding-right: 100px;\"><strong>Fonction de d\u00e9tection de cibles multiples :<\/strong>Module de commutation automatique du chemin optique int\u00e9gr\u00e9, permettant la d\u00e9tection de plusieurs cibles et de plusieurs angles avec une seule machine.<\/p><\/p>\n\n\n\n<p class=\"has-medium-font-size\"><p class=\"has-medium-font-size\" style=\"padding-left: 100px; padding-right: 100px;\"><strong>Interface bas\u00e9e sur un navigateur :<\/strong>Visualisation et modification des param\u00e8tres \u00e0 tout moment, prise en charge des mesures manuelles, visualisation et t\u00e9l\u00e9chargement des donn\u00e9es<\/p><\/p>\n\n\n\n<p class=\"has-medium-font-size\"><p class=\"has-medium-font-size\" style=\"padding-left: 100px; padding-right: 100px;\"><strong>Mise en service et maintenance ais\u00e9es sur le terrain :<\/strong>La configuration du logiciel et le d\u00e9bogage peuvent \u00eatre r\u00e9alis\u00e9s \u00e0 distance en r\u00e9seau.<\/p><\/p>\n\n\n\n<p class=\"has-medium-font-size\"><p class=\"has-medium-font-size\" style=\"padding-left: 100px; padding-right: 100px;\"><strong>Modules de correction de donn\u00e9es multiples :<\/strong>\u00c9talonnage de la sph\u00e8re d'int\u00e9gration de la chambre noire, correction radiom\u00e9trique, correction spectrale et correction du courant d'obscurit\u00e9<\/p><\/p>\n\n\n\n<p class=\"has-medium-font-size\"><p class=\"has-medium-font-size\" style=\"padding-left: 100px; padding-right: 100px;\"><strong>Gr\u00e2ce aux essais du centre d'essai de l'unit\u00e9 nationale de recherche scientifique, la machine de r\u00e9f\u00e9rence pour l'\u00e9talonnage r\u00e9gulier des donn\u00e9es du laboratoire national cl\u00e9.<\/strong><\/p><\/p>\n\n\n\n<p class=\"has-text-align-center has-black-color has-text-color has-link-color wp-elements-6c14aaa1034d2566e880e2521c2edce8\" style=\"font-size:28px\"><strong>Aper\u00e7u du produit<\/strong><strong><\/strong><\/p>\n\n\n\n<p style=\"font-size:20px\">Le spectrom\u00e8tre de fluorescence chlorophyllienne induite par la lumi\u00e8re du soleil XST-SIFNet, d\u00e9velopp\u00e9 ind\u00e9pendamment par Beijing StarView Technology Co., Ltd. int\u00e8gre un module de spectrom\u00e8tre \u00e0 haute r\u00e9solution, un syst\u00e8me de contr\u00f4le de commutation optique automatique et un module d'acquisition, de stockage et de calcul des donn\u00e9es, ce qui constitue une solution de surveillance de la croissance des plantes peu co\u00fbteuse, tr\u00e8s efficace et sans interf\u00e9rence, permettant de r\u00e9aliser l'acquisition automatique de donn\u00e9es hyperspectrales par tous les temps et la production automatique d'une vari\u00e9t\u00e9 de param\u00e8tres de croissance v\u00e9g\u00e9tative.<\/p>\n\n\n<div class=\"wp-block-image\">\n<figure class=\"aligncenter size-large\"><img loading=\"lazy\" decoding=\"async\" width=\"1024\" height=\"414\" src=\"http:\/\/www.xingshitu.com\/wp-content\/uploads\/2025\/06\/\u56fe\u72479-1024x414.png\" alt=\"\" class=\"wp-image-2361\" srcset=\"http:\/\/www.xingshitu.com\/wp-content\/uploads\/2025\/06\/\u56fe\u72479-1024x414.png 1024w, http:\/\/www.xingshitu.com\/wp-content\/uploads\/2025\/06\/\u56fe\u72479-300x121.png 300w, http:\/\/www.xingshitu.com\/wp-content\/uploads\/2025\/06\/\u56fe\u72479-150x61.png 150w, http:\/\/www.xingshitu.com\/wp-content\/uploads\/2025\/06\/\u56fe\u72479-768x310.png 768w, http:\/\/www.xingshitu.com\/wp-content\/uploads\/2025\/06\/\u56fe\u72479-18x7.png 18w, http:\/\/www.xingshitu.com\/wp-content\/uploads\/2025\/06\/\u56fe\u72479.png 1176w\" sizes=\"(max-width: 1024px) 100vw, 1024px\" \/><\/figure><\/div>\n\n\n<p class=\"has-text-align-center has-black-color has-text-color has-link-color wp-elements-1825eae983ccc1b93284511c785ab92e\" style=\"font-size:28px\"><strong>Caract\u00e9ristiques du produit<\/strong><\/p>\n\n\n\n<p style=\"font-size:20px\"><strong>Mesure directe des param\u00e8tres<\/strong><\/p>\n\n\n\n<p style=\"font-size:20px\">Donn\u00e9es spectrales brutes, r\u00e9flectance spectrale, fluorescence de la chlorophylle induite par la lumi\u00e8re solaire (SIF), indice de v\u00e9g\u00e9tation normalis\u00e9 (NDVI), indice de lisi\u00e8re rouge (REI), etc.<\/p>\n\n\n\n<p style=\"font-size:20px\"><strong>Simulation en temps r\u00e9el des param\u00e8tres calcul\u00e9s<\/strong><\/p>\n\n\n\n<p style=\"font-size:20px\">Fluorescence totale d'excitation (SIFT), rendement de la fluorescence chlorophyllienne (SIFY), taux de photosynth\u00e8se (PSR), taux d'absorption du rayonnement photosynth\u00e9tiquement actif (FPAR), productivit\u00e9 primaire totale (GPP) et divers indices de v\u00e9g\u00e9tation.<\/p>\n\n\n\n<p style=\"font-size:20px\"><strong>Aide \u00e0 la personnalisation<\/strong><\/p>\n\n\n\n<p style=\"font-size:20px\">Les mod\u00e8les de param\u00e8tres personnalis\u00e9s sont fournis par l'utilisateur et nous automatisons le calcul en int\u00e9grant le module.<\/p>\n\n\n<div class=\"wp-block-image\">\n<figure class=\"aligncenter size-large\"><img loading=\"lazy\" decoding=\"async\" width=\"1024\" height=\"442\" src=\"http:\/\/www.xingshitu.com\/wp-content\/uploads\/2025\/06\/\u56fe\u724710-1024x442.png\" alt=\"\" class=\"wp-image-2362\" srcset=\"http:\/\/www.xingshitu.com\/wp-content\/uploads\/2025\/06\/\u56fe\u724710-1024x442.png 1024w, http:\/\/www.xingshitu.com\/wp-content\/uploads\/2025\/06\/\u56fe\u724710-300x129.png 300w, http:\/\/www.xingshitu.com\/wp-content\/uploads\/2025\/06\/\u56fe\u724710-150x65.png 150w, http:\/\/www.xingshitu.com\/wp-content\/uploads\/2025\/06\/\u56fe\u724710-768x331.png 768w, http:\/\/www.xingshitu.com\/wp-content\/uploads\/2025\/06\/\u56fe\u724710-18x8.png 18w, http:\/\/www.xingshitu.com\/wp-content\/uploads\/2025\/06\/\u56fe\u724710.png 1249w\" sizes=\"(max-width: 1024px) 100vw, 1024px\" \/><\/figure><\/div>\n\n\n<p class=\"has-text-align-center has-black-color has-text-color has-link-color wp-elements-2718454b7a3d57ffc9a33a71a11da564\" style=\"font-size:28px\"><strong>Cas d'application<\/strong><\/p>\n\n\n\n<p class=\"has-text-align-left\" style=\"font-size:20px\"><strong>Observations du spectrom\u00e8tre de fluorescence de la chlorophylle induite par la lumi\u00e8re solaire XST-SIFNet \u00e0 la station exp\u00e9rimentale agrom\u00e9t\u00e9orologique de Hebi du Bureau m\u00e9t\u00e9orologique, \u00e9t\u00e9 2023<br>Les donn\u00e9es SIF et NDVI ont \u00e9t\u00e9 analys\u00e9es comme suit :<\/strong><\/p>\n\n\n\n<p class=\"has-text-align-left\" style=\"font-size:20px\">Les valeurs NDVI sont en phase de d\u00e9clin depuis la date d'ach\u00e8vement de l'installation, ce qui indique que la v\u00e9g\u00e9tation se trouve \u00e0 un stade avanc\u00e9 de la croissance du bl\u00e9 dans ce processus, et que la p\u00e9riode de d\u00e9veloppement appartient \u00e0 la p\u00e9riode de d\u00e9clin, au cours de laquelle les feuilles vertes du couvert se r\u00e9duisent progressivement jusqu'\u00e0 ce que, au d\u00e9but du mois de juin (le 10 juin correspond \u00e0 la date DOY = 161 jours environ), la r\u00e9colte du bl\u00e9 soit termin\u00e9e et qu'il ne reste plus qu'un couvert de bl\u00e9 fl\u00e9tri sur la sous-couche, qui s'est transform\u00e9 en un r\u00e9sidu de paille pratiquement d\u00e9pourvu de chlorophylle.<\/p>\n\n\n\n<p class=\"has-text-align-left\" style=\"font-size:20px\">La tendance de la valeur SIF refl\u00e8te fondamentalement le changement du processus de d\u00e9clin de la v\u00e9g\u00e9tation, tandis que la valeur SIF a une l\u00e9g\u00e8re augmentation apr\u00e8s DOY=170 jours en raison de l'\u00e9mergence du ma\u00efs, qui peut \u00e9galement \u00eatre li\u00e9e \u00e0 la croissance des mauvaises herbes vertes entre les rang\u00e9es de r\u00e9sidus de paille dans le champ, tandis que le SIF a fait des bonds \u00e0 certaines dates dans le cadre de la tendance g\u00e9n\u00e9rale \u00e0 la baisse, en raison du fait que la valeur PAR \u00e0 ces dates a une \u00e9l\u00e9vation significative. significative. Ce r\u00e9sultat montre \u00e9galement que l'interpr\u00e9tation du SIF doit tenir compte de l'effet combin\u00e9 de PAR et de NDVI.<\/p>\n\n\n<div class=\"wp-block-image\">\n<figure class=\"aligncenter size-large\"><img loading=\"lazy\" decoding=\"async\" width=\"1024\" height=\"446\" src=\"http:\/\/www.xingshitu.com\/wp-content\/uploads\/2025\/06\/image-23-1024x446.png\" alt=\"\" class=\"wp-image-2363\" srcset=\"http:\/\/www.xingshitu.com\/wp-content\/uploads\/2025\/06\/image-23-1024x446.png 1024w, http:\/\/www.xingshitu.com\/wp-content\/uploads\/2025\/06\/image-23-300x131.png 300w, http:\/\/www.xingshitu.com\/wp-content\/uploads\/2025\/06\/image-23-150x65.png 150w, http:\/\/www.xingshitu.com\/wp-content\/uploads\/2025\/06\/image-23-768x334.png 768w, http:\/\/www.xingshitu.com\/wp-content\/uploads\/2025\/06\/image-23-18x8.png 18w, http:\/\/www.xingshitu.com\/wp-content\/uploads\/2025\/06\/image-23.png 1271w\" sizes=\"(max-width: 1024px) 100vw, 1024px\" \/><\/figure><\/div>\n\n\n<figure class=\"wp-block-image size-large\"><img loading=\"lazy\" decoding=\"async\" width=\"1024\" height=\"476\" src=\"http:\/\/www.xingshitu.com\/wp-content\/uploads\/2025\/06\/\u56fe\u724711-1024x476.png\" alt=\"\" class=\"wp-image-2364\" srcset=\"http:\/\/www.xingshitu.com\/wp-content\/uploads\/2025\/06\/\u56fe\u724711-1024x476.png 1024w, http:\/\/www.xingshitu.com\/wp-content\/uploads\/2025\/06\/\u56fe\u724711-300x140.png 300w, http:\/\/www.xingshitu.com\/wp-content\/uploads\/2025\/06\/\u56fe\u724711-150x70.png 150w, http:\/\/www.xingshitu.com\/wp-content\/uploads\/2025\/06\/\u56fe\u724711-768x357.png 768w, http:\/\/www.xingshitu.com\/wp-content\/uploads\/2025\/06\/\u56fe\u724711-18x8.png 18w, http:\/\/www.xingshitu.com\/wp-content\/uploads\/2025\/06\/\u56fe\u724711.png 1174w\" sizes=\"(max-width: 1024px) 100vw, 1024px\" \/><\/figure>\n\n\n\n<p class=\"has-text-align-center has-black-color has-text-color has-link-color wp-elements-420a6e2c5e1b8b6cfe003496eeb7afcd translation-block\" style=\"font-size:28px\">Param\u00e8tres techniques<\/p>\n\n\n\n<figure class=\"wp-block-table is-style-stripes\" style=\"margin-right:var(--wp--preset--spacing--80);margin-left:var(--wp--preset--spacing--80)\"><table><tbody><tr><td><strong>Gamme spectrale effective<\/strong><strong><\/strong><\/td><td>600nm-820nm (650nm-800nm)<\/td><\/tr><tr><td><strong>r\u00e9solution spectrale<\/strong><strong><\/strong><\/td><td>0,3 nm<\/td><\/tr><tr><td><strong>rapport signal\/bruit<\/strong><strong><\/strong><\/td><td>1000:1<\/td><\/tr><tr><td><strong>Intervalle d'\u00e9chantillonnage spectral<\/strong><strong><\/strong><\/td><td>0,1nm<\/td><\/tr><tr><td><strong>gamme dynamique<\/strong><strong><\/strong><\/td><td>5000<\/td><\/tr><tr><td><strong>R\u00e9frig\u00e9ration et contr\u00f4le de la temp\u00e9rature<\/strong><strong><\/strong><\/td><td>Compartiment thermostat\u00e9 ind\u00e9pendant du spectrom\u00e8tre, double mode de refroidissement, utilisant un semi-conducteur TEC et un refroidissement contr\u00f4l\u00e9 par l'air<\/td><\/tr><tr><td><strong>\u00e9talonnage de la longueur d'onde<\/strong><strong><\/strong><\/td><td>Lampe Hg avec \u00e9talonnage en 9 points pour une pr\u00e9cision maximale de la longueur d'onde<\/td><\/tr><tr><td><strong>Port\u00e9e de la lumi\u00e8re parasite<\/strong><strong><\/strong><\/td><td>0,06% \u00e0 710 nm<\/td><\/tr><tr><td><strong>r\u00e9cepteur de cosinus<\/strong><strong><\/strong><\/td><td>Calibrage automatique avec le mat\u00e9riau Spectralon, r\u00e9sistant aux UV<\/td><\/tr><tr><td><strong>Temps des points<\/strong><strong><\/strong><\/td><td>Optimisation automatique du temps d'int\u00e9gration, temps d'int\u00e9gration personnalisable, plage th\u00e9orique 0,2ms~65s<\/td><\/tr><tr><td><strong>Nombre de canaux d'entr\u00e9e<\/strong><strong><\/strong><\/td><td>2 fibres (1 incidente et 1 r\u00e9fl\u00e9chie) en standard, supporte jusqu'\u00e0 12 fibres (1 incidente et 11 r\u00e9fl\u00e9chies)<\/td><\/tr><tr><td><strong>champ de vision optique<\/strong><strong><\/strong><\/td><td>Incidence 180\u00b0, R\u00e9flexion 25<\/td><\/tr><tr><td><strong>contr\u00f4le du syst\u00e8me<\/strong><strong><\/strong><\/td><td>La modification des param\u00e8tres de l'appareil (par exemple, la dur\u00e9e et la fr\u00e9quence des mesures) peut \u00eatre visualis\u00e9e et modifi\u00e9e \u00e0 partir d'un navigateur, d'un ordinateur ou d'un t\u00e9l\u00e9phone portable.<\/td><\/tr><tr><td><strong>mesure spectrale<\/strong><strong><\/strong><\/td><td>La mesure automatique peut \u00eatre interrompue en mode de mesure manuelle en fonction du navigateur, de l'ordinateur ou du t\u00e9l\u00e9phone portable.<\/td><\/tr><tr><td><strong>Visualisation des donn\u00e9es spectrales<\/strong><strong><\/strong><\/td><td>Affichage en temps r\u00e9el des r\u00e9sultats des mesures sur les ordinateurs et les t\u00e9l\u00e9phones portables, par le biais d'un navigateur, et t\u00e9l\u00e9chargement des donn\u00e9es.<\/td><\/tr><tr><td><strong>Logiciel de gestion des donn\u00e9es<\/strong><strong><\/strong><\/td><td>Les donn\u00e9es brutes et les calculs du mod\u00e8le sont sauvegard\u00e9s localement et envoy\u00e9s vers le nuage en m\u00eame temps (routage de la connexion).<\/td><\/tr><tr><td><strong>transmission de donn\u00e9es<\/strong><strong><\/strong><\/td><td>Prise en charge de la transmission sans fil via le port r\u00e9seau connect\u00e9 au routeur ; prise en charge de la sortie locale via le port s\u00e9rie RS485.<\/td><\/tr><tr><td><strong>Consommation d'\u00e9nergie en fonctionnement<\/strong><strong><\/strong><\/td><td>La consommation d'\u00e9nergie \u00e0 l'\u00e9tat normal est de 24 W, la consommation d'\u00e9nergie en p\u00e9riode de pointe est d'environ 60 W ; l'appareil peut \u00eatre \u00e9quip\u00e9 d'un interrupteur de contr\u00f4le de l'heure pour la mise en veille nocturne.<\/td><\/tr><tr><td><strong>Fonction de red\u00e9marrage en cas de panne de courant<\/strong><strong><\/strong><\/td><td>Prise en charge de la coupure de courant forc\u00e9e et du red\u00e9marrage \u00e0 la mise sous tension afin d'\u00e9viter qu'une coupure de courant accidentelle n'entra\u00eene le non-d\u00e9marrage de l'appareil.<\/td><\/tr><tr><td><strong>mode de fonctionnement<\/strong><strong><\/strong><\/td><td>Observation enti\u00e8rement automatique par tous les temps avec retour automatique des donn\u00e9es \u00e0 distance<\/td><\/tr><\/tbody><\/table><\/figure>","protected":false},"excerpt":{"rendered":"<p>XST-SIFNet&nbsp;\u65e5\u5149\u8bf1\u5bfc\u53f6\u7eff\u7d20\u8367\u5149\u5149\u8c31\u4eea \u957f\u671f\u81ea\u52a8\u76d1\u6d4b\u5730\u7269\u5149\u8c31\u53cd\u5c04\u7387\uff1a\u9ad8\u7cbe\u5ea6\uff0c\u4f4e\u529f\u8017\uff0c\u5185\u7f6e\u6e29\u63a7 [&hellip;]<\/p>\n","protected":false},"author":1,"featured_media":0,"parent":0,"menu_order":0,"comment_status":"closed","ping_status":"closed","template":"","meta":{"saved_in_kubio":true,"footnotes":""},"class_list":["post-953","page","type-page","status-publish","hentry"],"kubio_ai_page_context":{"short_desc":"","purpose":"general"},"_links":{"self":[{"href":"http:\/\/www.xingshitu.com\/fr\/wp-json\/wp\/v2\/pages\/953","targetHints":{"allow":["GET"]}}],"collection":[{"href":"http:\/\/www.xingshitu.com\/fr\/wp-json\/wp\/v2\/pages"}],"about":[{"href":"http:\/\/www.xingshitu.com\/fr\/wp-json\/wp\/v2\/types\/page"}],"author":[{"embeddable":true,"href":"http:\/\/www.xingshitu.com\/fr\/wp-json\/wp\/v2\/users\/1"}],"replies":[{"embeddable":true,"href":"http:\/\/www.xingshitu.com\/fr\/wp-json\/wp\/v2\/comments?post=953"}],"version-history":[{"count":23,"href":"http:\/\/www.xingshitu.com\/fr\/wp-json\/wp\/v2\/pages\/953\/revisions"}],"predecessor-version":[{"id":2365,"href":"http:\/\/www.xingshitu.com\/fr\/wp-json\/wp\/v2\/pages\/953\/revisions\/2365"}],"wp:attachment":[{"href":"http:\/\/www.xingshitu.com\/fr\/wp-json\/wp\/v2\/media?parent=953"}],"curies":[{"name":"wp","href":"https:\/\/api.w.org\/{rel}","templated":true}]}}