{"id":949,"date":"2024-06-07T03:18:05","date_gmt":"2024-06-07T03:18:05","guid":{"rendered":"http:\/\/www.xingshitu.com\/?page_id=949"},"modified":"2025-06-03T09:09:35","modified_gmt":"2025-06-03T09:09:35","slug":"xst-lidarnet-%e5%8e%9f%e4%bd%8d%e7%94%9f%e6%80%81%e6%bf%80%e5%85%89%e9%9b%b7%e8%be%be","status":"publish","type":"page","link":"http:\/\/www.xingshitu.com\/fr\/xst-lidarnet-%e5%8e%9f%e4%bd%8d%e7%94%9f%e6%80%81%e6%bf%80%e5%85%89%e9%9b%b7%e8%be%be\/","title":{"rendered":"XST-LiDARNet LiDAR \u00e9cologique in situ"},"content":{"rendered":"<p class=\"has-text-align-center has-black-color has-text-color has-link-color has-large-font-size wp-elements-227a9aa4875846703cafc1b3b6abfcbe\"><strong>XST-LiDARNet<\/strong><strong>&nbsp;<\/strong><strong>Eco-lidar in situ<\/strong><strong><\/strong><\/p>\n\n\n\n<p class=\"has-text-align-center has-black-color has-text-color has-link-color wp-elements-6b0a26953c9328e40ad6e6b7d971a219\" style=\"font-size:28px\"><strong>Produits<\/strong><\/p>\n\n\n<div class=\"wp-block-image\">\n<figure class=\"alignright size-full is-resized\"><img loading=\"lazy\" decoding=\"async\" width=\"1920\" height=\"2560\" src=\"http:\/\/www.xingshitu.com\/wp-content\/uploads\/2025\/06\/\u6fc0\u5149\u96f7\u8fbe1-edited-scaled.jpg\" alt=\"\" class=\"wp-image-2318\" style=\"width:307px;height:auto\" srcset=\"http:\/\/www.xingshitu.com\/wp-content\/uploads\/2025\/06\/\u6fc0\u5149\u96f7\u8fbe1-edited-scaled.jpg 1920w, http:\/\/www.xingshitu.com\/wp-content\/uploads\/2025\/06\/\u6fc0\u5149\u96f7\u8fbe1-edited-225x300.jpg 225w, http:\/\/www.xingshitu.com\/wp-content\/uploads\/2025\/06\/\u6fc0\u5149\u96f7\u8fbe1-edited-768x1024.jpg 768w, http:\/\/www.xingshitu.com\/wp-content\/uploads\/2025\/06\/\u6fc0\u5149\u96f7\u8fbe1-edited-113x150.jpg 113w, http:\/\/www.xingshitu.com\/wp-content\/uploads\/2025\/06\/\u6fc0\u5149\u96f7\u8fbe1-edited-1152x1536.jpg 1152w, http:\/\/www.xingshitu.com\/wp-content\/uploads\/2025\/06\/\u6fc0\u5149\u96f7\u8fbe1-edited-1536x2048.jpg 1536w, http:\/\/www.xingshitu.com\/wp-content\/uploads\/2025\/06\/\u6fc0\u5149\u96f7\u8fbe1-edited-9x12.jpg 9w, http:\/\/www.xingshitu.com\/wp-content\/uploads\/2025\/06\/\u6fc0\u5149\u96f7\u8fbe1-edited-810x1080.jpg 810w\" sizes=\"(max-width: 1920px) 100vw, 1920px\" \/><\/figure><\/div>\n\n\n<p>Le syst\u00e8me LiDAR \u00e9cologique in situ XST-LiDARNet, d\u00e9velopp\u00e9 ind\u00e9pendamment par Beijing StarView Technology Co., Ltd. peut scanner en continu la zone cible dans l'environnement \u00e9cologique du terrain, refl\u00e9ter plus pr\u00e9cis\u00e9ment la dynamique de la v\u00e9g\u00e9tation, maintenir la continuit\u00e9 de l'observation, avec une r\u00e9solution temporelle allant jusqu'\u00e0 l'heure, et les donn\u00e9es peuvent \u00eatre observ\u00e9es in situ sans tenir compte de l'alignement de la position g\u00e9om\u00e9trique du nuage de points, en utilisant efficacement les informations temporelles, et en capturant avec pr\u00e9cision les changements de la croissance de la v\u00e9g\u00e9tation.<\/p>\n\n\n\n<p style=\"font-size:28px\"><strong>syst\u00e8me logiciel<\/strong><\/p>\n\n\n\n<p><strong>Donn\u00e9es brutes :<\/strong>Les donn\u00e9es structur\u00e9es binaires sont des cartes de nuages de points 3D constitu\u00e9es d'une s\u00e9rie d'informations de coordonn\u00e9es XYZ ;<\/p>\n\n\n\n<p><strong>Traitement des donn\u00e9es des nuages de points :<\/strong>Des processus tels que la transformation des coordonn\u00e9es 3D, la suppression des points de bruit, la synth\u00e8se des donn\u00e9es des nuages de points intrajournaliers, le filtrage des nuages de points au sol, le filtrage de la vitesse du vent, etc., combin\u00e9s \u00e0 un filtrage par jugement humain (par exemple, la tour, la base du support, etc. peuvent \u00eatre coup\u00e9es manuellement en une fois pendant l'installation) ;<\/p>\n\n\n\n<p><strong>Optimisation des algorithmes d'extraction des param\u00e8tres structurels :<\/strong>Mod\u00e8le optimal d'extraction de la hauteur de la canop\u00e9e \u00e0 partir de donn\u00e9es matricielles ; estimation des changements quotidiens du volume de la v\u00e9g\u00e9tation sur la base de la diff\u00e9renciation volum\u00e9trique de la surface pour obtenir les caract\u00e9ristiques des changements temporels de la v\u00e9g\u00e9tation.<\/p>\n\n\n<div class=\"wp-block-image\">\n<figure class=\"aligncenter size-full is-resized\"><img loading=\"lazy\" decoding=\"async\" width=\"1009\" height=\"309\" src=\"http:\/\/www.xingshitu.com\/wp-content\/uploads\/2024\/11\/image-26.png\" alt=\"\" class=\"wp-image-1298\" style=\"width:886px;height:auto\" srcset=\"http:\/\/www.xingshitu.com\/wp-content\/uploads\/2024\/11\/image-26.png 1009w, http:\/\/www.xingshitu.com\/wp-content\/uploads\/2024\/11\/image-26-300x92.png 300w, http:\/\/www.xingshitu.com\/wp-content\/uploads\/2024\/11\/image-26-150x46.png 150w, http:\/\/www.xingshitu.com\/wp-content\/uploads\/2024\/11\/image-26-768x235.png 768w\" sizes=\"(max-width: 1009px) 100vw, 1009px\" \/><\/figure><\/div>\n\n\n<p class=\"has-text-align-center has-black-color has-text-color has-link-color wp-elements-2718454b7a3d57ffc9a33a71a11da564\" style=\"font-size:28px\"><strong>Cas d'application<\/strong><\/p>\n\n\n\n<p class=\"has-text-color has-link-color wp-elements-be3a2ef71d93cafde93439672ea10873\" style=\"color:#0b7a26\"><strong>La combinaison du LiDAR et d'une cam\u00e9ra m\u00e9t\u00e9orologique fournit une r\u00e9f\u00e9rence pour le calcul et la validation des donn\u00e9es du nuage de points tout en observant la croissance et les conditions m\u00e9t\u00e9orologiques.<\/strong><\/p>\n\n\n<div class=\"wp-block-image\">\n<figure class=\"aligncenter size-large\"><img loading=\"lazy\" decoding=\"async\" width=\"1024\" height=\"629\" src=\"http:\/\/www.xingshitu.com\/wp-content\/uploads\/2025\/06\/image-7-1024x629.png\" alt=\"\" class=\"wp-image-2320\" srcset=\"http:\/\/www.xingshitu.com\/wp-content\/uploads\/2025\/06\/image-7-1024x629.png 1024w, http:\/\/www.xingshitu.com\/wp-content\/uploads\/2025\/06\/image-7-300x184.png 300w, http:\/\/www.xingshitu.com\/wp-content\/uploads\/2025\/06\/image-7-150x92.png 150w, http:\/\/www.xingshitu.com\/wp-content\/uploads\/2025\/06\/image-7-768x472.png 768w, http:\/\/www.xingshitu.com\/wp-content\/uploads\/2025\/06\/image-7-18x12.png 18w, http:\/\/www.xingshitu.com\/wp-content\/uploads\/2025\/06\/image-7.png 1305w\" sizes=\"(max-width: 1024px) 100vw, 1024px\" \/><\/figure><\/div>\n\n\n<p class=\"has-text-color has-link-color wp-elements-d59f64bb7382340241b7535a9abdfdb8\" style=\"color:#0b7a26\"><strong>Traitement des donn\u00e9es<\/strong><\/p>\n\n\n\n<p>S\u00e9paration des cultures du sol par nuage de points - Calcul de la couverture v\u00e9g\u00e9tale (FVC) - Calcul du taux d'espacement - Calcul de l'indice de surface foliaire (LAI). Avec des donn\u00e9es acquises au cours d'une saison de croissance, l'indice de surface foliaire obtenu \u00e0 partir des calculs LiDAR \u00e9tait tr\u00e8s coh\u00e9rent avec le mod\u00e8le de s\u00e9rie temporelle des valeurs de v\u00e9rit\u00e9 au sol (moyenne glissante sur 7 jours).<\/p>\n\n\n\n<p><\/p>\n\n\n<div class=\"wp-block-image\">\n<figure class=\"aligncenter size-large\"><img loading=\"lazy\" decoding=\"async\" width=\"1024\" height=\"264\" src=\"http:\/\/www.xingshitu.com\/wp-content\/uploads\/2025\/06\/image-8-1024x264.png\" alt=\"\" class=\"wp-image-2321\" srcset=\"http:\/\/www.xingshitu.com\/wp-content\/uploads\/2025\/06\/image-8-1024x264.png 1024w, http:\/\/www.xingshitu.com\/wp-content\/uploads\/2025\/06\/image-8-300x77.png 300w, http:\/\/www.xingshitu.com\/wp-content\/uploads\/2025\/06\/image-8-150x39.png 150w, http:\/\/www.xingshitu.com\/wp-content\/uploads\/2025\/06\/image-8-768x198.png 768w, http:\/\/www.xingshitu.com\/wp-content\/uploads\/2025\/06\/image-8-18x5.png 18w, http:\/\/www.xingshitu.com\/wp-content\/uploads\/2025\/06\/image-8.png 1401w\" sizes=\"(max-width: 1024px) 100vw, 1024px\" \/><\/figure><\/div>\n\n\n<p><\/p>\n\n\n\n<p class=\"has-text-align-center has-black-color has-text-color has-link-color wp-elements-2077909cf33f44d1fef43d8a0ca80f15 translation-block\" style=\"font-size:28px\">Param\u00e8tres techniques<\/p>\n\n\n\n<figure class=\"wp-block-table aligncenter is-style-stripes\" style=\"margin-top:0;margin-right:10rem;margin-bottom:0;margin-left:10rem\"><table><tbody><tr><td><strong>longueur d'onde du laser<\/strong><strong><\/strong><\/td><td>905nm<\/td><\/tr><tr><td><strong>niveau de s\u00e9curit\u00e9 pour les yeux humains<\/strong><strong><\/strong><\/td><td>Classe 1 (IEC60825-1:2014)<\/td><\/tr><tr><td><strong>Plage de mesure<\/strong><strong>(<\/strong><strong>@1<\/strong><strong>00<\/strong><strong>klx<\/strong><strong>)<\/strong><strong><\/strong><\/td><td>150m @10% reflectance ; port\u00e9e minimale 1m, 3m ou plus recommand\u00e9<\/td><\/tr><tr><td><strong>Erreurs al\u00e9atoires dans la d\u00e9termination de la distance<\/strong><strong>(<\/strong><strong>1\u03c3<\/strong><strong>)<\/strong><strong><\/strong><\/td><td>&lt;2cm@20m (r\u00e9flectivit\u00e9 80%)<\/td><\/tr><tr><td><strong>Erreur du syst\u00e8me de t\u00e9l\u00e9m\u00e9trie<\/strong><strong><\/strong><\/td><td>&lt;\u00b13cm@20m<\/td><\/tr><tr><td><strong>champ de vision<\/strong><strong><\/strong><\/td><td>120\u00b0 horizontal, 25\u00b0 vertical<\/td><\/tr><tr><td><strong>erreur al\u00e9atoire angulaire<\/strong><strong><\/strong><\/td><td>&lt;0.1\u00b0<\/td><\/tr><tr><td><strong>Sortie du nuage de points<\/strong><strong><\/strong><\/td><td>452 000 points\/seconde<\/td><\/tr><tr><td><strong>Temp\u00e9rature de l'environnement de travail<\/strong><strong><\/strong><\/td><td>-40\u2103\uff5e85\u2103<\/td><\/tr><tr><td><strong>Niveau de protection radar<\/strong><strong><\/strong><\/td><td>IP66<\/td><\/tr><tr><td><strong>Consommation d'\u00e9nergie en fonctionnement<\/strong><strong><\/strong><\/td><td>Puissance nominale 12W ; D\u00e9marrage 26W ; Puissance maximale de chauffage \u00e0 basse temp\u00e9rature 40W ; Tension d'alimentation : 9~18V<\/td><\/tr><tr><td><strong>Logiciel de traitement des donn\u00e9es<\/strong><strong><\/strong><\/td><td>Processeur de donn\u00e9es en ligne int\u00e9gr\u00e9 au syst\u00e8me<\/td><\/tr><tr><td><strong>Param\u00e8tres mesurables<\/strong><strong><\/strong><\/td><td>Donn\u00e9es de nuages de points 3D, hauteur de la canop\u00e9e (hauteur moyenne et hauteur du quartile 80%), surface de la v\u00e9g\u00e9tation, couverture, indice de surface foliaire, diam\u00e8tre du tronc \u00e0 hauteur de poitrine (mont\u00e9 lat\u00e9ralement), angle d'inclinaison des feuilles.<\/td><\/tr><tr><td><strong>mode de fonctionnement<\/strong><strong><\/strong><\/td><td>Enti\u00e8rement automatique, tout temps<\/td><\/tr><tr><td><strong>transmission sans fil<\/strong><strong><\/strong><\/td><td>Module int\u00e9gr\u00e9, supportant la carte \u00e0 double flux, rempla\u00e7able \u00e0 chaud, communication r\u00e9seau 4G compl\u00e8te<\/td><\/tr><tr><td><strong>apporter son propre mat\u00e9riel<\/strong><strong>GPS<\/strong><strong><\/strong><\/td><td>Enregistrement des informations relatives \u00e0 l'\u00e9l\u00e9vation de la position et \u00e9talonnage de l'heure du syst\u00e8me<\/td><\/tr><\/tbody><\/table><\/figure>\n\n\n\n<p><\/p>","protected":false},"excerpt":{"rendered":"<p>XST-LiDARNet&nbsp;\u539f\u4f4d\u751f\u6001\u6fc0\u5149\u96f7\u8fbe \u4ea7\u54c1\u7b80\u4ecb \u5317\u4eac\u661f\u89c6\u56fe\u79d1\u6280\u6709\u9650\u516c\u53f8\u81ea\u4e3b\u7814\u53d1\u7684XST-LiD [&hellip;]<\/p>\n","protected":false},"author":1,"featured_media":0,"parent":0,"menu_order":0,"comment_status":"closed","ping_status":"closed","template":"","meta":{"saved_in_kubio":false,"footnotes":""},"class_list":["post-949","page","type-page","status-publish","hentry"],"kubio_ai_page_context":{"short_desc":"","purpose":"general"},"_links":{"self":[{"href":"http:\/\/www.xingshitu.com\/fr\/wp-json\/wp\/v2\/pages\/949","targetHints":{"allow":["GET"]}}],"collection":[{"href":"http:\/\/www.xingshitu.com\/fr\/wp-json\/wp\/v2\/pages"}],"about":[{"href":"http:\/\/www.xingshitu.com\/fr\/wp-json\/wp\/v2\/types\/page"}],"author":[{"embeddable":true,"href":"http:\/\/www.xingshitu.com\/fr\/wp-json\/wp\/v2\/users\/1"}],"replies":[{"embeddable":true,"href":"http:\/\/www.xingshitu.com\/fr\/wp-json\/wp\/v2\/comments?post=949"}],"version-history":[{"count":31,"href":"http:\/\/www.xingshitu.com\/fr\/wp-json\/wp\/v2\/pages\/949\/revisions"}],"predecessor-version":[{"id":2342,"href":"http:\/\/www.xingshitu.com\/fr\/wp-json\/wp\/v2\/pages\/949\/revisions\/2342"}],"wp:attachment":[{"href":"http:\/\/www.xingshitu.com\/fr\/wp-json\/wp\/v2\/media?parent=949"}],"curies":[{"name":"wp","href":"https:\/\/api.w.org\/{rel}","templated":true}]}}