{"id":947,"date":"2024-06-07T03:17:57","date_gmt":"2024-06-07T03:17:57","guid":{"rendered":"http:\/\/www.xingshitu.com\/?page_id=947"},"modified":"2025-06-03T08:18:10","modified_gmt":"2025-06-03T08:18:10","slug":"xst-lainet-%e5%85%a8%e8%87%aa%e5%8a%a8%e5%8f%b6%e9%9d%a2%e7%a7%af%e6%8c%87%e6%95%b0%e4%bb%aa","status":"publish","type":"page","link":"http:\/\/www.xingshitu.com\/fr\/xst-lainet-%e5%85%a8%e8%87%aa%e5%8a%a8%e5%8f%b6%e9%9d%a2%e7%a7%af%e6%8c%87%e6%95%b0%e4%bb%aa\/","title":{"rendered":"XST-LAINet Testeur d'indice de surface foliaire enti\u00e8rement automatique"},"content":{"rendered":"<p class=\"has-text-align-center has-black-color has-text-color has-link-color has-large-font-size wp-elements-a5cef64a6172a303f26522d71c601574\"><strong>XST-LAINet Testeur d'indice de surface foliaire enti\u00e8rement automatique<\/strong><\/p>\n\n\n<div class=\"wp-block-image\">\n<figure class=\"aligncenter size-large is-resized\"><img loading=\"lazy\" decoding=\"async\" width=\"837\" height=\"1024\" src=\"http:\/\/www.xingshitu.com\/wp-content\/uploads\/2025\/06\/\u5206\u5e03\u5f0f\u690d\u88ab\u6307\u6570\u4eea-837x1024.png\" alt=\"\" class=\"wp-image-2311\" style=\"width:320px;height:auto\" srcset=\"http:\/\/www.xingshitu.com\/wp-content\/uploads\/2025\/06\/\u5206\u5e03\u5f0f\u690d\u88ab\u6307\u6570\u4eea-837x1024.png 837w, http:\/\/www.xingshitu.com\/wp-content\/uploads\/2025\/06\/\u5206\u5e03\u5f0f\u690d\u88ab\u6307\u6570\u4eea-245x300.png 245w, http:\/\/www.xingshitu.com\/wp-content\/uploads\/2025\/06\/\u5206\u5e03\u5f0f\u690d\u88ab\u6307\u6570\u4eea-123x150.png 123w, http:\/\/www.xingshitu.com\/wp-content\/uploads\/2025\/06\/\u5206\u5e03\u5f0f\u690d\u88ab\u6307\u6570\u4eea-768x940.png 768w, http:\/\/www.xingshitu.com\/wp-content\/uploads\/2025\/06\/\u5206\u5e03\u5f0f\u690d\u88ab\u6307\u6570\u4eea-10x12.png 10w, http:\/\/www.xingshitu.com\/wp-content\/uploads\/2025\/06\/\u5206\u5e03\u5f0f\u690d\u88ab\u6307\u6570\u4eea-883x1080.png 883w, http:\/\/www.xingshitu.com\/wp-content\/uploads\/2025\/06\/\u5206\u5e03\u5f0f\u690d\u88ab\u6307\u6570\u4eea.png 1249w\" sizes=\"(max-width: 837px) 100vw, 837px\" \/><\/figure><\/div>\n\n\n<p class=\"has-text-align-center\"><\/p>\n\n\n\n<p class=\"has-text-align-center has-black-color has-text-color has-link-color wp-elements-b5f5dd42ef186b971938dbe11ffdb755\" style=\"font-size:28px\"><strong>offres<\/strong><strong>esquiss\u00e9e<\/strong><strong><\/strong><\/p>\n\n\n\n<p style=\"font-size:20px\">L'indice de surface foliaire (ISF) est un param\u00e8tre important des caract\u00e9ristiques structurelles du couvert v\u00e9g\u00e9tal et est couramment utilis\u00e9 dans les mod\u00e8les de t\u00e9l\u00e9d\u00e9tection, les mod\u00e8les de croissance des cultures, les mod\u00e8les de pr\u00e9vision des rendements et les mod\u00e8les de processus de la surface terrestre. Le compteur d'indice de surface foliaire de type r\u00e9seau sans fil (LAINet) a \u00e9t\u00e9 utilis\u00e9 dans les pays de l'Union europ\u00e9enne pour mesurer l'indice de surface foliaire.<strong>inaugural<\/strong>La mesure enti\u00e8rement automatis\u00e9e de l'indice de surface foliaire a \u00e9t\u00e9 r\u00e9alis\u00e9e, permettant l'acquisition continue et automatique de longues s\u00e9ries temporelles de l'indice de surface foliaire du couvert v\u00e9g\u00e9tal (LAI), sans surveillance.<\/p>\n\n\n\n<p style=\"font-size:20px\">L'observation simultan\u00e9e multisite distribu\u00e9e est adopt\u00e9e, avec de multiples capteurs d'imagerie de l'indice de surface foliaire verticalement vers le haut (type ascendant) ou verticalement vers le bas (type descendant) acqu\u00e9rant des images haute d\u00e9finition grand angle du couvert v\u00e9g\u00e9tal, puis obtenant automatiquement l'indice de surface foliaire en temps r\u00e9el du couvert v\u00e9g\u00e9tal par le biais du collecteur de donn\u00e9es et du programme d'analyse des donn\u00e9es en arri\u00e8re-plan.<\/p>\n\n\n\n<p style=\"font-size:20px\"><strong>orient\u00e9 vers le haut<\/strong>\u00a0\u00a0Il convient principalement \u00e0 l'observation de types de v\u00e9g\u00e9tation relativement hauts : v\u00e9g\u00e9tation foresti\u00e8re telle que les arbres et les arbustes, et v\u00e9g\u00e9tation agricole plus haute telle que le ma\u00efs et la canne \u00e0 sucre. Le mod\u00e8le orient\u00e9 vers le haut utilise une cam\u00e9ra grand angle (120\u00b0) pour obtenir la porosit\u00e9 du couvert v\u00e9g\u00e9tal afin de calculer l'indice de surface foliaire.<\/p>\n\n\n\n<p style=\"font-size:20px\"><strong>orient\u00e9 vers le bas<\/strong>\u00a0\u00a0Il convient principalement \u00e0 la surveillance de populations v\u00e9g\u00e9tales peu nombreuses, telles que les prairies ou les premiers stades de croissance des cultures.\u00a0<\/p>\n\n\n\n<p class=\"has-text-align-center has-black-color has-text-color has-link-color wp-elements-bbc60d77a6f44ce40b47b98d738d32e9\" style=\"font-size:28px\"><strong>Cas d'application<\/strong><strong><\/strong><\/p>\n\n\n\n<p style=\"font-size:20px\">L'indice de surface foliaire de la s\u00e9rie XST-LAINet a \u00e9t\u00e9 v\u00e9rifi\u00e9 dans des applications de t\u00e9l\u00e9d\u00e9tection, et les r\u00e9sultats correspondants ont \u00e9t\u00e9 publi\u00e9s et cit\u00e9s plus d'une centaine de fois dans des articles de revues r\u00e9put\u00e9es, notamment Remote Sensing of Environment et Science Bulletin.<\/p>\n\n\n<div class=\"wp-block-image\">\n<figure class=\"aligncenter size-large\"><img loading=\"lazy\" decoding=\"async\" width=\"1024\" height=\"310\" src=\"http:\/\/www.xingshitu.com\/wp-content\/uploads\/2025\/01\/image-1024x310.png\" alt=\"\" class=\"wp-image-2206\" srcset=\"http:\/\/www.xingshitu.com\/wp-content\/uploads\/2025\/01\/image-1024x310.png 1024w, http:\/\/www.xingshitu.com\/wp-content\/uploads\/2025\/01\/image-300x91.png 300w, http:\/\/www.xingshitu.com\/wp-content\/uploads\/2025\/01\/image-150x45.png 150w, http:\/\/www.xingshitu.com\/wp-content\/uploads\/2025\/01\/image-768x233.png 768w, http:\/\/www.xingshitu.com\/wp-content\/uploads\/2025\/01\/image-18x5.png 18w, http:\/\/www.xingshitu.com\/wp-content\/uploads\/2025\/01\/image.png 1039w\" sizes=\"(max-width: 1024px) 100vw, 1024px\" \/><\/figure><\/div>\n\n\n<p>Le projet d'indice de v\u00e9g\u00e9tation distribu\u00e9 du sous-centre biologique du r\u00e9seau du CERN de l'Acad\u00e9mie chinoise des sciences pour obtenir un indice de v\u00e9g\u00e9tation distribu\u00e9 \u00e0 l'\u00e9chelle nationale.<strong>27<\/strong>Collecte automatique \u00e0 long terme, transmission et gestion en ligne des donn\u00e9es relatives \u00e0 l'indice de v\u00e9g\u00e9tation et \u00e0 l'indice de surface foliaire NDVI multipoint, ainsi que des images des communaut\u00e9s v\u00e9g\u00e9tales dans quatre stations \u00e9cologiques, couvrant quatre grandes cat\u00e9gories : for\u00eats, d\u00e9serts, prairies et terres agricoles.<\/p>\n\n\n<div class=\"wp-block-image\">\n<figure class=\"aligncenter size-full\"><img loading=\"lazy\" decoding=\"async\" width=\"921\" height=\"425\" src=\"http:\/\/www.xingshitu.com\/wp-content\/uploads\/2025\/06\/image-5.png\" alt=\"\" class=\"wp-image-2312\" srcset=\"http:\/\/www.xingshitu.com\/wp-content\/uploads\/2025\/06\/image-5.png 921w, http:\/\/www.xingshitu.com\/wp-content\/uploads\/2025\/06\/image-5-300x138.png 300w, http:\/\/www.xingshitu.com\/wp-content\/uploads\/2025\/06\/image-5-150x69.png 150w, http:\/\/www.xingshitu.com\/wp-content\/uploads\/2025\/06\/image-5-768x354.png 768w, http:\/\/www.xingshitu.com\/wp-content\/uploads\/2025\/06\/image-5-18x8.png 18w\" sizes=\"(max-width: 921px) 100vw, 921px\" \/><\/figure><\/div>\n\n\n<p class=\"has-text-align-center has-black-color has-text-color has-link-color wp-elements-5acebced30c1c7b9b1f069fc7a5d5480 translation-block\" style=\"font-size:28px\">Param\u00e8tres techniques<\/p>\n\n\n\n<figure class=\"wp-block-table aligncenter is-style-stripes\"><table><tbody><tr><td><strong>en bon ordre<\/strong><strong>disposition<\/strong><strong>(g\u00e9n\u00e9ralement utilis\u00e9s \u00e0 la forme n\u00e9gative) ont la possibilit\u00e9 de<\/strong><strong><\/strong><\/td><td colspan=\"2\"><strong>Acquisition et gestion automatis\u00e9es des donn\u00e9es<\/strong>Le syst\u00e8me acquiert, stocke et transmet automatiquement les donn\u00e9es d'image des communaut\u00e9s qui peuvent \u00eatre extraites de l'indice de surface foliaire des communaut\u00e9s v\u00e9g\u00e9tales, et r\u00e9alise le stockage automatique des donn\u00e9es d'image et la gestion intelligente.<br><strong>Surveillance \u00e0 distance en temps r\u00e9el<\/strong>Il permet la visualisation \u00e0 distance des images en direct et de l'\u00e9tat de fonctionnement des \u00e9quipements, assurant ainsi une gestion visuelle des donn\u00e9es et facilitant la surveillance et l'analyse en temps r\u00e9el.<br><strong>S\u00e9curit\u00e9 des donn\u00e9es et m\u00e9canismes de sauvegarde<\/strong>Adopter la technologie de sauvegarde synchrone du collecteur de donn\u00e9es pour garantir que les donn\u00e9es ne sont pas perdues et pour garantir l'int\u00e9grit\u00e9 et la fiabilit\u00e9 des donn\u00e9es de surveillance.<br><strong>Gestion intelligente de l'\u00e9nergie et fonction de r\u00e9cup\u00e9ration automatique en cas de panne d'\u00e9lectricit\u00e9<\/strong>Gr\u00e2ce \u00e0 la fonction de contr\u00f4le en temps r\u00e9el de la puissance de la batterie, une alarme se d\u00e9clenche automatiquement en cas de batterie faible, afin d'\u00e9viter que la collecte de donn\u00e9es ne soit interrompue par une coupure de courant. Le syst\u00e8me peut red\u00e9marrer automatiquement lorsque l'alimentation \u00e9lectrique est r\u00e9tablie apr\u00e8s une panne de courant, sans intervention manuelle, afin de garantir un fonctionnement continu et stable.<br><strong>Grande stabilit\u00e9 et adaptabilit\u00e9 \u00e0 l'environnement<\/strong>L'ensemble de la machine est con\u00e7u pour r\u00e9sister au vent, \u00e0 la foudre et aux conditions climatiques extr\u00eames. Le syst\u00e8me est tr\u00e8s stable et convient aux t\u00e2ches de surveillance \u00e0 long terme sur le terrain.<\/td><\/tr><tr><td rowspan=\"5\"><strong>Capteur d'imagerie pour l'indice de surface foliaire<\/strong><strong><\/strong><\/td><td colspan=\"2\">Deux types de capteurs sont disponibles en fonction de la v\u00e9g\u00e9tation : orient\u00e9s vers le bas et orient\u00e9s vers le haut.<\/td><\/tr><tr><td>r\u00e9solution d'imagerie<\/td><td>5 m\u00e9gapixels<\/td><\/tr><tr><td>champ de vision<\/td><td>120\u00b0<\/td><\/tr><tr><td colspan=\"2\">Le type de prise de vue orient\u00e9e vers le bas n\u00e9cessite l'acquisition d'une image RVB de la communaut\u00e9 et d'une image NDVI, ce qui permet de calculer l'indice de surface foliaire.<\/td><\/tr><tr><td colspan=\"2\">Avec module de communication sans fil, supportant le retour d'image originale jpeg<\/td><\/tr><tr><td><strong>chiffres<\/strong><strong><\/strong><strong>collecteur<\/strong><strong><\/strong><\/td><td colspan=\"2\">Prise en charge de la sauvegarde des donn\u00e9es sur site avec 64 Go d'espace de stockage<br>Avec fonction de retransmission des points d'arr\u00eat et de retransmission en 5 fois<br>Prise en charge de la mise \u00e0 niveau et de la modification \u00e0 distance de la fr\u00e9quence d'acquisition<br>Prise en charge de l'interface de communication filaire : port r\u00e9seau Ethernet, USB, RS232, RS485<br>Prise en charge de la communication sans fil : prise en charge de la connexion wifi, prise en charge du r\u00e9seau 4G<br>Permet l'acc\u00e8s au module GPS pour le positionnement et l'\u00e9talonnage de l'heure.<\/td><\/tr><tr><td rowspan=\"4\"><strong>Logiciel de traitement des donn\u00e9es<\/strong><strong><\/strong><\/td><td colspan=\"2\">Prise en charge du traitement par lots des donn\u00e9es d'images brutes de s\u00e9ries temporelles : filtrage, \u00e9limination et interpolation.<\/td><\/tr><tr><td colspan=\"2\">L'indice de surface foliaire (LAI) peut \u00eatre import\u00e9 et calcul\u00e9 par lots, \u00e0 la fois de mani\u00e8re autonome et en ligne, sur la base de donn\u00e9es d'images.<\/td><\/tr><tr><td colspan=\"2\">Fonctions telles que l'ajustement et la pr\u00e9sentation des courbes de s\u00e9ries temporelles<\/td><\/tr><tr><td colspan=\"2\">S\u00e9lection libre de plages d'images pour le calcul par r\u00e9gion d'int\u00e9r\u00eat dans une image<\/td><\/tr><\/tbody><\/table><\/figure>","protected":false},"excerpt":{"rendered":"<p>XST-LAINet \u5168\u81ea\u52a8\u53f6\u9762\u79ef\u6307\u6570\u4eea \u4ea7\u54c1\u6982\u8ff0 \u53f6\u9762\u79ef\u6307\u6570\uff08LAI\uff09\u662f\u690d\u88ab\u51a0\u5c42\u7ed3\u6784\u7279\u5f81\u7684\u91cd\u8981\u53c2\u6570\uff0c\u5e38\u7528\u4e8e\u9065 [&hellip;]<\/p>\n","protected":false},"author":1,"featured_media":0,"parent":0,"menu_order":0,"comment_status":"closed","ping_status":"closed","template":"","meta":{"saved_in_kubio":false,"footnotes":""},"class_list":["post-947","page","type-page","status-publish","hentry"],"kubio_ai_page_context":{"short_desc":"","purpose":"general"},"_links":{"self":[{"href":"http:\/\/www.xingshitu.com\/fr\/wp-json\/wp\/v2\/pages\/947","targetHints":{"allow":["GET"]}}],"collection":[{"href":"http:\/\/www.xingshitu.com\/fr\/wp-json\/wp\/v2\/pages"}],"about":[{"href":"http:\/\/www.xingshitu.com\/fr\/wp-json\/wp\/v2\/types\/page"}],"author":[{"embeddable":true,"href":"http:\/\/www.xingshitu.com\/fr\/wp-json\/wp\/v2\/users\/1"}],"replies":[{"embeddable":true,"href":"http:\/\/www.xingshitu.com\/fr\/wp-json\/wp\/v2\/comments?post=947"}],"version-history":[{"count":18,"href":"http:\/\/www.xingshitu.com\/fr\/wp-json\/wp\/v2\/pages\/947\/revisions"}],"predecessor-version":[{"id":2313,"href":"http:\/\/www.xingshitu.com\/fr\/wp-json\/wp\/v2\/pages\/947\/revisions\/2313"}],"wp:attachment":[{"href":"http:\/\/www.xingshitu.com\/fr\/wp-json\/wp\/v2\/media?parent=947"}],"curies":[{"name":"wp","href":"https:\/\/api.w.org\/{rel}","templated":true}]}}