{"id":945,"date":"2024-06-07T03:17:49","date_gmt":"2024-06-07T03:17:49","guid":{"rendered":"http:\/\/www.xingshitu.com\/?page_id=945"},"modified":"2024-12-11T09:38:40","modified_gmt":"2024-12-11T09:38:40","slug":"xst-photonet-fvc-%e6%a4%8d%e8%a2%ab%e8%a6%86%e7%9b%96%e5%ba%a6%e4%bb%aa","status":"publish","type":"page","link":"http:\/\/www.xingshitu.com\/fr\/%e6%a4%8d%e8%a2%ab%e5%86%a0%e5%b1%82%e7%bb%93%e6%9e%84%e5%8f%82%e6%95%b0\/xst-photonet-fvc-%e6%a4%8d%e8%a2%ab%e8%a6%86%e7%9b%96%e5%ba%a6%e4%bb%aa\/","title":{"rendered":"XST-PhotoNet-FVC Mesure de la couverture v\u00e9g\u00e9tale"},"content":{"rendered":"<p class=\"has-text-align-center has-black-color has-text-color has-link-color has-large-font-size wp-elements-8abc425f49afbd19f5d89924baacc789\"><strong>XST-PhotoNet-FVC<a> <\/a>Mesure de la couverture v\u00e9g\u00e9tale<\/strong><\/p>\n\n\n<div class=\"wp-block-image\">\n<figure class=\"aligncenter size-full is-resized\"><img loading=\"lazy\" decoding=\"async\" width=\"1871\" height=\"612\" src=\"http:\/\/www.xingshitu.com\/wp-content\/uploads\/2024\/12\/\u534a\u7403\u673a1\u5957-1.png\" alt=\"\" class=\"wp-image-2098\" style=\"width:798px;height:auto\" srcset=\"http:\/\/www.xingshitu.com\/wp-content\/uploads\/2024\/12\/\u534a\u7403\u673a1\u5957-1.png 1871w, http:\/\/www.xingshitu.com\/wp-content\/uploads\/2024\/12\/\u534a\u7403\u673a1\u5957-1-300x98.png 300w, http:\/\/www.xingshitu.com\/wp-content\/uploads\/2024\/12\/\u534a\u7403\u673a1\u5957-1-1024x335.png 1024w, http:\/\/www.xingshitu.com\/wp-content\/uploads\/2024\/12\/\u534a\u7403\u673a1\u5957-1-150x49.png 150w, http:\/\/www.xingshitu.com\/wp-content\/uploads\/2024\/12\/\u534a\u7403\u673a1\u5957-1-768x251.png 768w, http:\/\/www.xingshitu.com\/wp-content\/uploads\/2024\/12\/\u534a\u7403\u673a1\u5957-1-1536x502.png 1536w\" sizes=\"(max-width: 1871px) 100vw, 1871px\" \/><\/figure><\/div>\n\n<p><\/p>\n\n\n<p class=\"has-text-align-center has-black-color has-text-color has-link-color wp-elements-b5f5dd42ef186b971938dbe11ffdb755\" style=\"font-size:28px\"><strong>offres<\/strong><strong>esquiss\u00e9e<\/strong><strong><\/strong><\/p>\n\n\n\n<p style=\"font-size:20px\"><p style=\"font-size:20px;padding-left: 100px; padding-right: 100px;\" class=\"translation-block\">Gr\u00e2ce \u00e0 l'apprentissage d'une grande quantit\u00e9 de donn\u00e9es et au nombre de caract\u00e9ristiques, il parvient \u00e0 une classification pr\u00e9cise de la v\u00e9g\u00e9tation dans l'image avec l'arri\u00e8re-plan (sol ou ciel), la non-v\u00e9g\u00e9tation et les ombres de la v\u00e9g\u00e9tation dans diverses conditions d'\u00e9clairage, et calcule le degr\u00e9 de couverture v\u00e9g\u00e9tale (le degr\u00e9 de couverture obtenu \u00e0 partir de l'observation vers le haut dans la for\u00eat), qui est g\u00e9n\u00e9ralement appel\u00e9 le degr\u00e9 de d\u00e9pression. Le degr\u00e9 de couverture de la v\u00e9g\u00e9tation (le degr\u00e9 de couverture obtenu \u00e0 partir d'une observation ascendante dans la for\u00eat), qui est g\u00e9n\u00e9ralement appel\u00e9 degr\u00e9 de d\u00e9pression.<\/p><\/p>\n\n\n\n<p style=\"font-size:20px\"><p style=\"font-size:20px;padding-left: 100px; padding-right: 100px;\">Les utilisateurs peuvent ajuster le mode de fonctionnement de la cam\u00e9ra de couverture v\u00e9g\u00e9tale en fonction des conditions de croissance de la v\u00e9g\u00e9tation et de l'objectif de l'observation ; par exemple, la cam\u00e9ra peut \u00eatre install\u00e9e verticalement vers le haut dans la for\u00eat, et verticalement vers le bas dans les plantes basses. La cam\u00e9ra pour la couverture v\u00e9g\u00e9tale enregistre \u00e9galement des s\u00e9ries chronologiques d'images, qui peuvent \u00eatre utilis\u00e9es comme donn\u00e9es climatiques pour la recherche sur le climat, et peut enregistrer les conditions m\u00e9t\u00e9orologiques et la propret\u00e9 de l'objectif pour aider \u00e0 juger de la qualit\u00e9 des donn\u00e9es.<\/p><\/p>\n\n\n\n<p class=\"has-text-align-center has-black-color has-text-color has-link-color wp-elements-a9a06484e23df7d9627bcc8581d2e303\" style=\"font-size:28px\"><strong>logiciel du syst\u00e8me<\/strong><\/p>\n\n\n\n<p style=\"font-size:20px\"><p style=\"font-size:20px;padding-left: 100px; padding-right: 100px;\">Outre la sortie automatique des valeurs de couverture, le syst\u00e8me fournit \u00e9galement SmartViewer, un logiciel de traitement des donn\u00e9es d'images m\u00e9t\u00e9orologiques sur PC d\u00e9velopp\u00e9 pour les produits de la s\u00e9rie XST-PhotoNet, qui peut traiter par lots, filtrer et interpoler les donn\u00e9es brutes de s\u00e9ries temporelles des images du produit, s\u00e9lectionner librement les r\u00e9gions ROI d'int\u00e9r\u00eat, recalculer la couverture v\u00e9g\u00e9tale FVC et prendre en charge une vari\u00e9t\u00e9 de donn\u00e9es. Algorithmes de filtrage.<\/p><\/p>\n\n\n<div class=\"wp-block-image\">\n<figure class=\"aligncenter size-full is-resized\"><img loading=\"lazy\" decoding=\"async\" width=\"432\" height=\"204\" src=\"http:\/\/www.xingshitu.com\/wp-content\/uploads\/2024\/11\/image-33.png\" alt=\"\" class=\"wp-image-1312\" style=\"width:745px;height:auto\" srcset=\"http:\/\/www.xingshitu.com\/wp-content\/uploads\/2024\/11\/image-33.png 432w, http:\/\/www.xingshitu.com\/wp-content\/uploads\/2024\/11\/image-33-300x142.png 300w, http:\/\/www.xingshitu.com\/wp-content\/uploads\/2024\/11\/image-33-150x71.png 150w\" sizes=\"(max-width: 432px) 100vw, 432px\" \/><\/figure><\/div>\n\n\n<p class=\"has-text-align-center has-black-color has-text-color has-link-color wp-elements-420a6e2c5e1b8b6cfe003496eeb7afcd translation-block\" style=\"font-size:28px\">Param\u00e8tres techniques<\/p>\n\n\n\n<figure class=\"wp-block-table\"><table><tbody><tr><td rowspan=\"4\"><p class=\"MsoNormal\" align=\"center\" style=\"margin-left:-0.1000pt;mso-para-margin-left:-0.0100gd;text-indent:0.0500pt;text-align:center;line-height:114%;\"><span style=\"font-family:'Times New Roman';mso-fareast-font-family:\u5b8b\u4f53;line-height:114%;font-size:10.5000pt;mso-font-kerning:1.0000pt;\"><font face=\"\u5b8b\u4f53\">transducteurs<\/font><\/span><span style=\"font-family:\u5b8b\u4f53;mso-ascii-font-family:'Times New Roman';mso-hansi-font-family:'Times New Roman';mso-bidi-font-family:'Times New Roman';line-height:114%;font-size:10.5000pt;mso-font-kerning:1.0000pt;\"><font face=\"\u5b8b\u4f53\">nodal<\/font><\/span><span style=\"font-family:'Times New Roman';mso-fareast-font-family:\u5b8b\u4f53;line-height:114%;font-size:10.5000pt;mso-font-kerning:1.0000pt;\"><o:p><\/o:p><\/span><\/p><\/td><td><p class=\"MsoNormal\" align=\"center\" style=\"margin-left:-0.1000pt;mso-para-margin-left:-0.0100gd;text-indent:0.1000pt;text-align:center;line-height:114%;\"><span style=\"font-family:'Times New Roman';mso-fareast-font-family:\u5b8b\u4f53;line-height:114%;font-size:10.5000pt;mso-font-kerning:1.0000pt;\"><font face=\"\u5b8b\u4f53\">Type de d\u00e9tection<\/font><\/span><span style=\"font-family:'Times New Roman';mso-fareast-font-family:\u5b8b\u4f53;line-height:114%;font-size:10.5000pt;mso-font-kerning:1.0000pt;\"><o:p><\/o:p><\/span><\/p><\/td><td><p class=\"MsoNormal\" align=\"center\" style=\"margin-left:22.0000pt;text-indent:-22.0000pt;text-align:center;line-height:114%;\"><span style=\"font-family:'Times New Roman';mso-fareast-font-family:\u5b8b\u4f53;line-height:114%;font-size:10.5000pt;mso-font-kerning:1.0000pt;\">CMOS<\/span><span style=\"font-family:\u5b8b\u4f53;mso-ascii-font-family:'Times New Roman';mso-hansi-font-family:'Times New Roman';mso-bidi-font-family:'Times New Roman';line-height:114%;font-size:10.5000pt;mso-font-kerning:1.0000pt;\"><font face=\"\u5b8b\u4f53\">plan de cam\u00e9ra (dans un film, etc.)<\/font><\/span><span style=\"font-family:'Times New Roman';mso-fareast-font-family:\u5b8b\u4f53;line-height:114%;font-size:10.5000pt;mso-font-kerning:1.0000pt;\"><font face=\"\u5b8b\u4f53\">Crit\u00e8res<\/font>RVB<font face=\"\u5b8b\u4f53\">Sortie d'images en couleurs<\/font><\/span><span style=\"font-family:'Times New Roman';mso-fareast-font-family:\u5b8b\u4f53;line-height:114%;font-size:10.5000pt;mso-font-kerning:1.0000pt;\"><o:p><\/o:p><\/span><\/p><\/td><\/tr><tr><td><p class=\"MsoNormal\" align=\"center\" style=\"margin-left:-0.1000pt;mso-para-margin-left:-0.0100gd;text-indent:0.1000pt;text-align:center;line-height:114%;\"><span style=\"font-family:'Times New Roman';mso-fareast-font-family:\u5b8b\u4f53;line-height:114%;font-size:10.5000pt;mso-font-kerning:1.0000pt;\"><font face=\"\u5b8b\u4f53\">taille du pixel<\/font><\/span><span style=\"font-family:'Times New Roman';mso-fareast-font-family:\u5b8b\u4f53;line-height:114%;font-size:10.5000pt;mso-font-kerning:1.0000pt;\"><o:p><\/o:p><\/span><\/p><\/td><td><p class=\"MsoNormal\" align=\"center\" style=\"margin-left:22.0000pt;text-indent:-22.0000pt;text-align:center;line-height:114%;\"><span style=\"font-family:'Times New Roman';mso-fareast-font-family:\u5b8b\u4f53;line-height:114%;font-size:10.5000pt;mso-font-kerning:1.0000pt;\">500W<\/span><span style=\"font-family:'Times New Roman';mso-fareast-font-family:\u5b8b\u4f53;line-height:114%;font-size:10.5000pt;mso-font-kerning:1.0000pt;\"><o:p><\/o:p><\/span><\/p><\/td><\/tr><tr><td><p class=\"MsoNormal\" align=\"center\" style=\"margin-left:-0.1000pt;mso-para-margin-left:-0.0100gd;text-indent:0.1000pt;text-align:center;line-height:114%;\"><span style=\"font-family:'Times New Roman';mso-fareast-font-family:\u5b8b\u4f53;line-height:114%;font-size:10.5000pt;mso-font-kerning:1.0000pt;\"><font face=\"\u5b8b\u4f53\">classe de protection<\/font><\/span><span style=\"font-family:'Times New Roman';mso-fareast-font-family:\u5b8b\u4f53;line-height:114%;font-size:10.5000pt;mso-font-kerning:1.0000pt;\"><o:p><\/o:p><\/span><\/p><\/td><td><p class=\"MsoNormal\" align=\"center\" style=\"margin-left:22.0000pt;text-indent:-22.0000pt;text-align:center;line-height:114%;\"><span style=\"font-family:'Times New Roman';mso-fareast-font-family:\u5b8b\u4f53;line-height:114%;font-size:10.5000pt;mso-font-kerning:1.0000pt;\">IP66<\/span><span style=\"font-family:'Times New Roman';mso-fareast-font-family:\u5b8b\u4f53;line-height:114%;font-size:10.5000pt;mso-font-kerning:1.0000pt;\"><o:p><\/o:p><\/span><\/p><\/td><\/tr><tr><td><p class=\"MsoNormal\" align=\"center\" style=\"margin-left:-0.1000pt;mso-para-margin-left:-0.0100gd;text-indent:0.1000pt;text-align:center;line-height:114%;\"><span style=\"font-family:\u5b8b\u4f53;mso-ascii-font-family:'Times New Roman';mso-hansi-font-family:'Times New Roman';mso-bidi-font-family:'Times New Roman';line-height:114%;font-size:10.5000pt;mso-font-kerning:1.0000pt;\"><font face=\"\u5b8b\u4f53\">champ de vision<\/font><\/span><span style=\"font-family:'Times New Roman';mso-fareast-font-family:\u5b8b\u4f53;line-height:114%;font-size:10.5000pt;mso-font-kerning:1.0000pt;\"><o:p><\/o:p><\/span><\/p><\/td><td><p class=\"MsoNormal\" align=\"center\" style=\"margin-left:22.0000pt;text-indent:-22.0000pt;text-align:center;line-height:114%;\"><span style=\"font-family:\u5b8b\u4f53;mso-ascii-font-family:'Times New Roman';mso-hansi-font-family:'Times New Roman';mso-bidi-font-family:'Times New Roman';line-height:114%;font-size:10.5000pt;mso-font-kerning:1.0000pt;\"><font face=\"Times New Roman\">60<\/font><font face=\"\u5b8b\u4f53\">\u00b0<\/font><\/span><span style=\"font-family:'Times New Roman';mso-fareast-font-family:\u5b8b\u4f53;line-height:114%;font-size:10.5000pt;mso-font-kerning:1.0000pt;\"><o:p><\/o:p><\/span><\/p><\/td><\/tr><tr><td rowspan=\"4\"><p class=\"MsoNormal\" align=\"center\" style=\"margin-left:-0.1000pt;mso-para-margin-left:-0.0100gd;text-indent:0.0500pt;text-align:center;line-height:114%;\"><span style=\"font-family:'Times New Roman';mso-fareast-font-family:\u5b8b\u4f53;line-height:114%;font-size:10.5000pt;mso-font-kerning:1.0000pt;\"><font face=\"\u5b8b\u4f53\">l'exploitation mini\u00e8re num\u00e9rique intelligente<\/font><\/span><span style=\"font-family:'Times New Roman';mso-fareast-font-family:\u5b8b\u4f53;line-height:114%;font-size:10.5000pt;mso-font-kerning:1.0000pt;\"><o:p><\/o:p><\/span><\/p><\/td><td><p class=\"MsoNormal\" align=\"center\" style=\"margin-left:22.0000pt;text-indent:-22.0000pt;text-align:center;line-height:114%;\"><span style=\"font-family:\u5b8b\u4f53;mso-ascii-font-family:'Times New Roman';mso-hansi-font-family:'Times New Roman';mso-bidi-font-family:'Times New Roman';line-height:114%;font-size:10.5000pt;mso-font-kerning:1.0000pt;\"><font face=\"\u5b8b\u4f53\">cette localit\u00e9<\/font><\/span><span style=\"font-family:'Times New Roman';mso-fareast-font-family:\u5b8b\u4f53;line-height:114%;font-size:10.5000pt;mso-font-kerning:1.0000pt;\"><font face=\"\u5b8b\u4f53\">bulletin d'information<\/font><\/span><span style=\"font-family:'Times New Roman';mso-fareast-font-family:\u5b8b\u4f53;line-height:114%;font-size:10.5000pt;mso-font-kerning:1.0000pt;\"><o:p><\/o:p><\/span><\/p><\/td><td><p class=\"MsoNormal\" align=\"center\" style=\"margin-left:20.4000pt;text-indent:-20.4000pt;text-align:center;line-height:114%;\"><span style=\"font-family:\u5b8b\u4f53;mso-ascii-font-family:'Times New Roman';mso-hansi-font-family:'Times New Roman';mso-bidi-font-family:'Times New Roman';line-height:114%;font-size:10.5000pt;mso-font-kerning:1.0000pt;\"><font face=\"\u5b8b\u4f53\">Soutien local \u00e0 la puissance \u00e9lev\u00e9e<\/font><font face=\"Times New Roman\">WIFI<\/font><font face=\"\u5b8b\u4f53\">Permet une connectivit\u00e9 sans fil des n\u0153uds \u00e0 l'\u00e9chelle du kilom\u00e8tre<\/font><\/span><span style=\"font-family:'Times New Roman';mso-fareast-font-family:\u5b8b\u4f53;line-height:114%;font-size:10.5000pt;mso-font-kerning:1.0000pt;\"><o:p><\/o:p><\/span><\/p><\/td><\/tr><tr><td><p class=\"MsoNormal\" align=\"center\" style=\"margin-left:22.0000pt;text-indent:-22.0000pt;text-align:center;line-height:114%;\"><span style=\"font-family:\u5b8b\u4f53;mso-ascii-font-family:'Times New Roman';mso-hansi-font-family:'Times New Roman';mso-bidi-font-family:'Times New Roman';line-height:114%;font-size:10.5000pt;mso-font-kerning:1.0000pt;\"><font face=\"\u5b8b\u4f53\">connexion au n\u0153ud<\/font><\/span><span style=\"font-family:'Times New Roman';mso-fareast-font-family:\u5b8b\u4f53;line-height:114%;font-size:10.5000pt;mso-font-kerning:1.0000pt;\"><o:p><\/o:p><\/span><\/p><\/td><td><p class=\"MsoNormal\" align=\"center\" style=\"margin-left:22.0000pt;text-indent:-20.4000pt;text-align:center;line-height:114%;\"><span style=\"font-family:\u5b8b\u4f53;mso-ascii-font-family:'Times New Roman';mso-hansi-font-family:'Times New Roman';mso-bidi-font-family:'Times New Roman';line-height:114%;font-size:10.5000pt;mso-font-kerning:1.0000pt;\"><font face=\"\u5b8b\u4f53\">C\u00e2blage pour la connexion<\/font><font face=\"Times New Roman\">4<\/font><font face=\"\u5b8b\u4f53\">N\u0153uds de capteurs ; pas de limite au nombre de n\u0153uds en mode sans fil.<\/font><\/span><span style=\"font-family:'Times New Roman';mso-fareast-font-family:\u5b8b\u4f53;line-height:114%;font-size:10.5000pt;mso-font-kerning:1.0000pt;\"><o:p><\/o:p><\/span><\/p><\/td><\/tr><tr><td><p class=\"MsoNormal\" align=\"center\" style=\"margin-left:22.0000pt;text-indent:-22.0000pt;text-align:center;line-height:114%;\"><span style=\"font-family:\u5b8b\u4f53;mso-ascii-font-family:'Times New Roman';mso-hansi-font-family:'Times New Roman';mso-bidi-font-family:'Times New Roman';line-height:114%;font-size:10.5000pt;mso-font-kerning:1.0000pt;\"><font face=\"\u5b8b\u4f53\">Acquisition de donn\u00e9es<\/font><\/span><span style=\"font-family:'Times New Roman';mso-fareast-font-family:\u5b8b\u4f53;line-height:114%;font-size:10.5000pt;mso-font-kerning:1.0000pt;\"><o:p><\/o:p><\/span><\/p><\/td><td><p class=\"MsoNormal\" align=\"center\" style=\"margin-left:22.0000pt;text-indent:-20.4000pt;text-align:center;line-height:114%;\"><span style=\"font-family:\u5b8b\u4f53;mso-ascii-font-family:'Times New Roman';mso-hansi-font-family:'Times New Roman';mso-bidi-font-family:'Times New Roman';line-height:114%;font-size:10.5000pt;mso-font-kerning:1.0000pt;\"><font face=\"\u5b8b\u4f53\">M\u00e9thode d'acquisition des donn\u00e9es au lever et au coucher du soleil : un algorithme int\u00e9gr\u00e9 permet d'acqu\u00e9rir des images au lever et au coucher du soleil afin de garantir que la lumi\u00e8re naturelle du ciel est relativement uniforme \u00e0 l'aube et au cr\u00e9puscule, et d'acqu\u00e9rir des donn\u00e9es avec plus de pr\u00e9cision.<\/font><\/span><span style=\"font-family:'Times New Roman';mso-fareast-font-family:\u5b8b\u4f53;line-height:114%;font-size:10.5000pt;mso-font-kerning:1.0000pt;\"><o:p><\/o:p><\/span><\/p><\/td><\/tr><tr><td colspan=\"2\"><p class=\"MsoNormal\" align=\"center\" style=\"margin-left:22.0000pt;text-indent:-20.4000pt;text-align:center;line-height:114%;\"><span style=\"font-family:\u5b8b\u4f53;mso-ascii-font-family:'Times New Roman';mso-hansi-font-family:'Times New Roman';mso-bidi-font-family:'Times New Roman';line-height:114%;font-size:10.5000pt;mso-font-kerning:1.0000pt;\"><font face=\"\u5b8b\u4f53\">Des algorithmes int\u00e9gr\u00e9s permettent d'obtenir automatiquement une couverture de la v\u00e9g\u00e9tation et de r\u00e9aliser des \u00e9conomies locales ; la transmission \u00e0 distance, la d\u00e9connexion et la transmission continue sont \u00e9galement possibles.<\/font><\/span><span style=\"font-family:'Times New Roman';mso-fareast-font-family:\u5b8b\u4f53;line-height:114%;font-size:10.5000pt;mso-font-kerning:1.0000pt;\"><o:p><\/o:p><\/span><\/p><\/td><\/tr><tr><td><p class=\"MsoNormal\" align=\"center\" style=\"margin-left:-0.1000pt;mso-para-margin-left:-0.0100gd;text-indent:0.0500pt;text-align:center;line-height:114%;\"><span style=\"font-family:\u5b8b\u4f53;mso-bidi-font-family:Arial;line-height:114%;color:rgb(36,31,31);letter-spacing:0.0500pt;font-size:10.5000pt;mso-font-kerning:1.0000pt;\"><font face=\"\u5b8b\u4f53\">mode de fonctionnement<\/font><\/span><span style=\"font-family:'Times New Roman';mso-fareast-font-family:\u5b8b\u4f53;line-height:114%;font-size:10.5000pt;mso-font-kerning:1.0000pt;\"><o:p><\/o:p><\/span><\/p><\/td><td colspan=\"2\"><p class=\"MsoNormal\" align=\"center\" style=\"margin-left:22.0000pt;text-indent:-20.4000pt;text-align:center;line-height:114%;\"><span style=\"font-family:\u5b8b\u4f53;mso-bidi-font-family:Arial;line-height:114%;color:rgb(36,31,31);letter-spacing:0.0500pt;font-size:10.5000pt;mso-font-kerning:1.0000pt;\"><font face=\"\u5b8b\u4f53\">Stationnaire tout temps enti\u00e8rement automatique<\/font><\/span><span style=\"font-family:'Times New Roman';mso-fareast-font-family:\u5b8b\u4f53;line-height:114%;font-size:10.5000pt;mso-font-kerning:1.0000pt;\"><o:p><\/o:p><\/span><\/p><\/td><\/tr><tr><td><p class=\"MsoNormal\" align=\"center\" style=\"margin-left:-0.1000pt;mso-para-margin-left:-0.0100gd;text-indent:0.0500pt;text-align:center;line-height:114%;\"><span style=\"font-family:'Times New Roman';mso-fareast-font-family:\u5b8b\u4f53;line-height:114%;font-size:10.5000pt;mso-font-kerning:1.0000pt;\"><font face=\"\u5b8b\u4f53\">environnement de travail<\/font><\/span><span style=\"font-family:'Times New Roman';mso-fareast-font-family:\u5b8b\u4f53;line-height:114%;font-size:10.5000pt;mso-font-kerning:1.0000pt;\"><o:p><\/o:p><\/span><\/p><\/td><td colspan=\"2\"><p class=\"MsoNormal\" align=\"center\" style=\"margin-left:22.0000pt;text-indent:-20.4000pt;text-align:center;line-height:114%;\"><span style=\"font-family:'Times New Roman';mso-fareast-font-family:\u5b8b\u4f53;line-height:114%;font-size:10.5000pt;mso-font-kerning:1.0000pt;\"><font face=\"\u5b8b\u4f53\">Temp\u00e9rature de travail :<\/font>-40 \u00b0C<font face=\"\u5b8b\u4f53\">~<\/font><font face=\"Times New Roman\">50 \u00b0C <\/font><font face=\"\u5b8b\u4f53\">(b) Humidit\u00e9 de fonctionnement :<\/font><font face=\"Times New Roman\">0%<\/font><font face=\"\u5b8b\u4f53\">~<\/font><font face=\"Times New Roman\">100% RH<\/font><\/span><span style=\"font-family:'Times New Roman';mso-fareast-font-family:\u5b8b\u4f53;line-height:114%;font-size:10.5000pt;mso-font-kerning:1.0000pt;\"><o:p><\/o:p><\/span><\/p><\/td><\/tr><\/tbody><\/table><\/figure>","protected":false},"excerpt":{"rendered":"<p>XST-PhotoNet-FVC \u690d\u88ab\u8986\u76d6\u5ea6\u4eea \u4ea7\u54c1\u6982\u8ff0 XST-PhotoNet-FVC \u690d\u88ab\u8986\u76d6\u5ea6\u4eea\u57fa\u4e8e\u5bf9 [&hellip;]<\/p>\n","protected":false},"author":1,"featured_media":0,"parent":943,"menu_order":1,"comment_status":"closed","ping_status":"closed","template":"","meta":{"saved_in_kubio":true,"footnotes":""},"class_list":["post-945","page","type-page","status-publish","hentry"],"kubio_ai_page_context":{"short_desc":"","purpose":"general"},"_links":{"self":[{"href":"http:\/\/www.xingshitu.com\/fr\/wp-json\/wp\/v2\/pages\/945","targetHints":{"allow":["GET"]}}],"collection":[{"href":"http:\/\/www.xingshitu.com\/fr\/wp-json\/wp\/v2\/pages"}],"about":[{"href":"http:\/\/www.xingshitu.com\/fr\/wp-json\/wp\/v2\/types\/page"}],"author":[{"embeddable":true,"href":"http:\/\/www.xingshitu.com\/fr\/wp-json\/wp\/v2\/users\/1"}],"replies":[{"embeddable":true,"href":"http:\/\/www.xingshitu.com\/fr\/wp-json\/wp\/v2\/comments?post=945"}],"version-history":[{"count":20,"href":"http:\/\/www.xingshitu.com\/fr\/wp-json\/wp\/v2\/pages\/945\/revisions"}],"predecessor-version":[{"id":2101,"href":"http:\/\/www.xingshitu.com\/fr\/wp-json\/wp\/v2\/pages\/945\/revisions\/2101"}],"up":[{"embeddable":true,"href":"http:\/\/www.xingshitu.com\/fr\/wp-json\/wp\/v2\/pages\/943"}],"wp:attachment":[{"href":"http:\/\/www.xingshitu.com\/fr\/wp-json\/wp\/v2\/media?parent=945"}],"curies":[{"name":"wp","href":"https:\/\/api.w.org\/{rel}","templated":true}]}}