{"id":937,"date":"2024-06-07T03:15:31","date_gmt":"2024-06-07T03:15:31","guid":{"rendered":"http:\/\/www.xingshitu.com\/?page_id=937"},"modified":"2025-06-04T02:27:22","modified_gmt":"2025-06-04T02:27:22","slug":"xst-photonet-%e7%89%a9%e5%80%99%e4%b8%8e%e6%a4%8d%e8%a2%ab%e6%8c%87%e6%95%b0%e7%9b%91%e6%b5%8b%e7%9b%b8%e6%9c%ba","status":"publish","type":"page","link":"http:\/\/www.xingshitu.com\/fr\/xst-photonet-%e7%89%a9%e5%80%99%e4%b8%8e%e6%a4%8d%e8%a2%ab%e6%8c%87%e6%95%b0%e7%9b%91%e6%b5%8b%e7%9b%b8%e6%9c%ba\/","title":{"rendered":"Cam\u00e9ra d'indice climatique et de v\u00e9g\u00e9tation de la s\u00e9rie XST-PhotoNet"},"content":{"rendered":"<p class=\"has-text-align-center has-black-color has-text-color has-link-color has-large-font-size wp-elements-b18e9b2a812e0e8a23606f7b26b5dc3a\"><strong>Cam\u00e9ra d'indice climatique et de v\u00e9g\u00e9tation de la s\u00e9rie XST-PhotoNet<\/strong><\/p>\n\n\n<div class=\"wp-block-image\">\n<figure class=\"aligncenter size-full\"><img loading=\"lazy\" decoding=\"async\" width=\"963\" height=\"335\" src=\"http:\/\/www.xingshitu.com\/wp-content\/uploads\/2025\/06\/image-17.png\" alt=\"\" class=\"wp-image-2349\" srcset=\"http:\/\/www.xingshitu.com\/wp-content\/uploads\/2025\/06\/image-17.png 963w, http:\/\/www.xingshitu.com\/wp-content\/uploads\/2025\/06\/image-17-300x104.png 300w, http:\/\/www.xingshitu.com\/wp-content\/uploads\/2025\/06\/image-17-150x52.png 150w, http:\/\/www.xingshitu.com\/wp-content\/uploads\/2025\/06\/image-17-768x267.png 768w, http:\/\/www.xingshitu.com\/wp-content\/uploads\/2025\/06\/image-17-18x6.png 18w\" sizes=\"(max-width: 963px) 100vw, 963px\" \/><\/figure><\/div>\n\n\n\n\n<p class=\"has-text-align-center has-black-color has-text-color has-link-color wp-elements-bcdd4c1e883c9f7a3eec595f8fd3808b\" style=\"font-size:28px\"><strong>les ph\u00e9nom\u00e8nes naturels \u00e0 caract\u00e8re saisonnier<\/strong><\/p>\n\n\n\n<p class=\"custom-padding has-black-color has-text-color has-link-color has-medium-font-size wp-elements-6dfadf495f1b314e6a1a1a9e03a4ca14\"><\/p>\n\n\n<div class=\"wp-block-image\">\n<figure class=\"aligncenter size-large\"><img loading=\"lazy\" decoding=\"async\" width=\"1024\" height=\"411\" src=\"http:\/\/www.xingshitu.com\/wp-content\/uploads\/2025\/06\/image-18-1024x411.png\" alt=\"\" class=\"wp-image-2350\" srcset=\"http:\/\/www.xingshitu.com\/wp-content\/uploads\/2025\/06\/image-18-1024x411.png 1024w, http:\/\/www.xingshitu.com\/wp-content\/uploads\/2025\/06\/image-18-300x120.png 300w, http:\/\/www.xingshitu.com\/wp-content\/uploads\/2025\/06\/image-18-150x60.png 150w, http:\/\/www.xingshitu.com\/wp-content\/uploads\/2025\/06\/image-18-768x308.png 768w, http:\/\/www.xingshitu.com\/wp-content\/uploads\/2025\/06\/image-18-18x7.png 18w, http:\/\/www.xingshitu.com\/wp-content\/uploads\/2025\/06\/image-18.png 1295w\" sizes=\"(max-width: 1024px) 100vw, 1024px\" \/><\/figure><\/div>\n\n\n<p class=\"custom-padding has-black-color has-text-color has-link-color wp-elements-34f0d2e6b55eefdce7ba67e2fa7c7c36\" style=\"font-size:20px\">La ph\u00e9nologie v\u00e9g\u00e9tale fait r\u00e9f\u00e9rence aux \u00e9v\u00e9nements cycliques de la croissance et du d\u00e9veloppement des plantes, \u00e9galement connus sous le nom de rythmes de croissance des plantes, tels que l'\u00e9talement des feuilles, la floraison et la d\u00e9foliation.<\/p>\n\n\n\n<p class=\"has-link-color wp-elements-5d2f0b63eee9aba533eb33e8372070ee\" style=\"font-size:20px\">La ph\u00e9nologie des plantes n'est pas seulement un ph\u00e9nom\u00e8ne physiologique de la v\u00e9g\u00e9tation elle-m\u00eame, mais aussi une r\u00e9ponse int\u00e9gr\u00e9e aux conditions environnementales externes, et elle est consid\u00e9r\u00e9e comme l'un des indicateurs biologiques importants du changement climatique (Cleland, Chuine et al. 2007).<\/p>\n\n\n\n<p class=\"custom-padding has-black-color has-text-color has-link-color wp-elements-d055ba1bbff5b174dc43d4861145cb06\" style=\"font-size:20px\">Il est donc important de d\u00e9crire avec pr\u00e9cision la ph\u00e9nologie des plantes.<\/p>\n\n\n\n<p class=\"has-text-align-center\" style=\"font-size:28px\"><strong>Mod\u00e8le Option<\/strong><\/p>\n\n\n\n<figure class=\"wp-block-table is-style-stripes\" style=\"margin-right:var(--wp--preset--spacing--80);margin-left:var(--wp--preset--spacing--80)\"><table><tbody><tr><td><strong>num\u00e9ro de mod\u00e8le<\/strong><strong><\/strong><\/td><td><strong>nom (d'une chose)<\/strong><strong><\/strong><\/td><td><strong>l'\u00e9l\u00e9gance<\/strong><strong><\/strong><\/td><td><strong>descriptions<\/strong><strong><\/strong><\/td><td><strong>\u00c9l\u00e9ments de suivi<\/strong><strong><\/strong><\/td><\/tr><tr><td><strong>XST-PhotoNet-RGB<\/strong><strong><\/strong><\/td><td>Cam\u00e9ra climatique v\u00e9g\u00e9tale<br>(tri-bande)<\/td><td>mod\u00e8le \u00e0 focale fixe<br>Mod\u00e8les de t\u00eates de zoom &nbsp;&nbsp;&nbsp;&nbsp;&nbsp;&nbsp;&nbsp;&nbsp;&nbsp;&nbsp;<\/td><td>Obtenir une image couleur RVB standard<\/td><td>Surveillance climatique de groupes et d'individus ; production d'indices colorim\u00e9triques tels que GCC, RCC, BCC et GVI.<\/td><\/tr><tr><td><strong>XST-PhotoNet-NDVI<\/strong><strong><\/strong><\/td><td>Cam\u00e9ra climatique spectrale NDVI<br>(cinq bandes)<\/td><td>mod\u00e8le \u00e0 focale fixe<br>Mod\u00e8les de t\u00eates de zoom &nbsp;&nbsp;&nbsp;&nbsp;&nbsp;&nbsp;&nbsp;&nbsp;&nbsp;&nbsp;<\/td><td>Ajout de bandes \u00e9troites dans le rouge et le proche infrarouge \u00e0 la base \u00e0 trois bandes<\/td><td>Les indices de chromaticit\u00e9 de sortie tels que GCC, RCC, BCC et GVI, et l'augmentation de la sortie de l'indice de v\u00e9g\u00e9tation NDVI et des images NDVI ; supportent le calcul de l'OSAVI.<\/td><\/tr><tr><td><strong>XST-PhotoNet-MSI<\/strong><strong><\/strong><\/td><td>Cam\u00e9ra m\u00e9t\u00e9orologique multispectrale<br>(six bandes)<\/td><td>mod\u00e8le \u00e0 focale fixe<br>Mod\u00e8les de t\u00eates de zoom &nbsp;&nbsp;&nbsp;&nbsp;&nbsp;&nbsp;&nbsp;&nbsp;&nbsp;&nbsp;<\/td><td>Cinq bandes bas\u00e9es sur l'ajout de bandes \u00e9troites vertes<\/td><td>Sortie des indices de chromaticit\u00e9 GCC, RCC, BCC et GVI, de l'indice de v\u00e9g\u00e9tation NDVI et des images NDVI ; augmentation de la sortie de la carte \u00e0 \u00e9chelle de gris de 550 \u00b1 10nm, support du calcul de GNDVI, NDWI, OSAVI.<\/td><\/tr><tr><td><strong>XST-PhotoNet-M<\/strong><strong>F<\/strong><strong><\/strong><\/td><td>Cam\u00e9ra climatique spectrale multifonctionnelle<\/td><td>Mod\u00e8les de t\u00eates de zoom &nbsp;&nbsp;<\/td><td>5 et 6 bandes multifonctionnelles : ajoutez \u00e0 l'original la surveillance synchronis\u00e9e des capteurs<\/td><td>Sortie des indices de chromaticit\u00e9 GCC, RCC, BCC et GVI, des indices de v\u00e9g\u00e9tation NDVI, des images NDVI et des cartes en niveaux de gris de 550\u00b110nm ; prise en charge du calcul des indices GNDVI et NDWI, OSAVI, et augmentation de la sortie de la hauteur de la v\u00e9g\u00e9tation, de la temp\u00e9rature et de l'humidit\u00e9 de l'air, et des donn\u00e9es d'inclinaison tridimensionnelles (angle de roulis, angle de tangage, angle de cap).<\/td><\/tr><tr><td><strong>XST-PhotoNet-TI<\/strong><strong><\/strong><\/td><td>Cam\u00e9ra m\u00e9t\u00e9o \u00e0 imagerie thermique infrarouge<\/td><td>mod\u00e8le \u00e0 focale fixe &nbsp;&nbsp;&nbsp;&nbsp;&nbsp;&nbsp;&nbsp;&nbsp;&nbsp;&nbsp;<\/td><td>Acquisition d'images couleur RVB standard et d'images de distribution thermique<\/td><td>Acquisition d'images RVB, obtention et extraction automatique de la temp\u00e9rature la plus \u00e9lev\u00e9e, de la temp\u00e9rature la plus basse et de la temp\u00e9rature moyenne ; prise en charge d'une plage d'images d\u00e9finie par l'utilisateur pour l'extraction de la temp\u00e9rature.<\/td><\/tr><tr><td><strong>XST-PhotoNet-M<\/strong><strong>SI8<\/strong><strong><\/strong><\/td><td>Cam\u00e9ras m\u00e9t\u00e9orologiques multispectrales (sur mesure)<\/td><td>Mod\u00e8les de t\u00eates de zoom<\/td><td>2 bandes \u00e9troites personnalis\u00e9es en plus des six bandes<\/td><td>Bas\u00e9 sur la fonction six bandes, ajoutez 450\u00b110nm et 720\u00b110nm, ou personnalisez d'autres bandes \u00e9troites ; supporte le calcul : LCI, NDRE, EVI, SIPI, etc.<\/td><\/tr><\/tbody><\/table><\/figure>","protected":false},"excerpt":{"rendered":"<p>XST-PhotoNet\u7cfb\u5217 \u7269\u5019\u4e0e\u690d\u88ab\u6307\u6570\u76d1\u6d4b\u76f8\u673a \u7269\u5019 \u690d\u7269\u7269\u5019\u662f\u6307\u690d\u7269\u751f\u957f\u53d1\u80b2\u8fc7\u7a0b\u4e2d\u7684\u5468\u671f\u6027\u4e8b\u4ef6\uff0c\u4e5f\u79f0\u4e3a [&hellip;]<\/p>\n","protected":false},"author":1,"featured_media":0,"parent":0,"menu_order":0,"comment_status":"closed","ping_status":"closed","template":"","meta":{"saved_in_kubio":true,"footnotes":""},"class_list":["post-937","page","type-page","status-publish","hentry"],"kubio_ai_page_context":{"short_desc":"","purpose":"general"},"_links":{"self":[{"href":"http:\/\/www.xingshitu.com\/fr\/wp-json\/wp\/v2\/pages\/937","targetHints":{"allow":["GET"]}}],"collection":[{"href":"http:\/\/www.xingshitu.com\/fr\/wp-json\/wp\/v2\/pages"}],"about":[{"href":"http:\/\/www.xingshitu.com\/fr\/wp-json\/wp\/v2\/types\/page"}],"author":[{"embeddable":true,"href":"http:\/\/www.xingshitu.com\/fr\/wp-json\/wp\/v2\/users\/1"}],"replies":[{"embeddable":true,"href":"http:\/\/www.xingshitu.com\/fr\/wp-json\/wp\/v2\/comments?post=937"}],"version-history":[{"count":100,"href":"http:\/\/www.xingshitu.com\/fr\/wp-json\/wp\/v2\/pages\/937\/revisions"}],"predecessor-version":[{"id":2351,"href":"http:\/\/www.xingshitu.com\/fr\/wp-json\/wp\/v2\/pages\/937\/revisions\/2351"}],"wp:attachment":[{"href":"http:\/\/www.xingshitu.com\/fr\/wp-json\/wp\/v2\/media?parent=937"}],"curies":[{"name":"wp","href":"https:\/\/api.w.org\/{rel}","templated":true}]}}