{"id":1531,"date":"2024-11-25T06:54:19","date_gmt":"2024-11-25T06:54:19","guid":{"rendered":"http:\/\/www.xingshitu.com\/?page_id=1531"},"modified":"2024-11-25T06:57:10","modified_gmt":"2024-11-25T06:57:10","slug":"%e5%a1%94%e5%9f%ba%e5%85%89%e8%b0%b1%e6%b5%8b%e9%87%8f%e7%b3%bb%e7%bb%9f%e5%ba%94%e7%94%a8%e6%a1%88%e4%be%8b","status":"publish","type":"page","link":"http:\/\/www.xingshitu.com\/fr\/%e6%a1%88%e4%be%8b\/%e5%a1%94%e5%9f%ba%e5%85%89%e8%b0%b1%e6%b5%8b%e9%87%8f%e7%b3%bb%e7%bb%9f%e5%ba%94%e7%94%a8%e6%a1%88%e4%be%8b\/","title":{"rendered":"Exemples d'application des syst\u00e8mes de spectrom\u00e9trie \u00e0 tour"},"content":{"rendered":"<!DOCTYPE html>\n<html lang=\"en\">\n<head>\n<meta charset=\"UTF-8\">\n<meta name=\"viewport\" content=\"width=device-width, initial-scale=1.0\">\n<title>Vegetation Coverage Meter<\/title>\n<style>\n  body {\n  p {\n    padding-left: 100px; \/* \u8bbe\u7f6e\u6240\u6709\u6bb5\u843d\u6587\u5b57\u7684\u5de6\u9875\u8fb9\u8ddd *\/\n    padding-right: 100px; \/* \u8bbe\u7f6e\u6240\u6709\u6bb5\u843d\u6587\u5b57\u7684\u53f3\u9875\u8fb9\u8ddd *\/\n  }\n<\/style>\n<\/head>\n<body>\n\n<p class=\"has-text-align-center has-black-color has-text-color has-link-color has-large-font-size wp-elements-665fc402b59c8cdaf94076d141083875\"><strong>Exemples d'application des syst\u00e8mes de spectrom\u00e9trie \u00e0 tour<\/strong><\/p>\n\n\n\n<p class=\"has-text-align-center has-black-color has-text-color has-link-color has-medium-font-size wp-elements-0fec91f4be5b2d82d30059bbcb05335d\"><strong>Parc forestier national du panda g\u00e9ant de Longcanggou, comt\u00e9 de Xingjing, ville de Ya'an, province du Sichuan, Chine<\/strong><\/p>\n\n\n<div class=\"wp-block-image\">\n<figure class=\"aligncenter size-large is-resized\"><img loading=\"lazy\" decoding=\"async\" width=\"767\" height=\"1024\" src=\"http:\/\/www.xingshitu.com\/wp-content\/uploads\/2024\/11\/\u56db\u5ddd\u7701\u96c5\u5b89\u5e02\u8365\u7ecf\u53bf\u9f99\u82cd\u6c9f\u5927\u718a\u732b\u56fd\u5bb6\u68ee\u6797\u516c\u56ed-767x1024.png\" alt=\"\" class=\"wp-image-1532\" style=\"width:614px;height:auto\" srcset=\"http:\/\/www.xingshitu.com\/wp-content\/uploads\/2024\/11\/\u56db\u5ddd\u7701\u96c5\u5b89\u5e02\u8365\u7ecf\u53bf\u9f99\u82cd\u6c9f\u5927\u718a\u732b\u56fd\u5bb6\u68ee\u6797\u516c\u56ed-767x1024.png 767w, http:\/\/www.xingshitu.com\/wp-content\/uploads\/2024\/11\/\u56db\u5ddd\u7701\u96c5\u5b89\u5e02\u8365\u7ecf\u53bf\u9f99\u82cd\u6c9f\u5927\u718a\u732b\u56fd\u5bb6\u68ee\u6797\u516c\u56ed-225x300.png 225w, http:\/\/www.xingshitu.com\/wp-content\/uploads\/2024\/11\/\u56db\u5ddd\u7701\u96c5\u5b89\u5e02\u8365\u7ecf\u53bf\u9f99\u82cd\u6c9f\u5927\u718a\u732b\u56fd\u5bb6\u68ee\u6797\u516c\u56ed-112x150.png 112w, http:\/\/www.xingshitu.com\/wp-content\/uploads\/2024\/11\/\u56db\u5ddd\u7701\u96c5\u5b89\u5e02\u8365\u7ecf\u53bf\u9f99\u82cd\u6c9f\u5927\u718a\u732b\u56fd\u5bb6\u68ee\u6797\u516c\u56ed-768x1025.png 768w, http:\/\/www.xingshitu.com\/wp-content\/uploads\/2024\/11\/\u56db\u5ddd\u7701\u96c5\u5b89\u5e02\u8365\u7ecf\u53bf\u9f99\u82cd\u6c9f\u5927\u718a\u732b\u56fd\u5bb6\u68ee\u6797\u516c\u56ed.png 881w\" sizes=\"(max-width: 767px) 100vw, 767px\" \/><\/figure><\/div>\n\n\n<p class=\"has-text-align-center\">1.1<\/p>\n\n\n<div class=\"wp-block-image\">\n<figure class=\"aligncenter size-full is-resized\"><img loading=\"lazy\" decoding=\"async\" width=\"570\" height=\"761\" src=\"http:\/\/www.xingshitu.com\/wp-content\/uploads\/2024\/11\/\u56db\u5ddd\u7701\u96c5\u5b89\u5e02\u8365\u7ecf\u53bf\u9f99\u82cd\u6c9f\u5927\u718a\u732b\u56fd\u5bb6\u68ee\u6797\u516c\u56ed2.png\" alt=\"\" class=\"wp-image-1533\" style=\"width:615px;height:auto\" srcset=\"http:\/\/www.xingshitu.com\/wp-content\/uploads\/2024\/11\/\u56db\u5ddd\u7701\u96c5\u5b89\u5e02\u8365\u7ecf\u53bf\u9f99\u82cd\u6c9f\u5927\u718a\u732b\u56fd\u5bb6\u68ee\u6797\u516c\u56ed2.png 570w, http:\/\/www.xingshitu.com\/wp-content\/uploads\/2024\/11\/\u56db\u5ddd\u7701\u96c5\u5b89\u5e02\u8365\u7ecf\u53bf\u9f99\u82cd\u6c9f\u5927\u718a\u732b\u56fd\u5bb6\u68ee\u6797\u516c\u56ed2-225x300.png 225w, http:\/\/www.xingshitu.com\/wp-content\/uploads\/2024\/11\/\u56db\u5ddd\u7701\u96c5\u5b89\u5e02\u8365\u7ecf\u53bf\u9f99\u82cd\u6c9f\u5927\u718a\u732b\u56fd\u5bb6\u68ee\u6797\u516c\u56ed2-112x150.png 112w\" sizes=\"(max-width: 570px) 100vw, 570px\" \/><\/figure><\/div>\n\n\n<p class=\"has-text-align-center\">1.2<\/p>\n\n\n<div class=\"wp-block-image\">\n<figure class=\"aligncenter size-large is-resized\"><img loading=\"lazy\" decoding=\"async\" width=\"769\" height=\"1024\" src=\"http:\/\/www.xingshitu.com\/wp-content\/uploads\/2024\/11\/\u56db\u5ddd\u7701\u96c5\u5b89\u5e02\u8365\u7ecf\u53bf\u9f99\u82cd\u6c9f\u5927\u718a\u732b\u56fd\u5bb6\u68ee\u6797\u516c\u56ed3-769x1024.jpg\" alt=\"\" class=\"wp-image-1534\" style=\"width:611px;height:auto\" srcset=\"http:\/\/www.xingshitu.com\/wp-content\/uploads\/2024\/11\/\u56db\u5ddd\u7701\u96c5\u5b89\u5e02\u8365\u7ecf\u53bf\u9f99\u82cd\u6c9f\u5927\u718a\u732b\u56fd\u5bb6\u68ee\u6797\u516c\u56ed3-769x1024.jpg 769w, http:\/\/www.xingshitu.com\/wp-content\/uploads\/2024\/11\/\u56db\u5ddd\u7701\u96c5\u5b89\u5e02\u8365\u7ecf\u53bf\u9f99\u82cd\u6c9f\u5927\u718a\u732b\u56fd\u5bb6\u68ee\u6797\u516c\u56ed3-225x300.jpg 225w, http:\/\/www.xingshitu.com\/wp-content\/uploads\/2024\/11\/\u56db\u5ddd\u7701\u96c5\u5b89\u5e02\u8365\u7ecf\u53bf\u9f99\u82cd\u6c9f\u5927\u718a\u732b\u56fd\u5bb6\u68ee\u6797\u516c\u56ed3-113x150.jpg 113w, http:\/\/www.xingshitu.com\/wp-content\/uploads\/2024\/11\/\u56db\u5ddd\u7701\u96c5\u5b89\u5e02\u8365\u7ecf\u53bf\u9f99\u82cd\u6c9f\u5927\u718a\u732b\u56fd\u5bb6\u68ee\u6797\u516c\u56ed3-768x1023.jpg 768w, http:\/\/www.xingshitu.com\/wp-content\/uploads\/2024\/11\/\u56db\u5ddd\u7701\u96c5\u5b89\u5e02\u8365\u7ecf\u53bf\u9f99\u82cd\u6c9f\u5927\u718a\u732b\u56fd\u5bb6\u68ee\u6797\u516c\u56ed3.jpg 1080w\" sizes=\"(max-width: 769px) 100vw, 769px\" \/><\/figure><\/div>\n\n\n<p class=\"has-text-align-center\">1.3<\/p>\n\n\n\n<p class=\"has-medium-font-size\">Le syst\u00e8me de mesure spectrale bas\u00e9 sur une tour se compose de deux parties : un hyperspectrom\u00e8tre multi-angle enti\u00e8rement automatis\u00e9 et une cam\u00e9ra m\u00e9t\u00e9orologique multispectrale.<\/p>\n\n\n\n<p class=\"has-medium-font-size\">\u2460 L'instrument hyperspectral multi-angle enti\u00e8rement automatis\u00e9 fournit une m\u00e9thode de mesure peu co\u00fbteuse et tr\u00e8s efficace pour r\u00e9aliser la mesure automatique de donn\u00e9es hyperspectrales par tous les temps, qui peut \u00eatre appliqu\u00e9e \u00e0 l'acquisition de longues s\u00e9ries de donn\u00e9es spectrales et \u00e0 la surveillance de variables \u00e9cologiques et environnementales.<\/p>\n\n\n\n<p class=\"has-medium-font-size\">\u2461Cam\u00e9ra climatique multispectrale, bas\u00e9e sur une technologie d'imagerie multispectrale pr\u00e9cise, avec des algorithmes int\u00e9gr\u00e9s de divers indices climatiques et de v\u00e9g\u00e9tation, r\u00e9alisant une surveillance automatis\u00e9e en ligne du climat des plantes.<\/p>\n\n\n\n<p class=\"has-medium-font-size\">(iii) L'instrument hyperspectral (sans imagerie) et la cam\u00e9ra m\u00e9t\u00e9orologique multispectrale (avec imagerie) sont utilis\u00e9s conjointement pour l'observation synchronis\u00e9e au sol. Les deux types de donn\u00e9es se compl\u00e8tent mutuellement, ce qui permet d'appr\u00e9hender de mani\u00e8re plus compl\u00e8te et plus pr\u00e9cise l'\u00e9tat de croissance de la v\u00e9g\u00e9tation et les changements dynamiques qui en d\u00e9coulent.<\/p>\n\n\n\n<p class=\"has-text-align-center has-black-color has-text-color has-link-color has-medium-font-size wp-elements-c6a12201431d79481f5d4ca1be175a07\"><strong>Station exp\u00e9rimentale de Wanglang pour la t\u00e9l\u00e9d\u00e9tection int\u00e9gr\u00e9e de l'\u00e9cologie des montagnes<\/strong><\/p>\n\n\n<div class=\"wp-block-image\">\n<figure class=\"aligncenter size-large\"><img loading=\"lazy\" decoding=\"async\" width=\"1024\" height=\"759\" src=\"http:\/\/www.xingshitu.com\/wp-content\/uploads\/2024\/11\/\u738b\u6717-1024x759.jpg\" alt=\"\" class=\"wp-image-1535\" srcset=\"http:\/\/www.xingshitu.com\/wp-content\/uploads\/2024\/11\/\u738b\u6717-1024x759.jpg 1024w, http:\/\/www.xingshitu.com\/wp-content\/uploads\/2024\/11\/\u738b\u6717-300x223.jpg 300w, http:\/\/www.xingshitu.com\/wp-content\/uploads\/2024\/11\/\u738b\u6717-150x111.jpg 150w, http:\/\/www.xingshitu.com\/wp-content\/uploads\/2024\/11\/\u738b\u6717-768x570.jpg 768w, http:\/\/www.xingshitu.com\/wp-content\/uploads\/2024\/11\/\u738b\u6717.jpg 1080w\" sizes=\"(max-width: 1024px) 100vw, 1024px\" \/><\/figure><\/div>\n\n\n<p class=\"has-text-align-center\">2.1<\/p>\n\n\n<div class=\"wp-block-image\">\n<figure class=\"aligncenter size-large\"><img loading=\"lazy\" decoding=\"async\" width=\"1024\" height=\"759\" src=\"http:\/\/www.xingshitu.com\/wp-content\/uploads\/2024\/11\/\u738b\u67172-1024x759.jpg\" alt=\"\" class=\"wp-image-1536\" srcset=\"http:\/\/www.xingshitu.com\/wp-content\/uploads\/2024\/11\/\u738b\u67172-1024x759.jpg 1024w, http:\/\/www.xingshitu.com\/wp-content\/uploads\/2024\/11\/\u738b\u67172-300x223.jpg 300w, http:\/\/www.xingshitu.com\/wp-content\/uploads\/2024\/11\/\u738b\u67172-150x111.jpg 150w, http:\/\/www.xingshitu.com\/wp-content\/uploads\/2024\/11\/\u738b\u67172-768x570.jpg 768w, http:\/\/www.xingshitu.com\/wp-content\/uploads\/2024\/11\/\u738b\u67172.jpg 1080w\" sizes=\"(max-width: 1024px) 100vw, 1024px\" \/><\/figure><\/div>\n\n\n<p class=\"has-text-align-center\">2.2<\/p>\n\n\n<div class=\"wp-block-image\">\n<figure class=\"aligncenter size-large\"><img loading=\"lazy\" decoding=\"async\" width=\"1024\" height=\"768\" src=\"http:\/\/www.xingshitu.com\/wp-content\/uploads\/2024\/11\/\u738b\u67173-1024x768.jpg\" alt=\"\" class=\"wp-image-1537\" srcset=\"http:\/\/www.xingshitu.com\/wp-content\/uploads\/2024\/11\/\u738b\u67173-1024x768.jpg 1024w, http:\/\/www.xingshitu.com\/wp-content\/uploads\/2024\/11\/\u738b\u67173-300x225.jpg 300w, http:\/\/www.xingshitu.com\/wp-content\/uploads\/2024\/11\/\u738b\u67173-150x113.jpg 150w, http:\/\/www.xingshitu.com\/wp-content\/uploads\/2024\/11\/\u738b\u67173-768x576.jpg 768w, http:\/\/www.xingshitu.com\/wp-content\/uploads\/2024\/11\/\u738b\u67173.jpg 1080w\" sizes=\"(max-width: 1024px) 100vw, 1024px\" \/><\/figure><\/div>\n\n\n<p class=\"has-text-align-center\">2.3<\/p>\n\n\n\n<p class=\"has-medium-font-size\"><strong>Le Tower Spectral Measurement System est un instrument d'observation de haute pr\u00e9cision destin\u00e9 \u00e0 la recherche scientifique nationale, d\u00e9velopp\u00e9 ind\u00e9pendamment par Beijing StarView. Il est dot\u00e9 d'algorithmes int\u00e9gr\u00e9s pour une vari\u00e9t\u00e9 de param\u00e8tres cl\u00e9s de la v\u00e9g\u00e9tation, d'une acquisition en temps r\u00e9el de donn\u00e9es, y compris, mais sans s'y limiter, les suivantes, et d'un support pour le d\u00e9veloppement personnalis\u00e9 :<\/strong><\/p>\n\n\n\n<hr class=\"wp-block-separator has-alpha-channel-opacity\"\/>\n\n\n\n<p class=\"has-medium-font-size\"><strong>S\u00e9ries temporelles d'images spectrales et images climatiques RVB<\/strong><\/p>\n\n\n\n<p class=\"has-medium-font-size\"><strong>S\u00e9rie temporelle de la r\u00e9flectance spectrale de la v\u00e9g\u00e9tation<\/strong><\/p>\n\n\n\n<p class=\"has-medium-font-size\"><strong>Fluorescence chlorophyllienne induite par la lumi\u00e8re du soleil (SIF)<\/strong><\/p>\n\n\n\n<p class=\"has-medium-font-size\"><strong>Productivit\u00e9 primaire brute (PPB)<\/strong><\/p>\n\n\n\n<p class=\"has-medium-font-size\"><strong>Taux de photosynth\u00e8se (PSR)<\/strong><\/p>\n\n\n\n<p class=\"has-medium-font-size\"><strong>Indice de v\u00e9g\u00e9tation par diff\u00e9rence normalis\u00e9e (NDVI)<\/strong><\/p>\n\n\n\n<p class=\"has-medium-font-size\"><strong>Indice Red Edge (REI)<\/strong><\/p>\n\n\n\n<p class=\"has-medium-font-size\"><strong>Indice chlorophylle\/carot\u00e9no\u00efdes (CCI)<\/strong><\/p>\n\n\n\n<p class=\"has-medium-font-size\"><strong>Indice photochimique de v\u00e9g\u00e9tation (PRI)<\/strong><\/p>","protected":false},"excerpt":{"rendered":"<p>Vegetation Coverage Meter \u5854\u57fa\u5149\u8c31\u6d4b\u91cf\u7cfb\u7edf\u5e94\u7528\u6848\u4f8b \u56db\u5ddd\u7701\u96c5\u5b89\u5e02\u8365\u7ecf\u53bf\u9f99\u82cd\u6c9f\u5927\u718a\u732b\u56fd [&hellip;]<\/p>\n","protected":false},"author":1,"featured_media":0,"parent":1186,"menu_order":1,"comment_status":"closed","ping_status":"closed","template":"","meta":{"saved_in_kubio":false,"footnotes":""},"class_list":["post-1531","page","type-page","status-publish","hentry"],"kubio_ai_page_context":{"short_desc":"","purpose":"general"},"_links":{"self":[{"href":"http:\/\/www.xingshitu.com\/fr\/wp-json\/wp\/v2\/pages\/1531","targetHints":{"allow":["GET"]}}],"collection":[{"href":"http:\/\/www.xingshitu.com\/fr\/wp-json\/wp\/v2\/pages"}],"about":[{"href":"http:\/\/www.xingshitu.com\/fr\/wp-json\/wp\/v2\/types\/page"}],"author":[{"embeddable":true,"href":"http:\/\/www.xingshitu.com\/fr\/wp-json\/wp\/v2\/users\/1"}],"replies":[{"embeddable":true,"href":"http:\/\/www.xingshitu.com\/fr\/wp-json\/wp\/v2\/comments?post=1531"}],"version-history":[{"count":3,"href":"http:\/\/www.xingshitu.com\/fr\/wp-json\/wp\/v2\/pages\/1531\/revisions"}],"predecessor-version":[{"id":1541,"href":"http:\/\/www.xingshitu.com\/fr\/wp-json\/wp\/v2\/pages\/1531\/revisions\/1541"}],"up":[{"embeddable":true,"href":"http:\/\/www.xingshitu.com\/fr\/wp-json\/wp\/v2\/pages\/1186"}],"wp:attachment":[{"href":"http:\/\/www.xingshitu.com\/fr\/wp-json\/wp\/v2\/media?parent=1531"}],"curies":[{"name":"wp","href":"https:\/\/api.w.org\/{rel}","templated":true}]}}