{"id":1522,"date":"2024-11-25T06:43:28","date_gmt":"2024-11-25T06:43:28","guid":{"rendered":"http:\/\/www.xingshitu.com\/?page_id=1522"},"modified":"2024-11-25T06:43:28","modified_gmt":"2024-11-25T06:43:28","slug":"%e5%85%a8%e8%87%aa%e5%8a%a8%e5%8f%b6%e9%9d%a2%e7%a7%af%e6%8c%87%e6%95%b0%e4%bb%aa%e5%ba%94%e7%94%a8%e6%a1%88%e4%be%8b","status":"publish","type":"page","link":"http:\/\/www.xingshitu.com\/fr\/%e5%85%a8%e8%87%aa%e5%8a%a8%e5%8f%b6%e9%9d%a2%e7%a7%af%e6%8c%87%e6%95%b0%e4%bb%aa%e5%ba%94%e7%94%a8%e6%a1%88%e4%be%8b\/","title":{"rendered":"Indice de surface foliaire (LAI) Cas d'application"},"content":{"rendered":"<!DOCTYPE html>\n<html lang=\"en\">\n<head>\n<meta charset=\"UTF-8\">\n<meta name=\"viewport\" content=\"width=device-width, initial-scale=1.0\">\n<title>Vegetation Coverage Meter<\/title>\n<style>\n  body {\n  p {\n    padding-left: 100px; \/* \u8bbe\u7f6e\u6240\u6709\u6bb5\u843d\u6587\u5b57\u7684\u5de6\u9875\u8fb9\u8ddd *\/\n    padding-right: 100px; \/* \u8bbe\u7f6e\u6240\u6709\u6bb5\u843d\u6587\u5b57\u7684\u53f3\u9875\u8fb9\u8ddd *\/\n  }\n<\/style>\n<\/head>\n<body>\n\n<p class=\"has-text-align-center has-black-color has-text-color has-link-color has-large-font-size wp-elements-a0d4e7eadcac32010c13050c63390f6a\"><strong>Indice de surface foliaire (LAI) Cas d'application<\/strong><\/p>\n\n\n\n<p class=\"has-medium-font-size\">\u00a0      L'indice de surface foliaire (ISF) est un param\u00e8tre important de la structure du couvert v\u00e9g\u00e9tal, couramment utilis\u00e9 dans les mod\u00e8les de t\u00e9l\u00e9d\u00e9tection, les mod\u00e8les de croissance des cultures, les mod\u00e8les de pr\u00e9vision des rendements et les mod\u00e8les de processus de la surface terrestre. Le compteur d'indice foliaire de type r\u00e9seau sans fil (LAINet) est le premier en Chine \u00e0 r\u00e9aliser la mesure enti\u00e8rement automatique de l'indice foliaire et \u00e0 pouvoir obtenir de longues s\u00e9ries temporelles de l'indice foliaire du couvert v\u00e9g\u00e9tal de mani\u00e8re continue et automatique dans des conditions sans surveillance.<\/p>\n\n\n\n<p class=\"has-medium-font-size\">\u00a0\u00a0\u00a0\u00a0\u00a0\u00a0\u00a0Le n\u0153ud de capteur est capable de mesurer le rayonnement de transmission de la v\u00e9g\u00e9tation de mani\u00e8re automatique, continue et pr\u00e9cise, et d'estimer et de calculer l'indice de surface foliaire de la v\u00e9g\u00e9tation en calculant la capacit\u00e9 de transmission de la v\u00e9g\u00e9tation pour le rayonnement solaire sous diff\u00e9rents angles. Le compteur d'indice de surface foliaire (LAI) peut \u00eatre automatiquement mis en r\u00e9seau et convient aux mesures \u00e0 long terme sans surveillance lorsqu'il est d\u00e9ploy\u00e9 dans des stations de terrain.<\/p>\n\n\n<div class=\"wp-block-image\">\n<figure class=\"aligncenter size-full\"><img loading=\"lazy\" decoding=\"async\" width=\"860\" height=\"557\" src=\"http:\/\/www.xingshitu.com\/wp-content\/uploads\/2024\/11\/image-90.png\" alt=\"\" class=\"wp-image-1523\" srcset=\"http:\/\/www.xingshitu.com\/wp-content\/uploads\/2024\/11\/image-90.png 860w, http:\/\/www.xingshitu.com\/wp-content\/uploads\/2024\/11\/image-90-300x194.png 300w, http:\/\/www.xingshitu.com\/wp-content\/uploads\/2024\/11\/image-90-150x97.png 150w, http:\/\/www.xingshitu.com\/wp-content\/uploads\/2024\/11\/image-90-768x497.png 768w\" sizes=\"(max-width: 860px) 100vw, 860px\" \/><\/figure><\/div>\n\n\n<p class=\"has-text-align-center has-black-color has-text-color has-link-color wp-elements-4cc81a3aa9e34c979ad1d7813a9d1455\" style=\"font-size:28px\"><strong>Cas d'installation de la banni\u00e8re Ejinagi de la ligue Alxa de Mongolie int\u00e9rieure<\/strong><\/p>\n\n\n\n<p class=\"has-text-align-center has-medium-font-size\">bas\u00e9 sur l'imagerie<\/p>\n\n\n<div class=\"wp-block-image\">\n<figure class=\"aligncenter size-full\"><img loading=\"lazy\" decoding=\"async\" width=\"819\" height=\"517\" src=\"http:\/\/www.xingshitu.com\/wp-content\/uploads\/2024\/11\/\u5fae\u4fe1\u622a\u56fe_20241125134530.jpg\" alt=\"\" class=\"wp-image-1496\" srcset=\"http:\/\/www.xingshitu.com\/wp-content\/uploads\/2024\/11\/\u5fae\u4fe1\u622a\u56fe_20241125134530.jpg 819w, http:\/\/www.xingshitu.com\/wp-content\/uploads\/2024\/11\/\u5fae\u4fe1\u622a\u56fe_20241125134530-300x189.jpg 300w, http:\/\/www.xingshitu.com\/wp-content\/uploads\/2024\/11\/\u5fae\u4fe1\u622a\u56fe_20241125134530-150x95.jpg 150w, http:\/\/www.xingshitu.com\/wp-content\/uploads\/2024\/11\/\u5fae\u4fe1\u622a\u56fe_20241125134530-768x485.jpg 768w\" sizes=\"(max-width: 819px) 100vw, 819px\" \/><\/figure><\/div>\n\n<div class=\"wp-block-image\">\n<figure class=\"aligncenter size-full\"><img loading=\"lazy\" decoding=\"async\" width=\"824\" height=\"674\" src=\"http:\/\/www.xingshitu.com\/wp-content\/uploads\/2024\/11\/image-91.png\" alt=\"\" class=\"wp-image-1524\" srcset=\"http:\/\/www.xingshitu.com\/wp-content\/uploads\/2024\/11\/image-91.png 824w, http:\/\/www.xingshitu.com\/wp-content\/uploads\/2024\/11\/image-91-300x245.png 300w, http:\/\/www.xingshitu.com\/wp-content\/uploads\/2024\/11\/image-91-150x123.png 150w, http:\/\/www.xingshitu.com\/wp-content\/uploads\/2024\/11\/image-91-768x628.png 768w\" sizes=\"(max-width: 824px) 100vw, 824px\" \/><\/figure><\/div>\n\n\n<p class=\"has-text-align-center has-medium-font-size\">PART02<\/p>\n\n\n\n<p class=\"has-text-align-center has-medium-font-size\">photonique<\/p>\n\n\n<div class=\"wp-block-image\">\n<figure class=\"aligncenter size-full\"><img loading=\"lazy\" decoding=\"async\" width=\"827\" height=\"665\" src=\"http:\/\/www.xingshitu.com\/wp-content\/uploads\/2024\/11\/image-93.png\" alt=\"\" class=\"wp-image-1526\" srcset=\"http:\/\/www.xingshitu.com\/wp-content\/uploads\/2024\/11\/image-93.png 827w, http:\/\/www.xingshitu.com\/wp-content\/uploads\/2024\/11\/image-93-300x241.png 300w, http:\/\/www.xingshitu.com\/wp-content\/uploads\/2024\/11\/image-93-150x121.png 150w, http:\/\/www.xingshitu.com\/wp-content\/uploads\/2024\/11\/image-93-768x618.png 768w\" sizes=\"(max-width: 827px) 100vw, 827px\" \/><\/figure><\/div>\n\n<div class=\"wp-block-image\">\n<figure class=\"aligncenter size-full\"><img loading=\"lazy\" decoding=\"async\" width=\"829\" height=\"732\" src=\"http:\/\/www.xingshitu.com\/wp-content\/uploads\/2024\/11\/image-95.png\" alt=\"\" class=\"wp-image-1528\" srcset=\"http:\/\/www.xingshitu.com\/wp-content\/uploads\/2024\/11\/image-95.png 829w, http:\/\/www.xingshitu.com\/wp-content\/uploads\/2024\/11\/image-95-300x265.png 300w, http:\/\/www.xingshitu.com\/wp-content\/uploads\/2024\/11\/image-95-150x132.png 150w, http:\/\/www.xingshitu.com\/wp-content\/uploads\/2024\/11\/image-95-768x678.png 768w\" sizes=\"(max-width: 829px) 100vw, 829px\" \/><\/figure><\/div>","protected":false},"excerpt":{"rendered":"<p>Vegetation Coverage Meter \u5168\u81ea\u52a8\u53f6\u9762\u79ef\u6307\u6570\u4eea\u5e94\u7528\u6848\u4f8b \u00a0 \u53f6\u9762\u79ef\u6307\u6570(LAI)\u662f\u690d\u88ab [&hellip;]<\/p>\n","protected":false},"author":1,"featured_media":0,"parent":0,"menu_order":0,"comment_status":"closed","ping_status":"closed","template":"","meta":{"saved_in_kubio":false,"footnotes":""},"class_list":["post-1522","page","type-page","status-publish","hentry"],"kubio_ai_page_context":{"short_desc":"","purpose":"general"},"_links":{"self":[{"href":"http:\/\/www.xingshitu.com\/fr\/wp-json\/wp\/v2\/pages\/1522","targetHints":{"allow":["GET"]}}],"collection":[{"href":"http:\/\/www.xingshitu.com\/fr\/wp-json\/wp\/v2\/pages"}],"about":[{"href":"http:\/\/www.xingshitu.com\/fr\/wp-json\/wp\/v2\/types\/page"}],"author":[{"embeddable":true,"href":"http:\/\/www.xingshitu.com\/fr\/wp-json\/wp\/v2\/users\/1"}],"replies":[{"embeddable":true,"href":"http:\/\/www.xingshitu.com\/fr\/wp-json\/wp\/v2\/comments?post=1522"}],"version-history":[{"count":1,"href":"http:\/\/www.xingshitu.com\/fr\/wp-json\/wp\/v2\/pages\/1522\/revisions"}],"predecessor-version":[{"id":1529,"href":"http:\/\/www.xingshitu.com\/fr\/wp-json\/wp\/v2\/pages\/1522\/revisions\/1529"}],"wp:attachment":[{"href":"http:\/\/www.xingshitu.com\/fr\/wp-json\/wp\/v2\/media?parent=1522"}],"curies":[{"name":"wp","href":"https:\/\/api.w.org\/{rel}","templated":true}]}}