{"id":1188,"date":"2024-11-22T01:10:04","date_gmt":"2024-11-22T01:10:04","guid":{"rendered":"http:\/\/www.xingshitu.com\/?page_id=1188"},"modified":"2024-11-26T02:03:07","modified_gmt":"2024-11-26T02:03:07","slug":"%e5%85%b3%e4%ba%8e","status":"publish","type":"page","link":"http:\/\/www.xingshitu.com\/fr\/%e5%85%b3%e4%ba%8e\/","title":{"rendered":"en ce qui concerne"},"content":{"rendered":"<p class=\"has-text-align-center\" style=\"font-size:24px\"><strong>Si vous souhaitez en savoir plus sur nos produits ou notre coop\u00e9ration, ou si vous avez des questions ou des suggestions, n'h\u00e9sitez pas \u00e0 nous contacter !<\/strong><\/p>\n\n\n\n<p class=\"has-text-align-center has-black-color has-text-color has-link-color wp-elements-4f77af31c0f7408622cd1f7523e60c49\" style=\"font-size:24px\"><strong>L'\u00e9quipe de StarView vous fournira des conseils professionnels avant l'achat, des recommandations de solutions et un service apr\u00e8s-vente parfait.<\/strong><\/p>\n\n\n\n<p class=\"has-text-align-center has-medium-font-size\"><strong>Adresse : Room 806, Tongjing Building, Shijingshan District, Beijing, Chine<\/strong><\/p>\n\n\n\n<p class=\"has-text-align-center has-medium-font-size\"><strong>Site web : www.xingshitu.com<\/strong><\/p>\n\n\n\n<p class=\"has-text-align-center has-medium-font-size\"><strong>Tel\uff1a18201076577<\/strong><\/p>\n\n\n\n<p class=\"has-text-align-center has-medium-font-size\"><strong>\u90ae\u7bb1\uff1asuyifeng@xingshitu.com<\/strong><\/p>","protected":false},"excerpt":{"rendered":"<p>\u5982\u679c\u60a8\u6709\u610f\u613f\u4e86\u89e3\u6211\u4eec\u4e86\u89e3\u4ea7\u54c1\u6216\u5408\u4f5c\u6216\u6709\u7591\u95ee\u6216\u5efa\u8bae\u8bf7\u8054\u7cfb\u6211\u4eec\uff01 \u661f\u89c6\u56fe\u56e2\u961f\u5c06\u4e3a\u60a8\u63d0\u4f9b\u4e13\u4e1a\u7684\u552e\u524d\u8d2d\u4e70\u54a8\u8be2\u3001\u89e3\u51b3\u65b9\u6848 [&hellip;]<\/p>\n","protected":false},"author":1,"featured_media":0,"parent":0,"menu_order":0,"comment_status":"closed","ping_status":"closed","template":"","meta":{"saved_in_kubio":false,"footnotes":""},"class_list":["post-1188","page","type-page","status-publish","hentry"],"kubio_ai_page_context":{"short_desc":"","purpose":"general"},"_links":{"self":[{"href":"http:\/\/www.xingshitu.com\/fr\/wp-json\/wp\/v2\/pages\/1188","targetHints":{"allow":["GET"]}}],"collection":[{"href":"http:\/\/www.xingshitu.com\/fr\/wp-json\/wp\/v2\/pages"}],"about":[{"href":"http:\/\/www.xingshitu.com\/fr\/wp-json\/wp\/v2\/types\/page"}],"author":[{"embeddable":true,"href":"http:\/\/www.xingshitu.com\/fr\/wp-json\/wp\/v2\/users\/1"}],"replies":[{"embeddable":true,"href":"http:\/\/www.xingshitu.com\/fr\/wp-json\/wp\/v2\/comments?post=1188"}],"version-history":[{"count":2,"href":"http:\/\/www.xingshitu.com\/fr\/wp-json\/wp\/v2\/pages\/1188\/revisions"}],"predecessor-version":[{"id":1630,"href":"http:\/\/www.xingshitu.com\/fr\/wp-json\/wp\/v2\/pages\/1188\/revisions\/1630"}],"wp:attachment":[{"href":"http:\/\/www.xingshitu.com\/fr\/wp-json\/wp\/v2\/media?parent=1188"}],"curies":[{"name":"wp","href":"https:\/\/api.w.org\/{rel}","templated":true}]}}