{"id":1182,"date":"2024-11-22T01:10:47","date_gmt":"2024-11-22T01:10:47","guid":{"rendered":"http:\/\/www.xingshitu.com\/?page_id=1182"},"modified":"2024-11-26T04:50:48","modified_gmt":"2024-11-26T04:50:48","slug":"%e5%93%81%e7%89%8c","status":"publish","type":"page","link":"http:\/\/www.xingshitu.com\/fr\/%e5%93%81%e7%89%8c\/","title":{"rendered":"nom de marque"},"content":{"rendered":"<!DOCTYPE html>\n<html lang=\"en\">\n<head>\n<meta charset=\"UTF-8\">\n<meta name=\"viewport\" content=\"width=device-width, initial-scale=1.0\">\n<title>Vegetation Coverage Meter<\/title>\n<style>\n  body {\n  p {\n    padding-left: 100px; \/* \u8bbe\u7f6e\u6240\u6709\u6bb5\u843d\u6587\u5b57\u7684\u5de6\u9875\u8fb9\u8ddd *\/\n    padding-right: 100px; \/* \u8bbe\u7f6e\u6240\u6709\u6bb5\u843d\u6587\u5b57\u7684\u53f3\u9875\u8fb9\u8ddd *\/\n  }\n<\/style>\n<\/head>\n<body>\n\n\n<p class=\"has-medium-font-size\">Beijing StarView Technology Co. est une entreprise leader dans le domaine de l'Internet \u00e9cologique des objets (IoT) et du service de donn\u00e9es d'observation au sol par t\u00e9l\u00e9d\u00e9tection, qui a rassembl\u00e9 les meilleurs techniciens du State Key Laboratory of Remote Sensing (Laboratoire cl\u00e9 d'\u00c9tat de t\u00e9l\u00e9d\u00e9tection). La soci\u00e9t\u00e9 poss\u00e8de non seulement des algorithmes de base ind\u00e9pendants, mais continue \u00e9galement \u00e0 faire des efforts dans la recherche et le d\u00e9veloppement d'instruments de recherche scientifique nationaux de haute pr\u00e9cision, et a construit avec succ\u00e8s un syst\u00e8me de surveillance de t\u00e9l\u00e9d\u00e9tection \u00e9cologique terrestre proche de la terre int\u00e9grant la surveillance IoT, la plate-forme big data, les produits th\u00e9matiques de t\u00e9l\u00e9d\u00e9tection et l'\u00e9quipement intelligent.<\/p>\n\n\n\n<p class=\"has-medium-font-size\">Beijing StarView Technology Co. a men\u00e9 des recherches ind\u00e9pendantes et d\u00e9velopp\u00e9 un certain nombre de s\u00e9ries de produits, notamment une cam\u00e9ra multifonctionnelle pour le climat et l'indice de v\u00e9g\u00e9tation, un r\u00e9seau de surveillance au sol pour les param\u00e8tres de la structure du couvert v\u00e9g\u00e9tal, un spectrom\u00e8tre de fluorescence de la chlorophylle induite par la lumi\u00e8re du soleil et un r\u00e9seau de d\u00e9tection sans fil multiparam\u00e9trique pour les sols, etc.<\/p>\n\n\n\n<p class=\"has-medium-font-size\">Ces dispositifs jouent un r\u00f4le important dans les domaines de l'\u00e9cologie terrestre, de l'agroforesterie et de la lutte contre les \u00e9missions de carbone. Gr\u00e2ce \u00e0 une int\u00e9gration \u00e9troite avec la technologie des satellites de t\u00e9l\u00e9d\u00e9tection, nous sommes parvenus \u00e0 une surveillance \u00e0 grande \u00e9chelle, \u00e0 long terme, par tous les temps et enti\u00e8rement automatis\u00e9e de la croissance de la v\u00e9g\u00e9tation, de la biodiversit\u00e9 et des \u00e9l\u00e9ments environnementaux, fournissant ainsi des donn\u00e9es solides \u00e0 l'appui de la recherche scientifique.<\/p>\n\n\n\n<p class=\"has-medium-font-size\">Depuis sa cr\u00e9ation, Beijing StarView Technology Co. a \u00e9tabli une coop\u00e9ration \u00e9troite avec de nombreux instituts de recherche et universit\u00e9s de premier plan, et a promu conjointement le d\u00e9veloppement de la construction de stations \u00e9cologiques sur le terrain, l'\u00e9tude et la surveillance des ressources, et l'application de la technologie de t\u00e9l\u00e9d\u00e9tection. Nos produits de la s\u00e9rie LAINet ont obtenu d'excellents r\u00e9sultats dans le cadre de l'exp\u00e9rience conjointe d'observation par t\u00e9l\u00e9d\u00e9tection int\u00e9gr\u00e9e, fournissant d'importantes donn\u00e9es de r\u00e9f\u00e9rence pour l'inversion et la validation des param\u00e8tres de t\u00e9l\u00e9d\u00e9tection.<\/p>\n\n\n<div class=\"wp-block-image\">\n<figure class=\"alignright size-full is-resized\"><img loading=\"lazy\" decoding=\"async\" width=\"366\" height=\"279\" src=\"http:\/\/www.xingshitu.com\/wp-content\/uploads\/2024\/11\/image-70.png\" alt=\"\" class=\"wp-image-1452\" style=\"width:442px;height:auto;margin-right: 100px;\" srcset=\"http:\/\/www.xingshitu.com\/wp-content\/uploads\/2024\/11\/image-70.png 366w, http:\/\/www.xingshitu.com\/wp-content\/uploads\/2024\/11\/image-70-300x229.png 300w, http:\/\/www.xingshitu.com\/wp-content\/uploads\/2024\/11\/image-70-150x114.png 150w\" sizes=\"(max-width: 366px) 100vw, 366px\" \/><\/figure><\/div>\n\n\n<p class=\"has-medium-font-size\">Prenons l'exemple de l'exp\u00e9rience conjointe sur l'observation int\u00e9gr\u00e9e par t\u00e9l\u00e9d\u00e9tection des processus \u00e9cohydrologiques dans le bassin de la rivi\u00e8re Heihe (un grand projet de programme de recherche de la Commission nationale des sciences naturelles et de la g\u00e9n\u00e9tique de Chine) : les produits de la s\u00e9rie LAINet fabriqu\u00e9s par StarView \u00e0 P\u00e9kin ont compl\u00e9t\u00e9 une s\u00e9rie d'exp\u00e9riences men\u00e9es dans l'histoire du bassin de la rivi\u00e8re Heihe.<strong>inaugural<\/strong>Exp\u00e9riences de validation au sol de l'indice de surface foliaire pour de longues s\u00e9ries temporelles sur une vaste zone. En utilisant les donn\u00e9es de s\u00e9ries temporelles de surveillance automatique des produits LAINet des stations terrestres comme donn\u00e9es de base et de r\u00e9f\u00e9rence, nous avons form\u00e9 un cadre pour l'inversion et la validation des param\u00e8tres de t\u00e9l\u00e9d\u00e9tection en int\u00e9grant les observations terrestres, les donn\u00e9es satellitaires et les mod\u00e8les dynamiques. Les r\u00e9sultats ont \u00e9t\u00e9 cit\u00e9s plus de 100 fois dans des revues internationales, notamment Remote Sensing of Environment, Science Bulletin, etc., la citation la plus \u00e9lev\u00e9e \u00e9tant de plus de 120 fois pour un seul article (2024).<\/p>\n\n\n\n<p class=\"has-medium-font-size\">Les r\u00e9sultats ont \u00e9t\u00e9 reconnus au niveau international :<strong>L'\u00e9quipe de r\u00e9dacteurs en chef de Remote Sensing of Envirmonent estime que les r\u00e9sultats de cette recherche fournissent un programme d'observation continue pour NEOROS, de l'\u00e9chantillon \u00e0 la grande \u00e9chelle r\u00e9gionale, qui peut \u00eatre utilis\u00e9 pour r\u00e9v\u00e9ler les caract\u00e9ristiques dynamiques des param\u00e8tres de surface.<\/strong><\/p>\n\n\n\n<p class=\"has-medium-font-size\">Reconnaissance nationale des r\u00e9sultats : deuxi\u00e8me prix du Geographic Information Science and Technology Progress Award (titre des r\u00e9sultats : Multi-source Autonomous Satellite Leaf Area Index Integration Inversion Technique and Multi-Regional Application, Qingyan Meng,<strong>Qu Yonghua (1974-), physicien, astronome et math\u00e9maticien sino-am\u00e9ricain<\/strong>Zhanyulin et al (Institute of Remote Sensing and Digital Earth, Chinese Academy of Sciences, Beijing Normal University, Sanya Zhongke Remote Sensing Institute, University of Science and Technology Beijing, 2017).<\/p>\n\n\n\n<p class=\"has-medium-font-size\">En outre, nos donn\u00e9es de validation au sol de l'indice de surface foliaire ont \u00e9t\u00e9 partag\u00e9es avec l'ext\u00e9rieur par l'interm\u00e9diaire du Tibetan Plateau Science Data Centre, ce qui constitue une ressource de donn\u00e9es pr\u00e9cieuse pour les chercheurs du monde entier (URL :<a href=\"http:\/\/www.tpedatabase.cn\/\">http:\/\/www.tpedatabase.cn\/<\/a>).<\/p>\n\n\n\n<p class=\"has-medium-font-size\">Beijing StarView Technology Co. continuera \u00e0 d\u00e9fendre le concept d'innovation, de coop\u00e9ration et de situation gagnant-gagnant, et \u00e0 am\u00e9liorer constamment sa force technique et son niveau de service. Nous sommes fermement convaincus que nous pouvons apporter un soutien plus important \u00e0 la recherche dans les domaines de l'\u00e9cologie terrestre, de l'agriculture et de la sylviculture, et des objectifs \u00e0 double carbone, et contribuer par notre sagesse et notre force \u00e0 la protection de l'\u00e9cologie et de l'environnement \u00e0 l'\u00e9chelle mondiale. Nous continuerons \u00e0 nous consacrer \u00e0 la promotion du d\u00e9veloppement et de l'application de la technologie de la t\u00e9l\u00e9d\u00e9tection et \u00e0 d\u00e9ployer des efforts inlassables pour construire une belle Chine et atteindre les objectifs mondiaux de d\u00e9veloppement durable.<\/p>\n\n\n<div class=\"wp-block-image\">\n<figure class=\"aligncenter size-full is-resized\"><img loading=\"lazy\" decoding=\"async\" width=\"761\" height=\"190\" src=\"http:\/\/www.xingshitu.com\/wp-content\/uploads\/2024\/11\/image-71.png\" alt=\"\" class=\"wp-image-1453\" style=\"width:985px;height:auto\" srcset=\"http:\/\/www.xingshitu.com\/wp-content\/uploads\/2024\/11\/image-71.png 761w, http:\/\/www.xingshitu.com\/wp-content\/uploads\/2024\/11\/image-71-300x75.png 300w, http:\/\/www.xingshitu.com\/wp-content\/uploads\/2024\/11\/image-71-150x37.png 150w\" sizes=\"(max-width: 761px) 100vw, 761px\" \/><\/figure><\/div>\n\n<div class=\"wp-block-image\">\n<figure class=\"aligncenter size-full\"><img loading=\"lazy\" decoding=\"async\" width=\"835\" height=\"696\" src=\"http:\/\/www.xingshitu.com\/wp-content\/uploads\/2024\/11\/image-72.png\" alt=\"\" class=\"wp-image-1454\" srcset=\"http:\/\/www.xingshitu.com\/wp-content\/uploads\/2024\/11\/image-72.png 835w, http:\/\/www.xingshitu.com\/wp-content\/uploads\/2024\/11\/image-72-300x250.png 300w, http:\/\/www.xingshitu.com\/wp-content\/uploads\/2024\/11\/image-72-150x125.png 150w, http:\/\/www.xingshitu.com\/wp-content\/uploads\/2024\/11\/image-72-768x640.png 768w\" sizes=\"(max-width: 835px) 100vw, 835px\" \/><\/figure><\/div>\n\n<div class=\"wp-block-image\">\n<figure class=\"aligncenter size-full\"><img loading=\"lazy\" decoding=\"async\" width=\"820\" height=\"586\" src=\"http:\/\/www.xingshitu.com\/wp-content\/uploads\/2024\/11\/image-73.png\" alt=\"\" class=\"wp-image-1455\" srcset=\"http:\/\/www.xingshitu.com\/wp-content\/uploads\/2024\/11\/image-73.png 820w, http:\/\/www.xingshitu.com\/wp-content\/uploads\/2024\/11\/image-73-300x214.png 300w, http:\/\/www.xingshitu.com\/wp-content\/uploads\/2024\/11\/image-73-150x107.png 150w, http:\/\/www.xingshitu.com\/wp-content\/uploads\/2024\/11\/image-73-768x549.png 768w\" sizes=\"(max-width: 820px) 100vw, 820px\" \/><\/figure><\/div>\n\n\n<p class=\"has-text-align-center has-medium-font-size\">Adresse : Room 806, Tongjing Building, Shijingshan District, Beijing, Chine<\/p>\n\n\n\n<p class=\"has-text-align-center has-medium-font-size\">Site web : www.xingshitu.com<\/p>\n\n\n\n<p class=\"has-text-align-center has-medium-font-size\">Tel\uff1a18201076577<\/p>\n\n\n\n<p class=\"has-text-align-center has-medium-font-size\">\u90ae\u7bb1\uff1asuyifeng@xingshitu.com<\/p>","protected":false},"excerpt":{"rendered":"<p>Vegetation Coverage Meter \u5317\u4eac\u661f\u89c6\u56fe\u79d1\u6280\u6709\u9650\u516c\u53f8\uff0c\u4f5c\u4e3a\u56fd\u5185\u751f\u6001\u7269\u8054\u7f51\u4e0e\u9065\u611f\u5730\u9762\u89c2\u6d4b\u6570 [&hellip;]<\/p>\n","protected":false},"author":1,"featured_media":0,"parent":0,"menu_order":0,"comment_status":"closed","ping_status":"closed","template":"","meta":{"saved_in_kubio":false,"footnotes":""},"class_list":["post-1182","page","type-page","status-publish","hentry"],"kubio_ai_page_context":{"short_desc":"","purpose":"general"},"_links":{"self":[{"href":"http:\/\/www.xingshitu.com\/fr\/wp-json\/wp\/v2\/pages\/1182","targetHints":{"allow":["GET"]}}],"collection":[{"href":"http:\/\/www.xingshitu.com\/fr\/wp-json\/wp\/v2\/pages"}],"about":[{"href":"http:\/\/www.xingshitu.com\/fr\/wp-json\/wp\/v2\/types\/page"}],"author":[{"embeddable":true,"href":"http:\/\/www.xingshitu.com\/fr\/wp-json\/wp\/v2\/users\/1"}],"replies":[{"embeddable":true,"href":"http:\/\/www.xingshitu.com\/fr\/wp-json\/wp\/v2\/comments?post=1182"}],"version-history":[{"count":7,"href":"http:\/\/www.xingshitu.com\/fr\/wp-json\/wp\/v2\/pages\/1182\/revisions"}],"predecessor-version":[{"id":1638,"href":"http:\/\/www.xingshitu.com\/fr\/wp-json\/wp\/v2\/pages\/1182\/revisions\/1638"}],"wp:attachment":[{"href":"http:\/\/www.xingshitu.com\/fr\/wp-json\/wp\/v2\/media?parent=1182"}],"curies":[{"name":"wp","href":"https:\/\/api.w.org\/{rel}","templated":true}]}}