{"id":1144,"date":"2024-11-21T07:32:58","date_gmt":"2024-11-21T07:32:58","guid":{"rendered":"http:\/\/www.xingshitu.com\/?page_id=1144"},"modified":"2024-11-25T07:55:58","modified_gmt":"2024-11-25T07:55:58","slug":"%e4%ba%a7%e5%93%81","status":"publish","type":"page","link":"http:\/\/www.xingshitu.com\/fr\/%e4%ba%a7%e5%93%81\/","title":{"rendered":"offres"},"content":{"rendered":"<!DOCTYPE html>\n<html lang=\"en\">\n<head>\n<meta charset=\"UTF-8\">\n<meta name=\"viewport\" content=\"width=device-width, initial-scale=1.0\">\n<title>Vegetation Coverage Meter<\/title>\n<style>\n  body {\n  p {\n    padding-left: 100px; \/* \u8bbe\u7f6e\u6240\u6709\u6bb5\u843d\u6587\u5b57\u7684\u5de6\u9875\u8fb9\u8ddd *\/\n    padding-right: 100px; \/* \u8bbe\u7f6e\u6240\u6709\u6bb5\u843d\u6587\u5b57\u7684\u53f3\u9875\u8fb9\u8ddd *\/\n  }\n<\/style>\n<\/head>\n<body>\n\n<p class=\"has-text-align-center has-black-color has-text-color has-link-color has-large-font-size wp-elements-039c3adde853adead0d08bfbfd3c8f03\"><strong>Veuillez s\u00e9lectionner une sous-rubrique<\/strong><\/p>\n\n\n\n<p class=\"has-text-align-center has-medium-font-size\"><strong>La ph\u00e9nologie des plantes d\u00e9signe les \u00e9v\u00e9nements cycliques de la croissance et du d\u00e9veloppement des plantes qui<\/strong><strong><\/strong><strong>\u00c9galement connus sous le nom de rythmes de croissance des plantes, tels que l'\u00e9talement des feuilles, la floraison et la d\u00e9foliation.<\/strong><strong><\/strong><strong>&nbsp;<\/strong><strong>La ph\u00e9nologie des plantes n'est pas seulement un ph\u00e9nom\u00e8ne physiologique de la v\u00e9g\u00e9tation elle-m\u00eame, mais aussi un ph\u00e9nom\u00e8ne de l'environnement.<\/strong><strong><\/strong><strong>est \u00e9galement une r\u00e9ponse int\u00e9gr\u00e9e aux conditions environnementales externes.<\/strong><strong><\/strong><strong>Consid\u00e9r\u00e9 comme l'un des principaux indicateurs biologiques du changement climatique<\/strong><strong><\/strong><strong>(Cleland, Chuine et al. 2007).<\/strong><strong><\/strong><strong>&nbsp;<\/strong><strong>Il est donc important de d\u00e9crire avec pr\u00e9cision la ph\u00e9nologie des plantes.<\/strong><strong><\/strong><\/p>","protected":false},"excerpt":{"rendered":"<p>Vegetation Coverage Meter \u8bf7\u9009\u62e9\u5b50\u9879\u76ee \u690d\u7269\u7269\u5019\u662f\u6307\u690d\u7269\u751f\u957f\u53d1\u80b2\u8fc7\u7a0b\u4e2d\u7684\u5468\u671f\u6027\u4e8b\u4ef6\uff0c [&hellip;]<\/p>\n","protected":false},"author":1,"featured_media":1139,"parent":0,"menu_order":0,"comment_status":"closed","ping_status":"closed","template":"","meta":{"saved_in_kubio":false,"footnotes":""},"class_list":["post-1144","page","type-page","status-publish","has-post-thumbnail","hentry"],"kubio_ai_page_context":{"short_desc":"","purpose":"general"},"_links":{"self":[{"href":"http:\/\/www.xingshitu.com\/fr\/wp-json\/wp\/v2\/pages\/1144","targetHints":{"allow":["GET"]}}],"collection":[{"href":"http:\/\/www.xingshitu.com\/fr\/wp-json\/wp\/v2\/pages"}],"about":[{"href":"http:\/\/www.xingshitu.com\/fr\/wp-json\/wp\/v2\/types\/page"}],"author":[{"embeddable":true,"href":"http:\/\/www.xingshitu.com\/fr\/wp-json\/wp\/v2\/users\/1"}],"replies":[{"embeddable":true,"href":"http:\/\/www.xingshitu.com\/fr\/wp-json\/wp\/v2\/comments?post=1144"}],"version-history":[{"count":4,"href":"http:\/\/www.xingshitu.com\/fr\/wp-json\/wp\/v2\/pages\/1144\/revisions"}],"predecessor-version":[{"id":1565,"href":"http:\/\/www.xingshitu.com\/fr\/wp-json\/wp\/v2\/pages\/1144\/revisions\/1565"}],"wp:featuredmedia":[{"embeddable":true,"href":"http:\/\/www.xingshitu.com\/fr\/wp-json\/wp\/v2\/media\/1139"}],"wp:attachment":[{"href":"http:\/\/www.xingshitu.com\/fr\/wp-json\/wp\/v2\/media?parent=1144"}],"curies":[{"name":"wp","href":"https:\/\/api.w.org\/{rel}","templated":true}]}}