{"id":1025,"date":"2024-06-07T06:09:18","date_gmt":"2024-06-07T06:09:18","guid":{"rendered":"http:\/\/www.xingshitu.com\/?page_id=1025"},"modified":"2024-11-28T06:00:02","modified_gmt":"2024-11-28T06:00:02","slug":"%e9%87%8e%e7%94%9f%e5%8a%a8%e7%89%a9%e5%8a%a8%e6%80%81%e6%84%9f%e7%9f%a5%e8%a7%a3%e5%86%b3%e6%96%b9%e6%a1%88","status":"publish","type":"page","link":"http:\/\/www.xingshitu.com\/fr\/%e9%87%8e%e7%94%9f%e5%8a%a8%e7%89%a9%e5%8a%a8%e6%80%81%e6%84%9f%e7%9f%a5%e8%a7%a3%e5%86%b3%e6%96%b9%e6%a1%88\/","title":{"rendered":"Solutions de d\u00e9tection dynamique pour la faune"},"content":{"rendered":"<!DOCTYPE html>\n<html lang=\"en\">\n<head>\n<meta charset=\"UTF-8\">\n<meta name=\"viewport\" content=\"width=device-width, initial-scale=1.0\">\n<title>Vegetation Coverage Meter<\/title>\n<style>\n  body {\n  p {\n    padding-left: 100px; \/* \u8bbe\u7f6e\u6240\u6709\u6bb5\u843d\u6587\u5b57\u7684\u5de6\u9875\u8fb9\u8ddd *\/\n    padding-right: 100px; \/* \u8bbe\u7f6e\u6240\u6709\u6bb5\u843d\u6587\u5b57\u7684\u53f3\u9875\u8fb9\u8ddd *\/\n  }\n<\/style>\n<\/head>\n<body>\n\n<p class=\"has-text-align-center has-black-color has-text-color has-link-color has-large-font-size wp-elements-5e2bddfe0067a23a0a43ad2a07e3db40\"><strong>Solutions de d\u00e9tection dynamique pour la faune<\/strong><\/p>\n\n\n\n<p style=\"font-size:20px\" class=\"translation-block\">StarView fournit \u00e9galement des solutions d'observation sur le terrain pour les oiseaux et les mammif\u00e8res : il adopte une cam\u00e9ra infrarouge intelligente avec un \u00e9quipement d'acquisition et de reconnaissance d'empreintes vocales, combin\u00e9 \u00e0 un syst\u00e8me d'analyse automatique en ligne, utilisant les technologies de big data et d'apprentissage automatique pour obtenir rapidement et pr\u00e9cis\u00e9ment des images et des empreintes vocales d'oiseaux et d'animaux dans l'\u00e9cosyst\u00e8me naturel, pour enregistrer leurs habitudes et la dynamique de leur population, et pour conna\u00eetre leurs choix d'habitat et leurs sch\u00e9mas migratoires ; et en analysant la fr\u00e9quence des cris, la dur\u00e9e et les sch\u00e9mas de changement, pour d\u00e9duire leur sexe, leur \u00e2ge et leur \u00e9tat \u00e9motionnel, ainsi que les relations entre les esp\u00e8ces et leurs interactions avec l'environnement \u00e9cologique ; r\u00e9v\u00e9lant ainsi de mani\u00e8re compl\u00e8te leurs habitudes \u00e9cologiques et leurs caract\u00e9ristiques comportementales dans le but de prot\u00e9ger les oiseaux, En analysant la fr\u00e9quence, la dur\u00e9e et le sch\u00e9ma de changement des cris, nous pouvons d\u00e9duire le sexe, l'\u00e2ge et l'\u00e9tat \u00e9motionnel des oiseaux et des animaux, ainsi que les relations entre les esp\u00e8ces et leur interaction avec l'environnement \u00e9cologique ; ainsi, nous pouvons r\u00e9v\u00e9ler de mani\u00e8re exhaustive leurs habitudes \u00e9cologiques et leurs caract\u00e9ristiques comportementales, et fournir une base scientifique pour la protection et la restauration \u00e9cologique des oiseaux et des animaux.<\/p>\n\n\n\n<p class=\"has-text-align-center has-medium-font-size\"><strong>Cam\u00e9ra infrarouge intelligente avec installation sur le terrain (R\u00e9serve naturelle nationale de Sanjiangyuan, 2023)<\/strong><\/p>\n\n\n<div class=\"wp-block-image\">\n<figure class=\"alignright size-full\"style=\"width: 400px; height: 550px;padding-right: 100px;\"><img loading=\"lazy\" decoding=\"async\" width=\"367\" height=\"450\" src=\"http:\/\/www.xingshitu.com\/wp-content\/uploads\/2024\/11\/image-114.png\" alt=\"\" class=\"wp-image-1857\" srcset=\"http:\/\/www.xingshitu.com\/wp-content\/uploads\/2024\/11\/image-114.png 367w, http:\/\/www.xingshitu.com\/wp-content\/uploads\/2024\/11\/image-114-245x300.png 245w, http:\/\/www.xingshitu.com\/wp-content\/uploads\/2024\/11\/image-114-122x150.png 122w\" sizes=\"(max-width: 367px) 100vw, 367px\" \/><\/figure><\/div>\n\n\n<p class=\"has-text-align-left has-medium-font-size\">Le terminal Android permet de voir l'\u00e9cran de la cam\u00e9ra en temps r\u00e9el, ce qui facilite la visualisation et le r\u00e9glage des param\u00e8tres de la cam\u00e9ra ;<\/p>\n\n\n\n<p class=\"has-text-align-left has-medium-font-size\">Prise en charge de la connexion sans fil crypt\u00e9e WIFI 2.4G, prise en charge de la connexion directe au point d'acc\u00e8s du t\u00e9l\u00e9phone portable.<\/p>\n\n\n\n<p class=\"has-text-align-left has-medium-font-size\">IP68, aspect camouflage<\/p>\n\n\n\n<p class=\"has-text-align-left has-medium-font-size\">Capture d'images haute d\u00e9finition de 32 m\u00e9gapixels avec 9 prises de vue cons\u00e9cutives ;<\/p>\n\n\n\n<p class=\"has-text-align-left has-medium-font-size\">Enregistrement \u00e0 haute fr\u00e9quence d'images 4K\/30FPS, dur\u00e9e de la vid\u00e9o : 5~300s ;<\/p>\n\n\n\n<p class=\"has-text-align-left has-medium-font-size\">Distance de d\u00e9tection PIR : 30 m\u00e8tres ;<\/p>\n\n\n\n<p class=\"has-text-align-left has-medium-font-size\">Distance de vision nocturne : 30 m\u00e8tres ;<\/p>\n\n\n\n<p class=\"has-text-align-left has-medium-font-size\">Temps de r\u00e9action entre la g\u00e2chette et le tir : &lt;0,5 seconde ;<\/p>\n\n\n\n<p class=\"has-text-align-left has-medium-font-size\">Alimentation : 8 piles alcalines AA (1,5 V) ; autonomie en veille : 12 mois<\/p>\n\n\n\n<p class=\"has-text-align-center has-medium-font-size\" style=\"padding-left: 400px; padding-right: 100px;\"><strong>Exemple d'\u00e9quipement de surveillance sonore et d'installation sur le terrain (R\u00e9serve naturelle de Yunnan Yubaiting, 2022)<\/strong><\/p>\n\n\n<div class=\"wp-block-image\">\n<figure class=\"aligncenter size-large\"style=\"width: 600px; height: 400px;\"><img loading=\"lazy\" decoding=\"async\" width=\"1024\" height=\"535\" src=\"http:\/\/www.xingshitu.com\/wp-content\/uploads\/2024\/11\/image-115-1024x535.png\" alt=\"\" class=\"wp-image-1858\" srcset=\"http:\/\/www.xingshitu.com\/wp-content\/uploads\/2024\/11\/image-115-1024x535.png 1024w, http:\/\/www.xingshitu.com\/wp-content\/uploads\/2024\/11\/image-115-300x157.png 300w, http:\/\/www.xingshitu.com\/wp-content\/uploads\/2024\/11\/image-115-150x78.png 150w, http:\/\/www.xingshitu.com\/wp-content\/uploads\/2024\/11\/image-115-768x401.png 768w, http:\/\/www.xingshitu.com\/wp-content\/uploads\/2024\/11\/image-115-1536x803.png 1536w, http:\/\/www.xingshitu.com\/wp-content\/uploads\/2024\/11\/image-115.png 1716w\" sizes=\"(max-width: 1024px) 100vw, 1024px\" \/><\/figure><\/div>\n\n\n<p><\/p>\n\n\n<div class=\"wp-block-image\">\n<figure class=\"aligncenter size-large\"style=\"width: 900px; height: 800px; \"><img loading=\"lazy\" decoding=\"async\" width=\"1024\" height=\"372\" src=\"http:\/\/www.xingshitu.com\/wp-content\/uploads\/2024\/11\/image-118-1024x372.png\" alt=\"\" class=\"wp-image-1861\" srcset=\"http:\/\/www.xingshitu.com\/wp-content\/uploads\/2024\/11\/image-118-1024x372.png 1024w, http:\/\/www.xingshitu.com\/wp-content\/uploads\/2024\/11\/image-118-300x109.png 300w, http:\/\/www.xingshitu.com\/wp-content\/uploads\/2024\/11\/image-118-150x54.png 150w, http:\/\/www.xingshitu.com\/wp-content\/uploads\/2024\/11\/image-118-768x279.png 768w, http:\/\/www.xingshitu.com\/wp-content\/uploads\/2024\/11\/image-118.png 1198w\" sizes=\"(max-width: 1024px) 100vw, 1024px\" \/><\/figure><\/div>","protected":false},"excerpt":{"rendered":"<p>Vegetation Coverage Meter \u91ce\u751f\u52a8\u7269\u52a8\u6001\u611f\u77e5\u89e3\u51b3\u65b9\u6848 \u661f\u89c6\u56fe\u540c\u65f6\u63d0\u4f9b\u9488\u5bf9\u9e1f\u7c7b\u548c\u54fa\u4e73\u52a8\u7269 [&hellip;]<\/p>\n","protected":false},"author":1,"featured_media":0,"parent":0,"menu_order":0,"comment_status":"closed","ping_status":"closed","template":"","meta":{"saved_in_kubio":false,"footnotes":""},"class_list":["post-1025","page","type-page","status-publish","hentry"],"kubio_ai_page_context":{"short_desc":"","purpose":"general"},"_links":{"self":[{"href":"http:\/\/www.xingshitu.com\/fr\/wp-json\/wp\/v2\/pages\/1025","targetHints":{"allow":["GET"]}}],"collection":[{"href":"http:\/\/www.xingshitu.com\/fr\/wp-json\/wp\/v2\/pages"}],"about":[{"href":"http:\/\/www.xingshitu.com\/fr\/wp-json\/wp\/v2\/types\/page"}],"author":[{"embeddable":true,"href":"http:\/\/www.xingshitu.com\/fr\/wp-json\/wp\/v2\/users\/1"}],"replies":[{"embeddable":true,"href":"http:\/\/www.xingshitu.com\/fr\/wp-json\/wp\/v2\/comments?post=1025"}],"version-history":[{"count":24,"href":"http:\/\/www.xingshitu.com\/fr\/wp-json\/wp\/v2\/pages\/1025\/revisions"}],"predecessor-version":[{"id":1879,"href":"http:\/\/www.xingshitu.com\/fr\/wp-json\/wp\/v2\/pages\/1025\/revisions\/1879"}],"wp:attachment":[{"href":"http:\/\/www.xingshitu.com\/fr\/wp-json\/wp\/v2\/media?parent=1025"}],"curies":[{"name":"wp","href":"https:\/\/api.w.org\/{rel}","templated":true}]}}