{"id":975,"date":"2024-06-07T03:19:46","date_gmt":"2024-06-07T03:19:46","guid":{"rendered":"http:\/\/www.xingshitu.com\/?page_id=975"},"modified":"2024-11-25T01:20:45","modified_gmt":"2024-11-25T01:20:45","slug":"%e6%99%ba%e8%83%bd%e8%99%ab%e6%83%85%e7%9b%91%e6%8e%a7%e9%a2%84%e8%ad%a6%e7%b3%bb%e7%bb%9f","status":"publish","type":"page","link":"http:\/\/www.xingshitu.com\/de\/%e6%99%ba%e8%83%bd%e8%99%ab%e6%83%85%e7%9b%91%e6%8e%a7%e9%a2%84%e8%ad%a6%e7%b3%bb%e7%bb%9f\/","title":{"rendered":"Intelligentes Sch\u00e4dlings\u00fcberwachungs- und Fr\u00fchwarnsystem"},"content":{"rendered":"<!DOCTYPE html>\n<html lang=\"en\">\n<head>\n<meta charset=\"UTF-8\">\n<meta name=\"viewport\" content=\"width=device-width, initial-scale=1.0\">\n<title>Vegetation Coverage Meter<\/title>\n<style>\n  body {\n  p {\n    padding-left: 100px; \/* \u8bbe\u7f6e\u6240\u6709\u6bb5\u843d\u6587\u5b57\u7684\u5de6\u9875\u8fb9\u8ddd *\/\n    padding-right: 100px; \/* \u8bbe\u7f6e\u6240\u6709\u6bb5\u843d\u6587\u5b57\u7684\u53f3\u9875\u8fb9\u8ddd *\/\n  }\n<\/style>\n<\/head>\n<body>\n\n<p class=\"has-text-align-center has-black-color has-text-color has-link-color has-large-font-size wp-elements-d60cc7c68c51c3ba0bd241dda21da2ea\"><strong>Intelligentes Sch\u00e4dlings\u00fcberwachungs- und Fr\u00fchwarnsystem<\/strong><\/p>\n\n\n<div class=\"wp-block-image\">\n<figure class=\"aligncenter size-full is-resized\"><img loading=\"lazy\" decoding=\"async\" width=\"126\" height=\"263\" src=\"http:\/\/www.xingshitu.com\/wp-content\/uploads\/2024\/11\/image-67.png\" alt=\"\" class=\"wp-image-1434\" style=\"width:155px;height:auto\" srcset=\"http:\/\/www.xingshitu.com\/wp-content\/uploads\/2024\/11\/image-67.png 126w, http:\/\/www.xingshitu.com\/wp-content\/uploads\/2024\/11\/image-67-72x150.png 72w\" sizes=\"(max-width: 126px) 100vw, 126px\" \/><\/figure><\/div>\n\n\n<p style=\"font-size:20px\" class=\"translation-block\">Internet der Dinge intelligente Sch\u00e4dlings\u00fcberwachung und Fr\u00fchwarnsystem ist ein wichtiger Teil der Landwirtschaft, Forstwirtschaft und Gr\u00fcnland \u00f6kologische Umwelt\u00fcberwachung, das System zu erreichen Sch\u00e4dlingsbek\u00e4mpfung, Infrarot-Verarbeitung, Video-Fotografie, Echtzeit-Daten, Insekten-Identifikation, erh\u00f6hte Umwelt\u00fcberwachung, Infrarot-Fr\u00fchwarnung, Ultraschall-Vogelabwehr, Nagetier-Fallen, wie die Merkmale der Integration der intelligenten Sch\u00e4dlingsfr\u00fchwarnung, Nagetier-Fr\u00fchwarnung, \u00f6kologische Umwelt\u00fcberwachung von Informationstechnologie, Automatisierung des Internet der Dinge Monitoring-System-Service-Plattform! Es kann die Datenansicht, Fernbeobachtung und Echtzeit-\u00dcberwachung des Wachstumsstatus der Pflanzen und das Auftreten von Sch\u00e4dlingen und Krankheiten realisieren.<\/p>\n\n\n\n<p class=\"has-text-align-center has-black-color has-text-color has-link-color wp-elements-2cd7d774d958cfe654f52c62567704b4\" style=\"font-size:28px\"><strong>Produktmerkmale<\/strong><\/p>\n\n\n\n<p class=\"has-medium-font-size\">Set Multi-Funktion als eine, humanisierte mechanische Struktur intelligentes Design, lokale Bedienung ist einfach, Remote-System-Plattform Computer, Handy APP, WeChat \u00f6ffentliche Zahl eine Vielzahl von M\u00f6glichkeiten, um Zugang;<\/p>\n\n\n\n<p class=\"has-medium-font-size\">Starke Produktsicherheit, lokale Kennwortidentifizierung, um Missbrauch durch Nicht-Verwaltungspersonal zu verhindern;<\/p>\n\n\n\n<p class=\"has-medium-font-size\">Acht-Zoll-Touchscreen, intelligentes Betriebssystem, lokale Einrichtung von Ger\u00e4ten, Anzeige des Betriebszustands, Sprachansage und andere Funktionen;<\/p>\n\n\n\n<p class=\"has-medium-font-size\">Das IoT-System zur Sch\u00e4dlings\u00fcberwachung funktioniert gut und ist ein wichtiger Bestandteil des AEEMS-Systems zur \u00dcberwachung des agroforstlichen \u00d6kosystems. Es bietet viele Arten von Fotoaufnahmen, eine automatische Identifizierung von Sch\u00e4dlingen und eine starke Fr\u00fchwarnfunktion.<\/p>\n\n\n\n<p class=\"has-text-align-center has-black-color has-text-color has-link-color wp-elements-420a6e2c5e1b8b6cfe003496eeb7afcd translation-block\" style=\"font-size:28px\">Technische Parameter<\/p>\n\n\n\n<p class=\"has-medium-font-size\">in \u00dcbereinstimmung mit<a href=\"http:\/\/std.samr.gov.cn\/gb\/search\/gbDetailed?id=71F772D7D3C7D3A7E05397BE0A0AB82A\">GB\/T 24689.1-2009 Pflanzenschutzmaschinen Insektenerkennungslampen<\/a>.;<\/p>\n\n\n\n<p class=\"has-medium-font-size\">Einsatz von optischer, elektrischer und numerischer Steuerungstechnik; segmentierte Zeitsteuerung, Fernsteuerung, programmierbare automatische Steuerung;<\/p>\n\n\n\n<p class=\"has-medium-font-size\">Lichtquelle f\u00fcr den Insektenfang: 20W-Schwarzlichtlampe (Hauptwellenl\u00e4nge 365nm) und 200W-Gl\u00fchbirne (Lichtstrom 2700-2920lm);<\/p>\n\n\n\n<p class=\"has-medium-font-size\">Insektenz\u00e4hlung: Eine Infrarot- oder Laserz\u00e4hlfunktion kann hinzugef\u00fcgt werden, um die Anzahl der Sch\u00e4dlinge zu erfassen, die nach dem Aufprall in den beheizten Beh\u00e4lter fallen, und die Anzahl der gefangenen Sch\u00e4dlinge w\u00e4hrend der t\u00e4glichen Betriebszeit des Ger\u00e4ts kann genau erfasst und automatisch gemeldet werden;<\/p>\n\n\n\n<p class=\"has-medium-font-size\">Nachdem die Insekten in den Infrarot-Behandlungsbeh\u00e4lter gelangt sind und erw\u00e4rmt wurden, werden sie an die Fotoplattform \u00fcbertragen, wo sie fotografiert und hochgeladen werden. Die Plattform zeichnet automatisch die in jedem Zeitraum gesammelten Bilddaten auf, um sicherzustellen, dass es keine Verwechslungen zwischen den in den einzelnen Zeitr\u00e4umen gefangenen Insekten gibt;<\/p>\n\n\n\n<p class=\"has-medium-font-size\">Unterst\u00fctzung f\u00fcr die automatische Software-Erkennung von Insekten K\u00f6rper, k\u00f6nnen die wichtigsten landwirtschaftlichen Sch\u00e4dlinge f\u00fcr die automatische Identifizierung, effektive Erkennungsrate von 23%-95% zu erreichen;<\/p>\n\n\n\n<p class=\"has-medium-font-size\">Infrarot-Warnung: Infrarotsensoren k\u00f6nnen hinzugef\u00fcgt werden, um den menschlichen Kontakt mit dem Ger\u00e4t zu erkennen und die Sicherheit des Ger\u00e4ts zu gew\u00e4hrleisten;<\/p>\n\n\n\n<p class=\"has-text-align-center has-black-color has-text-color has-link-color wp-elements-92d32a5247bd38f58f2650ef4ce0b062\" style=\"font-size:28px\"><strong>Software-Plattform f\u00fcr das Internet der Dinge<\/strong><\/p>\n\n\n\n<p class=\"has-medium-font-size\">1, Internet der Dinge Software-Plattform: das Ger\u00e4t Host wird das Insekt K\u00f6rper Fotos und andere Informationen, \u00fcber das drahtlose Netzwerk-\u00dcbertragung an den Client (Handy oder Computer), kann die Software automatisch die Klassifizierung und Identifizierung des Insekts K\u00f6rper, die Geburt des Insekts Bev\u00f6lkerung Trenddiagramm und andere Informationen, die Benutzer \u00fcber das Handy oder Computer zu sehen;<\/p>\n\n\n\n<p class=\"has-medium-font-size\">2, Internet der Dinge AEEMS Agroforstwirtschaft \u00f6kologische Umwelt-Monitoring-System-Plattform kann auf die Informationen der Insekten Bericht, Wetter-Sensor-Informationen, Insektizid-Lampe Foto Z\u00e4hlung Informationen, Krankheit Video-Informationen, Boden Umwelt und andere \u00dcberwachungseinrichtungen Informationen, k\u00f6nnen in Echtzeit \u00fcber den Computer, Handy-Monitoring-Daten angesehen werden.<\/p>\n\n\n<div class=\"wp-block-image\">\n<figure class=\"aligncenter size-large is-resized\"><img loading=\"lazy\" decoding=\"async\" width=\"1024\" height=\"483\" src=\"http:\/\/www.xingshitu.com\/wp-content\/uploads\/2024\/11\/image-69-1024x483.png\" alt=\"\" class=\"wp-image-1436\" style=\"width:903px;height:auto\" srcset=\"http:\/\/www.xingshitu.com\/wp-content\/uploads\/2024\/11\/image-69-1024x483.png 1024w, http:\/\/www.xingshitu.com\/wp-content\/uploads\/2024\/11\/image-69-300x142.png 300w, http:\/\/www.xingshitu.com\/wp-content\/uploads\/2024\/11\/image-69-150x71.png 150w, http:\/\/www.xingshitu.com\/wp-content\/uploads\/2024\/11\/image-69-768x363.png 768w, http:\/\/www.xingshitu.com\/wp-content\/uploads\/2024\/11\/image-69-1536x725.png 1536w, http:\/\/www.xingshitu.com\/wp-content\/uploads\/2024\/11\/image-69.png 1665w\" sizes=\"(max-width: 1024px) 100vw, 1024px\" \/><\/figure><\/div>","protected":false},"excerpt":{"rendered":"<p>Vegetation Coverage Meter \u667a\u80fd\u866b\u60c5\u76d1\u63a7\u9884\u8b66\u7cfb\u7edf \u7269\u8054\u7f51\u667a\u80fd\u866b\u60c5\u76d1\u63a7\u9884\u8b66\u7cfb\u7edf\u662f\u519c\u6797\u8349\u539f [&hellip;]<\/p>\n","protected":false},"author":1,"featured_media":0,"parent":0,"menu_order":0,"comment_status":"closed","ping_status":"closed","template":"","meta":{"saved_in_kubio":false,"footnotes":""},"class_list":["post-975","page","type-page","status-publish","hentry"],"kubio_ai_page_context":{"short_desc":"","purpose":"general"},"_links":{"self":[{"href":"http:\/\/www.xingshitu.com\/de\/wp-json\/wp\/v2\/pages\/975","targetHints":{"allow":["GET"]}}],"collection":[{"href":"http:\/\/www.xingshitu.com\/de\/wp-json\/wp\/v2\/pages"}],"about":[{"href":"http:\/\/www.xingshitu.com\/de\/wp-json\/wp\/v2\/types\/page"}],"author":[{"embeddable":true,"href":"http:\/\/www.xingshitu.com\/de\/wp-json\/wp\/v2\/users\/1"}],"replies":[{"embeddable":true,"href":"http:\/\/www.xingshitu.com\/de\/wp-json\/wp\/v2\/comments?post=975"}],"version-history":[{"count":8,"href":"http:\/\/www.xingshitu.com\/de\/wp-json\/wp\/v2\/pages\/975\/revisions"}],"predecessor-version":[{"id":1438,"href":"http:\/\/www.xingshitu.com\/de\/wp-json\/wp\/v2\/pages\/975\/revisions\/1438"}],"wp:attachment":[{"href":"http:\/\/www.xingshitu.com\/de\/wp-json\/wp\/v2\/media?parent=975"}],"curies":[{"name":"wp","href":"https:\/\/api.w.org\/{rel}","templated":true}]}}