{"id":967,"date":"2024-06-07T03:19:16","date_gmt":"2024-06-07T03:19:16","guid":{"rendered":"http:\/\/www.xingshitu.com\/?page_id=967"},"modified":"2025-06-03T09:10:59","modified_gmt":"2025-06-03T09:10:59","slug":"xst-laismart-%e4%be%bf%e6%90%ba%e5%bc%8f%e6%a4%8d%e8%a2%ab%e5%86%a0%e5%b1%82%e5%88%86%e6%9e%90%e4%bb%aa","status":"publish","type":"page","link":"http:\/\/www.xingshitu.com\/de\/xst-laismart-%e4%be%bf%e6%90%ba%e5%bc%8f%e6%a4%8d%e8%a2%ab%e5%86%a0%e5%b1%82%e5%88%86%e6%9e%90%e4%bb%aa\/","title":{"rendered":"XST-LAISmart Tragbarer Vegetationskronen-Analysator"},"content":{"rendered":"<p class=\"has-text-align-center has-black-color has-text-color has-link-color has-large-font-size wp-elements-91e2a8b320a34779e3b42d088de4e7d0\"><strong>XST-LAISmart Tragbarer Vegetationskronen-Analysator<\/strong><\/p>\n\n\n<div class=\"wp-block-image\">\n<figure class=\"aligncenter size-full is-resized\"><img loading=\"lazy\" decoding=\"async\" width=\"572\" height=\"95\" src=\"http:\/\/www.xingshitu.com\/wp-content\/uploads\/2024\/11\/image-20.png\" alt=\"\" class=\"wp-image-1288\" style=\"width:656px;height:auto\" srcset=\"http:\/\/www.xingshitu.com\/wp-content\/uploads\/2024\/11\/image-20.png 572w, http:\/\/www.xingshitu.com\/wp-content\/uploads\/2024\/11\/image-20-300x50.png 300w, http:\/\/www.xingshitu.com\/wp-content\/uploads\/2024\/11\/image-20-150x25.png 150w\" sizes=\"(max-width: 572px) 100vw, 572px\" \/><\/figure><\/div>\n\n\n<p class=\"has-text-align-center has-black-color has-text-color has-link-color wp-elements-1c21eecc72c7aa52c97e54a6b7dabd9d\" style=\"font-size:28px\"><strong>Angebote<\/strong><strong>skizziert.<\/strong><strong><\/strong><\/p>\n\n\n\n<p style=\"font-size:20px\"><p style=\"font-size:20px;padding-left: 100px; padding-right: 100px;\">Das von Beijing StarView hergestellte tragbare Vegetationsbedeckungsmessger\u00e4t XST-LAISmart nutzt die derzeitige ausgereifte Bildgebungstechnologie intelligenter Endger\u00e4te und leistungsstarke Rechenkapazit\u00e4ten, verwendet das Blattfl\u00e4chenindex-L\u00fcckenmodell und realisiert die Echtzeitberechnungsfunktion vieler Parameter wie FVC, LAI usw. Das Ger\u00e4t besteht aus einem Hardware- und einem Softwareteil, wobei der Hardwareteil das Informationserfassungsterminal, das Benutzerkontrollterminal und den Ger\u00e4test\u00e4nder umfasst. Das Ger\u00e4t besteht aus einem Hardware- und einem Softwareteil, wobei der Hardwareteil das Informationserfassungsterminal, das Benutzerkontrollterminal und den Instrumentenst\u00e4nder umfasst. Die Software umfasst ein Softwaremodul zur Informationserfassung, ein Steuermodul f\u00fcr die drahtlose \u00dcbertragung und ein Speichermodul f\u00fcr Echtzeitberechnungen.<\/p><\/p>\n\n\n\n<p class=\"has-text-align-left\" style=\"font-size:20px\"><p class=\"has-text-align-left\" style=\"font-size:20px;padding-left: 100px; padding-right: 100px;\">XST-LAISmart basiert auf einer fotografischen Bildgebungstechnologie, die eine schnelle Erfassung mehrerer Parameter der Vegetationsstruktur erm\u00f6glicht:<strong>Blattfl\u00e4chenindex (LAI)<\/strong>(Blattfl\u00e4chenindex, LAI),<strong>Grad der Abdeckung<\/strong>(Fractional Vegetation Cover, FMC),<strong>Verengung (d. h. Grad der Depression)<\/strong>und<strong>photosynthetisch aktives Absorptionsverh\u00e4ltnis<\/strong>(Anteil der absorbierten photosynthetisch aktiven Strahlung, FPAR)<\/p><\/p>\n\n\n\n<p class=\"has-text-align-center has-black-color has-text-color has-link-color wp-elements-453fd6ab9faec6c849b2eab7165f0ddf\" style=\"font-size:28px\"><strong>Eigenschaften<\/strong><strong><\/strong><\/p>\n\n\n\n<p style=\"font-size:20px\"><p style=\"font-size:20px;padding-left: 100px; padding-right: 100px;\">Flexible Szenarien: Aufw\u00e4rtsaufnahmen von hohen Pflanzen, Abw\u00e4rtsaufnahmen von niedrigen Gew\u00e4chsen oder Wiesen<\/p><\/p>\n\n\n\n<p style=\"font-size:20px\"><p style=\"font-size:20px;padding-left: 100px; padding-right: 100px;\">Drei Algorithmen zur Identifizierung von Merkmalen stehen zur Auswahl: genaue Klassifizierung von Vegetation und Boden, Klassifizierung und Extraktion von klarem und diffusem Lichthimmel.<\/p><\/p>\n\n\n\n<p style=\"font-size:20px\"><p style=\"font-size:20px;padding-left: 100px; padding-right: 100px;\">Integriertes Feldmessger\u00e4t: einteiliges, leichtes Design ohne Kabel, kompakt und praktisch f\u00fcr den Einsatz vor Ort<\/p><\/p>\n\n\n\n<p style=\"font-size:20px\"><p style=\"font-size:20px;padding-left: 100px; padding-right: 100px;\">Einfach und leicht zu bedienen: Basierend auf dem vertrauten Android-System werden Roll- und Nickwinkel sowie GPS-Informationen in Echtzeit angezeigt und aufgezeichnet.<\/p><\/p>\n\n\n\n<p class=\"has-text-align-center has-black-color has-text-color has-link-color wp-elements-c4975e7ef80534eeb7f690cc258594e7 translation-block\" style=\"font-size:28px\">Technische Parameter<\/p>\n\n\n\n<figure class=\"wp-block-table aligncenter is-style-regular\"><table style=\"border-width:1px\"><tbody><tr><td rowspan=\"2\"><p class=\"MsoBodyText\" align=\"center\" style=\"margin-left:0.0000pt;text-align:center;line-height:122%;\"><span style=\"font-family:'Times New Roman';mso-fareast-font-family:\u5b8b\u4f53;line-height:122%;font-size:10.5000pt;mso-font-kerning:0.0000pt;\"><font face=\"\u5b8b\u4f53\"><strong>Seite der Informationsbeschaffung<\/strong><\/font><\/span><span style=\"font-family:'Times New Roman';mso-fareast-font-family:\u5b8b\u4f53;line-height:122%;font-size:10.5000pt;mso-font-kerning:0.0000pt;\"><\/span><\/p><\/td><td><p class=\"MsoBodyText\" align=\"center\" style=\"margin-left:0.0000pt;text-align:center;line-height:122%;\"><span style=\"font-family:'Times New Roman';mso-fareast-font-family:\u5b8b\u4f53;line-height:122%;font-size:10.5000pt;mso-font-kerning:0.0000pt;\"><font face=\"\u5b8b\u4f53\">Erfassen von Bilddaten<\/font><\/span><span style=\"font-family:'Times New Roman';mso-fareast-font-family:\u5b8b\u4f53;line-height:122%;font-size:10.5000pt;mso-font-kerning:0.0000pt;\"><o:p><\/o:p><\/span><\/p><\/td><td><p class=\"MsoBodyText\" style=\"margin-left:0.0000pt;line-height:122%;\"><span style=\"font-family:'Times New Roman';mso-fareast-font-family:\u5b8b\u4f53;line-height:122%;font-size:10.5000pt;mso-font-kerning:0.0000pt;\"><font face=\"\u5b8b\u4f53\">Standardm\u00e4\u00dfige rote, gr\u00fcne und blaue Echtfarben<\/font><\/span><span style=\"font-family:'Times New Roman';mso-fareast-font-family:\u5b8b\u4f53;line-height:122%;font-size:10.5000pt;mso-font-kerning:0.0000pt;\"><o:p><\/o:p><\/span><\/p><\/td><\/tr><tr><td><p class=\"MsoBodyText\" align=\"center\" style=\"margin-left:0.0000pt;text-align:center;line-height:122%;\"><span style=\"font-family:'Times New Roman';mso-fareast-font-family:\u5b8b\u4f53;line-height:122%;font-size:10.5000pt;mso-font-kerning:0.0000pt;\"><font face=\"\u5b8b\u4f53\">Unterst\u00fctzende Informationsdaten<\/font><\/span><span style=\"font-family:'Times New Roman';mso-fareast-font-family:\u5b8b\u4f53;line-height:122%;font-size:10.5000pt;mso-font-kerning:0.0000pt;\"><o:p><\/o:p><\/span><\/p><\/td><td><p class=\"MsoBodyText\" style=\"margin-left:0.0000pt;line-height:122%;\"><span style=\"font-family:'Times New Roman';mso-fareast-font-family:\u5b8b\u4f53;line-height:122%;font-size:10.5000pt;mso-font-kerning:0.0000pt;\"><font face=\"\u5b8b\u4f53\">Breitengrad, L\u00e4ngengrad, Neigung, Drehung.<\/font><\/span><span style=\"font-family:'Times New Roman';mso-fareast-font-family:\u5b8b\u4f53;line-height:122%;font-size:10.5000pt;mso-font-kerning:0.0000pt;\"><o:p><\/o:p><\/span><\/p><\/td><\/tr><tr><td rowspan=\"4\"><p class=\"MsoBodyText\" align=\"center\" style=\"margin-left:0.0000pt;text-align:center;line-height:122%;\"><span style=\"font-family:'Times New Roman';mso-fareast-font-family:\u5b8b\u4f53;line-height:122%;font-size:10.5000pt;mso-font-kerning:0.0000pt;\"><font face=\"\u5b8b\u4f53\"><strong>Benutzerkonsole<\/strong><\/font><\/span><span style=\"font-family:'Times New Roman';mso-fareast-font-family:\u5b8b\u4f53;line-height:122%;font-size:10.5000pt;mso-font-kerning:0.0000pt;\"><\/span><\/p><\/td><td><p class=\"MsoBodyText\" align=\"center\" style=\"margin-left:0.0000pt;text-align:center;line-height:122%;\"><span style=\"font-family:'Times New Roman';mso-fareast-font-family:\u5b8b\u4f53;line-height:122%;font-size:10.5000pt;mso-font-kerning:0.0000pt;\"><font face=\"\u5b8b\u4f53\">Betriebssystem<\/font><\/span><span style=\"font-family:'Times New Roman';mso-fareast-font-family:\u5b8b\u4f53;line-height:122%;font-size:10.5000pt;mso-font-kerning:0.0000pt;\"><o:p><\/o:p><\/span><\/p><\/td><td><p class=\"MsoBodyText\" style=\"margin-left:0.0000pt;line-height:122%;\"><span style=\"font-family:'Times New Roman';mso-fareast-font-family:\u5b8b\u4f53;line-height:122%;font-size:10.5000pt;mso-font-kerning:0.0000pt;\"><font face=\"\u5b8b\u4f53\">Android, \u00fcber Funk<\/font>WIFI<font face=\"\u5b8b\u4f53\">Anschluss an das Informationssammelterminal<\/font><\/span><span style=\"font-family:'Times New Roman';mso-fareast-font-family:\u5b8b\u4f53;line-height:122%;font-size:10.5000pt;mso-font-kerning:0.0000pt;\"><o:p><\/o:p><\/span><\/p><\/td><\/tr><tr><td><p class=\"MsoBodyText\" align=\"center\" style=\"margin-left:0.0000pt;text-align:center;line-height:122%;\"><span style=\"font-family:'Times New Roman';mso-fareast-font-family:\u5b8b\u4f53;line-height:122%;font-size:10.5000pt;mso-font-kerning:0.0000pt;\"><font face=\"\u5b8b\u4f53\">Messmodus<\/font><\/span><span style=\"font-family:'Times New Roman';mso-fareast-font-family:\u5b8b\u4f53;line-height:122%;font-size:10.5000pt;mso-font-kerning:0.0000pt;\"><o:p><\/o:p><\/span><\/p><\/td><td><p class=\"MsoBodyText\" style=\"margin-left:0.0000pt;line-height:122%;\"><span style=\"font-family:'Times New Roman';mso-fareast-font-family:\u5b8b\u4f53;line-height:122%;font-size:10.5000pt;mso-font-kerning:0.0000pt;\"><font face=\"\u5b8b\u4f53\">Tragbarer Handheld-Betrieb mit lokaler Datenspeicherung<\/font><\/span><span style=\"font-family:'Times New Roman';mso-fareast-font-family:\u5b8b\u4f53;line-height:122%;font-size:10.5000pt;mso-font-kerning:0.0000pt;\"><o:p><\/o:p><\/span><\/p><\/td><\/tr><tr><td><p class=\"MsoBodyText\" align=\"center\" style=\"margin-left:0.0000pt;text-align:center;line-height:122%;\"><span style=\"font-family:'Times New Roman';mso-fareast-font-family:\u5b8b\u4f53;line-height:122%;font-size:10.5000pt;mso-font-kerning:0.0000pt;\"><font face=\"\u5b8b\u4f53\">lokaler Speicher<\/font><\/span><span style=\"font-family:'Times New Roman';mso-fareast-font-family:\u5b8b\u4f53;line-height:122%;font-size:10.5000pt;mso-font-kerning:0.0000pt;\"><o:p><\/o:p><\/span><\/p><\/td><td><p class=\"MsoBodyText\" style=\"margin-left:0.0000pt;line-height:122%;\"><span style=\"font-family:'Times New Roman';mso-fareast-font-family:\u5b8b\u4f53;line-height:122%;font-size:10.5000pt;mso-font-kerning:0.0000pt;\"><font face=\"\u5b8b\u4f53\">nicht weniger als<\/font>64G<\/span><span style=\"font-family:'Times New Roman';mso-fareast-font-family:\u5b8b\u4f53;line-height:122%;font-size:10.5000pt;mso-font-kerning:0.0000pt;\"><o:p><\/o:p><\/span><\/p><\/td><\/tr><tr><td><p class=\"MsoBodyText\" align=\"center\" style=\"margin-left:0.0000pt;text-align:center;line-height:122%;\"><span style=\"font-family:'Times New Roman';mso-fareast-font-family:\u5b8b\u4f53;line-height:122%;font-size:10.5000pt;mso-font-kerning:0.0000pt;\"><font face=\"\u5b8b\u4f53\">Datenschnittstelle<\/font><\/span><span style=\"font-family:'Times New Roman';mso-fareast-font-family:\u5b8b\u4f53;line-height:122%;font-size:10.5000pt;mso-font-kerning:0.0000pt;\"><o:p><\/o:p><\/span><\/p><\/td><td><p class=\"MsoBodyText\" style=\"margin-left:0.0000pt;line-height:122%;\"><span style=\"font-family:'Times New Roman';mso-fareast-font-family:\u5b8b\u4f53;line-height:122%;font-size:10.5000pt;mso-font-kerning:0.0000pt;\"><font face=\"\u5b8b\u4f53\">Norm<\/font>USB-Typ<\/span><span style=\"font-family:\u5b8b\u4f53;mso-ascii-font-family:'Times New Roman';mso-hansi-font-family:'Times New Roman';mso-bidi-font-family:'Times New Roman';line-height:122%;font-size:10.5000pt;mso-font-kerning:0.0000pt;\"><font face=\"Times New Roman\">-<\/font><\/span><span style=\"font-family:'Times New Roman';mso-fareast-font-family:\u5b8b\u4f53;line-height:122%;font-size:10.5000pt;mso-font-kerning:0.0000pt;\">C<font face=\"\u5b8b\u4f53\">Schnittstelle, unterst\u00fctzt Datenkabel-Download und Bluetooth-Download<\/font><\/span><span style=\"font-family:'Times New Roman';mso-fareast-font-family:\u5b8b\u4f53;line-height:122%;font-size:10.5000pt;mso-font-kerning:0.0000pt;\"><o:p><\/o:p><\/span><\/p><\/td><\/tr><tr><td><p class=\"MsoBodyText\" align=\"center\" style=\"margin-left:0.0000pt;text-align:center;line-height:122%;\"><span style=\"font-family:'Times New Roman';mso-fareast-font-family:\u5b8b\u4f53;line-height:122%;font-size:10.5000pt;mso-font-kerning:0.0000pt;\"><font face=\"\u5b8b\u4f53\"><strong>Instrumentenhalter<\/strong><\/font><\/span><span style=\"font-family:'Times New Roman';mso-fareast-font-family:\u5b8b\u4f53;line-height:122%;font-size:10.5000pt;mso-font-kerning:0.0000pt;\"><\/span><\/p><\/td><td><p class=\"MsoBodyText\" align=\"center\" style=\"margin-left:0.0000pt;text-align:center;line-height:122%;\"><span style=\"font-family:'Times New Roman';mso-fareast-font-family:\u5b8b\u4f53;line-height:122%;font-size:10.5000pt;mso-font-kerning:0.0000pt;\"><font face=\"\u5b8b\u4f53\">Handhebel<\/font><\/span><span style=\"font-family:'Times New Roman';mso-fareast-font-family:\u5b8b\u4f53;line-height:122%;font-size:10.5000pt;mso-font-kerning:0.0000pt;\"><o:p><\/o:p><\/span><\/p><\/td><td><p class=\"MsoBodyText\" style=\"margin-left:0.0000pt;line-height:122%;\"><span style=\"font-family:'Times New Roman';mso-fareast-font-family:\u5b8b\u4f53;line-height:122%;font-size:10.5000pt;mso-font-kerning:0.0000pt;\"><font face=\"\u5b8b\u4f53\">Einziehbar: bis zu<\/font>80cm<\/span><span style=\"font-family:'Times New Roman';mso-fareast-font-family:\u5b8b\u4f53;line-height:122%;font-size:10.5000pt;mso-font-kerning:0.0000pt;\"><o:p><\/o:p><\/span><\/p><\/td><\/tr><tr><td rowspan=\"2\"><p class=\"MsoBodyText\" align=\"center\" style=\"margin-left:0.0000pt;text-align:center;line-height:122%;\"><span style=\"font-family:'Times New Roman';mso-fareast-font-family:\u5b8b\u4f53;line-height:122%;font-size:10.5000pt;mso-font-kerning:0.0000pt;\"><font face=\"\u5b8b\u4f53\"><strong>Allgemeine Parameter<\/strong><\/font><\/span><span style=\"font-family:'Times New Roman';mso-fareast-font-family:\u5b8b\u4f53;line-height:122%;font-size:10.5000pt;mso-font-kerning:0.0000pt;\"><\/span><\/p><\/td><td><p class=\"MsoBodyText\" align=\"center\" style=\"margin-left:0.0000pt;text-align:center;line-height:122%;\"><span style=\"font-family:'Times New Roman';mso-fareast-font-family:\u5b8b\u4f53;line-height:122%;font-size:10.5000pt;mso-font-kerning:0.0000pt;\"><font face=\"\u5b8b\u4f53\">Betriebstemperatur<\/font><\/span><span style=\"font-family:'Times New Roman';mso-fareast-font-family:\u5b8b\u4f53;line-height:122%;font-size:10.5000pt;mso-font-kerning:0.0000pt;\"><o:p><\/o:p><\/span><\/p><\/td><td><p class=\"MsoBodyText\" style=\"margin-left:0.0000pt;line-height:122%;\"><span style=\"font-family:'Times New Roman';mso-fareast-font-family:\u5b8b\u4f53;line-height:122%;font-size:10.5000pt;mso-font-kerning:0.0000pt;\">-10 \u00b0C<font face=\"\u5b8b\u4f53\">~<\/font><font face=\"Times New Roman\">40 \u00b0C<\/font><\/span><span style=\"font-family:'Times New Roman';mso-fareast-font-family:\u5b8b\u4f53;line-height:122%;font-size:10.5000pt;mso-font-kerning:0.0000pt;\"><o:p><\/o:p><\/span><\/p><\/td><\/tr><tr><td><p class=\"MsoBodyText\" align=\"center\" style=\"margin-left:0.0000pt;text-align:center;line-height:122%;\"><span style=\"font-family:'Times New Roman';mso-fareast-font-family:\u5b8b\u4f53;line-height:122%;font-size:10.5000pt;mso-font-kerning:0.0000pt;\"><font face=\"\u5b8b\u4f53\">Feuchtigkeit im Betrieb<\/font><\/span><span style=\"font-family:'Times New Roman';mso-fareast-font-family:\u5b8b\u4f53;line-height:122%;font-size:10.5000pt;mso-font-kerning:0.0000pt;\"><o:p><\/o:p><\/span><\/p><\/td><td><p class=\"MsoBodyText\" style=\"margin-left:0.0000pt;line-height:122%;\"><span style=\"font-family:'Times New Roman';mso-fareast-font-family:\u5b8b\u4f53;line-height:122%;font-size:10.5000pt;mso-font-kerning:0.0000pt;\">0<font face=\"\u5b8b\u4f53\">~<\/font><font face=\"Times New Roman\">99% RH<\/font><font face=\"\u5b8b\u4f53\">nicht kondensierend<\/font><\/span><span style=\"font-family:'Times New Roman';mso-fareast-font-family:\u5b8b\u4f53;line-height:122%;font-size:10.5000pt;mso-font-kerning:0.0000pt;\"><o:p><\/o:p><\/span><\/p><\/td><\/tr><\/tbody><\/table><\/figure>","protected":false},"excerpt":{"rendered":"<p>XST-LAISmart \u4fbf\u643a\u5f0f\u690d\u88ab\u51a0\u5c42\u5206\u6790\u4eea \u4ea7\u54c1\u6982\u8ff0 \u5317\u4eac\u661f\u89c6\u56fe\u516c\u53f8\u751f\u4ea7\u7684XST-LAISmart\u4fbf\u643a\u5f0f\u690d [&hellip;]<\/p>\n","protected":false},"author":1,"featured_media":0,"parent":0,"menu_order":0,"comment_status":"closed","ping_status":"closed","template":"","meta":{"saved_in_kubio":true,"footnotes":""},"class_list":["post-967","page","type-page","status-publish","hentry"],"kubio_ai_page_context":{"short_desc":"","purpose":"general"},"_links":{"self":[{"href":"http:\/\/www.xingshitu.com\/de\/wp-json\/wp\/v2\/pages\/967","targetHints":{"allow":["GET"]}}],"collection":[{"href":"http:\/\/www.xingshitu.com\/de\/wp-json\/wp\/v2\/pages"}],"about":[{"href":"http:\/\/www.xingshitu.com\/de\/wp-json\/wp\/v2\/types\/page"}],"author":[{"embeddable":true,"href":"http:\/\/www.xingshitu.com\/de\/wp-json\/wp\/v2\/users\/1"}],"replies":[{"embeddable":true,"href":"http:\/\/www.xingshitu.com\/de\/wp-json\/wp\/v2\/comments?post=967"}],"version-history":[{"count":12,"href":"http:\/\/www.xingshitu.com\/de\/wp-json\/wp\/v2\/pages\/967\/revisions"}],"predecessor-version":[{"id":2346,"href":"http:\/\/www.xingshitu.com\/de\/wp-json\/wp\/v2\/pages\/967\/revisions\/2346"}],"wp:attachment":[{"href":"http:\/\/www.xingshitu.com\/de\/wp-json\/wp\/v2\/media?parent=967"}],"curies":[{"name":"wp","href":"https:\/\/api.w.org\/{rel}","templated":true}]}}