{"id":955,"date":"2024-06-07T03:18:30","date_gmt":"2024-06-07T03:18:30","guid":{"rendered":"http:\/\/www.xingshitu.com\/?page_id=955"},"modified":"2025-06-06T02:57:27","modified_gmt":"2025-06-06T02:57:27","slug":"xst-spectralnet-%e5%a4%9a%e8%a7%92%e5%ba%a6%e5%85%a8%e8%87%aa%e5%8a%a8%e9%ab%98%e5%85%89%e8%b0%b1%e4%bb%aa","status":"publish","type":"page","link":"http:\/\/www.xingshitu.com\/de\/xst-spectralnet-%e5%a4%9a%e8%a7%92%e5%ba%a6%e5%85%a8%e8%87%aa%e5%8a%a8%e9%ab%98%e5%85%89%e8%b0%b1%e4%bb%aa\/","title":{"rendered":"XST-SpectralNet Mehrwinkel-Vollautomatisches Hyperspektrometer"},"content":{"rendered":"<p class=\"has-text-align-center has-black-color has-text-color has-link-color has-large-font-size wp-elements-a9e7c705fa1189dd80a25ec44df2716a\"><strong>XST-SpectralN<\/strong><strong>und<\/strong><strong>&nbsp;<\/strong><strong>Automatisches Mehrwinkel-Hyperspektrometer<\/strong><strong><\/strong><\/p>\n\n\n<div class=\"wp-block-image\">\n<figure class=\"alignright size-large is-resized\"><img loading=\"lazy\" decoding=\"async\" width=\"1024\" height=\"768\" src=\"http:\/\/www.xingshitu.com\/wp-content\/uploads\/2025\/06\/\u591a\u89d2\u5ea61-1024x768.png\" alt=\"\" class=\"wp-image-2371\" style=\"width:319px;height:auto\" srcset=\"http:\/\/www.xingshitu.com\/wp-content\/uploads\/2025\/06\/\u591a\u89d2\u5ea61-1024x768.png 1024w, http:\/\/www.xingshitu.com\/wp-content\/uploads\/2025\/06\/\u591a\u89d2\u5ea61-300x225.png 300w, http:\/\/www.xingshitu.com\/wp-content\/uploads\/2025\/06\/\u591a\u89d2\u5ea61-150x113.png 150w, http:\/\/www.xingshitu.com\/wp-content\/uploads\/2025\/06\/\u591a\u89d2\u5ea61-768x576.png 768w, http:\/\/www.xingshitu.com\/wp-content\/uploads\/2025\/06\/\u591a\u89d2\u5ea61-1536x1152.png 1536w, http:\/\/www.xingshitu.com\/wp-content\/uploads\/2025\/06\/\u591a\u89d2\u5ea61-2048x1536.png 2048w, http:\/\/www.xingshitu.com\/wp-content\/uploads\/2025\/06\/\u591a\u89d2\u5ea61-16x12.png 16w, http:\/\/www.xingshitu.com\/wp-content\/uploads\/2025\/06\/\u591a\u89d2\u5ea61-1440x1080.png 1440w\" sizes=\"(max-width: 1024px) 100vw, 1024px\" \/><\/figure><\/div>\n\n\n<p class=\"has-medium-font-size\"><p class=\"has-medium-font-size\" style=\"padding-left: 100px; padding-right: 100px;\"><strong>Automatisierte Langzeit\u00fcberwachung des spektralen Reflexionsgrads von Merkmalen:<\/strong>Hohe Pr\u00e4zision, geringer Stromverbrauch, integriertes Temperaturregelungsmodul, Anpassung an die Umgebung<\/p><\/p>\n\n\n\n<p class=\"has-medium-font-size\"><p class=\"has-medium-font-size\" style=\"padding-left: 100px; padding-right: 100px;\"><strong>Integration von Spektralmessungen mit Berechnungen von Oberfl\u00e4chenparametern:<\/strong>Integriertes Modell zur Berechnung der Vegetationsparameter, automatische Vervollst\u00e4ndigung der wichtigsten \u00f6kologischen Parameter in Echtzeit<strong><\/strong><\/p><\/p>\n\n\n\n<p class=\"has-medium-font-size\"><p class=\"has-medium-font-size\" style=\"padding-left: 100px; padding-right: 100px;\"><strong>Cloud-basierte Plattform f\u00fcr Datenvisualisierung:<\/strong>Visualisierung von in Echtzeit gemessenen und synchronisierten berechneten Parametern<\/p><\/p>\n\n\n\n<p class=\"has-medium-font-size\"><p class=\"has-medium-font-size\" style=\"padding-left: 100px; padding-right: 100px;\"><strong>Funktion zur Erkennung mehrerer Ziele:<\/strong>Eingebautes Modul zur automatischen Umschaltung des optischen Pfades, das die Erkennung von mehreren Zielen und Winkeln mit einem einzigen Ger\u00e4t erm\u00f6glicht.<\/p><\/p>\n\n\n\n<p class=\"has-medium-font-size\"><p class=\"has-medium-font-size\" style=\"padding-left: 100px; padding-right: 100px;\"><strong>Browser-basierte Schnittstelle:<\/strong>Anzeigen und \u00c4ndern von Parametern zu jeder Zeit, Unterst\u00fctzung manueller Messungen, Anzeigen und Herunterladen von Daten<\/p><\/p>\n\n\n\n<p class=\"has-medium-font-size\"><p class=\"has-medium-font-size\" style=\"padding-left: 100px; padding-right: 100px;\"><strong>Einfache Inbetriebnahme und Wartung vor Ort:<\/strong>Software-Konfiguration, Debugging kann per Fernzugriff im Netzwerk durchgef\u00fchrt werden<\/p><\/p>\n\n\n\n<p class=\"has-medium-font-size\"><p class=\"has-medium-font-size\" style=\"padding-left: 100px; padding-right: 100px;\"><strong>Mehrere Datenkorrekturmodule:<\/strong>Kalibrierung der Ulbricht-Kugel in der Dunkelkammer, radiometrische Korrektur, Spektralkorrektur und Dunkelstromkorrektur<\/p><\/p>\n\n\n\n<p class=\"has-medium-font-size\"><p class=\"has-medium-font-size\" style=\"padding-left: 100px; padding-right: 100px;\"><strong>Durch die nationale wissenschaftliche Forschung Einheit Testzentrum Tests, die nationalen Schl\u00fcssellabor regelm\u00e4\u00dfige Daten Kalibrierung Benchmark-Maschine<\/strong><\/p><\/p>\n\n\n\n<p class=\"has-text-align-center has-black-color has-text-color has-link-color wp-elements-6c14aaa1034d2566e880e2521c2edce8\" style=\"font-size:28px\"><strong>Produkt\u00fcbersicht<\/strong><strong><\/strong><\/p>\n\n\n\n<p style=\"font-size:20px\"><p class=\"has-medium-font-size translation-block\" style=\"padding-left: 100px; padding-right: 100px;\">Spektraldaten sind die grundlegende Datenquelle f\u00fcr die Inversion von Fernerkundungsdaten, und das XST-SpectralNet Multi-Angle Fully Automated Hyperspectrometer (MAGHAS) bietet eine kosteng\u00fcnstige und hocheffiziente Messmethode f\u00fcr die automatische Messung von Allwetter-Hyperspektraldaten, die f\u00fcr die Erfassung langer Zeitreihen von Spektraldaten und die \u00dcberwachung \u00f6kologischer und umweltbezogener Variablen eingesetzt werden kann.<\/p><\/p>\n\n\n\n<p class=\"has-text-align-center has-black-color has-text-color has-link-color wp-elements-1825eae983ccc1b93284511c785ab92e\" style=\"font-size:28px\"><strong>Produktmerkmale<\/strong><\/p>\n\n\n\n<p style=\"font-size:20px\"><p class=\"has-medium-font-size\" style=\"padding-left: 100px; padding-right: 100px;\"><strong>Direkte Messung von Parametern<\/strong>Spektrale Rohdaten: Auflichtspektren, reflektierte Lichtspektren, spektrale Reflexionskurven<\/p><\/p>\n\n\n\n<p style=\"font-size:20px\"><p class=\"has-medium-font-size\" style=\"padding-left: 100px; padding-right: 100px;\"><strong><strong>Parameter k\u00f6nnen direkt berechnet werden<\/strong><\/strong>NDVI (Normalisierter Vegetationsindex), REI (Red Edge Index), CCI (Chlorophyll\/Carotinoid-Index), EVI (Erweiterter Vegetationsindex), RVI (Verh\u00e4ltnis-Vegetationsindex), DVI (Differenz-Vegetationsindex), ARVI (Atmosph\u00e4rischer Impedanz-Vegetationsindex), OSAVI (Optimierter Bodenbearbeitungs-Vegetationsindex), GNDVI (Gr\u00fcner Normalisierter Differenz-Vegetationsindex) Optimierter Stickstoff-Vegetationsindex (VIopt), Blatt-Chlorophyll-Index (LCI), Strukturell unempfindlicher Pigment-Vegetationsindex (SIPI)<\/p><\/p>\n\n\n\n<p style=\"font-size:20px\"><p class=\"has-medium-font-size\" style=\"padding-left: 100px; padding-right: 100px;\"><strong>Unterst\u00fctzung f\u00fcr Anpassungen<\/strong>Benutzer k\u00f6nnen Parameter und mehrere Berechnungsmodelle angeben, und wir realisieren modulintegrierte automatische Berechnungen.<\/p><\/p>\n\n\n<div class=\"wp-block-image\">\n<figure class=\"aligncenter size-full\"><img loading=\"lazy\" decoding=\"async\" width=\"841\" height=\"287\" src=\"http:\/\/www.xingshitu.com\/wp-content\/uploads\/2025\/06\/image-25.png\" alt=\"\" class=\"wp-image-2372\" srcset=\"http:\/\/www.xingshitu.com\/wp-content\/uploads\/2025\/06\/image-25.png 841w, http:\/\/www.xingshitu.com\/wp-content\/uploads\/2025\/06\/image-25-300x102.png 300w, http:\/\/www.xingshitu.com\/wp-content\/uploads\/2025\/06\/image-25-150x51.png 150w, http:\/\/www.xingshitu.com\/wp-content\/uploads\/2025\/06\/image-25-768x262.png 768w, http:\/\/www.xingshitu.com\/wp-content\/uploads\/2025\/06\/image-25-18x6.png 18w\" sizes=\"(max-width: 841px) 100vw, 841px\" \/><\/figure><\/div>\n\n\n<p class=\"has-text-align-left has-medium-font-size\"><strong>patentiertes Design<\/strong>Die faseroptische Basis mit mehreren Winkeln kann ein einzelnes Hyperspektralinstrument zur Messung von<strong>8<\/strong>Spektrale Informationen aus verschiedenen Blickwinkeln oder Messung des spektralen Reflexionsgrads mehrerer Proben an verschiedenen Orten zur Berechnung mehrerer Vegetationsparameter.<\/p>\n\n\n<div class=\"wp-block-image\">\n<figure class=\"aligncenter size-large\"><img loading=\"lazy\" decoding=\"async\" width=\"1024\" height=\"494\" src=\"http:\/\/www.xingshitu.com\/wp-content\/uploads\/2025\/06\/\u56fe\u724715-1-1024x494.png\" alt=\"\" class=\"wp-image-2374\" srcset=\"http:\/\/www.xingshitu.com\/wp-content\/uploads\/2025\/06\/\u56fe\u724715-1-1024x494.png 1024w, http:\/\/www.xingshitu.com\/wp-content\/uploads\/2025\/06\/\u56fe\u724715-1-300x145.png 300w, http:\/\/www.xingshitu.com\/wp-content\/uploads\/2025\/06\/\u56fe\u724715-1-150x72.png 150w, http:\/\/www.xingshitu.com\/wp-content\/uploads\/2025\/06\/\u56fe\u724715-1-768x370.png 768w, http:\/\/www.xingshitu.com\/wp-content\/uploads\/2025\/06\/\u56fe\u724715-1-18x9.png 18w, http:\/\/www.xingshitu.com\/wp-content\/uploads\/2025\/06\/\u56fe\u724715-1.png 1244w\" sizes=\"(max-width: 1024px) 100vw, 1024px\" \/><\/figure><\/div>\n\n\n<p class=\"has-text-align-center has-black-color has-text-color has-link-color wp-elements-55eec84a579af0b6739dffeb402f7e1d\" style=\"font-size:28px\"><p class=\"has-medium-font-size\" style=\"padding-left: 100px; padding-right: 100px;\"><\/p><p class=\"has-medium-font-size\" style=\"padding-left: 100px; padding-right: 100px;\"><\/p><\/p>\n\n\n\n<p class=\"has-text-align-center has-black-color has-text-color has-link-color wp-elements-420a6e2c5e1b8b6cfe003496eeb7afcd translation-block\" style=\"font-size:28px\">Technische Parameter<\/p>\n\n\n\n<figure class=\"wp-block-table aligncenter is-style-stripes\" style=\"margin-right:var(--wp--preset--spacing--80);margin-left:var(--wp--preset--spacing--80)\"><table><tbody><tr><td><strong>Effektiver Spektralbereich<\/strong><\/td><td>350nm-1020nm (kundenspezifisch 350~2500nm)<\/td><\/tr><tr><td><strong>Spektrale Aufl\u00f6sung<\/strong><strong><\/strong><\/td><td>1nm (anpassbar)<\/td><\/tr><tr><td><strong>Spektrales Abtastintervall<\/strong><strong><\/strong><\/td><td>0,3nm<\/td><\/tr><tr><td><strong>Signal-Rausch-Verh\u00e4ltnis<\/strong><strong><\/strong><\/td><td>400:1<\/td><\/tr><tr><td><strong>Dynamikbereich<\/strong><strong><\/strong><\/td><td>5000<\/td><\/tr><tr><td><strong>K\u00fchlung und Temperaturkontrolle<\/strong><strong><\/strong><\/td><td>Unabh\u00e4ngiges Thermostatfach f\u00fcr das Spektrometer, dualer K\u00fchlmodus mit TEC-Halbleiter und luftgesteuerter K\u00fchlung<\/td><\/tr><tr><td><strong>Wellenl\u00e4ngenkalibrierung<\/strong><strong><\/strong><\/td><td>Maximale Wellenl\u00e4ngengenauigkeit bei Hg-Lampen mit 9-Punkt-Kalibrierung<\/td><\/tr><tr><td><strong>Streulichtbereich<\/strong><strong><\/strong><\/td><td>0,06% @ 710 nm; 0,3% @ 435 nm<\/td><\/tr><tr><td><strong>Kosinusempf\u00e4nger<\/strong><strong><\/strong><\/td><td>Automatische Kalibrierung mit Spectralon-Material, UV-best\u00e4ndig<\/td><\/tr><tr><td><strong>Punkte Zeit<\/strong><strong><\/strong><\/td><td>Automatische Optimierung der Integrationszeit, anpassbare Integrationszeit, theoretischer Bereich 0,2ms~65s<\/td><\/tr><tr><td><strong>Anzahl der Eingangskan\u00e4le<\/strong><strong><\/strong><\/td><td>2 Lichtwellenleiter (1 einfallend und 1 reflektiert) als Standard, bis zu<strong>ausf\u00fchren (d.h. verwalten)<\/strong><strong>12<\/strong><strong>Lichtwellenleiter<\/strong>(1 Vorfall und 11 reflektiert)<\/td><\/tr><tr><td><strong>optisches Sichtfeld<\/strong><strong><\/strong><\/td><td>Einfall 180\u00b0, Reflexion 25\u00b0<\/td><\/tr><tr><td><strong>Systemsteuerung<\/strong><strong><\/strong><\/td><td>Die \u00c4nderung von Ger\u00e4teparametern (z. B. Messzeit und -frequenz) kann \u00fcber einen Browser, einen Computer oder ein Mobiltelefon angezeigt und ge\u00e4ndert werden.<\/td><\/tr><tr><td><strong>spektrale Messung<\/strong><strong><\/strong><\/td><td>Die automatische Messung kann in den manuellen Messmodus unterbrochen werden, der auf einem Browser, Computer oder Mobiltelefon basiert.<\/td><\/tr><tr><td><strong>Visualisierung von Spektraldaten<\/strong><strong><\/strong><\/td><td>Browser-basierte Echtzeit-Anzeige von Messergebnissen auf PCs und Mobiltelefonen, mit der M\u00f6glichkeit, Daten herunterzuladen<\/td><\/tr><tr><td><strong>photosynthetisch aktive Strahlung<\/strong><strong><\/strong><\/td><td>Eingebautes Modul zur Berechnung der photosynthetisch aktiven Strahlung (PAR), Echtzeitausgabe des PAR-Berechnungswertes<\/td><\/tr><tr><td><strong>Software zur Fernerkundungsmodellierung<\/strong><strong><\/strong><\/td><td>Eingebautes PROSAIL-Modell zur Echtzeit-Inversion verschiedener Parameter von Baumkronen und Bl\u00e4ttern.<\/td><\/tr><tr><td><strong>Software zur Datenverwaltung<\/strong><strong><\/strong><\/td><td>Rohdaten und Modellberechnungen werden lokal gespeichert und gleichzeitig in die Cloud gesendet (Verbindungsrouting)<\/td><\/tr><tr><td><strong>Daten\u00fcbertragung<\/strong><strong><\/strong><\/td><td>Unterst\u00fctzung der drahtlosen \u00dcbertragung \u00fcber den Netzwerkanschluss, der mit dem Router verbunden ist; Unterst\u00fctzung der lokalen Ausgabe \u00fcber den seriellen RS485-Anschluss.<\/td><\/tr><tr><td><strong>in Bewegung sein<\/strong><strong>Energieverschwendung<\/strong><strong><\/strong><\/td><td>Regelm\u00e4\u00dfige Zustand Leistungsaufnahme 24W, Peak-Leistungsaufnahme von ca. 60W (350 ~ 2500nm Wellenl\u00e4nge Modelle m\u00fcssen die Leistungsaufnahme von 5W zu erh\u00f6hen); kann mit einer Zeitschaltuhr Schlaf in der Nacht ausgestattet werden<\/td><\/tr><tr><td><strong>Neustartfunktion bei Stromausfall<\/strong><\/td><td>Unterst\u00fctzt erzwungene Stromausf\u00e4lle und den Neustart beim Einschalten, um zu verhindern, dass ein versehentlicher Stromausfall dazu f\u00fchrt, dass das Ger\u00e4t nicht hochf\u00e4hrt<\/td><\/tr><\/tbody><\/table><\/figure>","protected":false},"excerpt":{"rendered":"<p>XST-SpectralNet&nbsp;\u591a\u89d2\u5ea6\u5168\u81ea\u52a8\u9ad8\u5149\u8c31\u4eea \u957f\u671f\u81ea\u52a8\u76d1\u6d4b\u5730\u7269\u5149\u8c31\u53cd\u5c04\u7387\uff1a\u9ad8\u7cbe\u5ea6\uff0c\u4f4e\u529f\u8017\uff0c\u5185 [&hellip;]<\/p>\n","protected":false},"author":1,"featured_media":0,"parent":0,"menu_order":0,"comment_status":"closed","ping_status":"closed","template":"","meta":{"saved_in_kubio":false,"footnotes":""},"class_list":["post-955","page","type-page","status-publish","hentry"],"kubio_ai_page_context":{"short_desc":"","purpose":"general"},"_links":{"self":[{"href":"http:\/\/www.xingshitu.com\/de\/wp-json\/wp\/v2\/pages\/955","targetHints":{"allow":["GET"]}}],"collection":[{"href":"http:\/\/www.xingshitu.com\/de\/wp-json\/wp\/v2\/pages"}],"about":[{"href":"http:\/\/www.xingshitu.com\/de\/wp-json\/wp\/v2\/types\/page"}],"author":[{"embeddable":true,"href":"http:\/\/www.xingshitu.com\/de\/wp-json\/wp\/v2\/users\/1"}],"replies":[{"embeddable":true,"href":"http:\/\/www.xingshitu.com\/de\/wp-json\/wp\/v2\/comments?post=955"}],"version-history":[{"count":24,"href":"http:\/\/www.xingshitu.com\/de\/wp-json\/wp\/v2\/pages\/955\/revisions"}],"predecessor-version":[{"id":2370,"href":"http:\/\/www.xingshitu.com\/de\/wp-json\/wp\/v2\/pages\/955\/revisions\/2370"}],"wp:attachment":[{"href":"http:\/\/www.xingshitu.com\/de\/wp-json\/wp\/v2\/media?parent=955"}],"curies":[{"name":"wp","href":"https:\/\/api.w.org\/{rel}","templated":true}]}}