{"id":953,"date":"2024-06-07T03:18:24","date_gmt":"2024-06-07T03:18:24","guid":{"rendered":"http:\/\/www.xingshitu.com\/?page_id=953"},"modified":"2025-06-05T07:08:20","modified_gmt":"2025-06-05T07:08:20","slug":"xst-sifnet-%e6%97%a5%e5%85%89%e8%af%b1%e5%af%bc%e5%8f%b6%e7%bb%bf%e7%b4%a0%e8%8d%a7%e5%85%89%e5%85%89%e8%b0%b1%e4%bb%aa","status":"publish","type":"page","link":"http:\/\/www.xingshitu.com\/de\/xst-sifnet-%e6%97%a5%e5%85%89%e8%af%b1%e5%af%bc%e5%8f%b6%e7%bb%bf%e7%b4%a0%e8%8d%a7%e5%85%89%e5%85%89%e8%b0%b1%e4%bb%aa\/","title":{"rendered":"XST-SIFNet Sonnenlicht-induziertes Chlorophyll-Fluoreszenzspektrometer"},"content":{"rendered":"<p class=\"has-text-align-center has-black-color has-text-color has-link-color has-large-font-size wp-elements-712d885830e359ba18188bd4872ac32a\"><strong>XST-SIFN<\/strong><strong>und<\/strong><strong>&nbsp;Tageslicht-induzierte Chlorophyll-Fluoreszenz<\/strong><strong>Spektrograf<\/strong><\/p>\n\n\n<div class=\"wp-block-image\">\n<figure class=\"alignright size-full is-resized\"><img loading=\"lazy\" decoding=\"async\" width=\"3000\" height=\"2000\" src=\"http:\/\/www.xingshitu.com\/wp-content\/uploads\/2024\/12\/3d1a65e536c9abde4acb4f01ac9247f1-1.png\" alt=\"\" class=\"wp-image-2169\" style=\"width:456px;height:auto\" srcset=\"http:\/\/www.xingshitu.com\/wp-content\/uploads\/2024\/12\/3d1a65e536c9abde4acb4f01ac9247f1-1.png 3000w, http:\/\/www.xingshitu.com\/wp-content\/uploads\/2024\/12\/3d1a65e536c9abde4acb4f01ac9247f1-1-300x200.png 300w, http:\/\/www.xingshitu.com\/wp-content\/uploads\/2024\/12\/3d1a65e536c9abde4acb4f01ac9247f1-1-1024x683.png 1024w, http:\/\/www.xingshitu.com\/wp-content\/uploads\/2024\/12\/3d1a65e536c9abde4acb4f01ac9247f1-1-150x100.png 150w, http:\/\/www.xingshitu.com\/wp-content\/uploads\/2024\/12\/3d1a65e536c9abde4acb4f01ac9247f1-1-768x512.png 768w, http:\/\/www.xingshitu.com\/wp-content\/uploads\/2024\/12\/3d1a65e536c9abde4acb4f01ac9247f1-1-1536x1024.png 1536w, http:\/\/www.xingshitu.com\/wp-content\/uploads\/2024\/12\/3d1a65e536c9abde4acb4f01ac9247f1-1-2048x1365.png 2048w, http:\/\/www.xingshitu.com\/wp-content\/uploads\/2024\/12\/3d1a65e536c9abde4acb4f01ac9247f1-1-1620x1080.png 1620w\" sizes=\"(max-width: 3000px) 100vw, 3000px\" \/><\/figure><\/div>\n\n\n<p class=\"has-medium-font-size\"><p class=\"has-medium-font-size\" style=\"padding-left: 100px; padding-right: 100px;\"><strong>Automatisierte Langzeit\u00fcberwachung des spektralen Reflexionsgrads von Merkmalen:<\/strong>Hohe Pr\u00e4zision, geringer Stromverbrauch, integriertes Temperaturregelungsmodul, Anpassung an die Umgebung<\/p><\/p>\n\n\n\n<p class=\"has-medium-font-size\"><p class=\"has-medium-font-size\" style=\"padding-left: 100px; padding-right: 100px;\"><strong>Die Fluoreszenzparameter werden automatisch berechnet:<\/strong>Integrierte mehrere SIF-Berechnungsmodelle, Echtzeit-Ausgabe der Chlorophyllfluoreszenz-Berechnungsergebnisse<\/p><\/p>\n\n\n\n<p class=\"has-medium-font-size\"><p class=\"has-medium-font-size\" style=\"padding-left: 100px; padding-right: 100px;\"><strong>Cloud-basierte Plattform f\u00fcr Datenvisualisierung:<\/strong>Visualisierung von in Echtzeit gemessenen und synchronisierten berechneten Parametern<\/p><\/p>\n\n\n\n<p class=\"has-medium-font-size\"><p class=\"has-medium-font-size\" style=\"padding-left: 100px; padding-right: 100px;\"><strong>Funktion zur Erkennung mehrerer Ziele:<\/strong>Eingebautes Modul zur automatischen Umschaltung des optischen Pfades, das die Erkennung von mehreren Zielen und Winkeln mit einem einzigen Ger\u00e4t erm\u00f6glicht.<\/p><\/p>\n\n\n\n<p class=\"has-medium-font-size\"><p class=\"has-medium-font-size\" style=\"padding-left: 100px; padding-right: 100px;\"><strong>Browser-basierte Schnittstelle:<\/strong>Anzeigen und \u00c4ndern von Parametern zu jeder Zeit, Unterst\u00fctzung manueller Messungen, Anzeigen und Herunterladen von Daten<\/p><\/p>\n\n\n\n<p class=\"has-medium-font-size\"><p class=\"has-medium-font-size\" style=\"padding-left: 100px; padding-right: 100px;\"><strong>Einfache Inbetriebnahme und Wartung vor Ort:<\/strong>Software-Konfiguration, Debugging kann per Fernzugriff im Netzwerk durchgef\u00fchrt werden<\/p><\/p>\n\n\n\n<p class=\"has-medium-font-size\"><p class=\"has-medium-font-size\" style=\"padding-left: 100px; padding-right: 100px;\"><strong>Mehrere Datenkorrekturmodule:<\/strong>Kalibrierung der Ulbricht-Kugel in der Dunkelkammer, radiometrische Korrektur, Spektralkorrektur und Dunkelstromkorrektur<\/p><\/p>\n\n\n\n<p class=\"has-medium-font-size\"><p class=\"has-medium-font-size\" style=\"padding-left: 100px; padding-right: 100px;\"><strong>Durch die nationale wissenschaftliche Forschung Einheit Testzentrum Tests, die nationalen Schl\u00fcssellabor regelm\u00e4\u00dfige Daten Kalibrierung Benchmark-Maschine<\/strong><\/p><\/p>\n\n\n\n<p class=\"has-text-align-center has-black-color has-text-color has-link-color wp-elements-6c14aaa1034d2566e880e2521c2edce8\" style=\"font-size:28px\"><strong>Produkt\u00fcbersicht<\/strong><strong><\/strong><\/p>\n\n\n\n<p style=\"font-size:20px\">Das XST-SIFNet Sonnenlicht-induzierte Chlorophyll-Fluoreszenz-Spektrometer, das unabh\u00e4ngig von Beijing StarView Technology Co. entwickelt wurde, integriert ein hochaufl\u00f6sendes Spektrometermodul, ein automatisches optisches Schaltkontrollsystem und ein Datenerfassungs-, -speicherungs- und -berechnungsmodul, das eine kosteng\u00fcnstige, hocheffiziente und st\u00f6rungsfreie L\u00f6sung f\u00fcr die \u00dcberwachung des Pflanzenwachstums darstellt, um die automatische Erfassung von Allwetter-Hyperspektraldaten und die automatische Ausgabe einer Vielzahl von vegetativen Wachstumsparametern zu realisieren.<\/p>\n\n\n<div class=\"wp-block-image\">\n<figure class=\"aligncenter size-large\"><img loading=\"lazy\" decoding=\"async\" width=\"1024\" height=\"414\" src=\"http:\/\/www.xingshitu.com\/wp-content\/uploads\/2025\/06\/\u56fe\u72479-1024x414.png\" alt=\"\" class=\"wp-image-2361\" srcset=\"http:\/\/www.xingshitu.com\/wp-content\/uploads\/2025\/06\/\u56fe\u72479-1024x414.png 1024w, http:\/\/www.xingshitu.com\/wp-content\/uploads\/2025\/06\/\u56fe\u72479-300x121.png 300w, http:\/\/www.xingshitu.com\/wp-content\/uploads\/2025\/06\/\u56fe\u72479-150x61.png 150w, http:\/\/www.xingshitu.com\/wp-content\/uploads\/2025\/06\/\u56fe\u72479-768x310.png 768w, http:\/\/www.xingshitu.com\/wp-content\/uploads\/2025\/06\/\u56fe\u72479-18x7.png 18w, http:\/\/www.xingshitu.com\/wp-content\/uploads\/2025\/06\/\u56fe\u72479.png 1176w\" sizes=\"(max-width: 1024px) 100vw, 1024px\" \/><\/figure><\/div>\n\n\n<p class=\"has-text-align-center has-black-color has-text-color has-link-color wp-elements-1825eae983ccc1b93284511c785ab92e\" style=\"font-size:28px\"><strong>Produktmerkmale<\/strong><\/p>\n\n\n\n<p style=\"font-size:20px\"><strong>Direkte Messung von Parametern<\/strong><\/p>\n\n\n\n<p style=\"font-size:20px\">Spektrale Rohdaten, spektraler Reflexionsgrad, sonnenlichtinduzierte Chlorophyllfluoreszenz (SIF), normalisierter Vegetationsindex (NDVI), Red-Edge-Index (REI), usw.<\/p>\n\n\n\n<p style=\"font-size:20px\"><strong>Echtzeitsimulation der berechneten Parameter<\/strong><\/p>\n\n\n\n<p style=\"font-size:20px\">Gesamtanregungsfluoreszenz (SIFT), Chlorophyllfluoreszenzausbeute (SIFY), Photosyntheserate (PSR), Verh\u00e4ltnis der photosynthetisch aktiven Strahlungsaufnahme (FPAR), gesamte Prim\u00e4rproduktivit\u00e4t (GPP) und verschiedene Vegetationsindizes<\/p>\n\n\n\n<p style=\"font-size:20px\"><strong>Unterst\u00fctzung f\u00fcr Anpassungen<\/strong><\/p>\n\n\n\n<p style=\"font-size:20px\">Kundenspezifische Parametermodelle werden vom Benutzer zur Verf\u00fcgung gestellt, und wir automatisieren die Berechnung, indem wir das Modul einbetten.<\/p>\n\n\n<div class=\"wp-block-image\">\n<figure class=\"aligncenter size-large\"><img loading=\"lazy\" decoding=\"async\" width=\"1024\" height=\"442\" src=\"http:\/\/www.xingshitu.com\/wp-content\/uploads\/2025\/06\/\u56fe\u724710-1024x442.png\" alt=\"\" class=\"wp-image-2362\" srcset=\"http:\/\/www.xingshitu.com\/wp-content\/uploads\/2025\/06\/\u56fe\u724710-1024x442.png 1024w, http:\/\/www.xingshitu.com\/wp-content\/uploads\/2025\/06\/\u56fe\u724710-300x129.png 300w, http:\/\/www.xingshitu.com\/wp-content\/uploads\/2025\/06\/\u56fe\u724710-150x65.png 150w, http:\/\/www.xingshitu.com\/wp-content\/uploads\/2025\/06\/\u56fe\u724710-768x331.png 768w, http:\/\/www.xingshitu.com\/wp-content\/uploads\/2025\/06\/\u56fe\u724710-18x8.png 18w, http:\/\/www.xingshitu.com\/wp-content\/uploads\/2025\/06\/\u56fe\u724710.png 1249w\" sizes=\"(max-width: 1024px) 100vw, 1024px\" \/><\/figure><\/div>\n\n\n<p class=\"has-text-align-center has-black-color has-text-color has-link-color wp-elements-2718454b7a3d57ffc9a33a71a11da564\" style=\"font-size:28px\"><strong>Anwendungsf\u00e4lle<\/strong><\/p>\n\n\n\n<p class=\"has-text-align-left\" style=\"font-size:20px\"><strong>XST-SIFNet-Sonnenlicht-induzierte Chlorophyll-Fluoreszenz-Spektrometer-Beobachtungen in der Hebirometeorologischen Versuchsstation des Meteorologischen B\u00fcros, Sommer 2023<br>SIF-Daten und NDVI-Daten, die wie folgt analysiert wurden:<\/strong><\/p>\n\n\n\n<p class=\"has-text-align-left\" style=\"font-size:20px\">Die NDVI-Werte befinden sich seit dem Zeitpunkt der Fertigstellung der Anlage in einer r\u00fcckl\u00e4ufigen Phase, was darauf hindeutet, dass sich die Vegetation in diesem Prozess in der Sp\u00e4tphase des Weizenwachstums befindet, und die Entwicklungsperiode geh\u00f6rt zu den Abbauphasen, in denen die gr\u00fcnen Bl\u00e4tter im Kronendach allm\u00e4hlich reduziert werden, bis Anfang Juni (der 10. Juni entspricht etwa dem DOY = 161 Tage) die Weizenernte abgeschlossen ist und sich auf der Unterlage ein verwelktes Weizendach befindet, das sich in einen Strohrest verwandelt hat, der praktisch kein Chlorophyll mehr enth\u00e4lt.<\/p>\n\n\n\n<p class=\"has-text-align-left\" style=\"font-size:20px\">Der Trend des SIF-Wertes spiegelt im Wesentlichen die Ver\u00e4nderung des Vegetationsr\u00fcckgangsprozesses wider, w\u00e4hrend der SIF-Wert nach DOY=170 Tagen aufgrund des Aufkommens von Mais leicht ansteigt, was auch mit dem Wachstum von gr\u00fcnem Unkraut zwischen den Reihen der Strohr\u00fcckst\u00e4nde auf dem Feld zusammenh\u00e4ngen kann, w\u00e4hrend der SIF-Wert an einigen der Daten unter dem allgemeinen Trend der Abnahme springt, aufgrund der Tatsache, dass der PAR-Wert an diesen Daten eine signifikante Erh\u00f6hung aufweist. Anhand dieses Ergebnisses k\u00f6nnen wir auch erkennen, dass bei der Interpretation des SIF die kombinierte Wirkung von PAR und NDVI ber\u00fccksichtigt werden muss.<\/p>\n\n\n<div class=\"wp-block-image\">\n<figure class=\"aligncenter size-large\"><img loading=\"lazy\" decoding=\"async\" width=\"1024\" height=\"446\" src=\"http:\/\/www.xingshitu.com\/wp-content\/uploads\/2025\/06\/image-23-1024x446.png\" alt=\"\" class=\"wp-image-2363\" srcset=\"http:\/\/www.xingshitu.com\/wp-content\/uploads\/2025\/06\/image-23-1024x446.png 1024w, http:\/\/www.xingshitu.com\/wp-content\/uploads\/2025\/06\/image-23-300x131.png 300w, http:\/\/www.xingshitu.com\/wp-content\/uploads\/2025\/06\/image-23-150x65.png 150w, http:\/\/www.xingshitu.com\/wp-content\/uploads\/2025\/06\/image-23-768x334.png 768w, http:\/\/www.xingshitu.com\/wp-content\/uploads\/2025\/06\/image-23-18x8.png 18w, http:\/\/www.xingshitu.com\/wp-content\/uploads\/2025\/06\/image-23.png 1271w\" sizes=\"(max-width: 1024px) 100vw, 1024px\" \/><\/figure><\/div>\n\n\n<figure class=\"wp-block-image size-large\"><img loading=\"lazy\" decoding=\"async\" width=\"1024\" height=\"476\" src=\"http:\/\/www.xingshitu.com\/wp-content\/uploads\/2025\/06\/\u56fe\u724711-1024x476.png\" alt=\"\" class=\"wp-image-2364\" srcset=\"http:\/\/www.xingshitu.com\/wp-content\/uploads\/2025\/06\/\u56fe\u724711-1024x476.png 1024w, http:\/\/www.xingshitu.com\/wp-content\/uploads\/2025\/06\/\u56fe\u724711-300x140.png 300w, http:\/\/www.xingshitu.com\/wp-content\/uploads\/2025\/06\/\u56fe\u724711-150x70.png 150w, http:\/\/www.xingshitu.com\/wp-content\/uploads\/2025\/06\/\u56fe\u724711-768x357.png 768w, http:\/\/www.xingshitu.com\/wp-content\/uploads\/2025\/06\/\u56fe\u724711-18x8.png 18w, http:\/\/www.xingshitu.com\/wp-content\/uploads\/2025\/06\/\u56fe\u724711.png 1174w\" sizes=\"(max-width: 1024px) 100vw, 1024px\" \/><\/figure>\n\n\n\n<p class=\"has-text-align-center has-black-color has-text-color has-link-color wp-elements-420a6e2c5e1b8b6cfe003496eeb7afcd translation-block\" style=\"font-size:28px\">Technische Parameter<\/p>\n\n\n\n<figure class=\"wp-block-table is-style-stripes\" style=\"margin-right:var(--wp--preset--spacing--80);margin-left:var(--wp--preset--spacing--80)\"><table><tbody><tr><td><strong>Effektiver Spektralbereich<\/strong><strong><\/strong><\/td><td>600nm-820nm (650nm-800nm)<\/td><\/tr><tr><td><strong>Spektrale Aufl\u00f6sung<\/strong><strong><\/strong><\/td><td>0,3nm<\/td><\/tr><tr><td><strong>Signal-Rausch-Verh\u00e4ltnis<\/strong><strong><\/strong><\/td><td>1000:1<\/td><\/tr><tr><td><strong>Spektrales Abtastintervall<\/strong><strong><\/strong><\/td><td>0,1nm<\/td><\/tr><tr><td><strong>Dynamikbereich<\/strong><strong><\/strong><\/td><td>5000<\/td><\/tr><tr><td><strong>K\u00fchlung und Temperaturkontrolle<\/strong><strong><\/strong><\/td><td>Unabh\u00e4ngiges Thermostatfach f\u00fcr das Spektrometer, dualer K\u00fchlmodus mit TEC-Halbleiter und luftgesteuerter K\u00fchlung<\/td><\/tr><tr><td><strong>Wellenl\u00e4ngenkalibrierung<\/strong><strong><\/strong><\/td><td>Hg-Lampe mit 9-Punkt-Kalibrierung f\u00fcr h\u00f6chste Wellenl\u00e4ngengenauigkeit<\/td><\/tr><tr><td><strong>Streulichtbereich<\/strong><strong><\/strong><\/td><td>0,06% @710 nm<\/td><\/tr><tr><td><strong>Kosinusempf\u00e4nger<\/strong><strong><\/strong><\/td><td>Automatische Kalibrierung mit Spectralon-Material, UV-best\u00e4ndig<\/td><\/tr><tr><td><strong>Punkte Zeit<\/strong><strong><\/strong><\/td><td>Automatische Optimierung der Integrationszeit, anpassbare Integrationszeit, theoretischer Bereich 0,2ms~65s<\/td><\/tr><tr><td><strong>Anzahl der Eingangskan\u00e4le<\/strong><strong><\/strong><\/td><td>2 Fasern (1 einfallende und 1 reflektierte) als Standard, unterst\u00fctzt bis zu 12 Fasern (1 einfallende und 11 reflektierte)<\/td><\/tr><tr><td><strong>optisches Sichtfeld<\/strong><strong><\/strong><\/td><td>Einfall 180\u00b0, Reflexion 25\u00b0<\/td><\/tr><tr><td><strong>Systemsteuerung<\/strong><strong><\/strong><\/td><td>Die \u00c4nderung von Ger\u00e4teparametern (z. B. Messzeit und -frequenz) kann \u00fcber einen Browser, einen Computer oder ein Mobiltelefon angezeigt und ge\u00e4ndert werden.<\/td><\/tr><tr><td><strong>spektrale Messung<\/strong><strong><\/strong><\/td><td>Die automatische Messung kann in den manuellen Messmodus unterbrochen werden, der auf einem Browser, Computer oder Mobiltelefon basiert.<\/td><\/tr><tr><td><strong>Visualisierung von Spektraldaten<\/strong><strong><\/strong><\/td><td>Browser-basierte Echtzeit-Anzeige von Messergebnissen auf Computern und Mobiltelefonen, Daten-Downloads<\/td><\/tr><tr><td><strong>Software zur Datenverwaltung<\/strong><strong><\/strong><\/td><td>Rohdaten und Modellberechnungen werden lokal gespeichert und gleichzeitig in die Cloud gesendet (Verbindungsrouting)<\/td><\/tr><tr><td><strong>Daten\u00fcbertragung<\/strong><strong><\/strong><\/td><td>Unterst\u00fctzung der drahtlosen \u00dcbertragung \u00fcber den Netzwerkanschluss, der mit dem Router verbunden ist; Unterst\u00fctzung der lokalen Ausgabe \u00fcber den seriellen RS485-Anschluss.<\/td><\/tr><tr><td><strong>Laufende Leistungsaufnahme<\/strong><strong><\/strong><\/td><td>Stromverbrauch im Normalzustand 24 W, Spitzenverbrauch ca. 60 W; kann mit einer Zeitschaltuhr f\u00fcr den Nachtschlaf ausgestattet werden<\/td><\/tr><tr><td><strong>Neustartfunktion bei Stromausfall<\/strong><strong><\/strong><\/td><td>Unterst\u00fctzt erzwungene Stromausf\u00e4lle und den Neustart beim Einschalten, um zu verhindern, dass ein versehentlicher Stromausfall dazu f\u00fchrt, dass das Ger\u00e4t nicht hochf\u00e4hrt<\/td><\/tr><tr><td><strong>Betriebsart<\/strong><strong><\/strong><\/td><td>Vollautomatische Allwetterbeobachtung mit automatischer Datenfern\u00fcbertragung<\/td><\/tr><\/tbody><\/table><\/figure>","protected":false},"excerpt":{"rendered":"<p>XST-SIFNet&nbsp;\u65e5\u5149\u8bf1\u5bfc\u53f6\u7eff\u7d20\u8367\u5149\u5149\u8c31\u4eea \u957f\u671f\u81ea\u52a8\u76d1\u6d4b\u5730\u7269\u5149\u8c31\u53cd\u5c04\u7387\uff1a\u9ad8\u7cbe\u5ea6\uff0c\u4f4e\u529f\u8017\uff0c\u5185\u7f6e\u6e29\u63a7 [&hellip;]<\/p>\n","protected":false},"author":1,"featured_media":0,"parent":0,"menu_order":0,"comment_status":"closed","ping_status":"closed","template":"","meta":{"saved_in_kubio":true,"footnotes":""},"class_list":["post-953","page","type-page","status-publish","hentry"],"kubio_ai_page_context":{"short_desc":"","purpose":"general"},"_links":{"self":[{"href":"http:\/\/www.xingshitu.com\/de\/wp-json\/wp\/v2\/pages\/953","targetHints":{"allow":["GET"]}}],"collection":[{"href":"http:\/\/www.xingshitu.com\/de\/wp-json\/wp\/v2\/pages"}],"about":[{"href":"http:\/\/www.xingshitu.com\/de\/wp-json\/wp\/v2\/types\/page"}],"author":[{"embeddable":true,"href":"http:\/\/www.xingshitu.com\/de\/wp-json\/wp\/v2\/users\/1"}],"replies":[{"embeddable":true,"href":"http:\/\/www.xingshitu.com\/de\/wp-json\/wp\/v2\/comments?post=953"}],"version-history":[{"count":23,"href":"http:\/\/www.xingshitu.com\/de\/wp-json\/wp\/v2\/pages\/953\/revisions"}],"predecessor-version":[{"id":2365,"href":"http:\/\/www.xingshitu.com\/de\/wp-json\/wp\/v2\/pages\/953\/revisions\/2365"}],"wp:attachment":[{"href":"http:\/\/www.xingshitu.com\/de\/wp-json\/wp\/v2\/media?parent=953"}],"curies":[{"name":"wp","href":"https:\/\/api.w.org\/{rel}","templated":true}]}}