{"id":949,"date":"2024-06-07T03:18:05","date_gmt":"2024-06-07T03:18:05","guid":{"rendered":"http:\/\/www.xingshitu.com\/?page_id=949"},"modified":"2025-06-03T09:09:35","modified_gmt":"2025-06-03T09:09:35","slug":"xst-lidarnet-%e5%8e%9f%e4%bd%8d%e7%94%9f%e6%80%81%e6%bf%80%e5%85%89%e9%9b%b7%e8%be%be","status":"publish","type":"page","link":"http:\/\/www.xingshitu.com\/de\/xst-lidarnet-%e5%8e%9f%e4%bd%8d%e7%94%9f%e6%80%81%e6%bf%80%e5%85%89%e9%9b%b7%e8%be%be\/","title":{"rendered":"XST-LiDARNet \u00d6kologisches In-situ-LiDAR"},"content":{"rendered":"<p class=\"has-text-align-center has-black-color has-text-color has-link-color has-large-font-size wp-elements-227a9aa4875846703cafc1b3b6abfcbe\"><strong>XST-LiDARNet<\/strong><strong>&nbsp;<\/strong><strong>In-situ-\u00d6ko-Lidar<\/strong><strong><\/strong><\/p>\n\n\n\n<p class=\"has-text-align-center has-black-color has-text-color has-link-color wp-elements-6b0a26953c9328e40ad6e6b7d971a219\" style=\"font-size:28px\"><strong>Produkte<\/strong><\/p>\n\n\n<div class=\"wp-block-image\">\n<figure class=\"alignright size-full is-resized\"><img loading=\"lazy\" decoding=\"async\" width=\"1920\" height=\"2560\" src=\"http:\/\/www.xingshitu.com\/wp-content\/uploads\/2025\/06\/\u6fc0\u5149\u96f7\u8fbe1-edited-scaled.jpg\" alt=\"\" class=\"wp-image-2318\" style=\"width:307px;height:auto\" srcset=\"http:\/\/www.xingshitu.com\/wp-content\/uploads\/2025\/06\/\u6fc0\u5149\u96f7\u8fbe1-edited-scaled.jpg 1920w, http:\/\/www.xingshitu.com\/wp-content\/uploads\/2025\/06\/\u6fc0\u5149\u96f7\u8fbe1-edited-225x300.jpg 225w, http:\/\/www.xingshitu.com\/wp-content\/uploads\/2025\/06\/\u6fc0\u5149\u96f7\u8fbe1-edited-768x1024.jpg 768w, http:\/\/www.xingshitu.com\/wp-content\/uploads\/2025\/06\/\u6fc0\u5149\u96f7\u8fbe1-edited-113x150.jpg 113w, http:\/\/www.xingshitu.com\/wp-content\/uploads\/2025\/06\/\u6fc0\u5149\u96f7\u8fbe1-edited-1152x1536.jpg 1152w, http:\/\/www.xingshitu.com\/wp-content\/uploads\/2025\/06\/\u6fc0\u5149\u96f7\u8fbe1-edited-1536x2048.jpg 1536w, http:\/\/www.xingshitu.com\/wp-content\/uploads\/2025\/06\/\u6fc0\u5149\u96f7\u8fbe1-edited-9x12.jpg 9w, http:\/\/www.xingshitu.com\/wp-content\/uploads\/2025\/06\/\u6fc0\u5149\u96f7\u8fbe1-edited-810x1080.jpg 810w\" sizes=\"(max-width: 1920px) 100vw, 1920px\" \/><\/figure><\/div>\n\n\n<p>Das von Beijing StarView Technology Co., Ltd. unabh\u00e4ngig entwickelte \u00f6kologische In-situ-LiDAR-System XST-LiDARNet kann das Zielgebiet in der \u00f6kologischen Umgebung vor Ort kontinuierlich scannen, die Dynamik der Vegetation genauer wiedergeben, die Beobachtungskontinuit\u00e4t aufrechterhalten, mit einer zeitlichen Aufl\u00f6sung von bis zu einer Stunde, und die Daten k\u00f6nnen in-situ beobachtet werden, ohne die geometrische Positionsausrichtung der Punktwolke zu ber\u00fccksichtigen, wobei die zeitlichen Informationen effektiv genutzt werden und die Ver\u00e4nderungen des Wachstums der Vegetation genau erfasst werden.<\/p>\n\n\n\n<p style=\"font-size:28px\"><strong>Software-System<\/strong><\/p>\n\n\n\n<p><strong>Rohdaten:<\/strong>Bin\u00e4r strukturierte Daten sind eine 3D-Punktwolkenkarte, die aus einer Reihe von XYZ-Koordinateninformationen besteht;<\/p>\n\n\n\n<p><strong>Verarbeitung von Punktwolkendaten:<\/strong>Prozesse wie 3D-Koordinatentransformation, Rauschpunktentfernung, Intraday-Punktwolkendaten-Synthese, Punktwolken-Bodenfilterung, Windgeschwindigkeitsfilterung usw., kombiniert mit der Filterung nach menschlichem Ermessen (z. B. Turm, Auslegerfu\u00df usw. k\u00f6nnen w\u00e4hrend der Installation auf einmal manuell geschnitten werden);<\/p>\n\n\n\n<p><strong>Optimierung von Algorithmen zur Extraktion von Strukturparametern:<\/strong>Optimales gerastertes Modell zur Extraktion der Baumkronenh\u00f6he; Sch\u00e4tzung der t\u00e4glichen Ver\u00e4nderungen des Vegetationsvolumens auf der Grundlage der volumetrischen Oberfl\u00e4chendifferenzierung zur Ermittlung der Merkmale der zeitlichen Ver\u00e4nderungen der Vegetation.<\/p>\n\n\n<div class=\"wp-block-image\">\n<figure class=\"aligncenter size-full is-resized\"><img loading=\"lazy\" decoding=\"async\" width=\"1009\" height=\"309\" src=\"http:\/\/www.xingshitu.com\/wp-content\/uploads\/2024\/11\/image-26.png\" alt=\"\" class=\"wp-image-1298\" style=\"width:886px;height:auto\" srcset=\"http:\/\/www.xingshitu.com\/wp-content\/uploads\/2024\/11\/image-26.png 1009w, http:\/\/www.xingshitu.com\/wp-content\/uploads\/2024\/11\/image-26-300x92.png 300w, http:\/\/www.xingshitu.com\/wp-content\/uploads\/2024\/11\/image-26-150x46.png 150w, http:\/\/www.xingshitu.com\/wp-content\/uploads\/2024\/11\/image-26-768x235.png 768w\" sizes=\"(max-width: 1009px) 100vw, 1009px\" \/><\/figure><\/div>\n\n\n<p class=\"has-text-align-center has-black-color has-text-color has-link-color wp-elements-2718454b7a3d57ffc9a33a71a11da564\" style=\"font-size:28px\"><strong>Anwendungsf\u00e4lle<\/strong><\/p>\n\n\n\n<p class=\"has-text-color has-link-color wp-elements-be3a2ef71d93cafde93439672ea10873\" style=\"color:#0b7a26\"><strong>Die Kombination aus LiDAR und einer Wetterkamera bietet eine Referenz f\u00fcr die Berechnung und Validierung von Punktwolkendaten, w\u00e4hrend das Wachstum und das Wetter beobachtet werden.<\/strong><\/p>\n\n\n<div class=\"wp-block-image\">\n<figure class=\"aligncenter size-large\"><img loading=\"lazy\" decoding=\"async\" width=\"1024\" height=\"629\" src=\"http:\/\/www.xingshitu.com\/wp-content\/uploads\/2025\/06\/image-7-1024x629.png\" alt=\"\" class=\"wp-image-2320\" srcset=\"http:\/\/www.xingshitu.com\/wp-content\/uploads\/2025\/06\/image-7-1024x629.png 1024w, http:\/\/www.xingshitu.com\/wp-content\/uploads\/2025\/06\/image-7-300x184.png 300w, http:\/\/www.xingshitu.com\/wp-content\/uploads\/2025\/06\/image-7-150x92.png 150w, http:\/\/www.xingshitu.com\/wp-content\/uploads\/2025\/06\/image-7-768x472.png 768w, http:\/\/www.xingshitu.com\/wp-content\/uploads\/2025\/06\/image-7-18x12.png 18w, http:\/\/www.xingshitu.com\/wp-content\/uploads\/2025\/06\/image-7.png 1305w\" sizes=\"(max-width: 1024px) 100vw, 1024px\" \/><\/figure><\/div>\n\n\n<p class=\"has-text-color has-link-color wp-elements-d59f64bb7382340241b7535a9abdfdb8\" style=\"color:#0b7a26\"><strong>Datenverarbeitung<\/strong><\/p>\n\n\n\n<p>Punktwolkentrennung der Pflanzen vom Boden - Berechnung der Vegetationsbedeckung (FVC) - Berechnung der L\u00fcckenrate - Berechnung des Blattfl\u00e4chenindex (LAI). Bei den \u00fcber eine Vegetationsperiode erfassten Daten stimmte der aus den LiDAR-Berechnungen gewonnene Blattfl\u00e4chenindex sehr gut mit dem Zeitreihenmuster der Bodenwerte \u00fcberein (gleitender 7-Tage-Durchschnitt).<\/p>\n\n\n\n<p><\/p>\n\n\n<div class=\"wp-block-image\">\n<figure class=\"aligncenter size-large\"><img loading=\"lazy\" decoding=\"async\" width=\"1024\" height=\"264\" src=\"http:\/\/www.xingshitu.com\/wp-content\/uploads\/2025\/06\/image-8-1024x264.png\" alt=\"\" class=\"wp-image-2321\" srcset=\"http:\/\/www.xingshitu.com\/wp-content\/uploads\/2025\/06\/image-8-1024x264.png 1024w, http:\/\/www.xingshitu.com\/wp-content\/uploads\/2025\/06\/image-8-300x77.png 300w, http:\/\/www.xingshitu.com\/wp-content\/uploads\/2025\/06\/image-8-150x39.png 150w, http:\/\/www.xingshitu.com\/wp-content\/uploads\/2025\/06\/image-8-768x198.png 768w, http:\/\/www.xingshitu.com\/wp-content\/uploads\/2025\/06\/image-8-18x5.png 18w, http:\/\/www.xingshitu.com\/wp-content\/uploads\/2025\/06\/image-8.png 1401w\" sizes=\"(max-width: 1024px) 100vw, 1024px\" \/><\/figure><\/div>\n\n\n<p><\/p>\n\n\n\n<p class=\"has-text-align-center has-black-color has-text-color has-link-color wp-elements-2077909cf33f44d1fef43d8a0ca80f15 translation-block\" style=\"font-size:28px\">Technische Parameter<\/p>\n\n\n\n<figure class=\"wp-block-table aligncenter is-style-stripes\" style=\"margin-top:0;margin-right:10rem;margin-bottom:0;margin-left:10rem\"><table><tbody><tr><td><strong>Laser-Wellenl\u00e4nge<\/strong><strong><\/strong><\/td><td>905nm<\/td><\/tr><tr><td><strong>Sicherheitsstufe f\u00fcr das menschliche Auge<\/strong><strong><\/strong><\/td><td>Klasse 1 (IEC60825-1:2014)<\/td><\/tr><tr><td><strong>Messbereich<\/strong><strong>(<\/strong><strong>@1<\/strong><strong>00<\/strong><strong>klx<\/strong><strong>)<\/strong><strong><\/strong><\/td><td>150m @10% Reflektivit\u00e4t; Mindestreichweite 1m, 3m oder mehr empfohlen<\/td><\/tr><tr><td><strong>Zuf\u00e4llige Fehler bei der Entfernungsmessung<\/strong><strong>(<\/strong><strong>1\u03c3<\/strong><strong>)<\/strong><strong><\/strong><\/td><td>&lt;2cm@20m (80% Reflexionsverm\u00f6gen)<\/td><\/tr><tr><td><strong>Fehler im Entfernungsmesssystem<\/strong><strong><\/strong><\/td><td>&lt;\u00b13cm@20m<\/td><\/tr><tr><td><strong>Sichtfeld<\/strong><strong><\/strong><\/td><td>120\u00b0 horizontal, 25\u00b0 vertikal<\/td><\/tr><tr><td><strong>zuf\u00e4lliger Winkelfehler<\/strong><strong><\/strong><\/td><td>&lt;0.1\u00b0<\/td><\/tr><tr><td><strong>Ausgabe der Punktwolke<\/strong><strong><\/strong><\/td><td>452.000 Punkte\/Sekunde<\/td><\/tr><tr><td><strong>Temperatur der Arbeitsumgebung<\/strong><strong><\/strong><\/td><td>-40\u2103\uff5e85\u2103<\/td><\/tr><tr><td><strong>Schutzniveau des Radars<\/strong><strong><\/strong><\/td><td>IP66<\/td><\/tr><tr><td><strong>Laufende Leistungsaufnahme<\/strong><strong><\/strong><\/td><td>Nennleistung 12 W; Startleistung 26 W; maximale Heizleistung bei niedrigen Temperaturen 40 W; Versorgungsspannung: 9~18 V<\/td><\/tr><tr><td><strong>Software f\u00fcr die Datenverarbeitung<\/strong><strong><\/strong><\/td><td>Integrierter Online-Datenprozessor im System<\/td><\/tr><tr><td><strong>Messbare Parameter<\/strong><strong><\/strong><\/td><td>3D-Punktwolkendaten, H\u00f6he des Kronendachs (mittlere H\u00f6he und 80%-Quartilh\u00f6he), Vegetationsfl\u00e4che, Deckung, Blattfl\u00e4chenindex, Stammdurchmesser in Brusth\u00f6he (seitlich angebracht), Blattneigungswinkel<\/td><\/tr><tr><td><strong>Betriebsart<\/strong><strong><\/strong><\/td><td>Vollautomatisch, allwettertauglich<\/td><\/tr><tr><td><strong>drahtlose \u00dcbertragung<\/strong><strong><\/strong><\/td><td>Eingebautes Modul, unterst\u00fctzt Dual-Flow-Karte, Hot-Swap-f\u00e4hig, 4G-Vollnetzkommunikation<\/td><\/tr><tr><td><strong>die eigenen mitbringen<\/strong><strong>GPS<\/strong><strong><\/strong><\/td><td>Aufzeichnung von Informationen zur Positionserh\u00f6hung und Kalibrierung der Systemzeit<\/td><\/tr><\/tbody><\/table><\/figure>\n\n\n\n<p><\/p>","protected":false},"excerpt":{"rendered":"<p>XST-LiDARNet&nbsp;\u539f\u4f4d\u751f\u6001\u6fc0\u5149\u96f7\u8fbe \u4ea7\u54c1\u7b80\u4ecb \u5317\u4eac\u661f\u89c6\u56fe\u79d1\u6280\u6709\u9650\u516c\u53f8\u81ea\u4e3b\u7814\u53d1\u7684XST-LiD [&hellip;]<\/p>\n","protected":false},"author":1,"featured_media":0,"parent":0,"menu_order":0,"comment_status":"closed","ping_status":"closed","template":"","meta":{"saved_in_kubio":false,"footnotes":""},"class_list":["post-949","page","type-page","status-publish","hentry"],"kubio_ai_page_context":{"short_desc":"","purpose":"general"},"_links":{"self":[{"href":"http:\/\/www.xingshitu.com\/de\/wp-json\/wp\/v2\/pages\/949","targetHints":{"allow":["GET"]}}],"collection":[{"href":"http:\/\/www.xingshitu.com\/de\/wp-json\/wp\/v2\/pages"}],"about":[{"href":"http:\/\/www.xingshitu.com\/de\/wp-json\/wp\/v2\/types\/page"}],"author":[{"embeddable":true,"href":"http:\/\/www.xingshitu.com\/de\/wp-json\/wp\/v2\/users\/1"}],"replies":[{"embeddable":true,"href":"http:\/\/www.xingshitu.com\/de\/wp-json\/wp\/v2\/comments?post=949"}],"version-history":[{"count":31,"href":"http:\/\/www.xingshitu.com\/de\/wp-json\/wp\/v2\/pages\/949\/revisions"}],"predecessor-version":[{"id":2342,"href":"http:\/\/www.xingshitu.com\/de\/wp-json\/wp\/v2\/pages\/949\/revisions\/2342"}],"wp:attachment":[{"href":"http:\/\/www.xingshitu.com\/de\/wp-json\/wp\/v2\/media?parent=949"}],"curies":[{"name":"wp","href":"https:\/\/api.w.org\/{rel}","templated":true}]}}