{"id":947,"date":"2024-06-07T03:17:57","date_gmt":"2024-06-07T03:17:57","guid":{"rendered":"http:\/\/www.xingshitu.com\/?page_id=947"},"modified":"2025-06-03T08:18:10","modified_gmt":"2025-06-03T08:18:10","slug":"xst-lainet-%e5%85%a8%e8%87%aa%e5%8a%a8%e5%8f%b6%e9%9d%a2%e7%a7%af%e6%8c%87%e6%95%b0%e4%bb%aa","status":"publish","type":"page","link":"http:\/\/www.xingshitu.com\/de\/xst-lainet-%e5%85%a8%e8%87%aa%e5%8a%a8%e5%8f%b6%e9%9d%a2%e7%a7%af%e6%8c%87%e6%95%b0%e4%bb%aa\/","title":{"rendered":"XST-LAINet Vollautomatischer Blattfl\u00e4chenindexpr\u00fcfer"},"content":{"rendered":"<p class=\"has-text-align-center has-black-color has-text-color has-link-color has-large-font-size wp-elements-a5cef64a6172a303f26522d71c601574\"><strong>XST-LAINet Vollautomatischer Blattfl\u00e4chenindexpr\u00fcfer<\/strong><\/p>\n\n\n<div class=\"wp-block-image\">\n<figure class=\"aligncenter size-large is-resized\"><img loading=\"lazy\" decoding=\"async\" width=\"837\" height=\"1024\" src=\"http:\/\/www.xingshitu.com\/wp-content\/uploads\/2025\/06\/\u5206\u5e03\u5f0f\u690d\u88ab\u6307\u6570\u4eea-837x1024.png\" alt=\"\" class=\"wp-image-2311\" style=\"width:320px;height:auto\" srcset=\"http:\/\/www.xingshitu.com\/wp-content\/uploads\/2025\/06\/\u5206\u5e03\u5f0f\u690d\u88ab\u6307\u6570\u4eea-837x1024.png 837w, http:\/\/www.xingshitu.com\/wp-content\/uploads\/2025\/06\/\u5206\u5e03\u5f0f\u690d\u88ab\u6307\u6570\u4eea-245x300.png 245w, http:\/\/www.xingshitu.com\/wp-content\/uploads\/2025\/06\/\u5206\u5e03\u5f0f\u690d\u88ab\u6307\u6570\u4eea-123x150.png 123w, http:\/\/www.xingshitu.com\/wp-content\/uploads\/2025\/06\/\u5206\u5e03\u5f0f\u690d\u88ab\u6307\u6570\u4eea-768x940.png 768w, http:\/\/www.xingshitu.com\/wp-content\/uploads\/2025\/06\/\u5206\u5e03\u5f0f\u690d\u88ab\u6307\u6570\u4eea-10x12.png 10w, http:\/\/www.xingshitu.com\/wp-content\/uploads\/2025\/06\/\u5206\u5e03\u5f0f\u690d\u88ab\u6307\u6570\u4eea-883x1080.png 883w, http:\/\/www.xingshitu.com\/wp-content\/uploads\/2025\/06\/\u5206\u5e03\u5f0f\u690d\u88ab\u6307\u6570\u4eea.png 1249w\" sizes=\"(max-width: 837px) 100vw, 837px\" \/><\/figure><\/div>\n\n\n<p class=\"has-text-align-center\"><\/p>\n\n\n\n<p class=\"has-text-align-center has-black-color has-text-color has-link-color wp-elements-b5f5dd42ef186b971938dbe11ffdb755\" style=\"font-size:28px\"><strong>Angebote<\/strong><strong>skizziert.<\/strong><strong><\/strong><\/p>\n\n\n\n<p style=\"font-size:20px\">Der Blattfl\u00e4chenindex (LAI) ist ein wichtiger Parameter f\u00fcr die strukturellen Merkmale der Vegetationsdecke und wird h\u00e4ufig in Fernerkundungsmodellen, Modellen f\u00fcr das Pflanzenwachstum, Ertragsvorhersagemodellen und Modellen f\u00fcr Landoberfl\u00e4chenprozesse verwendet. Das drahtlose netzwerkartige Blattfl\u00e4chenindex-Messger\u00e4t (LAINet) wurde in den letzten Jahren im Inland eingesetzt.<strong>Einweihung<\/strong>Es wurde eine vollautomatische Messung des LAI realisiert, die eine kontinuierliche und automatische Erfassung langer Zeitreihen des Blattfl\u00e4chenindexes (LAI) der Vegetation ohne Aufsicht erm\u00f6glicht.<\/p>\n\n\n\n<p style=\"font-size:20px\">Es wird eine verteilte gleichzeitige Beobachtung an mehreren Standorten angewandt, wobei mehrere bildgebende Blattfl\u00e4chenindex-Sensoren vertikal nach oben (Aufw\u00e4rts-Typ) oder vertikal nach unten (Abw\u00e4rts-Typ) Weitwinkel-Hochaufl\u00f6sungsbilder des Vegetationsdachs aufnehmen und dann automatisch den Echtzeit-Blattfl\u00e4chenindex des Vegetationsdachs \u00fcber den Datensammler und das Back-End-Datenanalyseprogramm ermitteln.<\/p>\n\n\n\n<p style=\"font-size:20px\"><strong>nach oben gerichtet<\/strong>\u00a0\u00a0Es eignet sich haupts\u00e4chlich f\u00fcr die Beobachtung relativ hoher Vegetationstypen: Waldvegetation wie B\u00e4ume und Str\u00e4ucher und h\u00f6here Ackerlandvegetation wie Mais und Zuckerrohr. Das nach oben gerichtete Modell verwendet eine Weitwinkelkamera (120\u00b0), um die Porosit\u00e4t des Bl\u00e4tterdachs der Vegetation zu ermitteln und den Blattfl\u00e4chenindex zu berechnen.<\/p>\n\n\n\n<p style=\"font-size:20px\"><strong>nach unten gerichtet<\/strong>\u00a0\u00a0Es eignet sich vor allem f\u00fcr die \u00dcberwachung geringer Pflanzenpopulationen, z. B. auf Gr\u00fcnland oder in den fr\u00fchen Wachstumsstadien von Nutzpflanzen.\u00a0<\/p>\n\n\n\n<p class=\"has-text-align-center has-black-color has-text-color has-link-color wp-elements-bbc60d77a6f44ce40b47b98d738d32e9\" style=\"font-size:28px\"><strong>Anwendungsf\u00e4lle<\/strong><strong><\/strong><\/p>\n\n\n\n<p style=\"font-size:20px\">Das Blattfl\u00e4chenindex-Messger\u00e4t der Serie XST-LAINet hat sich in der Fernerkundung bew\u00e4hrt, und die entsprechenden Ergebnisse wurden mehr als hundert Mal in renommierten Fachzeitschriften, darunter Remote Sensing of Environment und Science Bulletin, ver\u00f6ffentlicht und zitiert.<\/p>\n\n\n<div class=\"wp-block-image\">\n<figure class=\"aligncenter size-large\"><img loading=\"lazy\" decoding=\"async\" width=\"1024\" height=\"310\" src=\"http:\/\/www.xingshitu.com\/wp-content\/uploads\/2025\/01\/image-1024x310.png\" alt=\"\" class=\"wp-image-2206\" srcset=\"http:\/\/www.xingshitu.com\/wp-content\/uploads\/2025\/01\/image-1024x310.png 1024w, http:\/\/www.xingshitu.com\/wp-content\/uploads\/2025\/01\/image-300x91.png 300w, http:\/\/www.xingshitu.com\/wp-content\/uploads\/2025\/01\/image-150x45.png 150w, http:\/\/www.xingshitu.com\/wp-content\/uploads\/2025\/01\/image-768x233.png 768w, http:\/\/www.xingshitu.com\/wp-content\/uploads\/2025\/01\/image-18x5.png 18w, http:\/\/www.xingshitu.com\/wp-content\/uploads\/2025\/01\/image.png 1039w\" sizes=\"(max-width: 1024px) 100vw, 1024px\" \/><\/figure><\/div>\n\n\n<p>Das Projekt \"Verteilter Vegetationsindex\" des biologischen Unterzentrums des CERN-Netzwerks der Chinesischen Akademie der Wissenschaften zur Erstellung eines landesweiten<strong>27<\/strong>Langfristige automatische Erfassung, \u00dcbertragung und Online-Verwaltung von Vegetationsindex- und Mehrpunkt-NDVI-Blattfl\u00e4chenindexdaten und Bildern von Pflanzengemeinschaften an vier \u00f6kologischen Stationen, die vier Hauptkategorien abdecken: Wald, W\u00fcste, Grasland und Ackerland.<\/p>\n\n\n<div class=\"wp-block-image\">\n<figure class=\"aligncenter size-full\"><img loading=\"lazy\" decoding=\"async\" width=\"921\" height=\"425\" src=\"http:\/\/www.xingshitu.com\/wp-content\/uploads\/2025\/06\/image-5.png\" alt=\"\" class=\"wp-image-2312\" srcset=\"http:\/\/www.xingshitu.com\/wp-content\/uploads\/2025\/06\/image-5.png 921w, http:\/\/www.xingshitu.com\/wp-content\/uploads\/2025\/06\/image-5-300x138.png 300w, http:\/\/www.xingshitu.com\/wp-content\/uploads\/2025\/06\/image-5-150x69.png 150w, http:\/\/www.xingshitu.com\/wp-content\/uploads\/2025\/06\/image-5-768x354.png 768w, http:\/\/www.xingshitu.com\/wp-content\/uploads\/2025\/06\/image-5-18x8.png 18w\" sizes=\"(max-width: 921px) 100vw, 921px\" \/><\/figure><\/div>\n\n\n<p class=\"has-text-align-center has-black-color has-text-color has-link-color wp-elements-5acebced30c1c7b9b1f069fc7a5d5480 translation-block\" style=\"font-size:28px\">Technische Parameter<\/p>\n\n\n\n<figure class=\"wp-block-table aligncenter is-style-stripes\"><table><tbody><tr><td><strong>in guter Ordnung<\/strong><strong>Disposition<\/strong><strong>(in der Regel in der Verneinung verwendet) haben die M\u00f6glichkeit<\/strong><strong><\/strong><\/td><td colspan=\"2\"><strong>Automatisierte Datenerfassung und -verwaltung<\/strong>Das System erfasst, speichert und \u00fcbertr\u00e4gt automatisch Bilddaten von Gemeinschaften, die aus dem Blattfl\u00e4chenindex von Pflanzengemeinschaften gewonnen werden k\u00f6nnen, und erm\u00f6glicht die automatische Speicherung von Bilddaten und eine intelligente Verwaltung.<br><strong>Fern\u00fcberwachung in Echtzeit<\/strong>Es unterst\u00fctzt die Online-Fernanzeige von Live-Bildern und dem Betriebsstatus der Ger\u00e4te, gew\u00e4hrleistet die visuelle Verwaltung der Daten und erleichtert die \u00dcberwachung und Analyse in Echtzeit.<br><strong>Datensicherheit und Sicherungsmechanismen<\/strong>Die synchrone Backup-Technologie des Datensammlers stellt sicher, dass die Daten nicht verloren gehen und die Integrit\u00e4t und Zuverl\u00e4ssigkeit der \u00dcberwachungsdaten gew\u00e4hrleistet ist.<br><strong>Intelligente Energieverwaltung und Selbstwiederherstellungsfunktion bei Stromausfall<\/strong>Mit der Echtzeit-\u00dcberwachungsfunktion f\u00fcr die Batterieleistung wird bei niedrigem Batteriestand automatisch ein Alarm ausgel\u00f6st, um Auswirkungen auf die Datenerfassung aufgrund einer Stromunterbrechung zu vermeiden. Das System kann automatisch neu starten, wenn die Stromversorgung nach einem Stromausfall wiederhergestellt ist, ohne dass ein manuelles Eingreifen erforderlich ist, um einen kontinuierlichen und stabilen Betrieb zu gew\u00e4hrleisten.<br><strong>Hohe Stabilit\u00e4t und Anpassungsf\u00e4higkeit an die Umwelt<\/strong>Das gesamte Ger\u00e4t ist wind- und blitzsicher sowie gegen extreme Klimabedingungen gesch\u00fctzt und verf\u00fcgt \u00fcber eine hohe Systemstabilit\u00e4t, die f\u00fcr langfristige \u00dcberwachungsaufgaben im Feld geeignet ist.<\/td><\/tr><tr><td rowspan=\"5\"><strong>Bildgebender Blattfl\u00e4chenindex-Sensor<\/strong><strong><\/strong><\/td><td colspan=\"2\">Je nach Vegetation stehen zwei Sensortypen zur Verf\u00fcgung: nach unten und nach oben weisend.<\/td><\/tr><tr><td>Bildaufl\u00f6sung<\/td><td>5 Megapixel<\/td><\/tr><tr><td>Sichtfeld<\/td><td>120\u00b0<\/td><\/tr><tr><td colspan=\"2\">Der nach unten gerichtete Aufnahmetyp erfordert die Erfassung eines gemeinschaftlichen RGB-Bildes und eines NDVI-Bildes und unterst\u00fctzt die Berechnung des Blattfl\u00e4chenindexes<\/td><\/tr><tr><td colspan=\"2\">Mit drahtlosem Kommunikationsmodul, unterst\u00fctzt jpeg-Originalbildr\u00fcckgabe<\/td><\/tr><tr><td><strong>Zahlen<\/strong><strong><\/strong><strong>Kollektor<\/strong><strong><\/strong><\/td><td colspan=\"2\">Unterst\u00fctzt die Datensicherung vor Ort mit 64 GB Speicherplatz<br>Mit Haltepunktwiederholung und 5-facher Wiederholungsfunktion<br>Unterst\u00fctzt die Fernaktualisierung und \u00c4nderung der Erfassungsfrequenz<br>Unterst\u00fctzt kabelgebundene Kommunikationsschnittstellen: Ethernet-Netzwerkanschluss, USB, RS232, RS485<br>Unterst\u00fctzung der drahtlosen Kommunikation: Unterst\u00fctzung der WiFi-Verbindung, Unterst\u00fctzung des 4G-Netzwerks<br>Unterst\u00fctzt den Zugriff auf das GPS-Modul zur Positionsbestimmung und Zeitkalibrierung.<\/td><\/tr><tr><td rowspan=\"4\"><strong>Software f\u00fcr die Datenverarbeitung<\/strong><strong><\/strong><\/td><td colspan=\"2\">Unterst\u00fctzt die Stapelverarbeitung von rohen Zeitreihenbilddaten: Filterung, Culling und Interpolation<\/td><\/tr><tr><td colspan=\"2\">Der Blattfl\u00e4chenindex (LAI) kann importiert und auf der Grundlage von Bilddaten im Stapelverfahren berechnet werden, sowohl eigenst\u00e4ndig als auch online.<\/td><\/tr><tr><td colspan=\"2\">Funktionen wie Kurvenanpassung und Darstellung von Zeitreihen<\/td><\/tr><tr><td colspan=\"2\">Unterst\u00fctzt die freie Auswahl von Bildbereichen f\u00fcr die Berechnung nach Interessengebieten in einem Bild<\/td><\/tr><\/tbody><\/table><\/figure>","protected":false},"excerpt":{"rendered":"<p>XST-LAINet \u5168\u81ea\u52a8\u53f6\u9762\u79ef\u6307\u6570\u4eea \u4ea7\u54c1\u6982\u8ff0 \u53f6\u9762\u79ef\u6307\u6570\uff08LAI\uff09\u662f\u690d\u88ab\u51a0\u5c42\u7ed3\u6784\u7279\u5f81\u7684\u91cd\u8981\u53c2\u6570\uff0c\u5e38\u7528\u4e8e\u9065 [&hellip;]<\/p>\n","protected":false},"author":1,"featured_media":0,"parent":0,"menu_order":0,"comment_status":"closed","ping_status":"closed","template":"","meta":{"saved_in_kubio":false,"footnotes":""},"class_list":["post-947","page","type-page","status-publish","hentry"],"kubio_ai_page_context":{"short_desc":"","purpose":"general"},"_links":{"self":[{"href":"http:\/\/www.xingshitu.com\/de\/wp-json\/wp\/v2\/pages\/947","targetHints":{"allow":["GET"]}}],"collection":[{"href":"http:\/\/www.xingshitu.com\/de\/wp-json\/wp\/v2\/pages"}],"about":[{"href":"http:\/\/www.xingshitu.com\/de\/wp-json\/wp\/v2\/types\/page"}],"author":[{"embeddable":true,"href":"http:\/\/www.xingshitu.com\/de\/wp-json\/wp\/v2\/users\/1"}],"replies":[{"embeddable":true,"href":"http:\/\/www.xingshitu.com\/de\/wp-json\/wp\/v2\/comments?post=947"}],"version-history":[{"count":18,"href":"http:\/\/www.xingshitu.com\/de\/wp-json\/wp\/v2\/pages\/947\/revisions"}],"predecessor-version":[{"id":2313,"href":"http:\/\/www.xingshitu.com\/de\/wp-json\/wp\/v2\/pages\/947\/revisions\/2313"}],"wp:attachment":[{"href":"http:\/\/www.xingshitu.com\/de\/wp-json\/wp\/v2\/media?parent=947"}],"curies":[{"name":"wp","href":"https:\/\/api.w.org\/{rel}","templated":true}]}}