{"id":945,"date":"2024-06-07T03:17:49","date_gmt":"2024-06-07T03:17:49","guid":{"rendered":"http:\/\/www.xingshitu.com\/?page_id=945"},"modified":"2024-12-11T09:38:40","modified_gmt":"2024-12-11T09:38:40","slug":"xst-photonet-fvc-%e6%a4%8d%e8%a2%ab%e8%a6%86%e7%9b%96%e5%ba%a6%e4%bb%aa","status":"publish","type":"page","link":"http:\/\/www.xingshitu.com\/de\/%e6%a4%8d%e8%a2%ab%e5%86%a0%e5%b1%82%e7%bb%93%e6%9e%84%e5%8f%82%e6%95%b0\/xst-photonet-fvc-%e6%a4%8d%e8%a2%ab%e8%a6%86%e7%9b%96%e5%ba%a6%e4%bb%aa\/","title":{"rendered":"XST-PhotoNet-FVC Vegetationsbedeckungsmesser"},"content":{"rendered":"<p class=\"has-text-align-center has-black-color has-text-color has-link-color has-large-font-size wp-elements-8abc425f49afbd19f5d89924baacc789\"><strong>XST-PhotoNet-FVC<a> <\/a>Messger\u00e4t f\u00fcr die Vegetationsdecke<\/strong><\/p>\n\n\n<div class=\"wp-block-image\">\n<figure class=\"aligncenter size-full is-resized\"><img loading=\"lazy\" decoding=\"async\" width=\"1871\" height=\"612\" src=\"http:\/\/www.xingshitu.com\/wp-content\/uploads\/2024\/12\/\u534a\u7403\u673a1\u5957-1.png\" alt=\"\" class=\"wp-image-2098\" style=\"width:798px;height:auto\" srcset=\"http:\/\/www.xingshitu.com\/wp-content\/uploads\/2024\/12\/\u534a\u7403\u673a1\u5957-1.png 1871w, http:\/\/www.xingshitu.com\/wp-content\/uploads\/2024\/12\/\u534a\u7403\u673a1\u5957-1-300x98.png 300w, http:\/\/www.xingshitu.com\/wp-content\/uploads\/2024\/12\/\u534a\u7403\u673a1\u5957-1-1024x335.png 1024w, http:\/\/www.xingshitu.com\/wp-content\/uploads\/2024\/12\/\u534a\u7403\u673a1\u5957-1-150x49.png 150w, http:\/\/www.xingshitu.com\/wp-content\/uploads\/2024\/12\/\u534a\u7403\u673a1\u5957-1-768x251.png 768w, http:\/\/www.xingshitu.com\/wp-content\/uploads\/2024\/12\/\u534a\u7403\u673a1\u5957-1-1536x502.png 1536w\" sizes=\"(max-width: 1871px) 100vw, 1871px\" \/><\/figure><\/div>\n\n<p><\/p>\n\n\n<p class=\"has-text-align-center has-black-color has-text-color has-link-color wp-elements-b5f5dd42ef186b971938dbe11ffdb755\" style=\"font-size:28px\"><strong>Angebote<\/strong><strong>skizziert.<\/strong><strong><\/strong><\/p>\n\n\n\n<p style=\"font-size:20px\"><p style=\"font-size:20px;padding-left: 100px; padding-right: 100px;\" class=\"translation-block\">Das XST-PhotoNet-FVC Vegetationsbedeckungsmessger\u00e4t basiert auf einem automatischen Vegetationsextraktionsalgorithmus (MSI-Kmeans) f\u00fcr nat\u00fcrliche Lichtverh\u00e4ltnisse. Durch das Training einer gro\u00dfen Datenmenge und der Anzahl von Merkmalen erreicht es die genaue Klassifizierung der Vegetation im Bild mit dem Hintergrund (Boden oder Himmel), der Nicht-Vegetation und den Schatten der Vegetation in einer Vielzahl von Lichtverh\u00e4ltnissen und berechnet den Grad der Vegetationsbedeckung (der Grad der Bedeckung, der aus der Aufw\u00e4rtsbeobachtung im Wald gewonnen wird), der gew\u00f6hnlich als Depressionsgrad bezeichnet wird. Der Bedeckungsgrad wird oft auch als Depressionsgrad bezeichnet).<\/p><\/p>\n\n\n\n<p style=\"font-size:20px\"><p style=\"font-size:20px;padding-left: 100px; padding-right: 100px;\">Die Benutzer k\u00f6nnen den Arbeitsmodus der Vegetationsdeckungskamera entsprechend den Wachstumsbedingungen der Vegetation und dem Zweck der Beobachtung einstellen, z. B. kann die Kamera im Wald vertikal nach oben und bei niedrigen Pflanzen vertikal nach unten aufgestellt werden. Die Vegetationsdeckungskamera zeichnet auch Zeitreihenbilder auf, die als Klimadaten f\u00fcr die Klimaforschung verwendet werden k\u00f6nnen, und kann die Wetterbedingungen und die Sauberkeit der Linse aufzeichnen, um die Qualit\u00e4t der Daten zu beurteilen.<\/p><\/p>\n\n\n\n<p class=\"has-text-align-center has-black-color has-text-color has-link-color wp-elements-a9a06484e23df7d9627bcc8581d2e303\" style=\"font-size:28px\"><strong>System-Software<\/strong><\/p>\n\n\n\n<p style=\"font-size:20px\"><p style=\"font-size:20px;padding-left: 100px; padding-right: 100px;\">Zus\u00e4tzlich zur automatischen Ausgabe der Bedeckungswerte bietet das System auch SmartViewer, eine PC-basierte Software zur Verarbeitung von Wetterbilddaten, die f\u00fcr Produkte der XST-PhotoNet-Serie entwickelt wurde. Diese Software kann die urspr\u00fcnglichen Zeitreihenbilddaten der Produktbilder stapelweise verarbeiten, filtern und interpolieren, die ROI-Region von Interesse frei w\u00e4hlen, die FVC-Vegetationsbedeckung neu berechnen und eine Vielzahl von Daten Filterungsalgorithmen unterst\u00fctzen.<\/p><\/p>\n\n\n<div class=\"wp-block-image\">\n<figure class=\"aligncenter size-full is-resized\"><img loading=\"lazy\" decoding=\"async\" width=\"432\" height=\"204\" src=\"http:\/\/www.xingshitu.com\/wp-content\/uploads\/2024\/11\/image-33.png\" alt=\"\" class=\"wp-image-1312\" style=\"width:745px;height:auto\" srcset=\"http:\/\/www.xingshitu.com\/wp-content\/uploads\/2024\/11\/image-33.png 432w, http:\/\/www.xingshitu.com\/wp-content\/uploads\/2024\/11\/image-33-300x142.png 300w, http:\/\/www.xingshitu.com\/wp-content\/uploads\/2024\/11\/image-33-150x71.png 150w\" sizes=\"(max-width: 432px) 100vw, 432px\" \/><\/figure><\/div>\n\n\n<p class=\"has-text-align-center has-black-color has-text-color has-link-color wp-elements-420a6e2c5e1b8b6cfe003496eeb7afcd translation-block\" style=\"font-size:28px\">Technische Parameter<\/p>\n\n\n\n<figure class=\"wp-block-table\"><table><tbody><tr><td rowspan=\"4\"><p class=\"MsoNormal\" align=\"center\" style=\"margin-left:-0.1000pt;mso-para-margin-left:-0.0100gd;text-indent:0.0500pt;text-align:center;line-height:114%;\"><span style=\"font-family:'Times New Roman';mso-fareast-font-family:\u5b8b\u4f53;line-height:114%;font-size:10.5000pt;mso-font-kerning:1.0000pt;\"><font face=\"\u5b8b\u4f53\">Messwertgeber<\/font><\/span><span style=\"font-family:\u5b8b\u4f53;mso-ascii-font-family:'Times New Roman';mso-hansi-font-family:'Times New Roman';mso-bidi-font-family:'Times New Roman';line-height:114%;font-size:10.5000pt;mso-font-kerning:1.0000pt;\"><font face=\"\u5b8b\u4f53\">nodal<\/font><\/span><span style=\"font-family:'Times New Roman';mso-fareast-font-family:\u5b8b\u4f53;line-height:114%;font-size:10.5000pt;mso-font-kerning:1.0000pt;\"><o:p><\/o:p><\/span><\/p><\/td><td><p class=\"MsoNormal\" align=\"center\" style=\"margin-left:-0.1000pt;mso-para-margin-left:-0.0100gd;text-indent:0.1000pt;text-align:center;line-height:114%;\"><span style=\"font-family:'Times New Roman';mso-fareast-font-family:\u5b8b\u4f53;line-height:114%;font-size:10.5000pt;mso-font-kerning:1.0000pt;\"><font face=\"\u5b8b\u4f53\">Art der Abtastung<\/font><\/span><span style=\"font-family:'Times New Roman';mso-fareast-font-family:\u5b8b\u4f53;line-height:114%;font-size:10.5000pt;mso-font-kerning:1.0000pt;\"><o:p><\/o:p><\/span><\/p><\/td><td><p class=\"MsoNormal\" align=\"center\" style=\"margin-left:22.0000pt;text-indent:-22.0000pt;text-align:center;line-height:114%;\"><span style=\"font-family:'Times New Roman';mso-fareast-font-family:\u5b8b\u4f53;line-height:114%;font-size:10.5000pt;mso-font-kerning:1.0000pt;\">CMOS<\/span><span style=\"font-family:\u5b8b\u4f53;mso-ascii-font-family:'Times New Roman';mso-hansi-font-family:'Times New Roman';mso-bidi-font-family:'Times New Roman';line-height:114%;font-size:10.5000pt;mso-font-kerning:1.0000pt;\"><font face=\"\u5b8b\u4f53\">Kameraeinstellung (in einem Film usw.)<\/font><\/span><span style=\"font-family:'Times New Roman';mso-fareast-font-family:\u5b8b\u4f53;line-height:114%;font-size:10.5000pt;mso-font-kerning:1.0000pt;\"><font face=\"\u5b8b\u4f53\">Kriterien<\/font>RGB<font face=\"\u5b8b\u4f53\">Ausgabe von Echtfarbbildern<\/font><\/span><span style=\"font-family:'Times New Roman';mso-fareast-font-family:\u5b8b\u4f53;line-height:114%;font-size:10.5000pt;mso-font-kerning:1.0000pt;\"><o:p><\/o:p><\/span><\/p><\/td><\/tr><tr><td><p class=\"MsoNormal\" align=\"center\" style=\"margin-left:-0.1000pt;mso-para-margin-left:-0.0100gd;text-indent:0.1000pt;text-align:center;line-height:114%;\"><span style=\"font-family:'Times New Roman';mso-fareast-font-family:\u5b8b\u4f53;line-height:114%;font-size:10.5000pt;mso-font-kerning:1.0000pt;\"><font face=\"\u5b8b\u4f53\">Pixelgr\u00f6\u00dfe<\/font><\/span><span style=\"font-family:'Times New Roman';mso-fareast-font-family:\u5b8b\u4f53;line-height:114%;font-size:10.5000pt;mso-font-kerning:1.0000pt;\"><o:p><\/o:p><\/span><\/p><\/td><td><p class=\"MsoNormal\" align=\"center\" style=\"margin-left:22.0000pt;text-indent:-22.0000pt;text-align:center;line-height:114%;\"><span style=\"font-family:'Times New Roman';mso-fareast-font-family:\u5b8b\u4f53;line-height:114%;font-size:10.5000pt;mso-font-kerning:1.0000pt;\">500W<\/span><span style=\"font-family:'Times New Roman';mso-fareast-font-family:\u5b8b\u4f53;line-height:114%;font-size:10.5000pt;mso-font-kerning:1.0000pt;\"><o:p><\/o:p><\/span><\/p><\/td><\/tr><tr><td><p class=\"MsoNormal\" align=\"center\" style=\"margin-left:-0.1000pt;mso-para-margin-left:-0.0100gd;text-indent:0.1000pt;text-align:center;line-height:114%;\"><span style=\"font-family:'Times New Roman';mso-fareast-font-family:\u5b8b\u4f53;line-height:114%;font-size:10.5000pt;mso-font-kerning:1.0000pt;\"><font face=\"\u5b8b\u4f53\">Schutzklasse<\/font><\/span><span style=\"font-family:'Times New Roman';mso-fareast-font-family:\u5b8b\u4f53;line-height:114%;font-size:10.5000pt;mso-font-kerning:1.0000pt;\"><o:p><\/o:p><\/span><\/p><\/td><td><p class=\"MsoNormal\" align=\"center\" style=\"margin-left:22.0000pt;text-indent:-22.0000pt;text-align:center;line-height:114%;\"><span style=\"font-family:'Times New Roman';mso-fareast-font-family:\u5b8b\u4f53;line-height:114%;font-size:10.5000pt;mso-font-kerning:1.0000pt;\">IP66<\/span><span style=\"font-family:'Times New Roman';mso-fareast-font-family:\u5b8b\u4f53;line-height:114%;font-size:10.5000pt;mso-font-kerning:1.0000pt;\"><o:p><\/o:p><\/span><\/p><\/td><\/tr><tr><td><p class=\"MsoNormal\" align=\"center\" style=\"margin-left:-0.1000pt;mso-para-margin-left:-0.0100gd;text-indent:0.1000pt;text-align:center;line-height:114%;\"><span style=\"font-family:\u5b8b\u4f53;mso-ascii-font-family:'Times New Roman';mso-hansi-font-family:'Times New Roman';mso-bidi-font-family:'Times New Roman';line-height:114%;font-size:10.5000pt;mso-font-kerning:1.0000pt;\"><font face=\"\u5b8b\u4f53\">Sichtfeld<\/font><\/span><span style=\"font-family:'Times New Roman';mso-fareast-font-family:\u5b8b\u4f53;line-height:114%;font-size:10.5000pt;mso-font-kerning:1.0000pt;\"><o:p><\/o:p><\/span><\/p><\/td><td><p class=\"MsoNormal\" align=\"center\" style=\"margin-left:22.0000pt;text-indent:-22.0000pt;text-align:center;line-height:114%;\"><span style=\"font-family:\u5b8b\u4f53;mso-ascii-font-family:'Times New Roman';mso-hansi-font-family:'Times New Roman';mso-bidi-font-family:'Times New Roman';line-height:114%;font-size:10.5000pt;mso-font-kerning:1.0000pt;\"><font face=\"Times New Roman\">60<\/font><font face=\"\u5b8b\u4f53\">\u00b0<\/font><\/span><span style=\"font-family:'Times New Roman';mso-fareast-font-family:\u5b8b\u4f53;line-height:114%;font-size:10.5000pt;mso-font-kerning:1.0000pt;\"><o:p><\/o:p><\/span><\/p><\/td><\/tr><tr><td rowspan=\"4\"><p class=\"MsoNormal\" align=\"center\" style=\"margin-left:-0.1000pt;mso-para-margin-left:-0.0100gd;text-indent:0.0500pt;text-align:center;line-height:114%;\"><span style=\"font-family:'Times New Roman';mso-fareast-font-family:\u5b8b\u4f53;line-height:114%;font-size:10.5000pt;mso-font-kerning:1.0000pt;\"><font face=\"\u5b8b\u4f53\">intelligenter digitaler Bergbau<\/font><\/span><span style=\"font-family:'Times New Roman';mso-fareast-font-family:\u5b8b\u4f53;line-height:114%;font-size:10.5000pt;mso-font-kerning:1.0000pt;\"><o:p><\/o:p><\/span><\/p><\/td><td><p class=\"MsoNormal\" align=\"center\" style=\"margin-left:22.0000pt;text-indent:-22.0000pt;text-align:center;line-height:114%;\"><span style=\"font-family:\u5b8b\u4f53;mso-ascii-font-family:'Times New Roman';mso-hansi-font-family:'Times New Roman';mso-bidi-font-family:'Times New Roman';line-height:114%;font-size:10.5000pt;mso-font-kerning:1.0000pt;\"><font face=\"\u5b8b\u4f53\">diese Ortschaft<\/font><\/span><span style=\"font-family:'Times New Roman';mso-fareast-font-family:\u5b8b\u4f53;line-height:114%;font-size:10.5000pt;mso-font-kerning:1.0000pt;\"><font face=\"\u5b8b\u4f53\">Newsletter<\/font><\/span><span style=\"font-family:'Times New Roman';mso-fareast-font-family:\u5b8b\u4f53;line-height:114%;font-size:10.5000pt;mso-font-kerning:1.0000pt;\"><o:p><\/o:p><\/span><\/p><\/td><td><p class=\"MsoNormal\" align=\"center\" style=\"margin-left:20.4000pt;text-indent:-20.4000pt;text-align:center;line-height:114%;\"><span style=\"font-family:\u5b8b\u4f53;mso-ascii-font-family:'Times New Roman';mso-hansi-font-family:'Times New Roman';mso-bidi-font-family:'Times New Roman';line-height:114%;font-size:10.5000pt;mso-font-kerning:1.0000pt;\"><font face=\"\u5b8b\u4f53\">Lokale Unterst\u00fctzung f\u00fcr hohe Leistung<\/font><font face=\"Times New Roman\">WIFI<\/font><font face=\"\u5b8b\u4f53\">Erm\u00f6glicht die drahtlose Vernetzung von Knotenpunkten im Umkreis von Kilometern<\/font><\/span><span style=\"font-family:'Times New Roman';mso-fareast-font-family:\u5b8b\u4f53;line-height:114%;font-size:10.5000pt;mso-font-kerning:1.0000pt;\"><o:p><\/o:p><\/span><\/p><\/td><\/tr><tr><td><p class=\"MsoNormal\" align=\"center\" style=\"margin-left:22.0000pt;text-indent:-22.0000pt;text-align:center;line-height:114%;\"><span style=\"font-family:\u5b8b\u4f53;mso-ascii-font-family:'Times New Roman';mso-hansi-font-family:'Times New Roman';mso-bidi-font-family:'Times New Roman';line-height:114%;font-size:10.5000pt;mso-font-kerning:1.0000pt;\"><font face=\"\u5b8b\u4f53\">Knotenverbindung<\/font><\/span><span style=\"font-family:'Times New Roman';mso-fareast-font-family:\u5b8b\u4f53;line-height:114%;font-size:10.5000pt;mso-font-kerning:1.0000pt;\"><o:p><\/o:p><\/span><\/p><\/td><td><p class=\"MsoNormal\" align=\"center\" style=\"margin-left:22.0000pt;text-indent:-20.4000pt;text-align:center;line-height:114%;\"><span style=\"font-family:\u5b8b\u4f53;mso-ascii-font-family:'Times New Roman';mso-hansi-font-family:'Times New Roman';mso-bidi-font-family:'Times New Roman';line-height:114%;font-size:10.5000pt;mso-font-kerning:1.0000pt;\"><font face=\"\u5b8b\u4f53\">Verdrahtet f\u00fcr Anschluss<\/font><font face=\"Times New Roman\">4<\/font><font face=\"\u5b8b\u4f53\">Sensorknoten; keine Begrenzung der Anzahl der Knoten im drahtlosen Modus.<\/font><\/span><span style=\"font-family:'Times New Roman';mso-fareast-font-family:\u5b8b\u4f53;line-height:114%;font-size:10.5000pt;mso-font-kerning:1.0000pt;\"><o:p><\/o:p><\/span><\/p><\/td><\/tr><tr><td><p class=\"MsoNormal\" align=\"center\" style=\"margin-left:22.0000pt;text-indent:-22.0000pt;text-align:center;line-height:114%;\"><span style=\"font-family:\u5b8b\u4f53;mso-ascii-font-family:'Times New Roman';mso-hansi-font-family:'Times New Roman';mso-bidi-font-family:'Times New Roman';line-height:114%;font-size:10.5000pt;mso-font-kerning:1.0000pt;\"><font face=\"\u5b8b\u4f53\">Datenerfassung<\/font><\/span><span style=\"font-family:'Times New Roman';mso-fareast-font-family:\u5b8b\u4f53;line-height:114%;font-size:10.5000pt;mso-font-kerning:1.0000pt;\"><o:p><\/o:p><\/span><\/p><\/td><td><p class=\"MsoNormal\" align=\"center\" style=\"margin-left:22.0000pt;text-indent:-20.4000pt;text-align:center;line-height:114%;\"><span style=\"font-family:\u5b8b\u4f53;mso-ascii-font-family:'Times New Roman';mso-hansi-font-family:'Times New Roman';mso-bidi-font-family:'Times New Roman';line-height:114%;font-size:10.5000pt;mso-font-kerning:1.0000pt;\"><font face=\"\u5b8b\u4f53\">Sonnenaufgang und Sonnenuntergang Methode der Datenerfassung: Built-in-Algorithmus zur Erfassung von Bildern bei Sonnenaufgang und Sonnenuntergang, um sicherzustellen, dass das nat\u00fcrliche Licht des Himmels ist relativ einheitlich D\u00e4mmerung und D\u00e4mmerung, und die Erfassung von Daten genauer.<\/font><\/span><span style=\"font-family:'Times New Roman';mso-fareast-font-family:\u5b8b\u4f53;line-height:114%;font-size:10.5000pt;mso-font-kerning:1.0000pt;\"><o:p><\/o:p><\/span><\/p><\/td><\/tr><tr><td colspan=\"2\"><p class=\"MsoNormal\" align=\"center\" style=\"margin-left:22.0000pt;text-indent:-20.4000pt;text-align:center;line-height:114%;\"><span style=\"font-family:\u5b8b\u4f53;mso-ascii-font-family:'Times New Roman';mso-hansi-font-family:'Times New Roman';mso-bidi-font-family:'Times New Roman';line-height:114%;font-size:10.5000pt;mso-font-kerning:1.0000pt;\"><font face=\"\u5b8b\u4f53\">Eingebaute Algorithmen zur automatischen Erfassung der Vegetation, Unterst\u00fctzung lokaler Speicherung; unterst\u00fctzt auch Fern\u00fcbertragung, Trennung der Verbindung und kontinuierliche \u00dcbertragung<\/font><\/span><span style=\"font-family:'Times New Roman';mso-fareast-font-family:\u5b8b\u4f53;line-height:114%;font-size:10.5000pt;mso-font-kerning:1.0000pt;\"><o:p><\/o:p><\/span><\/p><\/td><\/tr><tr><td><p class=\"MsoNormal\" align=\"center\" style=\"margin-left:-0.1000pt;mso-para-margin-left:-0.0100gd;text-indent:0.0500pt;text-align:center;line-height:114%;\"><span style=\"font-family:\u5b8b\u4f53;mso-bidi-font-family:Arial;line-height:114%;color:rgb(36,31,31);letter-spacing:0.0500pt;font-size:10.5000pt;mso-font-kerning:1.0000pt;\"><font face=\"\u5b8b\u4f53\">Betriebsart<\/font><\/span><span style=\"font-family:'Times New Roman';mso-fareast-font-family:\u5b8b\u4f53;line-height:114%;font-size:10.5000pt;mso-font-kerning:1.0000pt;\"><o:p><\/o:p><\/span><\/p><\/td><td colspan=\"2\"><p class=\"MsoNormal\" align=\"center\" style=\"margin-left:22.0000pt;text-indent:-20.4000pt;text-align:center;line-height:114%;\"><span style=\"font-family:\u5b8b\u4f53;mso-bidi-font-family:Arial;line-height:114%;color:rgb(36,31,31);letter-spacing:0.0500pt;font-size:10.5000pt;mso-font-kerning:1.0000pt;\"><font face=\"\u5b8b\u4f53\">Station\u00e4re Allwetter-Vollautomatik<\/font><\/span><span style=\"font-family:'Times New Roman';mso-fareast-font-family:\u5b8b\u4f53;line-height:114%;font-size:10.5000pt;mso-font-kerning:1.0000pt;\"><o:p><\/o:p><\/span><\/p><\/td><\/tr><tr><td><p class=\"MsoNormal\" align=\"center\" style=\"margin-left:-0.1000pt;mso-para-margin-left:-0.0100gd;text-indent:0.0500pt;text-align:center;line-height:114%;\"><span style=\"font-family:'Times New Roman';mso-fareast-font-family:\u5b8b\u4f53;line-height:114%;font-size:10.5000pt;mso-font-kerning:1.0000pt;\"><font face=\"\u5b8b\u4f53\">Arbeitsumgebung<\/font><\/span><span style=\"font-family:'Times New Roman';mso-fareast-font-family:\u5b8b\u4f53;line-height:114%;font-size:10.5000pt;mso-font-kerning:1.0000pt;\"><o:p><\/o:p><\/span><\/p><\/td><td colspan=\"2\"><p class=\"MsoNormal\" align=\"center\" style=\"margin-left:22.0000pt;text-indent:-20.4000pt;text-align:center;line-height:114%;\"><span style=\"font-family:'Times New Roman';mso-fareast-font-family:\u5b8b\u4f53;line-height:114%;font-size:10.5000pt;mso-font-kerning:1.0000pt;\"><font face=\"\u5b8b\u4f53\">Arbeitstemperatur:<\/font>-40 \u00b0C<font face=\"\u5b8b\u4f53\">~<\/font><font face=\"Times New Roman\">50 \u00b0C <\/font><font face=\"\u5b8b\u4f53\">(b) Betriebsfeuchtigkeit:<\/font><font face=\"Times New Roman\">0%<\/font><font face=\"\u5b8b\u4f53\">~<\/font><font face=\"Times New Roman\">100% RH<\/font><\/span><span style=\"font-family:'Times New Roman';mso-fareast-font-family:\u5b8b\u4f53;line-height:114%;font-size:10.5000pt;mso-font-kerning:1.0000pt;\"><o:p><\/o:p><\/span><\/p><\/td><\/tr><\/tbody><\/table><\/figure>","protected":false},"excerpt":{"rendered":"<p>XST-PhotoNet-FVC \u690d\u88ab\u8986\u76d6\u5ea6\u4eea \u4ea7\u54c1\u6982\u8ff0 XST-PhotoNet-FVC \u690d\u88ab\u8986\u76d6\u5ea6\u4eea\u57fa\u4e8e\u5bf9 [&hellip;]<\/p>\n","protected":false},"author":1,"featured_media":0,"parent":943,"menu_order":1,"comment_status":"closed","ping_status":"closed","template":"","meta":{"saved_in_kubio":true,"footnotes":""},"class_list":["post-945","page","type-page","status-publish","hentry"],"kubio_ai_page_context":{"short_desc":"","purpose":"general"},"_links":{"self":[{"href":"http:\/\/www.xingshitu.com\/de\/wp-json\/wp\/v2\/pages\/945","targetHints":{"allow":["GET"]}}],"collection":[{"href":"http:\/\/www.xingshitu.com\/de\/wp-json\/wp\/v2\/pages"}],"about":[{"href":"http:\/\/www.xingshitu.com\/de\/wp-json\/wp\/v2\/types\/page"}],"author":[{"embeddable":true,"href":"http:\/\/www.xingshitu.com\/de\/wp-json\/wp\/v2\/users\/1"}],"replies":[{"embeddable":true,"href":"http:\/\/www.xingshitu.com\/de\/wp-json\/wp\/v2\/comments?post=945"}],"version-history":[{"count":20,"href":"http:\/\/www.xingshitu.com\/de\/wp-json\/wp\/v2\/pages\/945\/revisions"}],"predecessor-version":[{"id":2101,"href":"http:\/\/www.xingshitu.com\/de\/wp-json\/wp\/v2\/pages\/945\/revisions\/2101"}],"up":[{"embeddable":true,"href":"http:\/\/www.xingshitu.com\/de\/wp-json\/wp\/v2\/pages\/943"}],"wp:attachment":[{"href":"http:\/\/www.xingshitu.com\/de\/wp-json\/wp\/v2\/media?parent=945"}],"curies":[{"name":"wp","href":"https:\/\/api.w.org\/{rel}","templated":true}]}}