{"id":937,"date":"2024-06-07T03:15:31","date_gmt":"2024-06-07T03:15:31","guid":{"rendered":"http:\/\/www.xingshitu.com\/?page_id=937"},"modified":"2025-06-04T02:27:22","modified_gmt":"2025-06-04T02:27:22","slug":"xst-photonet-%e7%89%a9%e5%80%99%e4%b8%8e%e6%a4%8d%e8%a2%ab%e6%8c%87%e6%95%b0%e7%9b%91%e6%b5%8b%e7%9b%b8%e6%9c%ba","status":"publish","type":"page","link":"http:\/\/www.xingshitu.com\/de\/xst-photonet-%e7%89%a9%e5%80%99%e4%b8%8e%e6%a4%8d%e8%a2%ab%e6%8c%87%e6%95%b0%e7%9b%91%e6%b5%8b%e7%9b%b8%e6%9c%ba\/","title":{"rendered":"XST-PhotoNet-Serie Klima- und Vegetationsindexkamera"},"content":{"rendered":"<p class=\"has-text-align-center has-black-color has-text-color has-link-color has-large-font-size wp-elements-b18e9b2a812e0e8a23606f7b26b5dc3a\"><strong>XST-PhotoNet-Serie Klima- und Vegetationsindexkamera<\/strong><\/p>\n\n\n<div class=\"wp-block-image\">\n<figure class=\"aligncenter size-full\"><img loading=\"lazy\" decoding=\"async\" width=\"963\" height=\"335\" src=\"http:\/\/www.xingshitu.com\/wp-content\/uploads\/2025\/06\/image-17.png\" alt=\"\" class=\"wp-image-2349\" srcset=\"http:\/\/www.xingshitu.com\/wp-content\/uploads\/2025\/06\/image-17.png 963w, http:\/\/www.xingshitu.com\/wp-content\/uploads\/2025\/06\/image-17-300x104.png 300w, http:\/\/www.xingshitu.com\/wp-content\/uploads\/2025\/06\/image-17-150x52.png 150w, http:\/\/www.xingshitu.com\/wp-content\/uploads\/2025\/06\/image-17-768x267.png 768w, http:\/\/www.xingshitu.com\/wp-content\/uploads\/2025\/06\/image-17-18x6.png 18w\" sizes=\"(max-width: 963px) 100vw, 963px\" \/><\/figure><\/div>\n\n\n\n\n<p class=\"has-text-align-center has-black-color has-text-color has-link-color wp-elements-bcdd4c1e883c9f7a3eec595f8fd3808b\" style=\"font-size:28px\"><strong>Naturph\u00e4nomene mit jahreszeitlichem Charakter<\/strong><\/p>\n\n\n\n<p class=\"custom-padding has-black-color has-text-color has-link-color has-medium-font-size wp-elements-6dfadf495f1b314e6a1a1a9e03a4ca14\"><\/p>\n\n\n<div class=\"wp-block-image\">\n<figure class=\"aligncenter size-large\"><img loading=\"lazy\" decoding=\"async\" width=\"1024\" height=\"411\" src=\"http:\/\/www.xingshitu.com\/wp-content\/uploads\/2025\/06\/image-18-1024x411.png\" alt=\"\" class=\"wp-image-2350\" srcset=\"http:\/\/www.xingshitu.com\/wp-content\/uploads\/2025\/06\/image-18-1024x411.png 1024w, http:\/\/www.xingshitu.com\/wp-content\/uploads\/2025\/06\/image-18-300x120.png 300w, http:\/\/www.xingshitu.com\/wp-content\/uploads\/2025\/06\/image-18-150x60.png 150w, http:\/\/www.xingshitu.com\/wp-content\/uploads\/2025\/06\/image-18-768x308.png 768w, http:\/\/www.xingshitu.com\/wp-content\/uploads\/2025\/06\/image-18-18x7.png 18w, http:\/\/www.xingshitu.com\/wp-content\/uploads\/2025\/06\/image-18.png 1295w\" sizes=\"(max-width: 1024px) 100vw, 1024px\" \/><\/figure><\/div>\n\n\n<p class=\"custom-padding has-black-color has-text-color has-link-color wp-elements-34f0d2e6b55eefdce7ba67e2fa7c7c36\" style=\"font-size:20px\">Die Pflanzenph\u00e4nologie bezieht sich auf die zyklischen Ereignisse des Pflanzenwachstums und der Pflanzenentwicklung, die auch als Pflanzenwachstumsrhythmen bezeichnet werden, wie z. B. das Ausbreiten der Bl\u00e4tter, die Bl\u00fcte und das Entbl\u00e4ttern.<\/p>\n\n\n\n<p class=\"has-link-color wp-elements-5d2f0b63eee9aba533eb33e8372070ee\" style=\"font-size:20px\">Die Ph\u00e4nologie der Pflanzen ist nicht nur ein physiologisches Ph\u00e4nomen der Vegetation selbst, sondern auch eine integrierte Reaktion auf externe Umweltbedingungen und gilt als einer der wichtigsten biologischen Indikatoren f\u00fcr den Klimawandel (Cleland, Chuine et al. 2007).<\/p>\n\n\n\n<p class=\"custom-padding has-black-color has-text-color has-link-color wp-elements-d055ba1bbff5b174dc43d4861145cb06\" style=\"font-size:20px\">Daher ist es wichtig, die Ph\u00e4nologie der Pflanzen genau zu beschreiben.<\/p>\n\n\n\n<p class=\"has-text-align-center\" style=\"font-size:28px\"><strong>Modell Option<\/strong><\/p>\n\n\n\n<figure class=\"wp-block-table is-style-stripes\" style=\"margin-right:var(--wp--preset--spacing--80);margin-left:var(--wp--preset--spacing--80)\"><table><tbody><tr><td><strong>Modellnummer<\/strong><strong><\/strong><\/td><td><strong>Name (einer Sache)<\/strong><strong><\/strong><\/td><td><strong>Eleganz<\/strong><strong><\/strong><\/td><td><strong>Beschreibungen<\/strong><strong><\/strong><\/td><td><strong>Elemente der \u00dcberwachung<\/strong><strong><\/strong><\/td><\/tr><tr><td><strong>XST-PhotoNet-RGB<\/strong><strong><\/strong><\/td><td>Pflanzenklima-Kamera<br>(dreibandig)<\/td><td>Modell mit fester Brennweite<br>Zoomkopf-Modelle &nbsp;&nbsp;&nbsp;&nbsp;&nbsp;&nbsp;&nbsp;&nbsp;&nbsp;&nbsp;<\/td><td>Erhalten eines Standard-RGB-Farbbildes<\/td><td>Klima\u00fcberwachung von Gruppen und Einzelpersonen; Ausgabe von farbmetrischen Indizes wie GCC, RCC, BCC und GVI.<\/td><\/tr><tr><td><strong>XST-PhotoNet-NDVI<\/strong><strong><\/strong><\/td><td>NDVI Spektrale Klimakamera<br>(F\u00fcnf-Band)<\/td><td>Modell mit fester Brennweite<br>Zoomkopf-Modelle &nbsp;&nbsp;&nbsp;&nbsp;&nbsp;&nbsp;&nbsp;&nbsp;&nbsp;&nbsp;<\/td><td>Hinzuf\u00fcgung von Schmalband-Rot und Nah-Infrarot zur Dreiband-Basis<\/td><td>Ausgabe von Chromatizit\u00e4tsindizes wie GCC, RCC, BCC und GVI und Erh\u00f6hung der Ausgabe von NDVI-Vegetationsindex und NDVI-Bildern; Unterst\u00fctzung der Berechnung von OSAVI.<\/td><\/tr><tr><td><strong>XST-PhotoNet-MSI<\/strong><strong><\/strong><\/td><td>Multispektrale Wetterkamera<br>(Sechs-Band)<\/td><td>Modell mit fester Brennweite<br>Zoomkopf-Modelle &nbsp;&nbsp;&nbsp;&nbsp;&nbsp;&nbsp;&nbsp;&nbsp;&nbsp;&nbsp;<\/td><td>F\u00fcnferband basierend auf der Hinzuf\u00fcgung von gr\u00fcnem Schmalband<\/td><td>Ausgabe von GCC-, RCC-, BCC- und GVI-Chromatizit\u00e4tsindex und NDVI-Vegetationsindex und NDVI-Bildern; Erh\u00f6hung der Ausgabe von 550 \u00b1 10nm Graustufenkarten, Unterst\u00fctzung der Berechnung von GNDVI, NDWI, OSAVI<\/td><\/tr><tr><td><strong>XST-PhotoNet-M<\/strong><strong>F<\/strong><strong><\/strong><\/td><td>Multifunktionale Spektral-Klimakamera<\/td><td>Zoomkopf-Modelle &nbsp;&nbsp;<\/td><td>Multifunktionale 5 und 6 B\u00e4nder: Erg\u00e4nzen Sie das Original um die synchronisierte \u00dcberwachung von Sensoren<\/td><td>Ausgabe von GCC-, RCC-, BCC- und GVI-Farbindizes, NDVI-Vegetationsindizes und NDVI-Bildern sowie 550\u00b110nm-Graustufenkarten; Unterst\u00fctzung der Berechnung von GNDVI und NDWI, OSAVI und Erh\u00f6hung der Ausgabe von Vegetationsh\u00f6he, Lufttemperatur und -feuchtigkeit sowie dreidimensionalen Neigungsdaten (Rollwinkel, Neigungswinkel, Kurswinkel)<\/td><\/tr><tr><td><strong>XST-PhotoNet-TI<\/strong><strong><\/strong><\/td><td>Infrarot-W\u00e4rmebild-Wetterkamera<\/td><td>Modell mit fester Brennweite &nbsp;&nbsp;&nbsp;&nbsp;&nbsp;&nbsp;&nbsp;&nbsp;&nbsp;&nbsp;<\/td><td>Erfassung von Standard-RGB-Farbbildern und W\u00e4rmeverteilungsbildern<\/td><td>Erfassung von RGB-Bildern, automatische Ermittlung und Extraktion der h\u00f6chsten Temperatur, der niedrigsten Temperatur und der Durchschnittstemperatur; Unterst\u00fctzung eines benutzerdefinierten Bildbereichs zur Extraktion der Temperatur<\/td><\/tr><tr><td><strong>XST-PhotoNet-M<\/strong><strong>SI8<\/strong><strong><\/strong><\/td><td>Multispektrale Wetterkameras (kundenspezifisch)<\/td><td>Zoomkopf-Modelle<\/td><td>2 ma\u00dfgeschneiderte schmale B\u00e4nder zus\u00e4tzlich zu den sechs B\u00e4ndern<\/td><td>Basierend auf der Sechs-Band-Funktion k\u00f6nnen Sie 450\u00b110nm und 720\u00b110nm hinzuf\u00fcgen oder andere schmale B\u00e4nder anpassen; Unterst\u00fctzung der Berechnung: LCI, NDRE, EVI, SIPI, etc.<\/td><\/tr><\/tbody><\/table><\/figure>","protected":false},"excerpt":{"rendered":"<p>XST-PhotoNet\u7cfb\u5217 \u7269\u5019\u4e0e\u690d\u88ab\u6307\u6570\u76d1\u6d4b\u76f8\u673a \u7269\u5019 \u690d\u7269\u7269\u5019\u662f\u6307\u690d\u7269\u751f\u957f\u53d1\u80b2\u8fc7\u7a0b\u4e2d\u7684\u5468\u671f\u6027\u4e8b\u4ef6\uff0c\u4e5f\u79f0\u4e3a [&hellip;]<\/p>\n","protected":false},"author":1,"featured_media":0,"parent":0,"menu_order":0,"comment_status":"closed","ping_status":"closed","template":"","meta":{"saved_in_kubio":true,"footnotes":""},"class_list":["post-937","page","type-page","status-publish","hentry"],"kubio_ai_page_context":{"short_desc":"","purpose":"general"},"_links":{"self":[{"href":"http:\/\/www.xingshitu.com\/de\/wp-json\/wp\/v2\/pages\/937","targetHints":{"allow":["GET"]}}],"collection":[{"href":"http:\/\/www.xingshitu.com\/de\/wp-json\/wp\/v2\/pages"}],"about":[{"href":"http:\/\/www.xingshitu.com\/de\/wp-json\/wp\/v2\/types\/page"}],"author":[{"embeddable":true,"href":"http:\/\/www.xingshitu.com\/de\/wp-json\/wp\/v2\/users\/1"}],"replies":[{"embeddable":true,"href":"http:\/\/www.xingshitu.com\/de\/wp-json\/wp\/v2\/comments?post=937"}],"version-history":[{"count":100,"href":"http:\/\/www.xingshitu.com\/de\/wp-json\/wp\/v2\/pages\/937\/revisions"}],"predecessor-version":[{"id":2351,"href":"http:\/\/www.xingshitu.com\/de\/wp-json\/wp\/v2\/pages\/937\/revisions\/2351"}],"wp:attachment":[{"href":"http:\/\/www.xingshitu.com\/de\/wp-json\/wp\/v2\/media?parent=937"}],"curies":[{"name":"wp","href":"https:\/\/api.w.org\/{rel}","templated":true}]}}