{"id":1531,"date":"2024-11-25T06:54:19","date_gmt":"2024-11-25T06:54:19","guid":{"rendered":"http:\/\/www.xingshitu.com\/?page_id=1531"},"modified":"2024-11-25T06:57:10","modified_gmt":"2024-11-25T06:57:10","slug":"%e5%a1%94%e5%9f%ba%e5%85%89%e8%b0%b1%e6%b5%8b%e9%87%8f%e7%b3%bb%e7%bb%9f%e5%ba%94%e7%94%a8%e6%a1%88%e4%be%8b","status":"publish","type":"page","link":"http:\/\/www.xingshitu.com\/de\/%e6%a1%88%e4%be%8b\/%e5%a1%94%e5%9f%ba%e5%85%89%e8%b0%b1%e6%b5%8b%e9%87%8f%e7%b3%bb%e7%bb%9f%e5%ba%94%e7%94%a8%e6%a1%88%e4%be%8b\/","title":{"rendered":"Anwendungsbeispiele f\u00fcr turmgest\u00fctzte Spektrometriesysteme"},"content":{"rendered":"<!DOCTYPE html>\n<html lang=\"en\">\n<head>\n<meta charset=\"UTF-8\">\n<meta name=\"viewport\" content=\"width=device-width, initial-scale=1.0\">\n<title>Vegetation Coverage Meter<\/title>\n<style>\n  body {\n  p {\n    padding-left: 100px; \/* \u8bbe\u7f6e\u6240\u6709\u6bb5\u843d\u6587\u5b57\u7684\u5de6\u9875\u8fb9\u8ddd *\/\n    padding-right: 100px; \/* \u8bbe\u7f6e\u6240\u6709\u6bb5\u843d\u6587\u5b57\u7684\u53f3\u9875\u8fb9\u8ddd *\/\n  }\n<\/style>\n<\/head>\n<body>\n\n<p class=\"has-text-align-center has-black-color has-text-color has-link-color has-large-font-size wp-elements-665fc402b59c8cdaf94076d141083875\"><strong>Anwendungsbeispiele f\u00fcr turmgest\u00fctzte Spektrometriesysteme<\/strong><\/p>\n\n\n\n<p class=\"has-text-align-center has-black-color has-text-color has-link-color has-medium-font-size wp-elements-0fec91f4be5b2d82d30059bbcb05335d\"><strong>Longcanggou Giant Panda National Forest Park, Kreis Xingjing, Stadt Ya'an, Provinz Sichuan, China<\/strong><\/p>\n\n\n<div class=\"wp-block-image\">\n<figure class=\"aligncenter size-large is-resized\"><img loading=\"lazy\" decoding=\"async\" width=\"767\" height=\"1024\" src=\"http:\/\/www.xingshitu.com\/wp-content\/uploads\/2024\/11\/\u56db\u5ddd\u7701\u96c5\u5b89\u5e02\u8365\u7ecf\u53bf\u9f99\u82cd\u6c9f\u5927\u718a\u732b\u56fd\u5bb6\u68ee\u6797\u516c\u56ed-767x1024.png\" alt=\"\" class=\"wp-image-1532\" style=\"width:614px;height:auto\" srcset=\"http:\/\/www.xingshitu.com\/wp-content\/uploads\/2024\/11\/\u56db\u5ddd\u7701\u96c5\u5b89\u5e02\u8365\u7ecf\u53bf\u9f99\u82cd\u6c9f\u5927\u718a\u732b\u56fd\u5bb6\u68ee\u6797\u516c\u56ed-767x1024.png 767w, http:\/\/www.xingshitu.com\/wp-content\/uploads\/2024\/11\/\u56db\u5ddd\u7701\u96c5\u5b89\u5e02\u8365\u7ecf\u53bf\u9f99\u82cd\u6c9f\u5927\u718a\u732b\u56fd\u5bb6\u68ee\u6797\u516c\u56ed-225x300.png 225w, http:\/\/www.xingshitu.com\/wp-content\/uploads\/2024\/11\/\u56db\u5ddd\u7701\u96c5\u5b89\u5e02\u8365\u7ecf\u53bf\u9f99\u82cd\u6c9f\u5927\u718a\u732b\u56fd\u5bb6\u68ee\u6797\u516c\u56ed-112x150.png 112w, http:\/\/www.xingshitu.com\/wp-content\/uploads\/2024\/11\/\u56db\u5ddd\u7701\u96c5\u5b89\u5e02\u8365\u7ecf\u53bf\u9f99\u82cd\u6c9f\u5927\u718a\u732b\u56fd\u5bb6\u68ee\u6797\u516c\u56ed-768x1025.png 768w, http:\/\/www.xingshitu.com\/wp-content\/uploads\/2024\/11\/\u56db\u5ddd\u7701\u96c5\u5b89\u5e02\u8365\u7ecf\u53bf\u9f99\u82cd\u6c9f\u5927\u718a\u732b\u56fd\u5bb6\u68ee\u6797\u516c\u56ed.png 881w\" sizes=\"(max-width: 767px) 100vw, 767px\" \/><\/figure><\/div>\n\n\n<p class=\"has-text-align-center\">1.1<\/p>\n\n\n<div class=\"wp-block-image\">\n<figure class=\"aligncenter size-full is-resized\"><img loading=\"lazy\" decoding=\"async\" width=\"570\" height=\"761\" src=\"http:\/\/www.xingshitu.com\/wp-content\/uploads\/2024\/11\/\u56db\u5ddd\u7701\u96c5\u5b89\u5e02\u8365\u7ecf\u53bf\u9f99\u82cd\u6c9f\u5927\u718a\u732b\u56fd\u5bb6\u68ee\u6797\u516c\u56ed2.png\" alt=\"\" class=\"wp-image-1533\" style=\"width:615px;height:auto\" srcset=\"http:\/\/www.xingshitu.com\/wp-content\/uploads\/2024\/11\/\u56db\u5ddd\u7701\u96c5\u5b89\u5e02\u8365\u7ecf\u53bf\u9f99\u82cd\u6c9f\u5927\u718a\u732b\u56fd\u5bb6\u68ee\u6797\u516c\u56ed2.png 570w, http:\/\/www.xingshitu.com\/wp-content\/uploads\/2024\/11\/\u56db\u5ddd\u7701\u96c5\u5b89\u5e02\u8365\u7ecf\u53bf\u9f99\u82cd\u6c9f\u5927\u718a\u732b\u56fd\u5bb6\u68ee\u6797\u516c\u56ed2-225x300.png 225w, http:\/\/www.xingshitu.com\/wp-content\/uploads\/2024\/11\/\u56db\u5ddd\u7701\u96c5\u5b89\u5e02\u8365\u7ecf\u53bf\u9f99\u82cd\u6c9f\u5927\u718a\u732b\u56fd\u5bb6\u68ee\u6797\u516c\u56ed2-112x150.png 112w\" sizes=\"(max-width: 570px) 100vw, 570px\" \/><\/figure><\/div>\n\n\n<p class=\"has-text-align-center\">1.2<\/p>\n\n\n<div class=\"wp-block-image\">\n<figure class=\"aligncenter size-large is-resized\"><img loading=\"lazy\" decoding=\"async\" width=\"769\" height=\"1024\" src=\"http:\/\/www.xingshitu.com\/wp-content\/uploads\/2024\/11\/\u56db\u5ddd\u7701\u96c5\u5b89\u5e02\u8365\u7ecf\u53bf\u9f99\u82cd\u6c9f\u5927\u718a\u732b\u56fd\u5bb6\u68ee\u6797\u516c\u56ed3-769x1024.jpg\" alt=\"\" class=\"wp-image-1534\" style=\"width:611px;height:auto\" srcset=\"http:\/\/www.xingshitu.com\/wp-content\/uploads\/2024\/11\/\u56db\u5ddd\u7701\u96c5\u5b89\u5e02\u8365\u7ecf\u53bf\u9f99\u82cd\u6c9f\u5927\u718a\u732b\u56fd\u5bb6\u68ee\u6797\u516c\u56ed3-769x1024.jpg 769w, http:\/\/www.xingshitu.com\/wp-content\/uploads\/2024\/11\/\u56db\u5ddd\u7701\u96c5\u5b89\u5e02\u8365\u7ecf\u53bf\u9f99\u82cd\u6c9f\u5927\u718a\u732b\u56fd\u5bb6\u68ee\u6797\u516c\u56ed3-225x300.jpg 225w, http:\/\/www.xingshitu.com\/wp-content\/uploads\/2024\/11\/\u56db\u5ddd\u7701\u96c5\u5b89\u5e02\u8365\u7ecf\u53bf\u9f99\u82cd\u6c9f\u5927\u718a\u732b\u56fd\u5bb6\u68ee\u6797\u516c\u56ed3-113x150.jpg 113w, http:\/\/www.xingshitu.com\/wp-content\/uploads\/2024\/11\/\u56db\u5ddd\u7701\u96c5\u5b89\u5e02\u8365\u7ecf\u53bf\u9f99\u82cd\u6c9f\u5927\u718a\u732b\u56fd\u5bb6\u68ee\u6797\u516c\u56ed3-768x1023.jpg 768w, http:\/\/www.xingshitu.com\/wp-content\/uploads\/2024\/11\/\u56db\u5ddd\u7701\u96c5\u5b89\u5e02\u8365\u7ecf\u53bf\u9f99\u82cd\u6c9f\u5927\u718a\u732b\u56fd\u5bb6\u68ee\u6797\u516c\u56ed3.jpg 1080w\" sizes=\"(max-width: 769px) 100vw, 769px\" \/><\/figure><\/div>\n\n\n<p class=\"has-text-align-center\">1.3<\/p>\n\n\n\n<p class=\"has-medium-font-size\">Das turmgest\u00fctzte Spektralmesssystem besteht aus zwei Teilen: einem vollautomatischen Mehrwinkel-Hyperspektrometer und einer multispektralen Wetterkamera.<\/p>\n\n\n\n<p class=\"has-medium-font-size\">\u2460 Das vollautomatische Mehrwinkel-Hyperspektralinstrument bietet eine kosteng\u00fcnstige und hocheffiziente Messmethode f\u00fcr die automatische Messung von Allwetter-Hyperspektraldaten, die f\u00fcr die Erfassung langer Zeitreihen von Spektraldaten und die \u00dcberwachung \u00f6kologischer und umweltbezogener Variablen eingesetzt werden kann.<\/p>\n\n\n\n<p class=\"has-medium-font-size\">Multispektrale Klimakamera, basierend auf pr\u00e4ziser multispektraler Bildgebungstechnologie, mit integrierten Algorithmen f\u00fcr verschiedene Klima- und Vegetationsindizes, die eine automatische Online-\u00dcberwachung des Pflanzenklimas erm\u00f6glichen.<\/p>\n\n\n\n<p class=\"has-medium-font-size\">(iii) Hyperspektralinstrument (nicht-bildgebend) und Multispektral-Wetterkamera (bildgebend) gemeinsame synchrone Bodenbeobachtung, die beiden Arten von Daten Vorteile erg\u00e4nzen einander, kann f\u00fcr eine umfassende und genaue Erfassung der Vegetation Wachstumsstatus und dynamische Ver\u00e4nderungen.<\/p>\n\n\n\n<p class=\"has-text-align-center has-black-color has-text-color has-link-color has-medium-font-size wp-elements-c6a12201431d79481f5d4ca1be175a07\"><strong>Wanglang-Versuchsstation f\u00fcr integrierte Fernerkundung der Berg\u00f6kologie<\/strong><\/p>\n\n\n<div class=\"wp-block-image\">\n<figure class=\"aligncenter size-large\"><img loading=\"lazy\" decoding=\"async\" width=\"1024\" height=\"759\" src=\"http:\/\/www.xingshitu.com\/wp-content\/uploads\/2024\/11\/\u738b\u6717-1024x759.jpg\" alt=\"\" class=\"wp-image-1535\" srcset=\"http:\/\/www.xingshitu.com\/wp-content\/uploads\/2024\/11\/\u738b\u6717-1024x759.jpg 1024w, http:\/\/www.xingshitu.com\/wp-content\/uploads\/2024\/11\/\u738b\u6717-300x223.jpg 300w, http:\/\/www.xingshitu.com\/wp-content\/uploads\/2024\/11\/\u738b\u6717-150x111.jpg 150w, http:\/\/www.xingshitu.com\/wp-content\/uploads\/2024\/11\/\u738b\u6717-768x570.jpg 768w, http:\/\/www.xingshitu.com\/wp-content\/uploads\/2024\/11\/\u738b\u6717.jpg 1080w\" sizes=\"(max-width: 1024px) 100vw, 1024px\" \/><\/figure><\/div>\n\n\n<p class=\"has-text-align-center\">2.1<\/p>\n\n\n<div class=\"wp-block-image\">\n<figure class=\"aligncenter size-large\"><img loading=\"lazy\" decoding=\"async\" width=\"1024\" height=\"759\" src=\"http:\/\/www.xingshitu.com\/wp-content\/uploads\/2024\/11\/\u738b\u67172-1024x759.jpg\" alt=\"\" class=\"wp-image-1536\" srcset=\"http:\/\/www.xingshitu.com\/wp-content\/uploads\/2024\/11\/\u738b\u67172-1024x759.jpg 1024w, http:\/\/www.xingshitu.com\/wp-content\/uploads\/2024\/11\/\u738b\u67172-300x223.jpg 300w, http:\/\/www.xingshitu.com\/wp-content\/uploads\/2024\/11\/\u738b\u67172-150x111.jpg 150w, http:\/\/www.xingshitu.com\/wp-content\/uploads\/2024\/11\/\u738b\u67172-768x570.jpg 768w, http:\/\/www.xingshitu.com\/wp-content\/uploads\/2024\/11\/\u738b\u67172.jpg 1080w\" sizes=\"(max-width: 1024px) 100vw, 1024px\" \/><\/figure><\/div>\n\n\n<p class=\"has-text-align-center\">2.2<\/p>\n\n\n<div class=\"wp-block-image\">\n<figure class=\"aligncenter size-large\"><img loading=\"lazy\" decoding=\"async\" width=\"1024\" height=\"768\" src=\"http:\/\/www.xingshitu.com\/wp-content\/uploads\/2024\/11\/\u738b\u67173-1024x768.jpg\" alt=\"\" class=\"wp-image-1537\" srcset=\"http:\/\/www.xingshitu.com\/wp-content\/uploads\/2024\/11\/\u738b\u67173-1024x768.jpg 1024w, http:\/\/www.xingshitu.com\/wp-content\/uploads\/2024\/11\/\u738b\u67173-300x225.jpg 300w, http:\/\/www.xingshitu.com\/wp-content\/uploads\/2024\/11\/\u738b\u67173-150x113.jpg 150w, http:\/\/www.xingshitu.com\/wp-content\/uploads\/2024\/11\/\u738b\u67173-768x576.jpg 768w, http:\/\/www.xingshitu.com\/wp-content\/uploads\/2024\/11\/\u738b\u67173.jpg 1080w\" sizes=\"(max-width: 1024px) 100vw, 1024px\" \/><\/figure><\/div>\n\n\n<p class=\"has-text-align-center\">2.3<\/p>\n\n\n\n<p class=\"has-medium-font-size\"><strong>Das Tower Spectral Measurement System ist ein hochpr\u00e4zises Beobachtungsinstrument f\u00fcr die heimische wissenschaftliche Forschung, das von Beijing StarView unabh\u00e4ngig entwickelt wurde. Es verf\u00fcgt \u00fcber eingebaute Algorithmen f\u00fcr eine Vielzahl von wichtigen Vegetationsparametern, Echtzeit-Erfassung von Daten, einschlie\u00dflich, aber nicht beschr\u00e4nkt auf die folgenden, und Unterst\u00fctzung f\u00fcr kundenspezifische Entwicklungen:<\/strong><\/p>\n\n\n\n<hr class=\"wp-block-separator has-alpha-channel-opacity\"\/>\n\n\n\n<p class=\"has-medium-font-size\"><strong>Zeitreihen-Spektralbilder und RGB-Klimabilder<\/strong><\/p>\n\n\n\n<p class=\"has-medium-font-size\"><strong>Zeitreihen der spektralen Reflexion der Vegetation<\/strong><\/p>\n\n\n\n<p class=\"has-medium-font-size\"><strong>Sonnenlicht-induzierte Chlorophyll-Fluoreszenz (SIF)<\/strong><\/p>\n\n\n\n<p class=\"has-medium-font-size\"><strong>Bruttoprim\u00e4rproduktivit\u00e4t (GPP)<\/strong><\/p>\n\n\n\n<p class=\"has-medium-font-size\"><strong>Photosynthetische Rate (PSR)<\/strong><\/p>\n\n\n\n<p class=\"has-medium-font-size\"><strong>Normalisierter Differenz-Vegetationsindex (NDVI)<\/strong><\/p>\n\n\n\n<p class=\"has-medium-font-size\"><strong>Red Edge Index (REI)<\/strong><\/p>\n\n\n\n<p class=\"has-medium-font-size\"><strong>Chlorophyll\/Karotinoid-Index (CCI)<\/strong><\/p>\n\n\n\n<p class=\"has-medium-font-size\"><strong>Photochemischer Vegetationsindex (PRI)<\/strong><\/p>","protected":false},"excerpt":{"rendered":"<p>Vegetation Coverage Meter \u5854\u57fa\u5149\u8c31\u6d4b\u91cf\u7cfb\u7edf\u5e94\u7528\u6848\u4f8b \u56db\u5ddd\u7701\u96c5\u5b89\u5e02\u8365\u7ecf\u53bf\u9f99\u82cd\u6c9f\u5927\u718a\u732b\u56fd [&hellip;]<\/p>\n","protected":false},"author":1,"featured_media":0,"parent":1186,"menu_order":1,"comment_status":"closed","ping_status":"closed","template":"","meta":{"saved_in_kubio":false,"footnotes":""},"class_list":["post-1531","page","type-page","status-publish","hentry"],"kubio_ai_page_context":{"short_desc":"","purpose":"general"},"_links":{"self":[{"href":"http:\/\/www.xingshitu.com\/de\/wp-json\/wp\/v2\/pages\/1531","targetHints":{"allow":["GET"]}}],"collection":[{"href":"http:\/\/www.xingshitu.com\/de\/wp-json\/wp\/v2\/pages"}],"about":[{"href":"http:\/\/www.xingshitu.com\/de\/wp-json\/wp\/v2\/types\/page"}],"author":[{"embeddable":true,"href":"http:\/\/www.xingshitu.com\/de\/wp-json\/wp\/v2\/users\/1"}],"replies":[{"embeddable":true,"href":"http:\/\/www.xingshitu.com\/de\/wp-json\/wp\/v2\/comments?post=1531"}],"version-history":[{"count":3,"href":"http:\/\/www.xingshitu.com\/de\/wp-json\/wp\/v2\/pages\/1531\/revisions"}],"predecessor-version":[{"id":1541,"href":"http:\/\/www.xingshitu.com\/de\/wp-json\/wp\/v2\/pages\/1531\/revisions\/1541"}],"up":[{"embeddable":true,"href":"http:\/\/www.xingshitu.com\/de\/wp-json\/wp\/v2\/pages\/1186"}],"wp:attachment":[{"href":"http:\/\/www.xingshitu.com\/de\/wp-json\/wp\/v2\/media?parent=1531"}],"curies":[{"name":"wp","href":"https:\/\/api.w.org\/{rel}","templated":true}]}}