{"id":1182,"date":"2024-11-22T01:10:47","date_gmt":"2024-11-22T01:10:47","guid":{"rendered":"http:\/\/www.xingshitu.com\/?page_id=1182"},"modified":"2024-11-26T04:50:48","modified_gmt":"2024-11-26T04:50:48","slug":"%e5%93%81%e7%89%8c","status":"publish","type":"page","link":"http:\/\/www.xingshitu.com\/de\/%e5%93%81%e7%89%8c\/","title":{"rendered":"Markenname"},"content":{"rendered":"<!DOCTYPE html>\n<html lang=\"en\">\n<head>\n<meta charset=\"UTF-8\">\n<meta name=\"viewport\" content=\"width=device-width, initial-scale=1.0\">\n<title>Vegetation Coverage Meter<\/title>\n<style>\n  body {\n  p {\n    padding-left: 100px; \/* \u8bbe\u7f6e\u6240\u6709\u6bb5\u843d\u6587\u5b57\u7684\u5de6\u9875\u8fb9\u8ddd *\/\n    padding-right: 100px; \/* \u8bbe\u7f6e\u6240\u6709\u6bb5\u843d\u6587\u5b57\u7684\u53f3\u9875\u8fb9\u8ddd *\/\n  }\n<\/style>\n<\/head>\n<body>\n\n\n<p class=\"has-medium-font-size\">Die Beijing StarView Technology Co. Ltd. ist ein f\u00fchrendes Unternehmen im Bereich des \u00f6kologischen Internets der Dinge (IoT) und des Fernerkundungsdienstes f\u00fcr Bodenbeobachtungsdaten und verf\u00fcgt \u00fcber die besten technischen Kr\u00e4fte des staatlichen Schl\u00fcssellabors f\u00fcr Fernerkundung. Das Unternehmen verf\u00fcgt nicht nur \u00fcber unabh\u00e4ngige Kernalgorithmen, sondern bem\u00fcht sich auch weiterhin um die Erforschung und Entwicklung einheimischer hochpr\u00e4ziser wissenschaftlicher Forschungsinstrumente und hat erfolgreich ein umfassendes terrestrisches \u00f6kologisches erdnahes Fernerkundungs\u00fcberwachungssystem aufgebaut, das IoT-\u00dcberwachung, Big Data-Plattform, thematische Fernerkundungsprodukte und intelligente Ger\u00e4te integriert.<\/p>\n\n\n\n<p class=\"has-medium-font-size\">Die Beijing StarView Technology Co. Ltd. hat unabh\u00e4ngig eine Reihe von Produkten erforscht und entwickelt, darunter eine multifunktionale Klima- und Vegetationsindexkamera, ein Boden\u00fcberwachungsnetz f\u00fcr die Strukturparameter des Kronendachs, ein sonnenlichtinduziertes Chlorophyllfluoreszenzspektrometer und ein drahtloses Multiparameter-Messnetz f\u00fcr B\u00f6den usw.<\/p>\n\n\n\n<p class=\"has-medium-font-size\">Diese Ger\u00e4te spielen eine wichtige Rolle in den Bereichen terrestrische \u00d6kologie, Agroforstwirtschaft und Kohlenstoffeinsparung. Durch die enge Verkn\u00fcpfung mit der Fernerkundungssatellitentechnologie haben wir eine gro\u00df angelegte, langzeitige, allwettertaugliche und vollautomatische \u00dcberwachung des Vegetationswachstums, der biologischen Vielfalt und der Umweltelemente erreicht, die eine solide Datengrundlage f\u00fcr die wissenschaftliche Forschung bietet.<\/p>\n\n\n\n<p class=\"has-medium-font-size\">Seit seiner Gr\u00fcndung hat Beijing StarView Technology Co., Ltd. eine enge Zusammenarbeit mit vielen Spitzenforschungsinstituten und Universit\u00e4ten aufgebaut und gemeinsam die Entwicklung des Baus \u00f6kologischer Feldstationen, der Untersuchung und \u00dcberwachung von Ressourcen und der Anwendung von Fernerkundungstechnologien gef\u00f6rdert. Unsere Produkte der LAINet-Reihe haben sich bei gemeinsamen Experimenten zur integrierten Fernerkundungsbeobachtung hervorragend bew\u00e4hrt und liefern wichtige Referenzdaten f\u00fcr die Inversion und Validierung von Fernerkundungsparametern.<\/p>\n\n\n<div class=\"wp-block-image\">\n<figure class=\"alignright size-full is-resized\"><img loading=\"lazy\" decoding=\"async\" width=\"366\" height=\"279\" src=\"http:\/\/www.xingshitu.com\/wp-content\/uploads\/2024\/11\/image-70.png\" alt=\"\" class=\"wp-image-1452\" style=\"width:442px;height:auto;margin-right: 100px;\" srcset=\"http:\/\/www.xingshitu.com\/wp-content\/uploads\/2024\/11\/image-70.png 366w, http:\/\/www.xingshitu.com\/wp-content\/uploads\/2024\/11\/image-70-300x229.png 300w, http:\/\/www.xingshitu.com\/wp-content\/uploads\/2024\/11\/image-70-150x114.png 150w\" sizes=\"(max-width: 366px) 100vw, 366px\" \/><\/figure><\/div>\n\n\n<p class=\"has-medium-font-size\">Nehmen wir als Beispiel das Joint Experiment on Integrated Remote Sensing Observation of Ecohydrological Processes in the Heihe River Basin (ein gro\u00dfes Forschungsprojekt der National Commission for Natural Science and Genetics of China): Die von StarView in Peking hergestellten Produkte der LAINet-Serie haben eine Reihe von Experimenten abgeschlossen, die in der Geschichte des Heihe-Flussbeckens durchgef\u00fchrt wurden.<strong>Einweihung<\/strong>Bodengest\u00fctzte Validierungsexperimente zum Blattfl\u00e4chenindex f\u00fcr lange Zeitreihen \u00fcber ein gro\u00dfes Gebiet. Unter Verwendung der automatischen \u00dcberwachungszeitreihen von LAINet-Produkten von Bodenstationen als Hintergrund- und Referenzdaten haben wir einen Rahmen f\u00fcr die Inversion und Validierung von Fernerkundungsparametern durch Integration von Bodenbeobachtungen, Satellitendaten und dynamischen Modellen geschaffen. Die Ergebnisse wurden mehr als 100 Mal in internationalen Fachzeitschriften zitiert, darunter Remote Sensing of Environment, Science Bulletin usw., wobei die h\u00f6chste Zitierung mehr als 120 Mal in einer einzigen Arbeit erfolgte (2024).<\/p>\n\n\n\n<p class=\"has-medium-font-size\">Die Ergebnisse wurden international anerkannt:<strong>Das Chefredakteursteam von Remote Sensing of Envirmonent ist der Ansicht, dass die Ergebnisse dieser Forschung ein kontinuierliches Beobachtungsprogramm f\u00fcr NEOROS von der Stichprobe bis zur gro\u00dfen regionalen Skala liefern, mit dem die dynamischen Eigenschaften der Oberfl\u00e4chenparameter aufgezeigt werden k\u00f6nnen.<\/strong><\/p>\n\n\n\n<p class=\"has-medium-font-size\">Inl\u00e4ndische Anerkennung der Ergebnisse: Zweiter Preis des Geographic Information Science and Technology Progress Award (Titel der Ergebnisse: Multi-source Autonomous Satellite Leaf Area Index Integration Inversion Technique and Multi-Regional Application, Qingyan Meng,<strong>Qu Yonghua (1974-), chinesisch-amerikanischer Physiker, Astronom und Mathematiker<\/strong>Zhanyulin et al. (Institut f\u00fcr Fernerkundung und digitale Erde, Chinesische Akademie der Wissenschaften, Normale Universit\u00e4t Peking, Sanya Zhongke Remote Sensing Institute, Universit\u00e4t f\u00fcr Wissenschaft und Technologie Peking, 2017).<\/p>\n\n\n\n<p class=\"has-medium-font-size\">Dar\u00fcber hinaus wurden unsere Daten zur Blattfl\u00e4chenindex-Bodenvalidierung \u00fcber das Tibetan Plateau Science Data Centre extern zur Verf\u00fcgung gestellt, was eine wertvolle Datenquelle f\u00fcr Forscher weltweit darstellt (URL:<a href=\"http:\/\/www.tpedatabase.cn\/\">http:\/\/www.tpedatabase.cn\/<\/a>).<\/p>\n\n\n\n<p class=\"has-medium-font-size\">Beijing StarView Technology Co., Ltd. wird auch weiterhin das Konzept der Innovation, Kooperation und Win-Win-Situation aufrechterhalten und unsere technische St\u00e4rke und unser Serviceniveau st\u00e4ndig verbessern. Wir sind der festen \u00dcberzeugung, dass wir die Forschung in den Bereichen Land\u00f6kologie, Land- und Forstwirtschaft und Dual-Carbon-Ziele st\u00e4rker unterst\u00fctzen und unser Wissen und unsere Kraft zum globalen Umwelt- und Naturschutz beitragen k\u00f6nnen. Wir werden uns weiterhin f\u00fcr die Entwicklung und Anwendung der Fernerkundungstechnologie einsetzen und unerm\u00fcdliche Anstrengungen unternehmen, um ein sch\u00f6nes China aufzubauen und die globalen Ziele der nachhaltigen Entwicklung zu erreichen.<\/p>\n\n\n<div class=\"wp-block-image\">\n<figure class=\"aligncenter size-full is-resized\"><img loading=\"lazy\" decoding=\"async\" width=\"761\" height=\"190\" src=\"http:\/\/www.xingshitu.com\/wp-content\/uploads\/2024\/11\/image-71.png\" alt=\"\" class=\"wp-image-1453\" style=\"width:985px;height:auto\" srcset=\"http:\/\/www.xingshitu.com\/wp-content\/uploads\/2024\/11\/image-71.png 761w, http:\/\/www.xingshitu.com\/wp-content\/uploads\/2024\/11\/image-71-300x75.png 300w, http:\/\/www.xingshitu.com\/wp-content\/uploads\/2024\/11\/image-71-150x37.png 150w\" sizes=\"(max-width: 761px) 100vw, 761px\" \/><\/figure><\/div>\n\n<div class=\"wp-block-image\">\n<figure class=\"aligncenter size-full\"><img loading=\"lazy\" decoding=\"async\" width=\"835\" height=\"696\" src=\"http:\/\/www.xingshitu.com\/wp-content\/uploads\/2024\/11\/image-72.png\" alt=\"\" class=\"wp-image-1454\" srcset=\"http:\/\/www.xingshitu.com\/wp-content\/uploads\/2024\/11\/image-72.png 835w, http:\/\/www.xingshitu.com\/wp-content\/uploads\/2024\/11\/image-72-300x250.png 300w, http:\/\/www.xingshitu.com\/wp-content\/uploads\/2024\/11\/image-72-150x125.png 150w, http:\/\/www.xingshitu.com\/wp-content\/uploads\/2024\/11\/image-72-768x640.png 768w\" sizes=\"(max-width: 835px) 100vw, 835px\" \/><\/figure><\/div>\n\n<div class=\"wp-block-image\">\n<figure class=\"aligncenter size-full\"><img loading=\"lazy\" decoding=\"async\" width=\"820\" height=\"586\" src=\"http:\/\/www.xingshitu.com\/wp-content\/uploads\/2024\/11\/image-73.png\" alt=\"\" class=\"wp-image-1455\" srcset=\"http:\/\/www.xingshitu.com\/wp-content\/uploads\/2024\/11\/image-73.png 820w, http:\/\/www.xingshitu.com\/wp-content\/uploads\/2024\/11\/image-73-300x214.png 300w, http:\/\/www.xingshitu.com\/wp-content\/uploads\/2024\/11\/image-73-150x107.png 150w, http:\/\/www.xingshitu.com\/wp-content\/uploads\/2024\/11\/image-73-768x549.png 768w\" sizes=\"(max-width: 820px) 100vw, 820px\" \/><\/figure><\/div>\n\n\n<p class=\"has-text-align-center has-medium-font-size\">Adresse: Raum 806, Tongjing Building, Bezirk Shijingshan, Peking, China<\/p>\n\n\n\n<p class=\"has-text-align-center has-medium-font-size\">Website: www.xingshitu.com<\/p>\n\n\n\n<p class=\"has-text-align-center has-medium-font-size\">Tel\uff1a18201076577<\/p>\n\n\n\n<p class=\"has-text-align-center has-medium-font-size\">\u90ae\u7bb1\uff1asuyifeng@xingshitu.com<\/p>","protected":false},"excerpt":{"rendered":"<p>Vegetation Coverage Meter \u5317\u4eac\u661f\u89c6\u56fe\u79d1\u6280\u6709\u9650\u516c\u53f8\uff0c\u4f5c\u4e3a\u56fd\u5185\u751f\u6001\u7269\u8054\u7f51\u4e0e\u9065\u611f\u5730\u9762\u89c2\u6d4b\u6570 [&hellip;]<\/p>\n","protected":false},"author":1,"featured_media":0,"parent":0,"menu_order":0,"comment_status":"closed","ping_status":"closed","template":"","meta":{"saved_in_kubio":false,"footnotes":""},"class_list":["post-1182","page","type-page","status-publish","hentry"],"kubio_ai_page_context":{"short_desc":"","purpose":"general"},"_links":{"self":[{"href":"http:\/\/www.xingshitu.com\/de\/wp-json\/wp\/v2\/pages\/1182","targetHints":{"allow":["GET"]}}],"collection":[{"href":"http:\/\/www.xingshitu.com\/de\/wp-json\/wp\/v2\/pages"}],"about":[{"href":"http:\/\/www.xingshitu.com\/de\/wp-json\/wp\/v2\/types\/page"}],"author":[{"embeddable":true,"href":"http:\/\/www.xingshitu.com\/de\/wp-json\/wp\/v2\/users\/1"}],"replies":[{"embeddable":true,"href":"http:\/\/www.xingshitu.com\/de\/wp-json\/wp\/v2\/comments?post=1182"}],"version-history":[{"count":7,"href":"http:\/\/www.xingshitu.com\/de\/wp-json\/wp\/v2\/pages\/1182\/revisions"}],"predecessor-version":[{"id":1638,"href":"http:\/\/www.xingshitu.com\/de\/wp-json\/wp\/v2\/pages\/1182\/revisions\/1638"}],"wp:attachment":[{"href":"http:\/\/www.xingshitu.com\/de\/wp-json\/wp\/v2\/media?parent=1182"}],"curies":[{"name":"wp","href":"https:\/\/api.w.org\/{rel}","templated":true}]}}