{"id":1025,"date":"2024-06-07T06:09:18","date_gmt":"2024-06-07T06:09:18","guid":{"rendered":"http:\/\/www.xingshitu.com\/?page_id=1025"},"modified":"2024-11-28T06:00:02","modified_gmt":"2024-11-28T06:00:02","slug":"%e9%87%8e%e7%94%9f%e5%8a%a8%e7%89%a9%e5%8a%a8%e6%80%81%e6%84%9f%e7%9f%a5%e8%a7%a3%e5%86%b3%e6%96%b9%e6%a1%88","status":"publish","type":"page","link":"http:\/\/www.xingshitu.com\/de\/%e9%87%8e%e7%94%9f%e5%8a%a8%e7%89%a9%e5%8a%a8%e6%80%81%e6%84%9f%e7%9f%a5%e8%a7%a3%e5%86%b3%e6%96%b9%e6%a1%88\/","title":{"rendered":"Wildlife Dynamic Sensing L\u00f6sungen"},"content":{"rendered":"<!DOCTYPE html>\n<html lang=\"en\">\n<head>\n<meta charset=\"UTF-8\">\n<meta name=\"viewport\" content=\"width=device-width, initial-scale=1.0\">\n<title>Vegetation Coverage Meter<\/title>\n<style>\n  body {\n  p {\n    padding-left: 100px; \/* \u8bbe\u7f6e\u6240\u6709\u6bb5\u843d\u6587\u5b57\u7684\u5de6\u9875\u8fb9\u8ddd *\/\n    padding-right: 100px; \/* \u8bbe\u7f6e\u6240\u6709\u6bb5\u843d\u6587\u5b57\u7684\u53f3\u9875\u8fb9\u8ddd *\/\n  }\n<\/style>\n<\/head>\n<body>\n\n<p class=\"has-text-align-center has-black-color has-text-color has-link-color has-large-font-size wp-elements-5e2bddfe0067a23a0a43ad2a07e3db40\"><strong>Wildlife Dynamic Sensing L\u00f6sungen<\/strong><\/p>\n\n\n\n<p style=\"font-size:20px\" class=\"translation-block\">StarView bietet auch L\u00f6sungen f\u00fcr die Feldbeobachtung von V\u00f6geln und S\u00e4ugetieren: Es verwendet eine intelligente Infrarotkamera mit Ausr\u00fcstung zur Erfassung und Erkennung von Stimmabdr\u00fccken, kombiniert mit einem automatischen Online-Analysesystem, das Big Data und maschinelles Lernen nutzt, um schnell und genau Bilder und Stimmabdr\u00fccke von V\u00f6geln und Tieren im nat\u00fcrlichen \u00d6kosystem zu erhalten, ihre Gewohnheiten und Populationsdynamik aufzuzeichnen und etwas \u00fcber ihre Lebensraumwahl und Wanderungsmuster zu erfahren; und durch die Analyse der H\u00e4ufigkeit der Rufe, der Dauer und der Ver\u00e4nderungsmuster k\u00f6nnen wir auf ihr Geschlecht, ihr Alter und ihren emotionalen Zustand sowie auf ihre Artbeziehungen und ihre Interaktionen mit der \u00f6kologischen Umgebung schlie\u00dfen und so ihre \u00f6kologischen Gewohnheiten und Verhaltensmerkmale f\u00fcr den Vogelschutz umfassend aufdecken, Durch die Analyse der H\u00e4ufigkeit, Dauer und Ver\u00e4nderungsmuster der Rufe k\u00f6nnen wir auf das Geschlecht, das Alter und den emotionalen Zustand der V\u00f6gel und Tiere sowie auf die Beziehungen zwischen den Arten und ihre gegenseitige Beeinflussung mit der \u00f6kologischen Umwelt schlie\u00dfen; so k\u00f6nnen wir ihre \u00f6kologischen Gewohnheiten und Verhaltensmerkmale umfassend aufdecken und eine wissenschaftliche Grundlage f\u00fcr den Schutz und die \u00f6kologische Wiederherstellung von V\u00f6geln und Tieren schaffen.<\/p>\n\n\n\n<p class=\"has-text-align-center has-medium-font-size\"><strong>Intelligente Infrarotkamera mit konkreter Installation im Feld (Sanjiangyuan National Nature Reserve, 2023)<\/strong><\/p>\n\n\n<div class=\"wp-block-image\">\n<figure class=\"alignright size-full\"style=\"width: 400px; height: 550px;padding-right: 100px;\"><img loading=\"lazy\" decoding=\"async\" width=\"367\" height=\"450\" src=\"http:\/\/www.xingshitu.com\/wp-content\/uploads\/2024\/11\/image-114.png\" alt=\"\" class=\"wp-image-1857\" srcset=\"http:\/\/www.xingshitu.com\/wp-content\/uploads\/2024\/11\/image-114.png 367w, http:\/\/www.xingshitu.com\/wp-content\/uploads\/2024\/11\/image-114-245x300.png 245w, http:\/\/www.xingshitu.com\/wp-content\/uploads\/2024\/11\/image-114-122x150.png 122w\" sizes=\"(max-width: 367px) 100vw, 367px\" \/><\/figure><\/div>\n\n\n<p class=\"has-text-align-left has-medium-font-size\">Unterst\u00fctzung Android-Terminal, um die Kamera-Bildschirm in Echtzeit zu sehen, einfach zu schnell anzeigen und die Kamera-Parameter einstellen;<\/p>\n\n\n\n<p class=\"has-text-align-left has-medium-font-size\">Unterst\u00fctzt 2.4G Wireless WIFI verschl\u00fcsselte Verbindung, unterst\u00fctzt Handy-Hotspot Direktverbindung<\/p>\n\n\n\n<p class=\"has-text-align-left has-medium-font-size\">IP68-zertifiziert, Tarnanstrich<\/p>\n\n\n\n<p class=\"has-text-align-left has-medium-font-size\">32-Megapixel-HD-Bildaufnahme mit 9 aufeinanderfolgenden Aufnahmen;<\/p>\n\n\n\n<p class=\"has-text-align-left has-medium-font-size\">4K\/30FPS Aufnahme mit hoher Bildrate, Videol\u00e4nge: 5~300s;<\/p>\n\n\n\n<p class=\"has-text-align-left has-medium-font-size\">PIR-Erfassungsbereich: 30 Meter;<\/p>\n\n\n\n<p class=\"has-text-align-left has-medium-font-size\">Nachtsichtweite: 30 Meter;<\/p>\n\n\n\n<p class=\"has-text-align-left has-medium-font-size\">Zeit vom Ausl\u00f6sen bis zum Schie\u00dfen: &lt;0,5 Sek;<\/p>\n\n\n\n<p class=\"has-text-align-left has-medium-font-size\">Stromversorgung: 8 x AA-Alkalibatterien (1,5 V); Standby-Zeit: 12 Monate<\/p>\n\n\n\n<p class=\"has-text-align-center has-medium-font-size\" style=\"padding-left: 400px; padding-right: 100px;\"><strong>Beispiel f\u00fcr ein Schall\u00fcberwachungsger\u00e4t und die tats\u00e4chliche Installation im Feld (Yunnan Yubaiding Nature Reserve, 2022)<\/strong><\/p>\n\n\n<div class=\"wp-block-image\">\n<figure class=\"aligncenter size-large\"style=\"width: 600px; height: 400px;\"><img loading=\"lazy\" decoding=\"async\" width=\"1024\" height=\"535\" src=\"http:\/\/www.xingshitu.com\/wp-content\/uploads\/2024\/11\/image-115-1024x535.png\" alt=\"\" class=\"wp-image-1858\" srcset=\"http:\/\/www.xingshitu.com\/wp-content\/uploads\/2024\/11\/image-115-1024x535.png 1024w, http:\/\/www.xingshitu.com\/wp-content\/uploads\/2024\/11\/image-115-300x157.png 300w, http:\/\/www.xingshitu.com\/wp-content\/uploads\/2024\/11\/image-115-150x78.png 150w, http:\/\/www.xingshitu.com\/wp-content\/uploads\/2024\/11\/image-115-768x401.png 768w, http:\/\/www.xingshitu.com\/wp-content\/uploads\/2024\/11\/image-115-1536x803.png 1536w, http:\/\/www.xingshitu.com\/wp-content\/uploads\/2024\/11\/image-115.png 1716w\" sizes=\"(max-width: 1024px) 100vw, 1024px\" \/><\/figure><\/div>\n\n\n<p><\/p>\n\n\n<div class=\"wp-block-image\">\n<figure class=\"aligncenter size-large\"style=\"width: 900px; height: 800px; \"><img loading=\"lazy\" decoding=\"async\" width=\"1024\" height=\"372\" src=\"http:\/\/www.xingshitu.com\/wp-content\/uploads\/2024\/11\/image-118-1024x372.png\" alt=\"\" class=\"wp-image-1861\" srcset=\"http:\/\/www.xingshitu.com\/wp-content\/uploads\/2024\/11\/image-118-1024x372.png 1024w, http:\/\/www.xingshitu.com\/wp-content\/uploads\/2024\/11\/image-118-300x109.png 300w, http:\/\/www.xingshitu.com\/wp-content\/uploads\/2024\/11\/image-118-150x54.png 150w, http:\/\/www.xingshitu.com\/wp-content\/uploads\/2024\/11\/image-118-768x279.png 768w, http:\/\/www.xingshitu.com\/wp-content\/uploads\/2024\/11\/image-118.png 1198w\" sizes=\"(max-width: 1024px) 100vw, 1024px\" \/><\/figure><\/div>","protected":false},"excerpt":{"rendered":"<p>Vegetation Coverage Meter \u91ce\u751f\u52a8\u7269\u52a8\u6001\u611f\u77e5\u89e3\u51b3\u65b9\u6848 \u661f\u89c6\u56fe\u540c\u65f6\u63d0\u4f9b\u9488\u5bf9\u9e1f\u7c7b\u548c\u54fa\u4e73\u52a8\u7269 [&hellip;]<\/p>\n","protected":false},"author":1,"featured_media":0,"parent":0,"menu_order":0,"comment_status":"closed","ping_status":"closed","template":"","meta":{"saved_in_kubio":false,"footnotes":""},"class_list":["post-1025","page","type-page","status-publish","hentry"],"kubio_ai_page_context":{"short_desc":"","purpose":"general"},"_links":{"self":[{"href":"http:\/\/www.xingshitu.com\/de\/wp-json\/wp\/v2\/pages\/1025","targetHints":{"allow":["GET"]}}],"collection":[{"href":"http:\/\/www.xingshitu.com\/de\/wp-json\/wp\/v2\/pages"}],"about":[{"href":"http:\/\/www.xingshitu.com\/de\/wp-json\/wp\/v2\/types\/page"}],"author":[{"embeddable":true,"href":"http:\/\/www.xingshitu.com\/de\/wp-json\/wp\/v2\/users\/1"}],"replies":[{"embeddable":true,"href":"http:\/\/www.xingshitu.com\/de\/wp-json\/wp\/v2\/comments?post=1025"}],"version-history":[{"count":24,"href":"http:\/\/www.xingshitu.com\/de\/wp-json\/wp\/v2\/pages\/1025\/revisions"}],"predecessor-version":[{"id":1879,"href":"http:\/\/www.xingshitu.com\/de\/wp-json\/wp\/v2\/pages\/1025\/revisions\/1879"}],"wp:attachment":[{"href":"http:\/\/www.xingshitu.com\/de\/wp-json\/wp\/v2\/media?parent=1025"}],"curies":[{"name":"wp","href":"https:\/\/api.w.org\/{rel}","templated":true}]}}